{"id":1471,"date":"2025-02-10T09:35:00","date_gmt":"2025-02-10T12:35:00","guid":{"rendered":"https:\/\/wp.ufpel.edu.br\/notcc\/?page_id=1471"},"modified":"2025-11-27T10:15:48","modified_gmt":"2025-11-27T13:15:48","slug":"propostas-2024-2-2","status":"publish","type":"page","link":"https:\/\/wp.ufpel.edu.br\/notcc\/propostas\/avaliacoes\/propostas-2024-2-2\/","title":{"rendered":"Propostas 2024\/2"},"content":{"rendered":"<h2>Avaliadores<\/h2>\n<ul>\n<li>Adriana Bordini &#8211; adriana.bordini@inf.ufpel.edu.br<\/li>\n<li>Alan Rossetto \u2013 alan.rossetto@inf.ufpel.edu.br<\/li>\n<li>Alessander Os\u00f3rio &#8211; alessanderosorio@gmail.com<\/li>\n<li>Ana Pernas \u2013 marilza@inf.ufpel.edu.br<\/li>\n<li>Anderson Ferrugem \u2013 ferrugem@inf.ufpel.edu.br<\/li>\n<li>Andre Du Bois \u2013 dubois@inf.ufpel.edu.br<\/li>\n<li>Bernardo Schwedersky \u2013 bernardo.schwedersky@inf.ufpel.edu.br<\/li>\n<li>Brenda Santana &#8211; bssalenave@inf.ufpel.edu.br<\/li>\n<li>Felipe Marques \u2013 felipem@inf.ufpel.edu.br<\/li>\n<li>Gerson Cavalheiro \u2013 gerson.cavalheiro@inf.ufpel.edu.br<\/li>\n<li>Guilherme Correa \u2013 gcorrea@inf.ufpel.edu.br<\/li>\n<li>Guilherme Netto\u00a0\u2013 guilherme.netto@inf.ufpel.edu.br<\/li>\n<li>Leomar Rosa Jr. \u2013 leomarjr@inf.ufpel.edu.br<\/li>\n<li>Lisane Brisolara -lisane@inf.ufpel.edu.br<\/li>\n<li>Luciana Foss -lfoss@inf.ufpel.edu.br<\/li>\n<li>Marilton Sanchotene de Aguiar \u2013 marilton@inf.ufpel.edu.br<\/li>\n<li>M\u00edriam Born \u2013\u00a0 mbborn@inf.ufpel.edu.br<\/li>\n<li>Paulo R. Ferreira jr. &#8211; paulo.ferreira@inf.ufpel.edu.br<\/li>\n<li>Rafael Iankowski Soares \u2013 rafael.soares@inf.ufpel.edu.br<\/li>\n<li>Rafael Piccin Torchelsen \u2013 rafael.torchelsen@inf.ufpel.edu.br<\/li>\n<li>Renata Hax Sander Reiser \u2013 reiser@inf.ufpel.edu.br<\/li>\n<li>Simone Costa \u2013 simone.costa@inf.ufpel.edu.br<\/li>\n<li>Ulisses Brisolara Corr\u00eaa \u2013 ulisses@inf.ufpel.edu.br<\/li>\n<li>Weslen de Souza &#8211; wsdsouza@inf.ufpel.edu.br<\/li>\n<\/ul>\n<h2><strong>Propostas \u2013 Calend\u00e1rio\u00a0<\/strong><strong>Acad\u00eamico\u00a0<\/strong><strong>2024<\/strong><\/h2>\n<table style=\"width: 698px; height: 5142px;\" width=\"1105\">\n<tbody>\n<tr style=\"height: 24px;\">\n<td style=\"width: 434px; height: 24px;\" width=\"765\"><strong>Proposta<\/strong><\/td>\n<td style=\"width: 264px; height: 24px;\" width=\"340\"><strong>Revisores<\/strong><\/td>\n<\/tr>\n<tr style=\"height: 99px;\">\n<td style=\"width: 434px; height: 99px;\" width=\"765\"><strong>Avalia\u00e7\u00e3o de modelos obtidos por aprendizado de m\u00e1quina para acelera\u00e7\u00e3o da transcodifica\u00e7\u00e3o de v\u00eddeo H.264\/AVC para AV1<\/strong><\/td>\n<td style=\"width: 264px; height: 99px;\">\n<p><span data-bind=\"text: reviewerList\">Marilton Aguiar; <\/span><\/p>\n<p><span data-bind=\"text: reviewerList\">Rafael Torchelsen<\/span><\/td>\n<\/tr>\n<tr style=\"height: 54px;\">\n<td style=\"width: 434px; height: 54px;\">Author:\u00a0Eduardo Rosa<\/td>\n<td style=\"width: 264px; height: 54px;\"><\/td>\n<\/tr>\n<tr style=\"height: 76px;\">\n<td style=\"width: 434px; height: 76px;\" width=\"765\"><strong>Avalia\u00e7\u00e3o de redes Neural Gas para a segmenta\u00e7\u00e3o de imagens de forma n\u00e3o supervisionada<\/strong><\/td>\n<td style=\"width: 264px; height: 130px;\" rowspan=\"2\">\n<p><span data-bind=\"text: reviewerList\">Marilton Aguiar; <\/span><\/p>\n<p>&nbsp;<\/p>\n<p><span data-bind=\"text: reviewerList\">Rafael Torchelsen<\/span><\/td>\n<\/tr>\n<tr style=\"height: 54px;\">\n<td style=\"width: 434px; height: 54px;\">Author:\u00a0Matheus Soares<\/td>\n<\/tr>\n<tr style=\"height: 54px;\">\n<td style=\"width: 434px; height: 54px;\" width=\"765\"><strong>Bloco Certo<\/strong><\/td>\n<td style=\"width: 264px; height: 108px;\" rowspan=\"2\">\n<p><span data-bind=\"text: reviewerList\">Luciano Agostini; <\/span><\/p>\n<p><span data-bind=\"text: reviewerList\">Marcelo Porto\u00a0<\/span><\/td>\n<\/tr>\n<tr style=\"height: 54px;\">\n<td style=\"width: 434px; height: 54px;\">Author:\u00a0Lucas Silva<\/td>\n<\/tr>\n<tr style=\"height: 121px;\">\n<td style=\"width: 434px; height: 121px;\" width=\"765\"><strong>Desenvolvimento de uma Plataforma de Coleta e An\u00e1lise de Marcadores de Intera\u00e7\u00e3o em Jogos Digitais voltados para crian\u00e7as com Transtorno do Espectro Autista<\/strong><\/td>\n<td style=\"width: 264px; height: 121px;\">\n<p><span data-bind=\"text: reviewerList\">Luciano Agostini; <\/span><\/p>\n<p><span data-bind=\"text: reviewerList\">Marcelo Porto<\/span><\/td>\n<\/tr>\n<tr style=\"height: 54px;\">\n<td style=\"width: 434px; height: 54px;\">Author:\u00a0Nicolas Machado<\/td>\n<td style=\"width: 264px; height: 54px;\"><\/td>\n<\/tr>\n<tr style=\"height: 99px;\">\n<td style=\"width: 434px; height: 99px;\" width=\"765\"><strong>Proposta de um modelo de rede neural treinado para a identifica\u00e7\u00e3o de imagens geradas por intelig\u00eancia artificial<\/strong><\/td>\n<td style=\"width: 264px; height: 99px;\">\n<p><span data-bind=\"text: reviewerList\">Luciano Agostini; <\/span><\/p>\n<p><span data-bind=\"text: reviewerList\">Rafael Soares<\/span><\/td>\n<\/tr>\n<tr style=\"height: 54px;\">\n<td style=\"width: 434px; height: 54px;\">Author:\u00a0Leonardo Melo<\/td>\n<td style=\"width: 264px; height: 54px;\"><\/td>\n<\/tr>\n<tr style=\"height: 99px;\">\n<td style=\"width: 434px; height: 99px;\" width=\"765\"><strong>M\u00f3dulo de Gerenciamento de Mem\u00f3ria Virtual por Pagina\u00e7\u00e3o no Simulador de Sistemas Operacionais PampaSim<\/strong><\/td>\n<td style=\"width: 264px; height: 153px;\" rowspan=\"2\"><span data-bind=\"text: reviewerList\">Guilherme Correa;<br \/>\nRafael Soares<\/span><\/td>\n<\/tr>\n<tr style=\"height: 54px;\">\n<td style=\"width: 434px; height: 54px;\">Author:\u00a0Igor Dutra<\/td>\n<\/tr>\n<tr style=\"height: 76px;\">\n<td style=\"width: 434px; height: 76px;\" width=\"765\"><strong>Desenvolvimento de uma Interface Interativa para Inspe\u00e7\u00e3o Remota em Parques E\u00f3licos<\/strong><\/td>\n<td style=\"width: 264px; height: 76px;\">\n<p><span data-bind=\"text: reviewerList\">Anderson Ferrugem; <\/span><\/p>\n<p><span data-bind=\"text: reviewerList\">Tatiana Tavares<\/span><\/td>\n<\/tr>\n<tr style=\"height: 54px;\">\n<td style=\"width: 434px; height: 54px;\">Author:\u00a0Maria Duarte Lorenzoni<\/td>\n<td style=\"width: 264px; height: 54px;\"><\/td>\n<\/tr>\n<tr style=\"height: 99px;\">\n<td style=\"width: 434px; height: 99px;\" width=\"765\"><strong>Impactos do Envelhecimento Cerebral Acelerado no Alzheimer: Uma Abordagem com fMRI e Aprendizado de M\u00e1quina<\/strong><\/td>\n<td style=\"width: 264px; height: 99px;\">\n<p><span data-bind=\"text: reviewerList\">Anderson Ferrugem; <\/span><\/p>\n<p><span data-bind=\"text: reviewerList\">Tatiana Tavares<\/span><\/td>\n<\/tr>\n<tr style=\"height: 54px;\">\n<td style=\"width: 434px; height: 54px;\">Author:\u00a0Miguel Botelho<\/td>\n<td style=\"width: 264px; height: 54px;\"><\/td>\n<\/tr>\n<tr style=\"height: 99px;\">\n<td style=\"width: 434px; height: 99px;\" width=\"765\"><strong>Testes de Software em Aplica\u00e7\u00f5es Web e Jogos Digitais: Diferen\u00e7as, Similaridades e Possibilidades de Transi\u00e7\u00e3o Profissional<\/strong><\/td>\n<td style=\"width: 264px; height: 99px;\">\n<p><span data-bind=\"text: reviewerList\">Gerson Cavalheiro; <\/span><\/p>\n<p><span data-bind=\"text: reviewerList\">LISANE BRISOLARA<\/span><\/td>\n<\/tr>\n<tr style=\"height: 54px;\">\n<td style=\"width: 434px; height: 54px;\">Author:\u00a0Gabriele Lucas<\/td>\n<td style=\"width: 264px; height: 54px;\"><\/td>\n<\/tr>\n<tr style=\"height: 76px;\">\n<td style=\"width: 434px; height: 76px;\" width=\"765\"><strong>An\u00e1lise Baseada em Aspectos Independente de Dom\u00ednio em Portugu\u00eas Brasileiro<\/strong><\/td>\n<td style=\"width: 264px; height: 76px;\">\n<p><span data-bind=\"text: reviewerList\">Gerson Cavalheiro; <\/span><\/p>\n<p><span data-bind=\"text: reviewerList\">LISANE BRISOLARA<\/span><\/td>\n<\/tr>\n<tr style=\"height: 54px;\">\n<td style=\"width: 434px; height: 54px;\">Author:\u00a0Louise Bezerra<\/td>\n<td style=\"width: 264px; height: 54px;\"><\/td>\n<\/tr>\n<tr style=\"height: 76px;\">\n<td style=\"width: 434px; height: 76px;\" width=\"765\"><strong>An\u00e1lise da Usabilidade de Interfaces Computacionais por Meio de M\u00e9todos Estat\u00edsticos<\/strong><\/td>\n<td style=\"width: 264px; height: 76px;\">\n<p><span data-bind=\"text: reviewerList\">Alan Rossetto; <\/span><\/p>\n<p><span data-bind=\"text: reviewerList\">Renata Reiser<\/span><\/td>\n<\/tr>\n<tr style=\"height: 54px;\">\n<td style=\"width: 434px; height: 54px;\">Author:\u00a0Rodrigo Raupp<\/td>\n<td style=\"width: 264px; height: 54px;\"><\/td>\n<\/tr>\n<tr style=\"height: 76px;\">\n<td style=\"width: 434px; height: 76px;\" width=\"765\"><strong>Plataforma SaaS para Classifica\u00e7\u00e3o Autom\u00e1tica de Artigos Cient\u00edficos em PDF<\/strong><\/td>\n<td style=\"width: 264px; height: 76px;\">\n<p><span data-bind=\"text: reviewerList\">Alan Rossetto; <\/span><\/p>\n<p><span data-bind=\"text: reviewerList\">Renata Reiser<\/span><\/td>\n<\/tr>\n<tr style=\"height: 54px;\">\n<td style=\"width: 434px; height: 54px;\">Author: Ren\u00e3 de souza<\/td>\n<td style=\"width: 264px; height: 54px;\"><\/td>\n<\/tr>\n<tr style=\"height: 99px;\">\n<td style=\"width: 434px; height: 99px;\" width=\"765\"><strong>Explora\u00e7\u00e3o de Estrat\u00e9gias Din\u00e2micas para Armazenamento Aproximado na Predi\u00e7\u00e3o Intra-Quadro em Codificadores VVC<\/strong><\/td>\n<td style=\"width: 264px; height: 99px;\">\n<p><span data-bind=\"text: reviewerList\">Bernardo Schwedersky; <\/span><\/p>\n<p><span data-bind=\"text: reviewerList\">Luciana Foss<\/span><\/td>\n<\/tr>\n<tr style=\"height: 54px;\">\n<td style=\"width: 434px; height: 54px;\">Author:\u00a0Yasmin Camargo<\/td>\n<td style=\"width: 264px; height: 54px;\"><\/td>\n<\/tr>\n<tr style=\"height: 99px;\">\n<td style=\"width: 434px; height: 99px;\" width=\"765\"><strong>Desenvolvimento de um Jogo da Mem\u00f3ria com Suporte a Coleta de Dados para Profissionais de Saude voltados ao Apoio a Avaliacao de TEA<\/strong><\/td>\n<td style=\"width: 264px; height: 99px;\">\n<p><span data-bind=\"text: reviewerList\">Bernardo Schwedersky; <\/span><\/p>\n<p><span data-bind=\"text: reviewerList\">Luciana Foss<\/span><\/td>\n<\/tr>\n<tr style=\"height: 54px;\">\n<td style=\"width: 434px; height: 54px;\">Author:\u00a0Bianca Waskow<\/td>\n<td style=\"width: 264px; height: 54px;\"><\/td>\n<\/tr>\n<tr style=\"height: 99px;\">\n<td style=\"width: 434px; height: 99px;\" width=\"765\"><strong>Jogo &#8220;Minha Rotina&#8221; Com Suporte \u00e0 Coleta de Dados para Profissionais de Sa\u00fade Voltados ao Apoio \u00e0 Avalia\u00e7\u00e3o de TEA<\/strong><\/td>\n<td style=\"width: 264px; height: 99px;\"><span data-bind=\"text: reviewerList\">Ana Marilza Pernas Fleischmann; Felipe Marques<\/span><\/td>\n<\/tr>\n<tr style=\"height: 54px;\">\n<td style=\"width: 434px; height: 54px;\">Author:\u00a0bruno DE SOUZA<\/td>\n<td style=\"width: 264px; height: 54px;\"><\/td>\n<\/tr>\n<tr style=\"height: 99px;\">\n<td style=\"width: 434px; height: 99px;\" width=\"765\"><strong>Explorando a Aplica\u00e7\u00e3o de Paralelismo na Fatora\u00e7\u00e3o de Express\u00f5es Booleanas atrav\u00e9s de Composi\u00e7\u00e3o Funcional<\/strong><\/td>\n<td style=\"width: 264px; height: 99px;\"><span data-bind=\"text: reviewerList\">Ana Marilza Pernas Fleischmann; Felipe Marques<\/span><\/td>\n<\/tr>\n<tr style=\"height: 54px;\">\n<td style=\"width: 434px; height: 54px;\">Author:\u00a0Miguel Strelow<\/td>\n<td style=\"width: 264px; height: 54px;\"><\/td>\n<\/tr>\n<tr style=\"height: 99px;\">\n<td style=\"width: 434px; height: 99px;\" width=\"765\"><strong>Desenvolvimento de uma Interface para Defini\u00e7\u00e3o de Rotas de Drones Virtuais: Simula\u00e7\u00e3o e Identifica\u00e7\u00e3o de Problemas de Manuten\u00e7\u00e3o de Campos E\u00f3licos<\/strong><\/td>\n<td style=\"width: 264px; height: 99px;\">\n<p><span data-bind=\"text: reviewerList\">Andre Du Bois; <\/span><\/p>\n<p><span data-bind=\"text: reviewerList\">Leomar da Rosa Jr<\/span><\/td>\n<\/tr>\n<tr style=\"height: 54px;\">\n<td style=\"width: 434px; height: 54px;\">Author:\u00a0Bianca Beppler Dullius<\/td>\n<td style=\"width: 264px; height: 54px;\"><\/td>\n<\/tr>\n<tr style=\"height: 76px;\">\n<td style=\"width: 434px; height: 76px;\" width=\"765\"><strong>Desenvolvendo solu\u00e7\u00f5es tecnol\u00f3gicas para o grupo TEA: Desenvolvimento do jogo digital &#8220;Meu Dia a Dia&#8221;<\/strong><\/td>\n<td style=\"width: 264px; height: 76px;\">\n<p><span data-bind=\"text: reviewerList\">Andre Du Bois; <\/span><\/p>\n<p><span data-bind=\"text: reviewerList\">Leomar da Rosa Jr<\/span><\/td>\n<\/tr>\n<tr style=\"height: 54px;\">\n<td style=\"width: 434px; height: 54px;\">Author:\u00a0Rog\u00e9rio Otto<\/td>\n<td style=\"width: 264px; height: 54px;\"><\/td>\n<\/tr>\n<tr style=\"height: 99px;\">\n<td style=\"width: 434px; height: 99px;\" width=\"765\"><strong>Batalha Computacional: Desenvolvimento e Avalia\u00e7\u00e3o de um Jogo Educacional Voltado ao Pensamento Computacional<\/strong><\/td>\n<td style=\"width: 264px; height: 99px;\">\n<p><span data-bind=\"text: reviewerList\">Rafael Amaral; <\/span><\/p>\n<p><span data-bind=\"text: reviewerList\">Ulisses Correa<\/span><\/td>\n<\/tr>\n<tr style=\"height: 54px;\">\n<td style=\"width: 434px; height: 54px;\">Author:\u00a0Igor Valer\u00e3o<\/td>\n<td style=\"width: 264px; height: 54px;\"><\/td>\n<\/tr>\n<tr style=\"height: 99px;\">\n<td style=\"width: 434px; height: 99px;\" width=\"765\"><strong>An\u00e1lise de Sentimento Baseada em Aspectos Utilizando Modelos Baseados na Arquitetura Transformer<\/strong><\/td>\n<td style=\"width: 264px; height: 99px;\">\n<p><span data-bind=\"text: reviewerList\">Guilherme Netto; <\/span><\/p>\n<p><span data-bind=\"text: reviewerList\">Rafael Amaral<\/span><\/td>\n<\/tr>\n<tr style=\"height: 54px;\">\n<td style=\"width: 434px; height: 54px;\">Author:\u00a0Franco Pereira<\/td>\n<td style=\"width: 264px; height: 54px;\"><\/td>\n<\/tr>\n<tr style=\"height: 76px;\">\n<td style=\"width: 434px; height: 76px;\" width=\"765\"><strong>Avaliando o impacto do Domain Shift na Predi\u00e7\u00e3o de Ep\u00edtopos de C\u00e9lulas B.<\/strong><\/td>\n<td style=\"width: 264px; height: 76px;\">\n<p><span data-bind=\"text: reviewerList\">Guilherme Netto; <\/span><\/p>\n<p><span data-bind=\"text: reviewerList\">M\u00edriam Born<\/span><\/td>\n<\/tr>\n<tr style=\"height: 54px;\">\n<td style=\"width: 434px; height: 54px;\">Author:\u00a0Rafael Ferr\u00e3o<\/td>\n<td style=\"width: 264px; height: 54px;\"><\/td>\n<\/tr>\n<tr style=\"height: 54px;\">\n<td style=\"width: 434px; height: 54px;\" width=\"765\"><strong>Odisseia 2D: Explorando Caminhos L\u00f3gicos<\/strong><\/td>\n<td style=\"width: 264px; height: 54px;\">\n<p><span data-bind=\"text: reviewerList\">M\u00edriam Born; <\/span><\/p>\n<p><span data-bind=\"text: reviewerList\">Ulisses Correa<\/span><\/td>\n<\/tr>\n<tr style=\"height: 54px;\">\n<td style=\"width: 434px; height: 54px;\">Author:\u00a0Kathe Beserra<\/td>\n<td style=\"width: 264px; height: 54px;\"><\/td>\n<\/tr>\n<tr style=\"height: 76px;\">\n<td style=\"width: 434px; height: 76px;\" width=\"765\"><strong>Explora\u00e7\u00e3o de Aprendizado de M\u00e1quina para Redu\u00e7\u00e3o de Complexidade da Etapa das Transformadas no VVC<\/strong><\/td>\n<td style=\"width: 264px; height: 76px;\">\n<p><span data-bind=\"text: reviewerList\">Brenda Santana; <\/span><\/p>\n<p><span data-bind=\"text: reviewerList\">J\u00falio Mattos\u00a0<\/span><\/td>\n<\/tr>\n<tr style=\"height: 54px;\">\n<td style=\"width: 434px; height: 54px;\">Author:\u00a0Caroline Camargo<\/td>\n<td style=\"width: 264px; height: 54px;\"><\/td>\n<\/tr>\n<tr style=\"height: 99px;\">\n<td style=\"width: 434px; height: 99px;\" width=\"765\"><strong>Treinamento M\u00e9dico em Colonoscopia: Implementa\u00e7\u00e3o de Interface Gr\u00e1fica em Simulador de Realidade Virtual<\/strong><\/td>\n<td style=\"width: 264px; height: 99px;\">\n<p><span data-bind=\"text: reviewerList\">Brenda Santana; <\/span><\/p>\n<p><span data-bind=\"text: reviewerList\">J\u00falio Mattos<\/span><\/td>\n<\/tr>\n<tr style=\"height: 54px;\">\n<td style=\"width: 434px; height: 54px;\">Author:\u00a0Lucas Garcia<\/td>\n<td style=\"width: 264px; height: 54px;\"><\/td>\n<\/tr>\n<tr style=\"height: 76px;\">\n<td style=\"width: 434px; height: 76px;\" width=\"765\"><strong>Domain-Driven Design em Modelagem Colaborativa Remota: Um Estudo de Caso<\/strong><\/td>\n<td style=\"width: 264px; height: 76px;\">\n<p><span data-bind=\"text: reviewerList\">Alessander Osorio; <\/span><\/p>\n<p><span data-bind=\"text: reviewerList\">Paulo R Ferreira Jr<\/span><\/td>\n<\/tr>\n<tr style=\"height: 54px;\">\n<td style=\"width: 434px; height: 54px;\">Author:\u00a0Lu\u00edsa Ribeiro<\/td>\n<td style=\"width: 264px; height: 54px;\"><\/td>\n<\/tr>\n<tr style=\"height: 76px;\">\n<td style=\"width: 434px; height: 76px;\" width=\"765\"><strong>Uma ferramenta que auxilia a an\u00e1lise estat\u00edsticas com aplica\u00e7\u00f5es em atletas de futebol<\/strong><\/td>\n<td style=\"width: 264px; height: 76px;\">\n<p><span data-bind=\"text: reviewerList\">Alessander Osorio; <\/span><\/p>\n<p><span data-bind=\"text: reviewerList\">Paulo R Ferreira Jr<\/span><\/td>\n<\/tr>\n<tr style=\"height: 54px;\">\n<td style=\"width: 434px; height: 54px;\">Author:\u00a0Luiz dos Santos<\/td>\n<td style=\"width: 264px; height: 54px;\"><\/td>\n<\/tr>\n<tr style=\"height: 99px;\">\n<td style=\"width: 434px; height: 99px;\" width=\"765\"><strong>Integra\u00e7\u00e3o de Intelig\u00eancia Artificial e Design de Experi\u00eancia de Usu\u00e1rio no Suporte a Estudantes com TDAH: Desafios e Solu\u00e7\u00f5es.<\/strong><\/td>\n<td style=\"width: 264px; height: 99px;\">\n<p><span data-bind=\"text: reviewerList\">Adriana Bordini; <\/span><\/p>\n<p><span data-bind=\"text: reviewerList\">Weslen souza<\/span><\/td>\n<\/tr>\n<tr style=\"height: 54px;\">\n<td style=\"width: 434px; height: 54px;\">Author:\u00a0Amanda Vieira<\/td>\n<td style=\"width: 264px; height: 54px;\"><\/td>\n<\/tr>\n<tr style=\"height: 99px;\">\n<td style=\"width: 434px; height: 99px;\" width=\"765\"><strong>Ferramenta de Controle para Personagens Virtuais em Simuladores de Realidade Virtual Aplicados ao Ensino de Medicina<\/strong><\/td>\n<td style=\"width: 264px; height: 99px;\">\n<p><span data-bind=\"text: reviewerList\">Adriana Bordini; <\/span><\/p>\n<p><span data-bind=\"text: reviewerList\">Weslen souza<\/span><\/td>\n<\/tr>\n<tr style=\"height: 54px;\">\n<td style=\"width: 434px; height: 54px;\">Author:\u00a0Adriano Hardtke<\/td>\n<td style=\"width: 264px; height: 54px;\"><\/td>\n<\/tr>\n<tr style=\"height: 76px;\">\n<td style=\"width: 434px; height: 76px;\" width=\"765\"><strong>Estudo de Modelos de Intelig\u00eancia Artificial aplicados a Diagn\u00f3stico de C\u00e2ncer em Imagens M\u00e9dicas<\/strong><\/td>\n<td style=\"width: 264px; height: 76px;\">\n<p><span data-bind=\"text: reviewerList\">Marilton Aguiar; <\/span><\/p>\n<p><span data-bind=\"text: reviewerList\">Rafael Torchelsen<\/span><\/td>\n<\/tr>\n<tr style=\"height: 54px;\">\n<td style=\"width: 434px; height: 54px;\">Author:\u00a0Lucas Tavares<\/td>\n<td style=\"width: 264px; height: 54px;\"><\/td>\n<\/tr>\n<tr style=\"height: 76px;\">\n<td style=\"width: 434px; height: 76px;\" width=\"765\"><strong>Utilizando BERT para Segmenta\u00e7\u00e3o de Not\u00edcias em T\u00f3picos para Recomenda\u00e7\u00e3o<\/strong><\/td>\n<td style=\"width: 264px; height: 76px;\" width=\"340\">\n<p><span data-bind=\"text: reviewerList\">Marcelo Porto; <\/span><\/p>\n<p><span data-bind=\"text: reviewerList\">Marilton Aguiar<\/span><\/td>\n<\/tr>\n<tr style=\"height: 54px;\">\n<td style=\"width: 434px; height: 54px;\">Author:\u00a0Gustavo Roos<\/td>\n<td style=\"width: 264px; height: 54px;\" width=\"340\"><\/td>\n<\/tr>\n<tr style=\"height: 99px;\">\n<td style=\"width: 434px; height: 99px;\" width=\"765\"><strong>An\u00e1lise Comparativa da Efici\u00eancia de Codifica\u00e7\u00e3o de V\u00eddeos 360 graus em Diferentes Proje\u00e7\u00f5es e Padr\u00f5es de Codifica\u00e7\u00e3o<\/strong><\/td>\n<td style=\"width: 264px; height: 99px;\" width=\"340\">\n<p><span data-bind=\"text: reviewerList\">Guilherme Correa; <\/span><\/p>\n<p><span data-bind=\"text: reviewerList\">Rafael Soares\u00a0<\/span><\/td>\n<\/tr>\n<tr style=\"height: 54px;\">\n<td style=\"width: 434px; height: 54px;\">Author:\u00a0FRANKLIN DE OLIVEIRA<\/td>\n<td style=\"width: 264px; height: 54px;\" width=\"340\"><\/td>\n<\/tr>\n<tr style=\"height: 76px;\">\n<td style=\"width: 434px; height: 76px;\" width=\"765\"><strong>Um modelo de an\u00e1lise de depend\u00eancia para o idioma portugu\u00eas<\/strong><\/td>\n<td style=\"width: 264px; height: 130px;\" rowspan=\"2\" width=\"340\">\n<p><span data-bind=\"text: reviewerList\">Anderson Ferrugem; <\/span><\/p>\n<p><span data-bind=\"text: reviewerList\">Tatiana Tavares<\/span><\/td>\n<\/tr>\n<tr style=\"height: 54px;\">\n<td style=\"width: 434px; height: 54px;\">Author:\u00a0Leonardo Marotta<\/td>\n<\/tr>\n<tr style=\"height: 99px;\">\n<td style=\"width: 434px; height: 99px;\" width=\"765\"><strong>Arquiteturas de Multiplicadores Baseadas em Operadores Logar\u00edtmicos e T\u00e9cnicas de Computa\u00e7\u00e3o Aproximada para Otimiza\u00e7\u00e3o da Efici\u00eancia Energ\u00e9tica<\/strong><\/td>\n<td style=\"width: 264px; height: 99px;\" width=\"340\"><span data-bind=\"text: reviewerList\">Gerson Cavalheiro; LISANE BRISOLARA<\/span><\/td>\n<\/tr>\n<tr style=\"height: 54px;\">\n<td style=\"width: 434px; height: 54px;\">Author:\u00a0Fernando Penedo<\/td>\n<td style=\"width: 264px; height: 54px;\" width=\"340\"><\/td>\n<\/tr>\n<tr style=\"height: 99px;\">\n<td style=\"width: 434px; height: 99px;\" width=\"765\"><strong>Gamifica\u00e7\u00e3o no Ensino Superior: Desenvolvimento de uma Plataforma Interativa para Promover Engajamento e Aprendizado Cont\u00ednuo<\/strong><\/td>\n<td style=\"width: 264px; height: 99px;\" width=\"340\">\n<p><span data-bind=\"text: reviewerList\">Alan Rossetto; <\/span><\/p>\n<p><span data-bind=\"text: reviewerList\">Renata Reiser<\/span><\/td>\n<\/tr>\n<tr style=\"height: 54px;\">\n<td style=\"width: 434px; height: 54px;\">Author:\u00a0Rafael Mattia<\/td>\n<td style=\"width: 264px; height: 54px;\" width=\"340\"><\/td>\n<\/tr>\n<tr style=\"height: 76px;\">\n<td style=\"width: 434px; height: 76px;\" width=\"765\"><strong>Desenvolvendo um Cluster Educacional de Baixo Custo para Computa\u00e7\u00e3o Paralela e Distribu\u00edda<\/strong><\/td>\n<td style=\"width: 264px; height: 76px;\" width=\"340\">\n<p><span data-bind=\"text: reviewerList\">Bernardo Schwedersky ; <\/span><\/p>\n<p><span data-bind=\"text: reviewerList\">Luciana Foss<\/span><\/td>\n<\/tr>\n<tr style=\"height: 54px;\">\n<td style=\"width: 434px; height: 54px;\">Author:\u00a0Eduardo Schwantz<\/td>\n<td style=\"width: 264px; height: 54px;\" width=\"340\"><\/td>\n<\/tr>\n<tr style=\"height: 99px;\">\n<td style=\"width: 434px; height: 99px;\" width=\"765\"><strong>Desenvolvimento de um modelo de intelig\u00eancia artificial para de detec\u00e7\u00e3o de c\u00e1ries e outras patologias dent\u00e1rias em radiografias odontol\u00f3gicas<\/strong><\/td>\n<td style=\"width: 264px; height: 99px;\" width=\"340\">\n<p>Alessander Osorio;<\/p>\n<p>Paulo R Ferreira Jr<\/td>\n<\/tr>\n<tr style=\"height: 54px;\">\n<td style=\"width: 434px; height: 54px;\">Author:\u00a0Mauro Gomes<\/td>\n<td style=\"width: 264px; height: 54px;\" width=\"340\"><\/td>\n<\/tr>\n<\/tbody>\n<\/table>\n<p>&nbsp;<\/p>\n","protected":false},"excerpt":{"rendered":"<p>Avaliadores Adriana Bordini &#8211; adriana.bordini@inf.ufpel.edu.br Alan Rossetto \u2013 alan.rossetto@inf.ufpel.edu.br Alessander Os\u00f3rio &#8211; alessanderosorio@gmail.com Ana Pernas \u2013 marilza@inf.ufpel.edu.br Anderson Ferrugem \u2013 ferrugem@inf.ufpel.edu.br Andre Du Bois \u2013 dubois@inf.ufpel.edu.br Bernardo Schwedersky \u2013 bernardo.schwedersky@inf.ufpel.edu.br Brenda Santana &#8211; bssalenave@inf.ufpel.edu.br Felipe Marques \u2013 felipem@inf.ufpel.edu.br Gerson Cavalheiro \u2013 gerson.cavalheiro@inf.ufpel.edu.br Guilherme Correa \u2013 gcorrea@inf.ufpel.edu.br Guilherme Netto\u00a0\u2013 guilherme.netto@inf.ufpel.edu.br Leomar Rosa Jr. \u2013 leomarjr@inf.ufpel.edu.br Lisane [&hellip;]<\/p>\n","protected":false},"author":800,"featured_media":0,"parent":31,"menu_order":0,"comment_status":"closed","ping_status":"closed","template":"","meta":{"footnotes":""},"class_list":["post-1471","page","type-page","status-publish","hentry"],"_links":{"self":[{"href":"https:\/\/wp.ufpel.edu.br\/notcc\/wp-json\/wp\/v2\/pages\/1471","targetHints":{"allow":["GET"]}}],"collection":[{"href":"https:\/\/wp.ufpel.edu.br\/notcc\/wp-json\/wp\/v2\/pages"}],"about":[{"href":"https:\/\/wp.ufpel.edu.br\/notcc\/wp-json\/wp\/v2\/types\/page"}],"author":[{"embeddable":true,"href":"https:\/\/wp.ufpel.edu.br\/notcc\/wp-json\/wp\/v2\/users\/800"}],"replies":[{"embeddable":true,"href":"https:\/\/wp.ufpel.edu.br\/notcc\/wp-json\/wp\/v2\/comments?post=1471"}],"version-history":[{"count":4,"href":"https:\/\/wp.ufpel.edu.br\/notcc\/wp-json\/wp\/v2\/pages\/1471\/revisions"}],"predecessor-version":[{"id":1546,"href":"https:\/\/wp.ufpel.edu.br\/notcc\/wp-json\/wp\/v2\/pages\/1471\/revisions\/1546"}],"up":[{"embeddable":true,"href":"https:\/\/wp.ufpel.edu.br\/notcc\/wp-json\/wp\/v2\/pages\/31"}],"wp:attachment":[{"href":"https:\/\/wp.ufpel.edu.br\/notcc\/wp-json\/wp\/v2\/media?parent=1471"}],"curies":[{"name":"wp","href":"https:\/\/api.w.org\/{rel}","templated":true}]}}