{"id":1458,"date":"2025-02-03T18:04:14","date_gmt":"2025-02-03T21:04:14","guid":{"rendered":"https:\/\/wp.ufpel.edu.br\/notcc\/?page_id=1458"},"modified":"2025-02-03T18:04:14","modified_gmt":"2025-02-03T21:04:14","slug":"bancas-2023-2","status":"publish","type":"page","link":"https:\/\/wp.ufpel.edu.br\/notcc\/bancas-2023-2\/","title":{"rendered":"Bancas 2023\/2"},"content":{"rendered":"<p><strong>Alberto Neuenfeld Helbig<\/strong><br \/>\nCurso: Engenharia de Computa\u00e7\u00e3o<br \/>\nT\u00edtulo: Estrat\u00e9gias para Integra\u00e7\u00e3o de Acessibilidade em Ciclos de Desenvolvimento R\u00e1pidos para Desenvolvedores Front-end<br \/>\nBanca:<br \/>\nProfa. Dra. Tatiana Aires Tavares (orientador(a))<br \/>\nProf. Dr. TiagoThompsen Primo<br \/>\nMsc. Laura Quevedo Jurgina<br \/>\nData: 29 de fevereiro de 2024<br \/>\nHora: 17:10<br \/>\nLocal: Audit\u00f3rio ACAD-85-Andrew Andrade Valad\u00e3o<\/p>\n<p><strong>Cesar Augusto Vitoria Martins Junior<\/strong><br \/>\nCurso: Engenharia de Computa\u00e7\u00e3o<br \/>\nT\u00edtulo: Data Augmentation na Tarefa de Detec\u00e7\u00e3o de Fake News na L\u00edngua Portuguesa<br \/>\nBanca:<br \/>\nProfa. Dra. Mirian Blank Born (orientador(a))<br \/>\nProfa Dra. Larissa Astrogildo de Freitas (coorientador(a))<br \/>\nBsc. Carlos Augusto Calage<br \/>\nProfa. Dra. Brenda Salenave Santana<br \/>\nData:07 de mar\u00e7o de 2024<br \/>\nHora: 13:30<br \/>\nLocal:Sala 328-Campus Anglo<\/p>\n<p><strong>Cristian Carvalho Quevedo<\/strong><br \/>\nCurso:Ci\u00eancia da Computa\u00e7\u00e3o<br \/>\nT\u00edtulo:Mapeamento do uso de OpenMP em projetos abertos no GitHub<br \/>\nBanca:<br \/>\nProf. Dr. Gerson Geraldo Homrich Cavalheiro (orientador(a))<br \/>\nprof. Dr. Andre Rauber Du Bois<br \/>\nDr. Marcos Antonio de Oliveira Junior<br \/>\nData: 08 de mar\u00e7o de 2024<br \/>\nHora: 13:30<br \/>\nLocal:Sala virtual link: https:\/\/meet.google.com\/tds-zkyi-tfo<\/p>\n<p><strong>Daniel Nunes Choudhury<\/strong><br \/>\nCurso: Engenharia de Computa\u00e7\u00e3o<br \/>\nT\u00edtulo: Integra\u00e7\u00e3o de solu\u00e7\u00f5es de redu\u00e7\u00e3o de complexidade para o codificador de v\u00eddeo VVC utilizando aprendizado de m\u00e1quina<br \/>\nBanca:<br \/>\nProf. Dr. Guilherme Ribeiro Corr\u00eaa (orientador(a))<br \/>\nProf. Dr. Luciano Volcan Agostini (coorientador(a))<br \/>\nMe. Adson Ileon Ripinski Duarte<br \/>\nDr. Cristiano Flores Dos Santos<br \/>\nData: 14 de mar\u00e7o de 2024<br \/>\nHora: 16:00<br \/>\nLocal:&lt;\/strong&gt; Lab 5-Sala 336<\/p>\n<p><strong>Felipe Avila Silva<\/strong><br \/>\nCurso:\u00a0 Engenharia de Computa\u00e7\u00e3o<br \/>\nT\u00edtulo:\u00a0 Desenvolvimento de um Potenciostato com Topologia Fully Differential de baixo custo para a Detec\u00e7\u00e3o de Metais Pesados em Ambientes Aqu\u00e1ticos<br \/>\nBanca:<br \/>\nProd. Dr. Alan Carlos Junior Rossetto (orientador(a))<br \/>\nProf. Dr. Leonardo Contreira Pereira (coorientador(a))<br \/>\nProf. Dr. Bernardo Barancelli Schwedersky<br \/>\nProf. Dr. Rafael Iankowski Soares<br \/>\nData: 07 de mar\u00e7o de 2024<br \/>\nHora: 15:30<br \/>\nLocal: Lab 2 (Sala 330)<\/p>\n<p>Fernanda Kipper Bucoski de Sousa<br \/>\nCurso: Ci\u00eancia da Computa\u00e7\u00e3o<br \/>\nT\u00edtulo:Explorando Modelos de IA Generativa Pr\u00e9-treinados e Open Source para Tarefa de Sumariza\u00e7\u00e3o Abstrativa<br \/>\nBanca:<br \/>\nProf Dr. Tiago Thompsem Primo (orientador(a))<br \/>\nProf Dr. Marilton Sanchotene de Aguiar (coorientador(a))<br \/>\nProfa Dra. Larissa Astrogildo de Freitas<br \/>\nMe. Dirceu Maraschin Junior<br \/>\nData: 04 de mar\u00e7o de 2024<br \/>\nHora: 17:30<br \/>\nLocal: Lab 5<\/p>\n<p><strong>Frederico Dal Soglio Reckziegel<\/strong><br \/>\nCurso: Ci\u00eancia da Computa\u00e7\u00e3o<br \/>\nT\u00edtulo: Explora\u00e7\u00e3o de estrat\u00e9gias baseadas em intelig\u00eancia artificial para gera\u00e7\u00e3o de imagens a partir de textos de narrativas extraordin\u00e1rias<br \/>\nBanca:<br \/>\nProf. Dr. Guilherme Ribeiro Corr\u00eaa (orientador(a))<br \/>\nProfa. Dra. Larissa Astrogildo de Freitas (coorientador(a))<br \/>\nProfa. Dra. Daniele Borges Bezerra (coorientador(a))<br \/>\nProfa. Dra. Claudia Turra Magni<br \/>\nProfa. Dra. Patr\u00edcia Augustin Jaques Maillard<br \/>\nData: 08 de mar\u00e7o de 2024<br \/>\nHora: 10:00<br \/>\nLocal: Laborat\u00f3rio 5 (sala 336-Anglo)<\/p>\n<p><strong>Guilherme Ramison<\/strong><br \/>\nCurso: Engenharia de Computa\u00e7\u00e3o<br \/>\nT\u00edtulo: Explorando o fine-tuning dos modelos Albertina e T5 para gerar question\u00e1rios<br \/>\nBanca:<br \/>\nProf. Dra. Larissa Astrogildo de Freitas (orientador(a))<br \/>\nProf. Dr. Ulisses Brisolara Corr\u00eaa (coorientador(a))<br \/>\nBsc. Gabriel Gomes<br \/>\nMsc. Alexandre Thurow Bender<br \/>\nData: 08 de mar\u00e7o de 2024<br \/>\nHora: 13:30<br \/>\nLocal: Sala 328<\/p>\n<p><strong>Guilherme dos Santos Vahl<\/strong><br \/>\nCurso: Ci\u00eancia da Computa\u00e7\u00e3o<br \/>\nT\u00edtulo: Um benchmark para comparar o modelo de atores utilizando Java e Elixir<br \/>\nBanca:<br \/>\nProf. Dr. Andre Rauber Du Bois (orientador(a))<br \/>\nProf. Dr. Gerson Geraldo Homrich Cavalheiro<br \/>\nProf. Dr. Rafael Burlamaqui Amaral<br \/>\nData: 15 de mar\u00e7o de 2024<br \/>\nHora: 13:30<br \/>\nLocal: Audit\u00f3rio Elio Paulo Zonta<\/p>\n<p><strong>Kayara da Silveira Pereira<\/strong><br \/>\nCurso:Ci\u00eancia da Computa\u00e7\u00e3o<br \/>\nT\u00edtulo:Um sistema de tipos e um verificador de tipos para a DSL GPotion<br \/>\nBanca:<br \/>\nProf. Dr. Andr\u00e9 Rauber Du Bois (orientador(a))<br \/>\nProfa. Dra. Simone Andre Da Costa Cavalheiro<br \/>\nProfa Dra. Luciana Foss<br \/>\nData: 15 de mar\u00e7o de 2024<br \/>\nHora: 10:00<br \/>\nLocal: sala de reuni\u00f5es 328B<\/p>\n<p><strong>Patrick Menegassi Walter<\/strong><br \/>\nCurso: Ci\u00eancia da Computa\u00e7\u00e3o<br \/>\nT\u00edtulo: Desinforma\u00e7\u00e3o nas Redes Sociais: Classifica\u00e7\u00e3o de V\u00eddeos no YouTube sobre Urnas Eletr\u00f4nicas<br \/>\nBanca:<br \/>\nProf. Dr. Luciano Volcan Agostini (orientador(a))<br \/>\nBsc. Yan Ballinhas Soares (coorientador(a))<br \/>\nProf. Dr. Guilherme Ribeiro Corr\u00eaa<br \/>\nProfa. Dra. Larissa Astrogildo de Freitas<br \/>\nData: 12 de mar\u00e7o de 2024<br \/>\nHora: 14:00<br \/>\nLocal: Lab 1<\/p>\n<p><strong>Patrick Silva da Rosa<\/strong><br \/>\nCurso: Engenharia de Computa\u00e7\u00e3o<br \/>\nT\u00edtulo: Avalia\u00e7\u00e3o de ferramentas do codificador AV1 para interpola\u00e7\u00e3o de pixels na predi\u00e7\u00e3o inter-quadros fracion\u00e1ria<br \/>\nBanca:<br \/>\nProf. Dr. Guilherme Ribeiro Corr\u00eaa (orientador(a))<br \/>\nMa. Daiane Fonseca Freitas (coorientador(a))<br \/>\nDr. Alex Machado Borges<br \/>\nProf. Dr. Daniel Munari Vilchez Palomino<br \/>\nData:\u00a0 14 de mar\u00e7o de 2024<br \/>\nHora: 14:00<\/p>\n<p>Local: Lab 5-Sala 336<\/p>\n<p><strong>Rafael Duarte dos Santos<\/strong><br \/>\nCurso: Engenharia de Computa\u00e7\u00e3o<br \/>\nT\u00edtulo: Desenvolvimento de um chatterbot que ensina conceitos de Orienta\u00e7\u00e3o a Objetos na Linguagem de Programa\u00e7\u00e3o Java<br \/>\nBanca:<br \/>\nProfa. Dra. Larissa Astrogildo de Freitas (orientador(a))<br \/>\nProfa. Dra. M\u00edriam Blank Born<br \/>\nBsc. Carlos Augusto Calage<br \/>\nBsc. Thiago Porto<br \/>\nData: 07 de mar\u00e7o de 2024<br \/>\nHora: 16:30<br \/>\nLocal: Sala 328<\/p>\n<p><strong>Renan Marcili Lemons<\/strong><br \/>\nCurso: Engenharia de Computa\u00e7\u00e3o<br \/>\nT\u00edtulo: Um chatbot para o aux\u00edlio do ensino de conceitos b\u00e1sicos de programa\u00e7\u00e3o em C<br \/>\nBanca:<br \/>\nProfa. Dra. Larissa Astrogildo de Freitas (orientador(a))<br \/>\nProfa. Dra. M\u00edriam Blank Born<br \/>\nBsc. Ger\u00f4nimo Gallarreta Zubiaurre Lemos<br \/>\nBsc. Thiago Porto<br \/>\nData: 07 de mar\u00e7o de 2024<br \/>\nHora: 15:40<br \/>\nLocal:\u00a0 Sala 328<\/p>\n<p><strong>Richer Magalh\u00e3es da Silva<\/strong><br \/>\nCurso: Ci\u00eancia da Computa\u00e7\u00e3o<br \/>\nT\u00edtulo: Proposta de um algoritmo de recomenda\u00e7\u00e3o na sele\u00e7\u00e3o de usu\u00e1rios com perfil similar para divis\u00e3o de aluguel na loca\u00e7\u00e3o de im\u00f3veis<br \/>\nBanca:<br \/>\nProf. Dr. Marilton Sanchotene de Aguiar (orientador(a))<br \/>\nM.Sc. Leroi Floriano de Oliveira (coorientador(a))<br \/>\nBel. Bruno Cascaes Alves<br \/>\nProfa. Dra. Miriam Blank Born<br \/>\nData:08 de mar\u00e7o de 2024<br \/>\nHora: 10:00<br \/>\nLocal: Sala virtual https:\/\/meet.google.com\/suw-qbqe-mtd<\/p>\n<p><strong>Rodrigo Mendes Rezende<\/strong><br \/>\nCurso: Engenharia de Computa\u00e7\u00e3o<br \/>\nT\u00edtulo: Data Augmentation na Tarefa de Detec\u00e7\u00e3o de Sarcasmo e Ironia na L\u00edngua Portuguesa<br \/>\nBanca:<br \/>\nProfa. Dra. M\u00edriam Blank Born (orientador(a))<br \/>\nProfa. Dra. Larissa Astrogildo de Freitas (coorientador(a))<br \/>\nProfa Dra. Brenda Salenave<br \/>\nBsc. Ger\u00f4nimo Gallarreta Zubiaurre Lemos<br \/>\nData: 07 de mar\u00e7o de 2024<br \/>\nHora: 14:30<br \/>\nLocal:&lt;\/strong&gt; Campus Anglo &#8211; Sala 328<\/p>\n<p><strong>Thales Cezar Castro<\/strong><br \/>\nCurso: Ci\u00eancia da Computa\u00e7\u00e3o<br \/>\nT\u00edtulo: Desenvolvimento de tradutor entre linguagem de programa\u00e7\u00e3o e L\u00edngua Brasileira de Sinais como extens\u00e3o para editor de c\u00f3digo-fonte<br \/>\nBanca:<br \/>\nProf. Dr. Marilton Sanchotene de Aguiar (orientador(a))<br \/>\nProfa. Dra. Tatiana Bolivar Lebedeff (coorientador(a))<br \/>\nProf. Dr. Tiago Thompsen Primo<br \/>\nMe. Laura Quevedo Jurgina<br \/>\nData: 08 de mar\u00e7o de 2024<br \/>\nHora: 18:00<br \/>\nLocal: Sala virtual https:\/\/meet.google.com\/tvj-osga-idi<\/p>\n<p><strong>Thal\u00eda Djune Costa Longaray<\/strong><br \/>\nCurso: Ci\u00eancia da Computa\u00e7\u00e3o<br \/>\nT\u00edtulo: iData: uma Contribui\u00e7\u00e3o \u00e0 Camada de Persist\u00eancia de Dados no Contexto da Abordagem VISO<br \/>\nBanca:<br \/>\nProfa. Dra. Ana Marilza Pernas Fleischmann (orientador(a))<br \/>\nProf. Dr. Leandro da Silva Camargo (coorientador(a))<br \/>\nProfa. Dra. Tatiana Aires Tavares<br \/>\nProf. Dr. Roger da Silva Machado<br \/>\nData: 14 de mar\u00e7o de 2024<br \/>\nHora: 10:00<br \/>\nLocal: Sala Virtual &#8211; https:\/\/meet.google.com\/qxd-pdya-dom<\/p>\n<p><strong>Victor Delmonaco Tarrago Grovermann<\/strong><br \/>\nCurso: Ci\u00eancia da Computa\u00e7\u00e3o<br \/>\nT\u00edtulo: Simula\u00e7\u00e3o de Estrat\u00e9gias de Escalonamento de Aplica\u00e7\u00f5es Bag-of-Tasks em Nuvem Federada<br \/>\nBanca:<br \/>\nProf. Dr. Gerson Geraldo H. Cavalheiro (orientador(a))<br \/>\nDr. Maicon An\u00e7a dos Santos (coorientador(a))<br \/>\nMe. Rafael Rodrigues Bastos<br \/>\nProf. Dr. Rafael Burlamaqui Amaral<br \/>\nData: 07 de mar\u00e7o de 2024<br \/>\nHora: 13:30<br \/>\nLocal:&lt;\/strong&gt; ONLINE<\/p>\n<p><strong>Vinicius Gonsalez Cruz<\/strong><br \/>\nCurso: Ci\u00eancia da Computa\u00e7\u00e3o<br \/>\nT\u00edtulo: An\u00e1lise dos Protocolos de Comunica\u00e7\u00e3o Aplic\u00e1veis aos N\u00edveis Arquiteturais da Abordagem VISO<br \/>\nBanca:<br \/>\nProfa Dra. Ana Marilza Pernas (orientador(a))<br \/>\nDr. Leandro da Silva Camargo (coorientador(a))<br \/>\nProf. Dr. Rafael Iankowski Soares<br \/>\nBsc. Jos\u00e9 Felipe Mor\u00e9 Pauletti<br \/>\nData:\u00a0 06 de mar\u00e7o de 2024<br \/>\nHora: 15:30<br \/>\nLocal:&lt;\/strong&gt; Sala virtual &#8211; https:\/\/meet.google.com\/dnc-fgcv-oyp<\/p>\n<p><strong>V\u00edtor de Melo Mandowski<\/strong><br \/>\nCurso: Engenharia de Computa\u00e7\u00e3o<br \/>\nT\u00edtulo:Dimensionamento Assim\u00e9trico de Transistores CMOS: Uma Abordagem Direcionada \u00e0s Portas Complexas<br \/>\nBanca:<br \/>\nProf. Dr. Leomar Soares da Rosa J\u00fanior (orientador(a))<br \/>\nMsc. Henrique Caldas Kessler (coorientador(a))<br \/>\nProf. Dr. Felipe de Souza Marques<br \/>\nProf. Dr. Rafael Iankowski Soares<br \/>\nData: 27 de fevereiro de 2024<br \/>\nHora: 10:00<br \/>\nLocal: Laborat\u00f3rio 1<\/p>\n","protected":false},"excerpt":{"rendered":"<p>Alberto Neuenfeld Helbig Curso: Engenharia de Computa\u00e7\u00e3o T\u00edtulo: Estrat\u00e9gias para Integra\u00e7\u00e3o de Acessibilidade em Ciclos de Desenvolvimento R\u00e1pidos para Desenvolvedores Front-end Banca: Profa. Dra. Tatiana Aires Tavares (orientador(a)) Prof. Dr. TiagoThompsen Primo Msc. Laura Quevedo Jurgina Data: 29 de fevereiro de 2024 Hora: 17:10 Local: Audit\u00f3rio ACAD-85-Andrew Andrade Valad\u00e3o Cesar Augusto Vitoria Martins Junior Curso: [&hellip;]<\/p>\n","protected":false},"author":800,"featured_media":0,"parent":0,"menu_order":0,"comment_status":"closed","ping_status":"closed","template":"","meta":{"footnotes":""},"class_list":["post-1458","page","type-page","status-publish","hentry"],"_links":{"self":[{"href":"https:\/\/wp.ufpel.edu.br\/notcc\/wp-json\/wp\/v2\/pages\/1458","targetHints":{"allow":["GET"]}}],"collection":[{"href":"https:\/\/wp.ufpel.edu.br\/notcc\/wp-json\/wp\/v2\/pages"}],"about":[{"href":"https:\/\/wp.ufpel.edu.br\/notcc\/wp-json\/wp\/v2\/types\/page"}],"author":[{"embeddable":true,"href":"https:\/\/wp.ufpel.edu.br\/notcc\/wp-json\/wp\/v2\/users\/800"}],"replies":[{"embeddable":true,"href":"https:\/\/wp.ufpel.edu.br\/notcc\/wp-json\/wp\/v2\/comments?post=1458"}],"version-history":[{"count":2,"href":"https:\/\/wp.ufpel.edu.br\/notcc\/wp-json\/wp\/v2\/pages\/1458\/revisions"}],"predecessor-version":[{"id":1461,"href":"https:\/\/wp.ufpel.edu.br\/notcc\/wp-json\/wp\/v2\/pages\/1458\/revisions\/1461"}],"wp:attachment":[{"href":"https:\/\/wp.ufpel.edu.br\/notcc\/wp-json\/wp\/v2\/media?parent=1458"}],"curies":[{"name":"wp","href":"https:\/\/api.w.org\/{rel}","templated":true}]}}