{"id":1421,"date":"2024-04-26T10:52:05","date_gmt":"2024-04-26T13:52:05","guid":{"rendered":"https:\/\/wp.ufpel.edu.br\/notcc\/?page_id=1421"},"modified":"2024-07-09T21:38:01","modified_gmt":"2024-07-10T00:38:01","slug":"propostas-2024-1","status":"publish","type":"page","link":"https:\/\/wp.ufpel.edu.br\/notcc\/propostas\/avaliacoes\/propostas-2024-1\/","title":{"rendered":"Propostas 2024\/1"},"content":{"rendered":"<h2>Avaliadores<\/h2>\n<ul>\n<li>Alan Rossetto &#8211; alan.rossetto@inf.ufpel.edu.br<\/li>\n<li>Ana Pernas &#8211; marilza@inf.ufpel.edu.br<\/li>\n<li>Anderson Ferrugem &#8211; ferrugem@inf.ufpel.edu.br<\/li>\n<li>Andre Du Bois &#8211; dubois@inf.ufpel.edu.br<\/li>\n<li>Bernardo Schwedersky &#8211; bernardo.schwedersky@inf.ufpel.edu.br<\/li>\n<li>Bruno Zatt &#8211; zatt@inf.ufpel.edu.br<\/li>\n<li>Cristiano Flores &#8211; cfdsantos@inf.ufpel.edu.br<\/li>\n<li>Diogo Jo\u00e3o Cardoso &#8211; diogo.jcardoso@inf.ufpel.edu.br<\/li>\n<li>Felipe Marques &#8211; felipem@inf.ufpel.edu.br<\/li>\n<li>Gerson Cavalheiro &#8211; gerson.cavalheiro@inf.ufpel.edu.br<\/li>\n<li>Guilherme Correa &#8211; gcorrea@inf.ufpel.edu.br<\/li>\n<li>Guilherme Netto\u00a0\u2013 guilherme.netto@inf.ufpel.edu.br<\/li>\n<li>Larissa A. de Freitas &#8211; larissa@inf.ufpel.edu.br<\/li>\n<li>Leomar Rosa Jr. &#8211; leomarjr@inf.ufpel.edu.br<\/li>\n<li>Lisane Brisolara -lisane@inf.ufpel.edu.br<\/li>\n<li>Luciana Foss -lfoss@inf.ufpel.edu.br<\/li>\n<li>Marilton Sanchotene de Aguiar &#8211; marilton@inf.ufpel.edu.br<\/li>\n<li>Marla Melo &#8211; mrpmelo@inf.ufpel.edu.br<\/li>\n<li>M\u00edriam Born &#8211;\u00a0 mbborn@inf.ufpel.edu.br<\/li>\n<li>Patr\u00edcia Jaques Maillard &#8211; patricia.jaques@gmail.com<\/li>\n<li>Rafael Iankowski Soares &#8211; rafael.soares@inf.ufpel.edu.br<\/li>\n<li>Rafael Piccin Torchelsen &#8211; rafael.torchelsen@inf.ufpel.edu.br<\/li>\n<li>Renata Hax Sander Reiser &#8211; reiser@inf.ufpel.edu.br<\/li>\n<li>Simone Costa &#8211; simone.costa@inf.ufpel.edu.br<\/li>\n<li>Ulisses Brisolara Corr\u00eaa &#8211; ulisses@inf.ufpel.edu.br<\/li>\n<\/ul>\n<p>&nbsp;<\/p>\n<h2><strong>Propostas \u2013 Calend\u00e1rio\u00a0<\/strong><strong>Acad\u00eamico\u00a0<\/strong><strong>2024<\/strong><\/h2>\n<p>&nbsp;<\/p>\n<p>&nbsp;<\/p>\n<table style=\"border-collapse: collapse; width: 83.9373%; height: 268px;\" border=\"1\">\n<tbody>\n<tr style=\"height: 45px;\">\n<td style=\"width: 4.10554%; height: 45px;\">1<\/td>\n<td style=\"width: 62.5354%; height: 45px;\" align=\"left\" height=\"23\">\n<p class=\"p1\">Gianlucca M Buzo and Marilton Aguiar. <span style=\"font-family: inherit; font-size: inherit; color: var(--cor-texto);\">An\u00e1lise de Previs\u00f5es de Pre\u00e7o de Criptomoedas: Uma Abordagem Integrada com Algoritmos de Aprendizado de M\u00e1quina e T\u00e9cnicas de Explicabilidade e Interpretabilidade<\/span><\/p>\n<\/td>\n<td style=\"width: 33.3333%; height: 45px;\">\n<p>Alan Rossetto<\/p>\n<p>Anderson Ferrugem<\/td>\n<\/tr>\n<tr style=\"height: 21px;\">\n<td style=\"width: 4.10554%; height: 21px;\">2<\/td>\n<td style=\"width: 62.5354%; height: 21px;\" align=\"left\" height=\"23\">\n<p class=\"p1\">Claudio Luis da S. M. Junior and <span class=\"s1\">Larissa A. de Freitas and<\/span>\u00a0Brenda Salenave Santana. Constru\u00e7\u00e3o de um Novo Conjunto de Dados sobre Sarcasmo e Ironia em PT-BR<\/p>\n<\/td>\n<td style=\"width: 33.3333%; height: 21px;\">\n<p>Ana Marilza Pernas Fleischmann<\/p>\n<p>Andre Du Bois<\/td>\n<\/tr>\n<tr style=\"height: 21px;\">\n<td style=\"width: 4.10554%; height: 21px;\">3<\/td>\n<td style=\"width: 62.5354%; height: 21px;\" align=\"left\" height=\"23\">F\u00e9lix Leonel Silva and\u00a0<span class=\"s1\">Larissa A. de Freitas and<\/span>\u00a0Brenda Salenave Santana. An\u00e1lise da Efici\u00eancia do Aprendizado Profundo na Detec\u00e7\u00e3o de Discurso de \u00d3dio em L\u00edngua Portuguesa: Um Estudo de Modelos e T\u00e9cnicas de Ajuste<\/td>\n<td style=\"width: 33.3333%; height: 21px;\">\n<p>Anderson Ferrugem<\/p>\n<p>M\u00edriam Born<\/td>\n<\/tr>\n<tr style=\"height: 21px;\">\n<td style=\"width: 4.10554%; height: 21px;\">4<\/td>\n<td style=\"width: 62.5354%; height: 21px;\" align=\"left\" height=\"23\">Arthur Machado de Souza and Brenda Salenave Santana. <span style=\"font-family: inherit; font-size: inherit; color: var(--cor-texto);\">Minera\u00e7\u00e3o e An\u00e1lise de Indicadores Macrossociais e Demogr\u00e1ficos sobre a Dengue<\/span><\/td>\n<td style=\"width: 33.3333%; height: 21px;\">\n<p>Larissa A. de Freitas<\/p>\n<p>Ulisses B. Correa<\/td>\n<\/tr>\n<tr style=\"height: 21px;\">\n<td style=\"width: 4.10554%; height: 21px;\">5<\/td>\n<td style=\"width: 62.5354%; height: 21px;\" align=\"left\" height=\"23\">Al\u00e9cio dos Santos Cardozo and <span class=\"s1\">Larissa A. de Freitas and <\/span>Ulisses B Correa. Desenvolvimento de uma Ferramenta de Anota\u00e7\u00e3o de Textos para An\u00e1lise de Sentimentos<\/td>\n<td style=\"width: 33.3333%; height: 21px;\">\n<p>Cristiano Santos<\/p>\n<p>Lisane Brisolara<\/td>\n<\/tr>\n<tr style=\"height: 21px;\">\n<td style=\"width: 4.10554%; height: 21px;\">6<\/td>\n<td style=\"width: 62.5354%; height: 21px;\" align=\"left\" height=\"23\">Pedro H Lima de Mesquita. Segmenta\u00e7\u00e3o e Classifica\u00e7\u00e3o de Dentes em Radiografias Odontol\u00f3gicas: Uma Abordagem Baseada em Redes Neurais Artificiais<\/td>\n<td style=\"width: 33.3333%; height: 21px;\">\n<p>Bruno Zatt<\/p>\n<p>Marla Melo<\/td>\n<\/tr>\n<tr style=\"height: 21px;\">\n<td style=\"width: 4.10554%; height: 21px;\">7<\/td>\n<td style=\"width: 62.5354%; height: 21px;\" align=\"left\" height=\"23\">Nelson Dutra Junior and <span class=\"s1\">Anderson Priebe <\/span>Ferrugem and Fabio Kellermann Schramm. Desenvolvimento de uma plataforma para a valida\u00e7\u00e3o por vis\u00e3o computacional da montagem de kits hidrossanit\u00e1rios industrializados<\/td>\n<td style=\"width: 33.3333%; height: 21px;\">\n<p>Guilherme Correa<\/p>\n<p>Marilton Aguiar<\/td>\n<\/tr>\n<tr style=\"height: 21px;\">\n<td style=\"width: 4.10554%; height: 21px;\">8<\/td>\n<td style=\"width: 62.5354%; height: 21px;\" align=\"left\" height=\"23\">Mateus AA De Almeida and Marilton Aguiar and C\u00e1ssio Carvalho. Estudo do Crescimento de Empresas Atrav\u00e9s do Uso de Ferramentas de Intelig\u00eancia Artificial Explic\u00e1veis<\/td>\n<td style=\"width: 33.3333%; height: 21px;\">\n<p>Diogo Cardoso<\/p>\n<p>Felipe Marques<\/td>\n<\/tr>\n<tr style=\"height: 10px;\">\n<td style=\"width: 4.10554%; height: 10px;\">9<\/td>\n<td style=\"width: 62.5354%; height: 10px;\" align=\"left\" height=\"23\">R\u00e1vilon Aguiar Dos Santos and Ana Marilza <span class=\"s1\">Pernas <\/span>Fleischmann. Gerenciamento Multi-Estruturado de Dados M\u00f3veis Gamificados: Integrando Fontes Heterog\u00eaneas.<\/td>\n<td style=\"width: 33.3333%; height: 10px;\">\n<p>Luciana Foss<\/p>\n<p>Felipe Marques<\/td>\n<\/tr>\n<tr style=\"height: 21px;\">\n<td style=\"width: 4.10554%; height: 21px;\">10<\/td>\n<td style=\"width: 62.5354%; height: 21px;\" align=\"left\" height=\"23\">Matheus Cardoso Soares and <span class=\"s1\">Bernardo B Schwedersky. <\/span>Avalia\u00e7\u00e3o de redes Neural Gas para a segmenta\u00e7\u00e3o de imagens de forma n\u00e3o supervisionada<\/td>\n<td style=\"width: 33.3333%; height: 21px;\">\n<p>Guilherme Correa<\/p>\n<p>Marilton Aguiar<\/td>\n<\/tr>\n<tr style=\"height: 21px;\">\n<td style=\"width: 4.10554%; height: 21px;\">11<\/td>\n<td style=\"width: 62.5354%; height: 21px;\" align=\"left\" height=\"23\">Matheus G Antoniolli and Ana Marilza <span class=\"s1\">Pernas <\/span>Fleischmann and Leandro Camargo. Aplica\u00e7\u00e3o de banco de dados em grafo para modelagem de dados na SIoT: estudo de caso voltado \u00e0 abordagem VISO<\/td>\n<td style=\"width: 33.3333%; height: 21px;\">\n<p>Diogo Cardoso<\/p>\n<p>Simone Cavalheiro<\/td>\n<\/tr>\n<tr style=\"height: 21px;\">\n<td style=\"width: 4.10554%; height: 21px;\">12<\/td>\n<td style=\"width: 62.5354%; height: 21px;\" align=\"left\" height=\"23\">Arthur V Teles. An\u00e1lise Comparativa entre Redes Neurais Convolucionais e Abordagem Baseada em Perguntas na Determina\u00e7\u00e3o de Orienta\u00e7\u00e3o de Sentimento<\/td>\n<td style=\"width: 33.3333%; height: 21px;\">\n<p>Bruno Zatt<\/p>\n<p>Guilherme Netto<\/td>\n<\/tr>\n<tr style=\"height: 43px;\">\n<td style=\"width: 4.10554%; height: 43px;\">13<\/td>\n<td style=\"width: 62.5354%; height: 43px;\" align=\"left\" height=\"23\">Arthur S Oliveira. Desenvolvimento de um Laborat\u00f3rio Port\u00e1til para Aux\u00edlio em Aulas de Qu\u00edmica<\/td>\n<td style=\"width: 33.3333%; height: 43px;\">\n<p>Ana Marilza Pernas Fleischmann<\/p>\n<p>Bernardo Schwedersky<\/td>\n<\/tr>\n<tr style=\"height: 43px;\">\n<td style=\"width: 4.10554%; height: 43px;\">14<\/td>\n<td style=\"width: 62.5354%; height: 43px;\" align=\"left\" height=\"23\">Eloisa Leal Barros and <span class=\"s1\">Rafael Soares\u00a0 and <\/span>Morgana Macedo Azevedo da Rosa. Arquiteturas NTT e INTT de baixo consumo de energia para criptografia e descriptografia de imagens<\/td>\n<td style=\"width: 33.3333%; height: 43px;\">\n<p>Guilherme Netto<\/p>\n<p>Leomar da Rosa Jr<\/td>\n<\/tr>\n<tr style=\"height: 43px;\">\n<td style=\"width: 4.10554%; height: 43px;\">15<\/td>\n<td style=\"width: 62.5354%; height: 43px;\" align=\"left\" height=\"23\">Eduardo Amaro Rosa and Guilherme Correa\u00a0 and <span class=\"s1\">Alex Borges. <\/span>Avalia\u00e7\u00e3o de modelos obtidos por aprendizado de m\u00e1quina para acelera\u00e7\u00e3o da transcodifica\u00e7\u00e3o de v\u00eddeo H.264\/AVC para AV1<\/td>\n<td style=\"width: 33.3333%; height: 43px;\">\n<p>Cristiano Santos<\/p>\n<p>Lisane Brisolara<\/td>\n<\/tr>\n<tr style=\"height: 43px;\">\n<td style=\"width: 4.10554%; height: 43px;\">16<\/td>\n<td style=\"width: 62.5354%; height: 43px;\" align=\"left\" height=\"23\">Alexandre J Cardoso and Bernardo Aguiar and Tatiana <span class=\"s1\">Tavares. <\/span>Utilizando microcontrolador Arduino para a acessibilidade de deficientes visuais em jogos digitais<\/td>\n<td style=\"width: 33.3333%; height: 43px;\">\n<p>Alan Rossetto<\/p>\n<p>Luciana Foss<\/td>\n<\/tr>\n<tr style=\"height: 65px;\">\n<td style=\"width: 4.10554%; height: 49px;\">17<\/td>\n<td style=\"width: 62.5354%; height: 49px;\" align=\"left\" height=\"23\">Lucas Braatz Araujo and Gerson G. H. Cavalheiro. Rust, Go e OpenMP: Um Estudo Comparativo em Programa\u00e7\u00e3o Concorrente e Paralela<\/td>\n<td style=\"width: 33.3333%; height: 49px;\">\n<p>Andre Du Bois<\/p>\n<p>Rafael Soares<\/td>\n<\/tr>\n<tr style=\"height: 43px;\">\n<td style=\"width: 4.10554%; height: 43px;\">18<\/td>\n<td style=\"width: 62.5354%; height: 43px;\" align=\"left\" height=\"23\">Rafael S Ferr\u00e3o and Rafael Amaral. Desenvolvimento de um Sistema de Ger\u00eancia de Mem\u00f3ria para um Simulador Modular de Sistema Operacional<\/td>\n<td style=\"width: 33.3333%; height: 43px;\">\n<p>Gerson Cavalheiro<\/p>\n<p>Rafael Torchelsen<\/td>\n<\/tr>\n<tr style=\"height: 43px;\">\n<td style=\"width: 4.10554%; height: 43px;\">19<\/td>\n<td style=\"width: 62.5354%; height: 43px;\" align=\"left\" height=\"23\">Leonardo G Marotta and <span class=\"s1\">Ulisses B <\/span>Correa and Gabriel A Gomes. Um modelo de an\u00e1lise de depend\u00eancia para o idioma portugu\u00eas<\/td>\n<td style=\"width: 33.3333%; height: 43px;\">\n<p>Larissa A. de Freitas<\/p>\n<p>Marla Melo<\/td>\n<\/tr>\n<tr style=\"height: 20px;\">\n<td style=\"width: 4.10554%; height: 20px;\">20<\/td>\n<td style=\"width: 62.5354%; height: 20px;\" align=\"left\" height=\"23\">Ana Am\u00e9lia Traversi and Alan C. J. Rossetto. Desenvolvimento de um Rastreador de Baixo Custo para aplica\u00e7\u00e3o veicular utilizando GPRS.<\/td>\n<td style=\"width: 33.3333%; height: 20px;\">\n<p>Leomar da Rosa Jr<\/p>\n<p>Rafael Soares<\/td>\n<\/tr>\n<tr style=\"height: 20px;\">\n<td style=\"width: 4.10554%; height: 20px;\">21<\/td>\n<td style=\"width: 62.5354%; height: 20px;\" align=\"left\" height=\"23\">Luis MA Mattos and <span class=\"s1\">Rafael Soares and <\/span>Morgana Macedo Azevedo da Rosa. Filtro Gaussiano implementado em hardware digital de baixo consumo energ\u00e9tico<\/td>\n<td style=\"width: 33.3333%; height: 20px;\">\n<p>Gerson Cavalheiro<\/p>\n<p>Renata Reiser<\/td>\n<\/tr>\n<tr style=\"height: 20px;\">\n<td style=\"width: 4.10554%; height: 20px;\">22<\/td>\n<td style=\"width: 62.5354%; height: 20px;\" align=\"left\" height=\"23\">Gustavo Roos and Ulisses B Correa and Joel P Lucas. Aplicabilidade de Modelos Baseados em Transformers em Sistemas de Recomenda\u00e7\u00e3o de Not\u00edcias<\/td>\n<td style=\"width: 33.3333%; height: 20px;\">\n<p>Rafael Torchelsen<\/p>\n<p>Renata Reiser<\/td>\n<\/tr>\n<tr style=\"height: 20px;\">\n<td style=\"width: 4.10554%; height: 20px;\">23<\/td>\n<td style=\"width: 62.5354%; height: 20px;\" align=\"left\" height=\"23\">Franco N Pereira and Ulisses B Correa. An\u00e1lise de Sentimento Baseada em Aspectos Utilizando Modelos Baseados na Arquitetura Transformer<\/td>\n<td style=\"width: 33.3333%; height: 20px;\">\n<p>M\u00edriam Born<\/p>\n<p>Patricia Jaques Maillard<\/td>\n<\/tr>\n<tr style=\"height: 20px;\">\n<td style=\"width: 4.10554%; height: 20px;\">24<\/td>\n<td style=\"width: 62.5354%; height: 20px;\" align=\"left\" height=\"23\">Eduarda Abreu Carvalho and Ulisses B Correa. Defesa contra Prompt Injection em Large Language Models<\/td>\n<td style=\"width: 33.3333%; height: 20px;\">\n<p>Patricia Jaques Maillard<\/p>\n<p>Simone Cavalheiro<\/td>\n<\/tr>\n<tr style=\"height: 20px;\">\n<td style=\"width: 4.10554%; height: 20px;\">25<\/td>\n<td style=\"width: 62.5354%; height: 20px;\" align=\"left\" height=\"23\">Thomazio Giacobbe and Andre R Du <span class=\"s1\">Bois . <\/span>Avaliando a GPotion: desenvolvimento de uma rede neural<\/td>\n<td style=\"width: 33.3333%; height: 20px;\">\n<p>Bernardo Schwedersky<\/p>\n<p>Ulisses B Correa<\/td>\n<\/tr>\n<tr style=\"height: 20px;\">\n<td style=\"width: 4.10554%; height: 20px;\">26<\/td>\n<td style=\"width: 62.5354%; height: 20px;\" align=\"left\" height=\"23\">Cleber B Farias Berndsen Junior and Tatiana Tavares. Aplica\u00e7\u00e3o de Modelagem de Processos de Neg\u00f3cio (BPM) para Otimiza\u00e7\u00e3o de Efici\u00eancia Operacional em Ambientes Empresariais: Um Estudo de Caso<\/td>\n<td style=\"width: 33.3333%; height: 20px;\">\n<p>Diogo Cardoso<\/p>\n<p>M\u00edriam Born<\/td>\n<\/tr>\n<\/tbody>\n<\/table>\n<p>&nbsp;<\/p>\n","protected":false},"excerpt":{"rendered":"<p>Avaliadores Alan Rossetto &#8211; alan.rossetto@inf.ufpel.edu.br Ana Pernas &#8211; marilza@inf.ufpel.edu.br Anderson Ferrugem &#8211; ferrugem@inf.ufpel.edu.br Andre Du Bois &#8211; dubois@inf.ufpel.edu.br Bernardo Schwedersky &#8211; bernardo.schwedersky@inf.ufpel.edu.br Bruno Zatt &#8211; zatt@inf.ufpel.edu.br Cristiano Flores &#8211; cfdsantos@inf.ufpel.edu.br Diogo Jo\u00e3o Cardoso &#8211; diogo.jcardoso@inf.ufpel.edu.br Felipe Marques &#8211; felipem@inf.ufpel.edu.br Gerson Cavalheiro &#8211; gerson.cavalheiro@inf.ufpel.edu.br Guilherme Correa &#8211; gcorrea@inf.ufpel.edu.br Guilherme Netto\u00a0\u2013 guilherme.netto@inf.ufpel.edu.br Larissa A. de Freitas &#8211; [&hellip;]<\/p>\n","protected":false},"author":800,"featured_media":0,"parent":31,"menu_order":0,"comment_status":"closed","ping_status":"closed","template":"","meta":{"footnotes":""},"class_list":["post-1421","page","type-page","status-publish","hentry"],"_links":{"self":[{"href":"https:\/\/wp.ufpel.edu.br\/notcc\/wp-json\/wp\/v2\/pages\/1421","targetHints":{"allow":["GET"]}}],"collection":[{"href":"https:\/\/wp.ufpel.edu.br\/notcc\/wp-json\/wp\/v2\/pages"}],"about":[{"href":"https:\/\/wp.ufpel.edu.br\/notcc\/wp-json\/wp\/v2\/types\/page"}],"author":[{"embeddable":true,"href":"https:\/\/wp.ufpel.edu.br\/notcc\/wp-json\/wp\/v2\/users\/800"}],"replies":[{"embeddable":true,"href":"https:\/\/wp.ufpel.edu.br\/notcc\/wp-json\/wp\/v2\/comments?post=1421"}],"version-history":[{"count":8,"href":"https:\/\/wp.ufpel.edu.br\/notcc\/wp-json\/wp\/v2\/pages\/1421\/revisions"}],"predecessor-version":[{"id":1439,"href":"https:\/\/wp.ufpel.edu.br\/notcc\/wp-json\/wp\/v2\/pages\/1421\/revisions\/1439"}],"up":[{"embeddable":true,"href":"https:\/\/wp.ufpel.edu.br\/notcc\/wp-json\/wp\/v2\/pages\/31"}],"wp:attachment":[{"href":"https:\/\/wp.ufpel.edu.br\/notcc\/wp-json\/wp\/v2\/media?parent=1421"}],"curies":[{"name":"wp","href":"https:\/\/api.w.org\/{rel}","templated":true}]}}