{"id":1409,"date":"2023-12-02T15:59:05","date_gmt":"2023-12-02T18:59:05","guid":{"rendered":"https:\/\/wp.ufpel.edu.br\/notcc\/?page_id=1409"},"modified":"2023-12-02T15:59:05","modified_gmt":"2023-12-02T18:59:05","slug":"bancas-2023-1","status":"publish","type":"page","link":"https:\/\/wp.ufpel.edu.br\/notcc\/bancas-2023-1\/","title":{"rendered":"Bancas 2023-1"},"content":{"rendered":"<p>Implementa\u00e7\u00e3o e Avalia\u00e7\u00e3o de Desempenho de Programas para GPU com a DSL GPotion<br \/>\npor Ariam Moresco Bartsch<\/p>\n<p>Curso: Ci\u00eancia da Computa\u00e7\u00e3o<br \/>\nBanca:<br \/>\nProf. Andr\u00e9 Rauber du BOis (orientador(a))<br \/>\nProf. Gerson Geraldo Homrich Cavalheiro<br \/>\nProf. Guilherme Ribeiro Corr\u00eaa<br \/>\nData: 22 de setembro de 2023<br \/>\nHora: 15:20<br \/>\nLocal: Sala 110<\/p>\n<p>Aplica\u00e7\u00e3o de Redes Neurais Convolucionais na An\u00e1lise de Mapas Topogr\u00e1ficos de EEG para Classifica\u00e7\u00e3o de Estados Emocionais<br \/>\npor Artur Melchiori Cerri<br \/>\nCurso: Ci\u00eancia da Computa\u00e7\u00e3o<br \/>\nBanca:<br \/>\nMarilton Sanchotene de Aguiar (orientador(a))<br \/>\nMarla Rosana Pereira Melo (coorientador(a))<br \/>\nProf. Anderson Priebe Ferrugem<br \/>\nProfa. Diana Francisca Adamatti<br \/>\nData: 15 de setembro de 2023<br \/>\nHora: 14:00<br \/>\nLocal:  Link da videochamada: https:\/\/meet.google.com\/hih-bkkj-ipq<\/p>\n<p>An\u00e1lise de Sentimentos Baseada em Aspectos Aplicada a L\u00edngua Portuguesa Utilizando Transformers: t\u00e9cnicas aplicadas para Data Augmentation<br \/>\npor Bruno da Silva Volcan<br \/>\nCurso: Ci\u00eancia da Computa\u00e7\u00e3o<br \/>\nBanca:<br \/>\nProf. Ulisses Brisolara Corr\u00eaa (orientador(a))<br \/>\nProfa. Larissa Astrogildo de Freitas<br \/>\n\u00c9merson Philippe Lopes<br \/>\nData: 19 de setembro de 2023<br \/>\nHora: 13:30<br \/>\nLocal: Audit\u00f3rio Andrew Andrade Valad\u00e3o &#8211; Campus Anglo<\/p>\n<p>Chatbot de perguntas e respostas para o regulamento interno da UFPel utilizando ChatGPT e busca sem\u00e2ntica<br \/>\npor Carlos Augusto Calage Silveira J\u00fanior<br \/>\nCurso: Ci\u00eancia da Computa\u00e7\u00e3o<br \/>\nBanca:<br \/>\nProfa. Larissa Astrogildo Freitas (orientador(a))<br \/>\nGabriel Almeida Gomes (coorientador(a))<br \/>\nProf. Ulisses Brisolara Corr\u00eaa<br \/>\nAlexandre Thurow Bender<br \/>\nData: 19 de setembro de 2023<br \/>\nHora: 15:00<br \/>\nLocal: Audit\u00f3rio Andrew Andrade Valad\u00e3o &#8211; Campus Anglo<\/p>\n<p>Investiga\u00e7\u00e3o de sensores virtuais tolerantes \u00e0 falha para o monitoramento do uso de salas no contexto de um campus inteligente<br \/>\npor Emerson de Vasconcelos Vieira<br \/>\nCurso: Ci\u00eancia da Computa\u00e7\u00e3o<br \/>\nBanca:<br \/>\nProf. Rafael Iankowski Soares (orientador(a))<br \/>\nProf. Julio Carlos Balzano De Mattos<br \/>\nJo\u00e3o In\u00e1cio Moreira Bezerra<br \/>\nData: 22 de setembro de 2023<br \/>\nHora: 10:00<br \/>\nLocal: Sala 316<\/p>\n<p>Customiza\u00e7\u00e3o em massa de projetos para ha- bita\u00e7\u00f5es de interesse social: Cria\u00e7\u00e3o e manipula\u00e7\u00e3o de informa\u00e7\u00f5es para ar- quitetura e constru\u00e7\u00e3o com o aux\u00edlio de arquivos BIM<br \/>\npor Gabriel da Silva Bittencourt<br \/>\nCurso: Ci\u00eancia da Computa\u00e7\u00e3o<br \/>\nBanca:<br \/>\nProfa. Tatiana Aires Tavares (orientador(a))<br \/>\nProfa. Luisa F\u00e9lix Dalla Vecchia (coorientador(a))<br \/>\nProfa. Patricia Augustin Jaques Maillard<br \/>\nProf. Dr. Luciano Volcan Agostini<br \/>\nData: 18 de setembro de 2023<br \/>\nHora: 18:30<br \/>\nLocal: Audit\u00f3rio Andrew Andrade Valad\u00e3o-Anglo<\/p>\n<p>An\u00e1lise dos Algoritmos para a Composi\u00e7\u00e3o de Relacionamentos entre Objetos na Internet das Coisas Social: um Estudo Explorat\u00f3rio<br \/>\npor Guilherme Dallmann Lima<br \/>\nCurso: Ci\u00eancia da Computa\u00e7\u00e3o<br \/>\nBanca:<br \/>\nProfa. Dra. Ana Marilza Pernas (orientador(a))<br \/>\nProf. Msc. Leandro da Silva Camargo (coorientador(a))<br \/>\nProf. Dr. Anderson Priebe Ferrugem<br \/>\nDr. Ricardo Borges Almeida<br \/>\nData: 22 de setembro de 2023<br \/>\nHora: 10:00<br \/>\nLocal: https:\/\/meet.google.com\/czi-uiny-xus<\/p>\n<p>Q-Flex Dual Interpretations: Interpreta\u00e7\u00f5es para Constru\u00e7\u00f5es Duais em Sistemas Flex\u00edveis via Operadores da Computa\u00e7\u00e3o Qu\u00e2ntica<br \/>\npor Juliano Strelow Buss<br \/>\nCurso: Ci\u00eancia da Computa\u00e7\u00e3o<br \/>\nBanca:<br \/>\nProfa. Renata Hax Sander Reiser (orientador(a))<br \/>\nProf. Adenauer Correa Yamim<br \/>\nProf. Giancarlo Lucca<br \/>\nProfa. H\u00e9lida Salles Santos<br \/>\nData: 13 de setembro de 2023<br \/>\nHora: 13:30<br \/>\nLocal: Lab1<\/p>\n<p>An\u00e1lise de Sentimento no N\u00edvel de Aspecto Aplicado a Reviews de Livros<br \/>\npor Leandro Luiz de Souza<br \/>\nCurso: Engenharia de Computa\u00e7\u00e3o<br \/>\nBanca:<br \/>\nProfa. Larissa Astrogildo de Freitas (orientador(a))<br \/>\nProf. Francisco Dias Franco,<br \/>\nProf. Ram\u00e1sio Ferreira de Melo<br \/>\nData: 14 de setembro de 2023<br \/>\nHora: 11:00<br \/>\nLocal: meet.google.com\/igy-uctj-vaf<\/p>\n<p>An\u00e1lise e solu\u00e7\u00e3o para decis\u00f5es do codificador de nuvens de pontos G-PCC com uso de aprendizado de m\u00e1quina<br \/>\npor Leandro Weber Tavares<br \/>\nCurso: Ci\u00eancia da Computa\u00e7\u00e3o<br \/>\nBanca:<br \/>\nDr. Cristiano Flores dos Santos (orientador(a))<br \/>\nProf. Dr. Guilherme Ribeiro Corr\u00eaa (coorientador(a))<br \/>\nProf. Dr. Marcelo Schiavon Porto (coorientador(a))<br \/>\nProf. Dr. Bruno Zatt<br \/>\nDr. Alex Machado Borges<br \/>\nData: 25 de setembro de 2023<br \/>\nHora: 14:00<br \/>\nLocal: Sala 328 Anglo<\/p>\n<p>Uma aplica\u00e7\u00e3o em realidade virtual como recurso pedag\u00f3gico para o aprendizado e treinamento de manuscrito de crian\u00e7as<br \/>\npor Leonardo dos Santos Guths<br \/>\nCurso: Ci\u00eancia da Computa\u00e7\u00e3o<br \/>\nBanca:<br \/>\nProf. Rafael Piccin Torchelsen (orientador(a))<br \/>\nProf. Tiago Thompsen Primo<br \/>\nProfa. Luciana Porcher Nedel<br \/>\nData: 15 de setembro de 2023<br \/>\nHora: 8:00<br \/>\nLocal: Audit\u00f3rio Andrew Andrade Valad\u00e3o<\/p>\n<p>An\u00e1lise da Generaliza\u00e7\u00e3o de Conhecimento de Algoritmos de Resolu\u00e7\u00e3o de Entidades em Dom\u00ednios Cruzados<br \/>\npor Lorenzo Fagundes Antunes<br \/>\nCurso: Ci\u00eancia da Computa\u00e7\u00e3o<br \/>\nBanca:<br \/>\nProf. Ulisses Brisolara Corr\u00eaa (orientador(a))<br \/>\nProfa. Larissa Astrogildo de Freitas<br \/>\nProf. Ricardo Matsumura de Ara\u00fajo<br \/>\nData: 15 de setembro de 2023<br \/>\nHora: 14:00<br \/>\nLocal: https:\/\/meet.google.com\/zij-iikw-ykc<\/p>\n<p>Uso de Realidade Virtual na Avalia\u00e7\u00e3o de Habilidades Cl\u00ednicas<br \/>\npor Lucas Alviene Pereira<br \/>\nCurso: Ci\u00eancia da Computa\u00e7\u00e3o<br \/>\nBanca:<br \/>\nProf. Rafael Torchelsen Piccin (orientador(a))<br \/>\nProf. Tiago Thompsen Primo<br \/>\nProfa. Luciana Porcher Nedel<br \/>\nData: 15 de setembro de 2023<br \/>\nHora: 10:00<br \/>\nLocal: Audit\u00f3rio Andrew Andrade Valad\u00e3o<\/p>\n<p>DRAT: Uma ferramenta semi-supervisionada para anota\u00e7\u00e3o autom\u00e1tica de les\u00f5es de fundo causadas por retinopatia diab\u00e9tica<br \/>\npor Marcelo da Silva Dias<br \/>\nCurso: Ci\u00eancia da Computa\u00e7\u00e3o<br \/>\nBanca:<br \/>\nProf. Marilton Sanchotene de Aguiar (orientador(a))<br \/>\nCarlos Alexandre Silva dos Santos (coorientador(a))<br \/>\nAnderson Priebe Ferrugem<br \/>\nUlisses Brisolara Corr\u00eaa<br \/>\nData: 14 de setembro de 2023<br \/>\nHora: 08:00<br \/>\nLocal: https:\/\/meet.google.com\/rst-vwkw-mcr<\/p>\n<p>APLICA\u00c7\u00c3O DE ELEMENTOS DE STORYTELLING PARA ENTRADAS NA UTILIZA\u00c7\u00c3O DE REGRESS\u00c3O PARA PREDI\u00c7\u00c3O DE MAPAS GERADOS PROCEDURALMENTE<br \/>\npor Pedro Augusto Nunes Marchand<br \/>\nCurso: Ci\u00eancia da Computa\u00e7\u00e3o<br \/>\nBanca:<br \/>\nProf. Rafael Piccin Torchelsen (orientador(a))<br \/>\nProfa. Tatiana Aires Tavares<br \/>\nProf. Ulisses Brisolara Corr\u00eaa<br \/>\nData: 11 de setembro de 2023<br \/>\nHora: 13:30<br \/>\nLocal: Sala 328 <\/p>\n<p>Chatbot de ensino sobre conceitos da linguagem de programa\u00e7\u00e3o C com \u00eanfase em algoritmos de IA<br \/>\npor Pedro Machado da Silva<br \/>\nCurso: Engenharia de Computa\u00e7\u00e3o<br \/>\nBanca:<br \/>\nProfa. Larissa Astrogildo de Freitas (orientador(a))<br \/>\nProf. Gabriel Gomes<br \/>\nProf. Guilherme Tomaschewski Netto<br \/>\nData: 14 de setembro de 2023<br \/>\nHora: 14:00<br \/>\nLocal: Sala 328<\/p>\n<p>Customiza\u00e7\u00e3o em massa de projetos para habita\u00e7\u00f5es de interesse Social: Edi\u00e7\u00e3o de projetos BIM em IFC como ferramenta de conscientiza\u00e7\u00e3o<br \/>\npor Pedro Thiago do Nascimento Moreira Roque<br \/>\nCurso: Ci\u00eancia da Computa\u00e7\u00e3o<br \/>\nBanca:<br \/>\nProfa. Tatiana Aires Tavares (orientador(a))<br \/>\nProfa. Luisa F\u00e9lix Dalla Vecchia (coorientador(a))<br \/>\nProfa. Patricia Augustin Jaques Maillard<br \/>\nProf. Dr. Luciano Volcan Agostini<br \/>\nData: 18 de setembro de 2023<br \/>\nHora: 17:30<br \/>\nLocal: Audit\u00f3rio Acad\u00eamico Andrew Andrade Valad\u00e3o<\/p>\n<p>Expans\u00e3o e adapta\u00e7\u00e3o de estruturas web 2D para uso em ambientes de Realidade Virtual<br \/>\npor Raquel de Souza Zimmer<br \/>\nCurso: Ci\u00eancia da Computa\u00e7\u00e3o<br \/>\nBanca:<br \/>\nProf. Rafael Piccin Torchelsen (orientador(a))<br \/>\nEng. Laura Quevedo Jurgina (coorientador(a))<br \/>\nProf. Tiago Thompsen Primo<br \/>\nProfa. Luciana Porcher Nedel<br \/>\nData: 15 de setembro de 2023<br \/>\nHora: 09:00<br \/>\nLocal: Audit\u00f3rio Andrew Andrade Valad\u00e3o &#8211; Anglo<\/p>\n<p>Real Dense Light Fields Dataset: Um dataset para c\u00e1lculo de dist\u00e2ncias absolutas em imagens plen\u00f3pticas reais<br \/>\npor Vin\u00edcius Silva de Moraes<br \/>\nCurso: Ci\u00eancia da Computa\u00e7\u00e3o<br \/>\nBanca:<br \/>\nProf. Anderson Ferrugem (orientador(a))<br \/>\nProf. Bruno Zatt<br \/>\nProf. Luciano Agostini<br \/>\nData: 15 de setembro de 2023<br \/>\nHora: 16:00<br \/>\nLocal: https:\/\/meet.google.com\/hyw-vjpp-mdy<\/p>\n","protected":false},"excerpt":{"rendered":"<p>Implementa\u00e7\u00e3o e Avalia\u00e7\u00e3o de Desempenho de Programas para GPU com a DSL GPotion por Ariam Moresco Bartsch Curso: Ci\u00eancia da Computa\u00e7\u00e3o Banca: Prof. Andr\u00e9 Rauber du BOis (orientador(a)) Prof. Gerson Geraldo Homrich Cavalheiro Prof. Guilherme Ribeiro Corr\u00eaa Data: 22 de setembro de 2023 Hora: 15:20 Local: Sala 110 Aplica\u00e7\u00e3o de Redes Neurais Convolucionais na An\u00e1lise [&hellip;]<\/p>\n","protected":false},"author":800,"featured_media":0,"parent":0,"menu_order":0,"comment_status":"closed","ping_status":"closed","template":"","meta":{"footnotes":""},"class_list":["post-1409","page","type-page","status-publish","hentry"],"_links":{"self":[{"href":"https:\/\/wp.ufpel.edu.br\/notcc\/wp-json\/wp\/v2\/pages\/1409","targetHints":{"allow":["GET"]}}],"collection":[{"href":"https:\/\/wp.ufpel.edu.br\/notcc\/wp-json\/wp\/v2\/pages"}],"about":[{"href":"https:\/\/wp.ufpel.edu.br\/notcc\/wp-json\/wp\/v2\/types\/page"}],"author":[{"embeddable":true,"href":"https:\/\/wp.ufpel.edu.br\/notcc\/wp-json\/wp\/v2\/users\/800"}],"replies":[{"embeddable":true,"href":"https:\/\/wp.ufpel.edu.br\/notcc\/wp-json\/wp\/v2\/comments?post=1409"}],"version-history":[{"count":1,"href":"https:\/\/wp.ufpel.edu.br\/notcc\/wp-json\/wp\/v2\/pages\/1409\/revisions"}],"predecessor-version":[{"id":1411,"href":"https:\/\/wp.ufpel.edu.br\/notcc\/wp-json\/wp\/v2\/pages\/1409\/revisions\/1411"}],"wp:attachment":[{"href":"https:\/\/wp.ufpel.edu.br\/notcc\/wp-json\/wp\/v2\/media?parent=1409"}],"curies":[{"name":"wp","href":"https:\/\/api.w.org\/{rel}","templated":true}]}}