{"id":1404,"date":"2023-12-02T15:48:46","date_gmt":"2023-12-02T18:48:46","guid":{"rendered":"https:\/\/wp.ufpel.edu.br\/notcc\/?page_id=1404"},"modified":"2023-12-02T15:48:46","modified_gmt":"2023-12-02T18:48:46","slug":"monografias-2023","status":"publish","type":"page","link":"https:\/\/wp.ufpel.edu.br\/notcc\/monografias-2023\/","title":{"rendered":"Monografias 2023"},"content":{"rendered":"<p>Clique nos links abaixo para download<\/p>\n<h3><a href=\"https:\/\/drive.google.com\/drive\/folders\/1CEtopjK0GEe9vl0AAkcOSrSsU8LLBOKY?usp=sharing\" target=\"_blank\" rel=\"noopener noreferrer\">:: 2023\/1 \/ Click here to Download ::<\/a><\/h3>\n<h3><a href=\"https:\/\/drive.google.com\/drive\/folders\/1I1wLSuzBfWREGURXtccH2L1-k5gMP2EN?usp=sharing\" target=\"_blank\" rel=\"noopener noreferrer\">:: 2023\/2 \/ Click here to Download ::<\/a><\/h3>\n<p>Implementa\u00e7\u00e3o e Avalia\u00e7\u00e3o de Desempenho de Programas para GPU com a DSL GPotion<br \/>\npor Ariam Moresco Bartsch<\/p>\n<p>Aplica\u00e7\u00e3o de Redes Neurais Convolucionais na An\u00e1lise de Mapas Topogr\u00e1ficos de EEG para Classifica\u00e7\u00e3o de Estados Emocionais<br \/>\npor Artur Melchiori Cerri<\/p>\n<p>An\u00e1lise de Sentimentos Baseada em Aspectos Aplicada a L\u00edngua Portuguesa Utilizando Transformers: t\u00e9cnicas aplicadas para Data Augmentation<br \/>\npor Bruno da Silva Volcan<\/p>\n<p>Chatbot de perguntas e respostas para o regulamento interno da UFPel utilizando ChatGPT e busca sem\u00e2ntica<br \/>\npor Carlos Augusto Calage Silveira J\u00fanior<\/p>\n<p>Investiga\u00e7\u00e3o de sensores virtuais tolerantes \u00e0 falha para o monitoramento do uso de salas no contexto de um campus inteligente<br \/>\npor Emerson de Vasconcelos Vieira<\/p>\n<p>Customiza\u00e7\u00e3o em massa de projetos para ha- bita\u00e7\u00f5es de interesse social: Cria\u00e7\u00e3o e manipula\u00e7\u00e3o de informa\u00e7\u00f5es para ar- quitetura e constru\u00e7\u00e3o com o aux\u00edlio de arquivos BIM<br \/>\npor Gabriel da Silva Bittencourt<\/p>\n<p>An\u00e1lise dos Algoritmos para a Composi\u00e7\u00e3o de Relacionamentos entre Objetos na Internet das Coisas Social: um Estudo Explorat\u00f3rio<br \/>\npor Guilherme Dallmann Lima<\/p>\n<p>Q-Flex Dual Interpretations: Interpreta\u00e7\u00f5es para Constru\u00e7\u00f5es Duais em Sistemas Flex\u00edveis via Operadores da Computa\u00e7\u00e3o Qu\u00e2ntica<br \/>\npor Juliano Strelow Buss<\/p>\n<p>An\u00e1lise de Sentimento no N\u00edvel de Aspecto Aplicado a Reviews de Livros<br \/>\npor Leandro Luiz de Souza<\/p>\n<p>An\u00e1lise e solu\u00e7\u00e3o para decis\u00f5es do codificador de nuvens de pontos G-PCC com uso de aprendizado de m\u00e1quina<br \/>\npor Leandro Weber Tavares<\/p>\n<p>Uma aplica\u00e7\u00e3o em realidade virtual como recurso pedag\u00f3gico para o aprendizado e treinamento de manuscrito de crian\u00e7as<br \/>\npor Leonardo dos Santos Guths<\/p>\n<p>An\u00e1lise da Generaliza\u00e7\u00e3o de Conhecimento de Algoritmos de Resolu\u00e7\u00e3o de Entidades em Dom\u00ednios Cruzados<br \/>\npor Lorenzo Fagundes Antunes<\/p>\n<p>Uso de Realidade Virtual na Avalia\u00e7\u00e3o de Habilidades Cl\u00ednicas<br \/>\npor Lucas Alviene Pereira<\/p>\n<p>DRAT: Uma ferramenta semi-supervisionada para anota\u00e7\u00e3o autom\u00e1tica de les\u00f5es de fundo causadas por retinopatia diab\u00e9tica<br \/>\npor Marcelo da Silva Dias<\/p>\n<p>APLICA\u00c7\u00c3O DE ELEMENTOS DE STORYTELLING PARA ENTRADAS NA UTILIZA\u00c7\u00c3O DE REGRESS\u00c3O PARA PREDI\u00c7\u00c3O DE MAPAS GERADOS PROCEDURALMENTE<br \/>\npor Pedro Augusto Nunes Marchand<\/p>\n<p>Chatbot de ensino sobre conceitos da linguagem de programa\u00e7\u00e3o C com \u00eanfase em algoritmos de IA<br \/>\npor Pedro Machado da Silva<\/p>\n<p>Customiza\u00e7\u00e3o em massa de projetos para habita\u00e7\u00f5es de interesse Social: Edi\u00e7\u00e3o de projetos BIM em IFC como ferramenta de conscientiza\u00e7\u00e3o<br \/>\npor Pedro Thiago do Nascimento Moreira Roque<\/p>\n<p>Expans\u00e3o e adapta\u00e7\u00e3o de estruturas web 2D para uso em ambientes de Realidade Virtual<br \/>\npor Raquel de Souza Zimmer<\/p>\n<p>Real Dense Light Fields Dataset: Um dataset para c\u00e1lculo de dist\u00e2ncias absolutas em imagens plen\u00f3pticas reais<br \/>\npor Vin\u00edcius Silva de Moraes<\/p>\n","protected":false},"excerpt":{"rendered":"<p>Clique nos links abaixo para download :: 2023\/1 \/ Click here to Download :: :: 2023\/2 \/ Click here to Download :: Implementa\u00e7\u00e3o e Avalia\u00e7\u00e3o de Desempenho de Programas para GPU com a DSL GPotion por Ariam Moresco Bartsch Aplica\u00e7\u00e3o de Redes Neurais Convolucionais na An\u00e1lise de Mapas Topogr\u00e1ficos de EEG para Classifica\u00e7\u00e3o de Estados [&hellip;]<\/p>\n","protected":false},"author":800,"featured_media":0,"parent":0,"menu_order":0,"comment_status":"closed","ping_status":"closed","template":"","meta":{"footnotes":""},"class_list":["post-1404","page","type-page","status-publish","hentry"],"_links":{"self":[{"href":"https:\/\/wp.ufpel.edu.br\/notcc\/wp-json\/wp\/v2\/pages\/1404","targetHints":{"allow":["GET"]}}],"collection":[{"href":"https:\/\/wp.ufpel.edu.br\/notcc\/wp-json\/wp\/v2\/pages"}],"about":[{"href":"https:\/\/wp.ufpel.edu.br\/notcc\/wp-json\/wp\/v2\/types\/page"}],"author":[{"embeddable":true,"href":"https:\/\/wp.ufpel.edu.br\/notcc\/wp-json\/wp\/v2\/users\/800"}],"replies":[{"embeddable":true,"href":"https:\/\/wp.ufpel.edu.br\/notcc\/wp-json\/wp\/v2\/comments?post=1404"}],"version-history":[{"count":2,"href":"https:\/\/wp.ufpel.edu.br\/notcc\/wp-json\/wp\/v2\/pages\/1404\/revisions"}],"predecessor-version":[{"id":1407,"href":"https:\/\/wp.ufpel.edu.br\/notcc\/wp-json\/wp\/v2\/pages\/1404\/revisions\/1407"}],"wp:attachment":[{"href":"https:\/\/wp.ufpel.edu.br\/notcc\/wp-json\/wp\/v2\/media?parent=1404"}],"curies":[{"name":"wp","href":"https:\/\/api.w.org\/{rel}","templated":true}]}}