{"id":138,"date":"2016-12-02T15:05:00","date_gmt":"2016-12-02T17:05:00","guid":{"rendered":"https:\/\/wp.ufpel.edu.br\/notcc\/?page_id=138"},"modified":"2026-03-18T14:33:51","modified_gmt":"2026-03-18T17:33:51","slug":"instrucoes","status":"publish","type":"page","link":"https:\/\/wp.ufpel.edu.br\/notcc\/monografias\/instrucoes\/","title":{"rendered":"Instru\u00e7\u00f5es Monografia Final"},"content":{"rendered":"<div class=\"level1\">\n<p>Para entregar a vers\u00e3o final precisa:<\/p>\n<ol>\n<li>Realizar as corre\u00e7\u00f5es sugeridas pela banca (\u00f3bvio).<\/li>\n<li>Solicitar a <strong>ficha catalogr\u00e1fica<\/strong> \u00a0atrav\u00e9s do Cobalto: Sistema Cobalto \u2013 Biblioteca \u2013 Cadastros \u2013 Ficha catalogr\u00e1fica. Acesse o <a href=\"https:\/\/wp.ufpel.edu.br\/sisbi\/files\/2024\/10\/SOLICITACAO-DE-FICHA.pdf\">tutorial<\/a> da solicita\u00e7\u00e3o no site da biblioteca.<\/li>\n<li>Incluir a <strong>ficha catalogr\u00e1fica<\/strong> na terceira p\u00e1gina da monografia.<\/li>\n<li class=\"li\">Incluir a <strong>folha de aprova\u00e7\u00e3o<\/strong>, ou nominata da banca com data da defesa, nome e titula\u00e7\u00e3o dos membros (segundo lattes) na p\u00e1gina 4. Texto &#8220;Trabalho de Conclus\u00e3o de Curso aprovado&#8230;&#8221;, olhar modelo. Se usar latex s\u00f3 modificar data, nomes e titula\u00e7\u00f5es no bloco {aprovacao} do modelo textufpel\/tcc\/exemplo-tcc.tex.\u00a0 Para quem usa Word, olhar p\u00e1ginas <a href=\"https:\/\/wp.ufpel.edu.br\/sisbi\/files\/2017\/05\/Capa_Paginas_pre-textuais_e_pos-textuais.docx\">pr\u00e9-textuais e p\u00f3s-textuais<\/a> no site do TCC ou nas <a href=\"https:\/\/wp.ufpel.edu.br\/sisbi\/manual-de-normas-ufpel-para-trabalhos-academicos-atualizada-2023\/\">normas de monografias da UFPel.<\/a><\/li>\n<li class=\"li\">Entregar monografia <strong>em PDF por email para &lt;lisane@inf.ufpel.edu.br&gt; <\/strong>, <strong>colocando orientador em c\u00f3pia no email<\/strong> (usar &#8220;cc&#8221; no lugar do &#8220;to&#8221;)<strong>.<\/strong><\/li>\n<li class=\"li\">Preencher e enviar<strong> por email para &lt;lisane@inf.ufpel.edu.br&gt;<\/strong>\u00a0tamb\u00e9m o <a href=\"https:\/\/wp.ufpel.edu.br\/sisbi\/files\/2025\/01\/Termo-TCC-e-TCCP-07-2025-1.pdf\">Termo de Autoriza\u00e7\u00e3o para inserir TCC (Gradua\u00e7\u00e3o)<\/a> na Base de Dados da UFPel devidamente preenchido e assinado pelo autor (aluno). A assinatura do coordenador, a profa pega depois. Sobre a forma de acesso, pe\u00e7a seu orientador para lhe indicar, se &#8220;Aberto&#8221; (mais usual) ou &#8220;Restrito&#8221;.<\/li>\n<\/ol>\n<\/div>\n","protected":false},"excerpt":{"rendered":"<p>Para entregar a vers\u00e3o final precisa: Realizar as corre\u00e7\u00f5es sugeridas pela banca (\u00f3bvio). Solicitar a ficha catalogr\u00e1fica \u00a0atrav\u00e9s do Cobalto: Sistema Cobalto \u2013 Biblioteca \u2013 Cadastros \u2013 Ficha catalogr\u00e1fica. Acesse o tutorial da solicita\u00e7\u00e3o no site da biblioteca. Incluir a ficha catalogr\u00e1fica na terceira p\u00e1gina da monografia. Incluir a folha de aprova\u00e7\u00e3o, ou nominata da [&hellip;]<\/p>\n","protected":false},"author":657,"featured_media":0,"parent":136,"menu_order":0,"comment_status":"closed","ping_status":"closed","template":"","meta":{"footnotes":""},"class_list":["post-138","page","type-page","status-publish","hentry"],"_links":{"self":[{"href":"https:\/\/wp.ufpel.edu.br\/notcc\/wp-json\/wp\/v2\/pages\/138","targetHints":{"allow":["GET"]}}],"collection":[{"href":"https:\/\/wp.ufpel.edu.br\/notcc\/wp-json\/wp\/v2\/pages"}],"about":[{"href":"https:\/\/wp.ufpel.edu.br\/notcc\/wp-json\/wp\/v2\/types\/page"}],"author":[{"embeddable":true,"href":"https:\/\/wp.ufpel.edu.br\/notcc\/wp-json\/wp\/v2\/users\/657"}],"replies":[{"embeddable":true,"href":"https:\/\/wp.ufpel.edu.br\/notcc\/wp-json\/wp\/v2\/comments?post=138"}],"version-history":[{"count":3,"href":"https:\/\/wp.ufpel.edu.br\/notcc\/wp-json\/wp\/v2\/pages\/138\/revisions"}],"predecessor-version":[{"id":1557,"href":"https:\/\/wp.ufpel.edu.br\/notcc\/wp-json\/wp\/v2\/pages\/138\/revisions\/1557"}],"up":[{"embeddable":true,"href":"https:\/\/wp.ufpel.edu.br\/notcc\/wp-json\/wp\/v2\/pages\/136"}],"wp:attachment":[{"href":"https:\/\/wp.ufpel.edu.br\/notcc\/wp-json\/wp\/v2\/media?parent=138"}],"curies":[{"name":"wp","href":"https:\/\/api.w.org\/{rel}","templated":true}]}}