{"id":1370,"date":"2023-08-09T18:11:33","date_gmt":"2023-08-09T21:11:33","guid":{"rendered":"https:\/\/wp.ufpel.edu.br\/notcc\/?page_id=1370"},"modified":"2023-11-16T12:03:46","modified_gmt":"2023-11-16T15:03:46","slug":"propostas-2023-1","status":"publish","type":"page","link":"https:\/\/wp.ufpel.edu.br\/notcc\/propostas\/avaliacoes\/propostas-2023-1\/","title":{"rendered":"Propostas 2023\/1"},"content":{"rendered":"<h2><strong>Avaliadores<\/strong><\/h2>\n<ul>\n<li>Alan Rossetto &#8211; alan.rossetto@inf.ufpel.edu.br<\/li>\n<li>Alexandre Thurow Bender &#8211; alexandre.thurow@gmail.com<\/li>\n<li>Ana Pernas &#8211; marilza@inf.ufpel.edu.br<\/li>\n<li>Anderson Ferrugem &#8211; ferrugem@inf.ufpel.edu.br<\/li>\n<li>Andr\u00e9 Rauber Du Bois &#8211; dubois@inf.ufpel.edu.br<\/li>\n<li>Bernardo Schwedersky &#8211; bernardo.schwedersky@inf.ufpel.edu.br<\/li>\n<li>Felipe Marques &#8211; felipem@inf.ufpel.edu.br<\/li>\n<li>Gerson Cavalheiro &#8211; gerson.cavalheiro@inf.ufpel.edu.br<\/li>\n<li>Larissa A. de Freitas &#8211; larissa@inf.ufpel.edu.br<\/li>\n<li>Leomar Rosa Jr. &#8211; leomarjr@inf.ufpel.edu.br<\/li>\n<li>Lisane Brisolara -lisane@inf.ufpel.edu.br<\/li>\n<li>Luciana Foss -lfoss@inf.ufpel.edu.br<\/li>\n<li>Luciano Agostini &#8211; agostini@inf.ufpel.edu.br<\/li>\n<li>Marcelo Porto &#8211; porto@inf.ufpel.edu.br<\/li>\n<li>Marilton Sanchotene de Aguiar &#8211; marilton@inf.ufpel.edu.br<\/li>\n<li>Marla Melo &#8211; mrpmelo@inf.ufpel.edu.br<\/li>\n<li>Patr\u00edcia Jaques Maillard &#8211; patricia.jaques@gmail.com<\/li>\n<li>Rafael Burlamaqui Amaral &#8211; rafael.amaral@inf.ufpel.edu.br<\/li>\n<li>Rafael Iankowski Soares &#8211; rafael.soares@inf.ufpel.edu.br<\/li>\n<li>Rafael Piccin Torchelsen &#8211; rafael.torchelsen@inf.ufpel.edu.br<\/li>\n<li>Renata Hax Sander Reiser &#8211; reiser@inf.ufpel.edu.br<\/li>\n<li>Simone Costa &#8211; simone.costa@inf.ufpel.edu.br<\/li>\n<li>Tiago Primo &#8211; tiago.primo@inf.ufpel.edu.br<\/li>\n<li>Ulisses Brisolara Corr\u00eaa &#8211; ulisses@inf.ufpel.edu.br<\/li>\n<\/ul>\n<h2><strong>Propostas &#8211; Calend\u00e1rio <\/strong><strong>Acad\u00eamico <\/strong><strong>2023<\/strong><\/h2>\n<p>&nbsp;<\/p>\n<table style=\"border-collapse: collapse; width: 83.9373%; height: 268px;\" border=\"1\">\n<tbody>\n<tr style=\"height: 45px;\">\n<td style=\"width: 4.10554%; height: 45px;\">1<\/td>\n<td style=\"width: 62.5611%; height: 45px; text-align: left;\">Leandro L de Souza and Larissa A. de Freitas. An\u00e1lise de Sentimento no N\u00edvel de Aspecto Aplicado a Reviews de Livros<\/td>\n<td style=\"width: 33.3333%; height: 45px; text-align: left;\">\n<p>Leomar Rosa Jr.<\/p>\n<p>Marla Melo<\/td>\n<\/tr>\n<tr style=\"height: 21px;\">\n<td style=\"width: 4.10554%; height: 21px;\">2<\/td>\n<td style=\"width: 62.5611%; height: 21px; text-align: left;\">Ot\u00e1vio F Santos and Luciano Agostini. Heur\u00edsticas e Aprendizado de M\u00e1quina para Aumentar a Efici\u00eancia da Codifica\u00e7\u00e3o Intra-Quadro do VVC em V\u00eddeos Omnidirecionais<\/td>\n<td style=\"width: 33.3333%; height: 21px; text-align: left;\">\n<p>Larissa A. de Freitas<\/p>\n<p>Marla Melo<\/td>\n<\/tr>\n<tr style=\"height: 21px;\">\n<td style=\"width: 4.10554%; height: 21px;\">3<\/td>\n<td style=\"width: 62.5611%; height: 21px; text-align: left;\">Bianca Nunes Coelho and Luciano Agostini.\u00a0Solu\u00e7\u00f5es de otimiza\u00e7\u00e3o para as etapas Affine, Unidirecional e Bidirecional do padr\u00e3o VVC utilizando modelos de Aprendizado de M\u00e1quina<\/td>\n<td style=\"width: 33.3333%; height: 21px; text-align: left;\">\n<p>Alexandre Thurow Bender<\/p>\n<p>Marcelo Porto<\/td>\n<\/tr>\n<tr style=\"height: 21px;\">\n<td style=\"width: 4.10554%; height: 21px;\">4<\/td>\n<td style=\"width: 62.5611%; height: 21px; text-align: left;\">Giordano Moraes Rossa and Alan Rossetto. Projeto de refer\u00eancias de tens\u00e3o CMOS utilizando o m\u00e9todo gm\/ID<\/td>\n<td style=\"width: 33.3333%; height: 21px; text-align: left;\">\n<p>Bernardo Schwedersky<\/p>\n<p>Rafael Iankowski Soares<\/td>\n<\/tr>\n<tr style=\"height: 21px;\">\n<td style=\"width: 4.10554%; height: 21px;\">5<\/td>\n<td style=\"width: 62.5611%; height: 21px; text-align: left;\">Frederico D.S. Reckziegel and Guilherme Ribeiro Corr\u00eaa. Solu\u00e7\u00e3o para gera\u00e7\u00e3o de imagens a partir de texto baseado em intelig\u00eancia artificial para representa\u00e7\u00e3o de narrativas extraordin\u00e1rias<\/td>\n<td style=\"width: 33.3333%; height: 21px; text-align: left;\">\n<p>Marla Melo<\/p>\n<p>Ulisses Brisolara Corr\u00eaa<\/td>\n<\/tr>\n<tr style=\"height: 21px;\">\n<td style=\"width: 4.10554%; height: 21px;\">6<\/td>\n<td style=\"width: 62.5611%; height: 21px; text-align: left;\">Afonso T Cabreira and Larissa A. de Freitas. Detec\u00e7\u00e3o de Aspectos Impl\u00edcitos e de suas Polaridades no Dom\u00ednio de Acomoda\u00e7\u00f5es na L\u00edngua Portuguesa<\/td>\n<td style=\"width: 33.3333%; height: 21px; text-align: left;\">\n<p>Anderson Ferrugem<\/p>\n<p>Ulisses Brisolara Corr\u00eaa<\/td>\n<\/tr>\n<tr style=\"height: 21px;\">\n<td style=\"width: 4.10554%; height: 21px;\">7<\/td>\n<td style=\"width: 62.5611%; height: 21px; text-align: left;\">Isabela F. G. Dias and Marilton Sanchotene de Aguiar. Proposta de uma an\u00e1lise de estrat\u00e9gias de orquestra\u00e7\u00e3o e coreografia de microsservi\u00e7os implementados na AWS<\/td>\n<td style=\"width: 33.3333%; height: 21px; text-align: left;\">\n<p>Andr\u00e9 Rauber Du Bois<\/p>\n<p>Luciano Agostini<\/td>\n<\/tr>\n<tr style=\"height: 21px;\">\n<td style=\"width: 4.10554%; height: 21px;\">8<\/td>\n<td style=\"width: 62.5611%; height: 21px; text-align: left;\">Joao Antonio N Soares and Gerson Cavalheiro. Avalia\u00e7\u00e3o do Uso de Ferramentas de Simula\u00e7\u00e3o na Ado\u00e7\u00e3o de Nuvens H\u00edbridas para Execu\u00e7\u00e3o de Aplica\u00e7\u00f5es Cient\u00edficas<\/td>\n<td style=\"width: 33.3333%; height: 21px; text-align: left;\">\n<p>Ana Pernas<\/p>\n<p>Leomar Rosa Jr.<\/td>\n<\/tr>\n<tr style=\"height: 10px;\">\n<td style=\"width: 4.10554%; height: 10px;\">9<\/td>\n<td style=\"width: 62.5611%; height: 10px; text-align: left;\">Thales C Castro and Marilton Sanchotene de Aguiar. Elabora\u00e7\u00e3o de tradutor entre c\u00f3digo-fonte e L\u00edngua Brasileira de Sinais como extens\u00e3o para Ambiente Integrado de Desenvolvimento<\/td>\n<td style=\"width: 33.3333%; height: 10px; text-align: left;\">\n<p>Andr\u00e9 Rauber Du Bois<\/p>\n<p>Rafael Burlamaqui Amaral<\/td>\n<\/tr>\n<tr style=\"height: 21px;\">\n<td style=\"width: 4.10554%; height: 21px;\">10<\/td>\n<td style=\"width: 62.5611%; height: 21px; text-align: left;\">Luan Mark da Silva Borela and Rafael Burlamaqui Amaral. Projeto e implementa\u00e7\u00e3o de um compilador para o simulador PampaOS<\/td>\n<td style=\"width: 33.3333%; height: 21px; text-align: left;\">\n<p>Bernardo Schwedersky<\/p>\n<p>Felipe Marques<\/td>\n<\/tr>\n<tr style=\"height: 21px;\">\n<td style=\"width: 4.10554%; height: 21px;\">11<\/td>\n<td style=\"width: 62.5611%; height: 21px; text-align: left;\">Eduardo Amaro Rosa and Guilherme Ribeiro Corr\u00eaa. Avalia\u00e7\u00e3o de modelos obtidos por aprendizado de m\u00e1quina para acelera\u00e7\u00e3o da transcodifica\u00e7\u00e3o de v\u00eddeo H.264\/AVC para AV1<\/td>\n<td style=\"width: 33.3333%; height: 21px; text-align: left;\">\n<p>Alexandre Thurow Bender<\/p>\n<p>Marilton Sanchotene de Aguiar<\/td>\n<\/tr>\n<tr style=\"height: 21px;\">\n<td style=\"width: 4.10554%; height: 21px;\">12<\/td>\n<td style=\"width: 62.5611%; height: 21px; text-align: left;\">Kevin Castro Weitgenant and Tiago Primo. LLM-Powered Applications: Tecnologia, Quest\u00f5es e Desenvolvimento de um Assistente de Compras.<\/td>\n<td style=\"width: 33.3333%; height: 21px; text-align: left;\">\n<p>Alexandre Thurow Bender<\/p>\n<p>Felipe Marques<\/td>\n<\/tr>\n<tr style=\"height: 43px;\">\n<td style=\"width: 4.10554%; height: 43px;\">13<\/td>\n<td style=\"width: 62.5611%; height: 43px;\">Lui Gill Aquini and Leomar Rosa Jr.. Explorando a utiliza\u00e7\u00e3o de aprendizado de m\u00e1quina para suporte ao processo de alfabetiza\u00e7\u00e3o<\/td>\n<td style=\"width: 33.3333%; text-align: left; height: 43px;\">Patr\u00edcia Jaques Maillard<\/td>\n<\/tr>\n<tr style=\"height: 43px;\">\n<td style=\"width: 4.10554%; height: 43px;\">14<\/td>\n<td style=\"width: 62.5611%; text-align: left; height: 43px;\">Fernanda Sousa and Tiago Primo. Explorando modelos de IAs Generativas Open Source para sumariza\u00e7\u00e3o e classifica\u00e7\u00e3o de documentos<\/td>\n<td style=\"width: 33.3333%; text-align: left; height: 43px;\">\n<p>Larissa A. de Freitas<\/p>\n<p>Patr\u00edcia Jaques Maillard<\/td>\n<\/tr>\n<tr style=\"height: 43px;\">\n<td style=\"width: 4.10554%; height: 43px;\">15<\/td>\n<td style=\"width: 62.5611%; text-align: left; height: 43px;\">Felipe Duarte Barbedo and Rafael Burlamaqui Amaral. Explorando a Computa\u00e7\u00e3o em Nuvem em Ambientes Acad\u00eamicos: Implementa\u00e7\u00e3o de um Sistema Web para Cria\u00e7\u00e3o de M\u00e1quinas Virtuais Personalizadas na UFPel<\/td>\n<td style=\"width: 33.3333%; text-align: left; height: 43px;\">\n<p>Gerson Cavalheiro<\/p>\n<p>Tiago Primo<\/td>\n<\/tr>\n<tr style=\"height: 43px;\">\n<td style=\"width: 4.10554%; height: 43px;\">16<\/td>\n<td style=\"width: 62.5611%; text-align: left; height: 43px;\">Dauan Ghisleni Zolinger and Leomar Rosa Jr.. Engenharia de Software na Solu\u00e7\u00e3o de Problemas Reais: Uma Proposta em Contexto Esportivo Author:<\/td>\n<td style=\"width: 33.3333%; text-align: left; height: 43px;\">\n<p>Alan Rossetto<\/p>\n<p>Lisane Brisolara<\/td>\n<\/tr>\n<tr style=\"height: 65px;\">\n<td style=\"width: 4.10554%; height: 49px;\">17<\/td>\n<td style=\"width: 62.5611%; height: 49px;\">Maria Eduarda Nebel Carmona and Tiago Primo. Implementa\u00e7\u00e3o de um plano de testes focado em funcionalidade e usabilidade para o portal ReaCloud<\/td>\n<td style=\"width: 33.3333%; height: 49px;\">\n<p>Ana Pernas<\/p>\n<p>Gerson Cavalheiro<\/td>\n<\/tr>\n<tr style=\"height: 43px;\">\n<td style=\"width: 4.10554%; height: 43px;\">18<\/td>\n<td style=\"width: 62.5611%; height: 43px;\">Frederico B Schaun and Andr\u00e9 Rauber Du Bois. Implementa\u00e7\u00e3o de uma linguagem de programa\u00e7\u00e3o baseada no estudo do paradigma de metaprograma\u00e7\u00e3o<\/td>\n<td style=\"width: 33.3333%; height: 43px;\">\n<p>Luciana Foss<\/p>\n<p>Tiago Primo<\/td>\n<\/tr>\n<tr style=\"height: 43px;\">\n<td style=\"width: 4.10554%; height: 43px;\">19<\/td>\n<td style=\"width: 62.5611%; height: 43px;\">Kayara Pereira and Andr\u00e9 Rauber Du Bois. Um sistema de verifica\u00e7\u00e3o est\u00e1tica de tipos para a GPotion<\/td>\n<td style=\"width: 33.3333%; height: 43px;\">\n<p>Renata Hax Sander Reiser<\/p>\n<p>Simone Costa<\/td>\n<\/tr>\n<tr style=\"height: 20px;\">\n<td style=\"width: 4.10554%; height: 20px;\">20<\/td>\n<td style=\"width: 62.5611%; height: 20px;\">Jonnhy M Marques and Luciana Foss. Atividades Baseadas em Jogos para a Promo\u00e7\u00e3o do Pensamento Computacional<\/td>\n<td style=\"width: 33.3333%; height: 20px;\">\n<p>Luciano Agostini<\/p>\n<p>Rafael Piccin Torchelsen<\/td>\n<\/tr>\n<tr style=\"height: 20px;\">\n<td style=\"width: 4.10554%; height: 20px;\">21<\/td>\n<td style=\"width: 62.5611%; height: 20px;\">Gabriele S Lucas and Luciana Foss. Algoritmo de Reconhecimento de Elementos em Gram\u00e1tica de Grafos por meio de Processamento de Linguagem Natural<\/td>\n<td style=\"width: 33.3333%; height: 20px;\">\n<p>Renata Hax Sander Reiser<\/p>\n<p>Simone Costa<\/td>\n<\/tr>\n<tr style=\"height: 20px;\">\n<td style=\"width: 4.10554%; height: 20px;\">22<\/td>\n<td style=\"width: 62.5611%; height: 20px;\">Luize Abreu and Tatiana Tavares. Utiliza\u00e7\u00e3o da Mesa Tang\u00edvel no Desenvolvimento da Vers\u00e3o Virtual da Atividade &#8220;Uma Aventura no Espa\u00e7o&#8221;<\/td>\n<td style=\"width: 33.3333%; height: 20px;\">\n<p>Rafael Piccin Torchelsen<\/p>\n<p>Simone Costa<\/td>\n<\/tr>\n<tr style=\"height: 20px;\">\n<td style=\"width: 4.10554%; height: 20px;\">23<\/td>\n<td style=\"width: 62.5611%; height: 20px;\">Lucas Q Garcia and Rafael Piccin Torchelsen. Narrativas Din\u00e2micas em Jogos: Potencializando a Experi\u00eancia com a utiliza\u00e7\u00e3o de Intelig\u00eancia Artificial e Processamento Natural de Linguagem<\/td>\n<td style=\"width: 33.3333%; height: 20px;\">\n<p>Anderson Ferrugem<\/p>\n<p>Marcelo Porto<\/td>\n<\/tr>\n<tr style=\"height: 20px;\">\n<td style=\"width: 4.10554%; height: 20px;\">24<\/td>\n<td style=\"width: 62.5611%; height: 20px;\">Mateus C Santos. Prote\u00e7\u00e3o de Propriedade Intelectual em M\u00eddias Digitais atrav\u00e9s da Tecnologia Blockchain<\/td>\n<td style=\"width: 33.3333%; height: 20px;\">\n<p>Lisane Brisolara<\/p>\n<p>Rafael Iankowski Soares<\/td>\n<\/tr>\n<tr style=\"height: 20px;\">\n<td style=\"width: 4.10554%; height: 20px;\">25<\/td>\n<td style=\"width: 62.5611%; height: 20px;\">Rodrigo B Carvalho and Larissa A. de Freitas. ProgBot: um agente conversacional voltado ao ensino de programa\u00e7\u00e3o<\/td>\n<td style=\"width: 33.3333%; height: 20px;\">Luciana Foss<\/td>\n<\/tr>\n<tr style=\"height: 20px;\">\n<td style=\"width: 4.10554%; height: 20px;\">26<\/td>\n<td style=\"width: 62.5611%; height: 20px;\">Ariam M Bartsch and Andr\u00e9 Rauber Du Bois. Implementa\u00e7\u00e3o e Avalia\u00e7\u00e3o de Desempenho de Programas para GPU com a DSL GPotion<\/td>\n<td style=\"width: 33.3333%; height: 20px;\">\n<p>Gerson Cavalheiro<\/p>\n<p>Rafael Piccin Torchelsen<\/td>\n<\/tr>\n<tr style=\"height: 20px;\">\n<td style=\"width: 4.10554%; height: 20px;\">27<\/td>\n<td style=\"width: 62.5611%; height: 20px;\">V\u00edtor M Mandowski and Leomar Rosa Jr.. Dimensionamento Assim\u00e9trico de Transistores CMOS: Uma Abordagem Direcionada \u00e0s Portas Complexas<\/td>\n<td style=\"width: 33.3333%; height: 20px;\">\n<p>Alan Rossetto<\/p>\n<p>Felipe Marques<\/td>\n<\/tr>\n<tr style=\"height: 20px;\">\n<td style=\"width: 4.10554%; height: 20px;\">28<\/td>\n<td style=\"width: 62.5611%; height: 20px;\">Renan Lemons and and Larissa A. de Freitas. Um chatterbot para o aux\u00edlio do ensino de conceitos b\u00e1sicos de programa\u00e7\u00e3o em C<\/td>\n<td style=\"width: 33.3333%; height: 20px;\">\n<p>Luciana Foss<\/p>\n<p>Tiago Primo<\/td>\n<\/tr>\n<tr style=\"height: 20px;\">\n<td style=\"width: 4.10554%; height: 20px;\">29<\/td>\n<td style=\"width: 62.5611%; height: 20px;\">Teilor Iuri Ferrari and Felipe Marques. Tecnologias acess\u00edveis para desenvolvimento de produtos m\u00ednimo vi\u00e1vel (MPVs): Um guia de inicia\u00e7\u00e3o com baixo custo tecnol\u00f3gico para impulsionamento do empreendedorismo no meio acad\u00eamico<\/td>\n<td style=\"width: 33.3333%; height: 20px;\">\n<p>Leomar Rosa Jr.<\/p>\n<p>Luciano Agostini<\/td>\n<\/tr>\n<tr style=\"height: 20px;\">\n<td style=\"width: 4.10554%; height: 20px;\">30<\/td>\n<td style=\"width: 62.5611%; height: 20px;\">William P Bourscheid. Proposta de Atividades para o Ensino B\u00e1sico Baseadas nos Problemas do Caixeiro Viajante e Carteiro Chin\u00eas<\/td>\n<td style=\"width: 33.3333%; height: 20px;\">Rafael Iankowski Soares<\/td>\n<\/tr>\n<tr style=\"height: 20px;\">\n<td style=\"width: 4.10554%; height: 20px;\">\u00a031<\/td>\n<td style=\"width: 62.5611%; height: 20px;\">Isabele Santos Scherdien and Tatiana Tavares. Chatbot como ferramenta de interatividade para a valoriza\u00e7\u00e3o do patrim\u00f4nio hist\u00f3rico local<\/td>\n<td style=\"width: 33.3333%; height: 20px;\">\n<p>Marcelo Porto<\/p>\n<p>Patr\u00edcia Jaques Maillard<\/td>\n<\/tr>\n<tr style=\"height: 20px;\">\n<td style=\"width: 4.10554%; height: 20px;\">\u00a032<\/td>\n<td style=\"width: 62.5611%; height: 20px;\">Arthur S Oliveira. Um Estudo sobre Algoritmos Criptogr\u00e1ficos Leves na Prote\u00e7\u00e3o de Dados para Dispositivos IoT com Restri\u00e7\u00f5es de Energia<\/td>\n<td style=\"width: 33.3333%; height: 20px;\">\n<p>Andr\u00e9 Rauber Du Bois<\/p>\n<p>Bernardo Schwedersky<\/td>\n<\/tr>\n<tr style=\"height: 20px;\">\n<td style=\"width: 4.10554%; height: 20px;\">\u00a033<\/td>\n<td style=\"width: 62.5611%; height: 20px;\">Rafael Santos and Larissa A. de Freitas. Desenvolvimento de um chatterbot que ensina conceitos de Orienta\u00e7\u00e3o a Objetos na Linguagem de Programa\u00e7\u00e3o Java<\/td>\n<td style=\"width: 33.3333%; height: 20px;\">\n<p>Anderson Ferrugem<\/p>\n<p>Rafael Burlamaqui Amaral<\/td>\n<\/tr>\n<tr style=\"height: 20px;\">\n<td style=\"width: 4.10554%; height: 20px;\">\u00a034<\/td>\n<td style=\"width: 62.5611%; height: 20px;\">Heitor Felipe M Dos Santos and Marilton Sanchotene de Aguiar. Uma ferramenta computacional para suporte \u00e0 tomada de decis\u00e3o no contexto da judicializa\u00e7\u00e3o de medicamentos<\/td>\n<td style=\"width: 33.3333%; height: 20px;\">\n<p>Larissa A. de Freitas<\/p>\n<p>Ulisses Brisolara Corr\u00eaa<\/td>\n<\/tr>\n<tr style=\"height: 20px;\">\n<td style=\"width: 4.10554%; height: 20px;\">\u00a035<\/td>\n<td style=\"width: 62.5611%; height: 20px;\">Alejandro Tomas Reyes Alberoni and Larissa A. de Freitas.. Expandindo um Framework de An\u00e1lise de Sentimento em Portugu\u00eas para o N\u00edvel de Aspecto<\/td>\n<td style=\"width: 33.3333%; height: 20px;\">\n<p>Marilton Sanchotene de Aguiar<\/p>\n<p>Renata Hax Sander Reiser<\/td>\n<\/tr>\n<\/tbody>\n<\/table>\n<p>&nbsp;<\/p>\n","protected":false},"excerpt":{"rendered":"<p>Avaliadores Alan Rossetto &#8211; alan.rossetto@inf.ufpel.edu.br Alexandre Thurow Bender &#8211; alexandre.thurow@gmail.com Ana Pernas &#8211; marilza@inf.ufpel.edu.br Anderson Ferrugem &#8211; ferrugem@inf.ufpel.edu.br Andr\u00e9 Rauber Du Bois &#8211; dubois@inf.ufpel.edu.br Bernardo Schwedersky &#8211; bernardo.schwedersky@inf.ufpel.edu.br Felipe Marques &#8211; felipem@inf.ufpel.edu.br Gerson Cavalheiro &#8211; gerson.cavalheiro@inf.ufpel.edu.br Larissa A. de Freitas &#8211; larissa@inf.ufpel.edu.br Leomar Rosa Jr. &#8211; leomarjr@inf.ufpel.edu.br Lisane Brisolara -lisane@inf.ufpel.edu.br Luciana Foss -lfoss@inf.ufpel.edu.br Luciano Agostini [&hellip;]<\/p>\n","protected":false},"author":800,"featured_media":0,"parent":31,"menu_order":0,"comment_status":"closed","ping_status":"closed","template":"","meta":{"footnotes":""},"class_list":["post-1370","page","type-page","status-publish","hentry"],"_links":{"self":[{"href":"https:\/\/wp.ufpel.edu.br\/notcc\/wp-json\/wp\/v2\/pages\/1370","targetHints":{"allow":["GET"]}}],"collection":[{"href":"https:\/\/wp.ufpel.edu.br\/notcc\/wp-json\/wp\/v2\/pages"}],"about":[{"href":"https:\/\/wp.ufpel.edu.br\/notcc\/wp-json\/wp\/v2\/types\/page"}],"author":[{"embeddable":true,"href":"https:\/\/wp.ufpel.edu.br\/notcc\/wp-json\/wp\/v2\/users\/800"}],"replies":[{"embeddable":true,"href":"https:\/\/wp.ufpel.edu.br\/notcc\/wp-json\/wp\/v2\/comments?post=1370"}],"version-history":[{"count":5,"href":"https:\/\/wp.ufpel.edu.br\/notcc\/wp-json\/wp\/v2\/pages\/1370\/revisions"}],"predecessor-version":[{"id":1379,"href":"https:\/\/wp.ufpel.edu.br\/notcc\/wp-json\/wp\/v2\/pages\/1370\/revisions\/1379"}],"up":[{"embeddable":true,"href":"https:\/\/wp.ufpel.edu.br\/notcc\/wp-json\/wp\/v2\/pages\/31"}],"wp:attachment":[{"href":"https:\/\/wp.ufpel.edu.br\/notcc\/wp-json\/wp\/v2\/media?parent=1370"}],"curies":[{"name":"wp","href":"https:\/\/api.w.org\/{rel}","templated":true}]}}