{"id":1358,"date":"2023-06-26T15:07:45","date_gmt":"2023-06-26T18:07:45","guid":{"rendered":"https:\/\/wp.ufpel.edu.br\/notcc\/?page_id=1358"},"modified":"2023-06-26T15:07:45","modified_gmt":"2023-06-26T18:07:45","slug":"bancas-2022-2","status":"publish","type":"page","link":"https:\/\/wp.ufpel.edu.br\/notcc\/bancas-2022-2\/","title":{"rendered":"Bancas 2022-2"},"content":{"rendered":"<h3>Alejandro da Silva Pereira<\/h3>\n<p><strong>Curso:<\/strong> Ci\u00eancia da Computa\u00e7\u00e3o<br \/>\n<strong>T\u00edtulo:<\/strong> Arquiteturas SOTA de est\u00e1gio \u00fanico para Detec\u00e7\u00e3o de Les\u00f5es de Fundo causadas por Retinopatia Diab\u00e9tica<br \/>\n<strong>Banca:<\/strong><br \/>\nProf. Marilton Sanchotene de Aguiar (orientador(a))<br \/>\nProf. Carlos Alexandre Silva dos Santos (coorientador(a))<br \/>\nProf. Anderson Priebe Ferrugem<br \/>\nProf. Ulisses Brisolara Corr\u00eaa<br \/>\n<strong>Data:<\/strong> 04 de maio de 2023<br \/>\n<strong>Hora:<\/strong> 09:00<br \/>\n<strong>Local:<\/strong> VideoConf: meet.google.com\/uny-iwiu-dvq<\/p>\n<hr>\n<h3>Alessandra Rosa Galv\u00e3o<\/h3>\n<p><strong>Curso:<\/strong> Ci\u00eancia da Computa\u00e7\u00e3o<br \/>\n<strong>T\u00edtulo:<\/strong> An\u00e1lise e Gera\u00e7\u00e3o de Agregadores Fuzzy para Suporte \u00e0s Computa\u00e7\u00f5es Flex\u00edveis na Abordagem Int-FLBCC<br \/>\n<strong>Banca:<\/strong><br \/>\nRenata Hax Sander Reiser (orientador(a))<br \/>\nProfa. Helida Salles Santos<br \/>\nProf. Andre Rauber Du Bois<br \/>\nProf. Bruno Moura Paz de Moura<br \/>\n<strong>Data:<\/strong> 15 de maio de 2023<br \/>\n<strong>Hora:<\/strong> 15;30<br \/>\n<strong>Local:<\/strong> https:\/\/meet.google.com\/mzi-addu-fwt<\/p>\n<hr>\n<h3>Andrei Schneider Majada<\/h3>\n<p><strong>Curso:<\/strong> Ci\u00eancia da Computa\u00e7\u00e3o<br \/>\n<strong>T\u00edtulo:<\/strong> Caipora: um Chatbot para Den\u00fancias e Acompanhamento Ambiental na Cidade de Pelotas<br \/>\n<strong>Banca:<\/strong><br \/>\nProf. Luciano Volcan Agostini (orientador(a))<br \/>\nProf. Antonio Carlos Porci\u00fancula Soler (coorientador(a))<br \/>\nProfa. Tatiana Aires Tavares<br \/>\nProf. Anderson Priebe Ferrugem<br \/>\nBsc. Cristiano Antunes Souza<br \/>\n<strong>Data:<\/strong> 09 de maio de 2023<br \/>\n<strong>Hora:<\/strong> 13:30<br \/>\n<strong>Local:<\/strong> meet.google.com\/vdc-mqkh-eqh<\/p>\n<hr>\n<h3>Ari Vitor da Silva Lazzarotto<\/h3>\n<p><strong>Curso:<\/strong> Ci\u00eancia da Computa\u00e7\u00e3o<br \/>\n<strong>T\u00edtulo:<\/strong> Uma DSL embutida em Haskell para programa\u00e7\u00e3o Prolog<br \/>\n<strong>Banca:<\/strong><br \/>\nProf. Andr\u00e9 Rauber Du Bois (orientador(a))<br \/>\nProfa. Renata Hax Sander Reiser<br \/>\nProf. Rafael Burlamaqui Amaral<br \/>\n<strong>Data:<\/strong> 15 de maio de 2023<br \/>\n<strong>Hora:<\/strong> 08:00<br \/>\n<strong>Local:<\/strong>  Audit\u00f3rio acad\u00eamico &#8211; Anglo<\/p>\n<hr>\n<h3>Arthur Alves Cerveira<\/h3>\n<p><strong>Curso:<\/strong> Ci\u00eancia da Computa\u00e7\u00e3o<br \/>\n<strong>T\u00edtulo:<\/strong> gilBERTo: um Modelo de Linguagem para a L\u00edngua Portuguesa<br \/>\n<strong>Banca:<\/strong><br \/>\nProf. Ulisses Brisolara Corr\u00eaa (orientador(a))<br \/>\nProfa. Larissa Astrogildo de Freitas (coorientador(a))<br \/>\nProf. Marilton Sanchotene de Aguiar<br \/>\nProf. Ricardo Matsumura Araujo<br \/>\n<strong>Data:<\/strong> 11 de maio de 2023<br \/>\n<strong>Hora:<\/strong> 14:00<br \/>\n<strong>Local:<\/strong> https:\/\/meet.google.com\/gta-omzn-tzi<\/p>\n<hr>\n<h3>Caroline de Souza Evangelista<\/h3>\n<p><strong>Curso:<\/strong> Ci\u00eancia da Computa\u00e7\u00e3o<br \/>\n<strong>T\u00edtulo:<\/strong> Desenvolvimento de um Voicebot para atendimento automatizado de tarefas b\u00e1sicas da secretaria do Centro de Desenvolvimento Tecnol\u00f3gico da Universidade Federal de Pelotas<br \/>\n<strong>Banca:<\/strong><br \/>\nProf. Anderson Priebe Ferrugem (orientador(a))<br \/>\nProf. Marilton Sanchotene de Aguiar (coorientador(a))<br \/>\nProfa. Lisane Brisolara de Brisolara<br \/>\nprofa. Tatiana Aires Tavares<br \/>\n<strong>Data:<\/strong> 12 de maio de 2023<br \/>\n<strong>Hora:<\/strong> 13:30<br \/>\n<strong>Local:<\/strong> https:\/\/meet.google.com\/ubp-pnyg-vez<\/p>\n<hr>\n<h3>C\u00e1ssio Fehlberg Lemos<\/h3>\n<p><strong>Curso:<\/strong> Ci\u00eancia da Computa\u00e7\u00e3o<br \/>\n<strong>T\u00edtulo:<\/strong> Desenvolvimento de um toon shader para fuma\u00e7a que utiliza transpar\u00eancia e contorno<br \/>\n<strong>Banca:<\/strong><br \/>\nProf. Rafael Torchelsen (orientador(a))<br \/>\nProf. Marilton Sanchotene de Aguiar<br \/>\nProf. Anderson Maciel<br \/>\n<strong>Data:<\/strong> 28 de abril de 2023<br \/>\n<strong>Hora:<\/strong> 11:00<br \/>\n<strong>Local:<\/strong> VideoConferencia: meet.google.com\/vco-jfek-snn<\/p>\n<hr>\n<h3>Darlei Matheus Schmegel<\/h3>\n<p><strong>Curso:<\/strong> Engenharia de Computa\u00e7\u00e3o<br \/>\n<strong>T\u00edtulo:<\/strong> SIIEPE Presences: Desenvolvimento e Implementa\u00e7\u00e3o de um sistema composto de uma API e Aplicativo para Registro de Presen\u00e7as em Eventos Acad\u00eamicos<br \/>\n<strong>Banca:<\/strong><br \/>\nProf. Leomar Soares da Rosa J\u00fanior (orientador(a))<br \/>\nEng. Laura Quevedo Jurgina (coorientador(a))<br \/>\nProf. Felipe de Souza Marques<br \/>\nProf. Rafael Iankowski Soares<br \/>\n<strong>Data:<\/strong> 11 de maio de 2023<br \/>\n<strong>Hora:<\/strong> 15:30<br \/>\n<strong>Local:<\/strong> Audit\u00f3rio acad\u00eamico do campus Anglo<\/p>\n<hr>\n<h3>Diego Poleto de Souza<\/h3>\n<p><strong>Curso:<\/strong> Ci\u00eancia da Computa\u00e7\u00e3o<br \/>\n<strong>T\u00edtulo:<\/strong> Efetividade na Aplica\u00e7\u00e3o de M\u00e9todos Estat\u00edsticos na Apresenta\u00e7\u00e3o de Resultados em Artigos Cient\u00edficos: Um Estudo de Caso na Computa\u00e7\u00e3o<br \/>\n<strong>Banca:<\/strong><br \/>\nGerson Geraldo H. Cavalheiro (orientador(a))<br \/>\nProf. Marcos Oliveira<br \/>\nProf. Tatiana Tavares<br \/>\n<strong>Data:<\/strong> 19 de maio de 2023<br \/>\n<strong>Hora:<\/strong> 13:30<br \/>\n<strong>Local:<\/strong> meet.google.com\/txm-ksiz-umv<\/p>\n<hr>\n<h3>\u00c9merson Philippe Lopes<\/h3>\n<p><strong>Curso:<\/strong> Ci\u00eancia da Computa\u00e7\u00e3o<br \/>\n<strong>T\u00edtulo:<\/strong> An\u00e1lise de T\u00e9cnicas de Intelig\u00eancia Artificial para a Tarefa de Similaridade Sem\u00e2ntica Textual em Portugu\u00eas<br \/>\n<strong>Banca:<\/strong><br \/>\nProfa. Larissa Astrogildo de Freitas (orientador(a))<br \/>\nProf. Ulisses Brisolara Corr\u00eaa (coorientador(a))<br \/>\nProf. Marilton Sanchotene de Aguiar<br \/>\nProf. Ricardo Matsumura Araujo<br \/>\n<strong>Data:<\/strong> 11 de maio de 2023<br \/>\n<strong>Hora:<\/strong> 15:30<br \/>\n<strong>Local:<\/strong> meet.google.com\/dtk-hjgn-qnw<\/p>\n<hr>\n<h3>Felipe Dias Lopes<\/h3>\n<p><strong>Curso:<\/strong> Ci\u00eancia da Computa\u00e7\u00e3o<br \/>\n<strong>T\u00edtulo:<\/strong> Do virtual ao real &#8211; Reconhecimento de portas l\u00f3gicas t\u00e1teis utilizando uma Rede Neural Convolucional a partir de dados sint\u00e9ticos<br \/>\n<strong>Banca:<\/strong><br \/>\nProf. Anderson Priebe Ferrugem (orientador(a))<br \/>\nPof. Marcelo Lemos Rossi (coorientador(a))<br \/>\nProf. Marilton Sanchotene de Aguiar<br \/>\nProf. Rafael Piccin Torchelsen<br \/>\n<strong>Data:<\/strong> 12 de maio de 2023<br \/>\n<strong>Hora:<\/strong> 09:00<br \/>\n<strong>Local:<\/strong> Pr\u00e9dio: Anglo, Sala: 316<\/p>\n<hr>\n<h3>Felipe Saraiva dos Santos<\/h3>\n<p><strong>Curso:<\/strong> Engenharia de Computa\u00e7\u00e3o<br \/>\n<strong>T\u00edtulo:<\/strong> CHATTERBOT PARA AUXILIAR NO APRENDIZADO DE LINGUAGEM DE MARCA\u00c7\u00c3O DE HIPERTEXTO<br \/>\n<strong>Banca:<\/strong><br \/>\nProfa. Larissa Astrogildo de Freitas (orientador(a))<br \/>\nProfa. Tatiana Aires Tavares<br \/>\nProfa. Tiago Primo<br \/>\n<strong>Data:<\/strong> 10 de maio de 2023<br \/>\n<strong>Hora:<\/strong> 10:00<br \/>\n<strong>Local:<\/strong> Sala 328 &#8211; Campus Anglo -UFPel<\/p>\n<hr>\n<h3>Ger\u00f4nimo Gallarreta Zubiaurre Lemos<\/h3>\n<p><strong>Curso:<\/strong> Ci\u00eancia da Computa\u00e7\u00e3o<br \/>\n<strong>T\u00edtulo:<\/strong> Predi\u00e7\u00e3o de julgamento de adicionais de periculosidade utilizando aprendizado de m\u00e1quina supervisionado<br \/>\n<strong>Banca:<\/strong><br \/>\nProf. Ulisses Brisolara Corr\u00eaa (orientador(a))<br \/>\nProfa. Larissa Astrogildo de Freitas (coorientador(a))<br \/>\nProf. Marilton Sanchotene de Aguiar<br \/>\nBsc. Alexandre Thurow Bender<br \/>\n<strong>Data:<\/strong> 16 de maio de 2023<br \/>\n<strong>Hora:<\/strong> 11:00<br \/>\n<strong>Local:<\/strong> https:\/\/meet.google.com\/ouk-qxav-gxd<\/p>\n<hr>\n<h3>Gregory de Britto Sedrez<\/h3>\n<p><strong>Curso:<\/strong> Ci\u00eancia da Computa\u00e7\u00e3o<br \/>\n<strong>T\u00edtulo:<\/strong> Aproxima\u00e7\u00e3o de S\u00e9ries Temporais do Eletroma de Plantas e sua Aplica\u00e7\u00e3o em Algoritmos de Classifica\u00e7\u00e3o<br \/>\n<strong>Banca:<\/strong><br \/>\nProf. Gerson Geraldo H. Cavalheiro (orientador(a))<br \/>\nProf Marcos A. de Oliveira Junior (coorientador(a))<br \/>\nProf. Ricardo Matsumura de Araujo<br \/>\nProf. Anderson Monteiro<br \/>\n<strong>Data:<\/strong> 12 de maio de 2023<br \/>\n<strong>Hora:<\/strong> 13:30<br \/>\n<strong>Local:<\/strong> local: https:\/\/meet.google.com\/bkk-vojs-dsb<\/p>\n<hr>\n<h3>Guilherme Nunes Peglow<\/h3>\n<p><strong>Curso:<\/strong> Ci\u00eancia da Computa\u00e7\u00e3o<br \/>\n<strong>T\u00edtulo:<\/strong> Uso de Unets para segmenta\u00e7\u00e3o de imagens de raios-x odontol\u00f3gico<br \/>\n<strong>Banca:<\/strong><br \/>\nProf. Anderson Priebe Ferrugem  (orientador(a))<br \/>\nProf. Maur\u00edcio Braga de Paula (coorientador(a))<br \/>\nProf. Marilton Sanchotene de Aguiar<br \/>\nProf. Guilherme Corr\u00eaa<br \/>\n<strong>Data:<\/strong> 19 de maio de 2023<br \/>\n<strong>Hora:<\/strong> 10:00<br \/>\n<strong>Local:<\/strong> https:\/\/meet.google.com\/jph-qxvz-nbv<\/p>\n<hr>\n<h3>Let\u00edcia Pegoraro Garcez<\/h3>\n<p><strong>Curso:<\/strong> Engenharia de Computa\u00e7\u00e3o<br \/>\n<strong>T\u00edtulo:<\/strong> Desenvolvimento da placa de circuito impresso \u201cLaborat\u00f3rio de Sistemas Embarcados e IoT\u201d para o ensino de programa\u00e7\u00e3o em placas microcontroladas<br \/>\n<strong>Banca:<\/strong><br \/>\nProf. Alan Carlos Junior Rossetto (orientador(a))<br \/>\nProf. Rafael Iankowski Soares<br \/>\nProfa. Tatiana Aires Tavares<br \/>\n<strong>Data:<\/strong> 05 de maio de 2023<br \/>\n<strong>Hora:<\/strong> 10:00<br \/>\n<strong>Local:<\/strong> Sala 328B<\/p>\n<hr>\n<h3>Lucas Zanusso Morais<\/h3>\n<p><strong>Curso:<\/strong> Engenharia de Computa\u00e7\u00e3o<br \/>\n<strong>T\u00edtulo:<\/strong> Um novo m\u00e9todo para detec\u00e7\u00e3o de colis\u00e3o em tempo real para simula\u00e7\u00e3o de colonoscopia<br \/>\n<strong>Banca:<\/strong><br \/>\nprof. Rafael Piccin Torchelsen (orientador(a))<br \/>\nProf. Anderson Maciel (coorientador(a))<br \/>\nProf. Marilton Sanchotene de Aguiar<br \/>\nProfa. Luciana Nedel<br \/>\n<strong>Data:<\/strong> 08 de maio de 2023<br \/>\n<strong>Hora:<\/strong> 14:30<br \/>\n<strong>Local:<\/strong> Sala Lab2<\/p>\n<hr>\n<h3>Luis Henrique Jeske Martins<\/h3>\n<p><strong>Curso:<\/strong> Engenharia de Computa\u00e7\u00e3o<br \/>\n<strong>T\u00edtulo:<\/strong> Avalia\u00e7\u00e3o de Interpretadores JavaScript para ambiente IoT: compara\u00e7\u00e3o entre Node.js, Deno e Bun<br \/>\n<strong>Banca:<\/strong><br \/>\nProf. Julio Carlos Balzano de Mattos (orientador(a))<br \/>\nProf. Fernando Luis Oliveira (coorientador(a))<br \/>\nProf. Ulisses Brisolara Corr\u00eaa<br \/>\nProf. Rafael Iankowski Soares<br \/>\n<strong>Data:<\/strong> 19 de maio de 2023<br \/>\n<strong>Hora:<\/strong> 14:00<br \/>\n<strong>Local:<\/strong> meet.google.com\/jhy-gbvn-pzf<\/p>\n<hr>\n<h3>Marcelo Clasen Ribeiro<\/h3>\n<p><strong>Curso:<\/strong> Ci\u00eancia da Computa\u00e7\u00e3o<br \/>\n<strong>T\u00edtulo:<\/strong> Uma abordagem baseada em Redes Advers\u00e1rias Generativas para aumento de dados de imagens da retina e aplica\u00e7\u00e3o em sistemas de detec\u00e7\u00e3o de les\u00f5es associadas \u00e0 retinopatia diab\u00e9tica<br \/>\n<strong>Banca:<\/strong><br \/>\nProf. Marilton Sanchotene de Aguiar (orientador(a))<br \/>\nProf. Anderson Priebe Ferrugem<br \/>\nProf. Ulisses Brisolara Corr\u00eaa<br \/>\n<strong>Data:<\/strong> 11 de maio de 2023<br \/>\n<strong>Hora:<\/strong> 08:00<br \/>\n<strong>Local:<\/strong> https:\/\/meet.google.com\/tap-nqcv-qfw<\/p>\n<hr>\n<h3>Mathaus Corr\u00eaa Huber<\/h3>\n<p><strong>Curso:<\/strong> Ci\u00eancia da Computa\u00e7\u00e3o<br \/>\n<strong>T\u00edtulo:<\/strong> Plataforma Web para Monitoramento de Dados Oriundos de Redes de Sensores sem Fio<br \/>\n<strong>Banca:<\/strong><br \/>\nProf. Felipe de Souza Marques (orientador(a))<br \/>\nProf. Ulisses Brisolara Corr\u00eaa (coorientador(a))<br \/>\nProfa. Lisane Brisolara de Brisolara<br \/>\nProf. Guilherme Tomaschewski Netto<br \/>\n<strong>Data:<\/strong> 11 de maio de 2023<br \/>\n<strong>Hora:<\/strong> 13:30<br \/>\n<strong>Local:<\/strong> Sala 342<\/p>\n<hr>\n<h3>Matheus Martins Isquierdo<\/h3>\n<p><strong>Curso:<\/strong> Ci\u00eancia da Computa\u00e7\u00e3o<br \/>\n<strong>T\u00edtulo:<\/strong> Simulador de inje\u00e7\u00e3o de erro e consumo de energia para sistemas com mem\u00f3ria aproximada<br \/>\n<strong>Banca:<\/strong><br \/>\nProf. Daniel Munari Vilchez Palomino (orientador(a))<br \/>\nProf. Bruno Zatt (coorientador(a))<br \/>\nProf. Felipe Martin Sampaio<br \/>\nProf. Marcelo Porto<br \/>\n<strong>Data:<\/strong> 09 de maio de 2023<br \/>\n<strong>Hora:<\/strong> 15:00<br \/>\n<strong>Local:<\/strong> Local meet.google.com\/oih-gasx-byh<\/p>\n<hr>\n<h3>Matheus da Rosa Moeller Chaves<\/h3>\n<p><strong>Curso:<\/strong> Ci\u00eancia da Computa\u00e7\u00e3o<br \/>\n<strong>T\u00edtulo:<\/strong> Uma interface baseada em Verisoned Boxes para a linguagem CMTJava<br \/>\n<strong>Banca:<\/strong><br \/>\nProf. Andre Rauber Du Bois (orientador(a))<br \/>\nProf. Gerson Geraldo Homrich Cavalheiro<br \/>\nProf. Tiago Perlin<br \/>\n<strong>Data:<\/strong> 15 de maio de 2023<br \/>\n<strong>Hora:<\/strong> 10:00<br \/>\n<strong>Local:<\/strong> Sala X<\/p>\n<hr>\n<h3>Rafael Linhares Ferreira<\/h3>\n<p><strong>Curso:<\/strong> Ci\u00eancia da Computa\u00e7\u00e3o<br \/>\n<strong>T\u00edtulo:<\/strong> Um M\u00e9todo F\u00e1cil de Implementar em Hardware para Reduzir o Custo Computacional da Ferramenta Affine do Codificador VVC Atrav\u00e9s do Uso de \u00c1rvores de Decis\u00e3o<br \/>\n<strong>Banca:<\/strong><br \/>\nProf. Luciano Volcan Agostini (orientador(a))<br \/>\nProfa. Marta Breunig Loose (coorientador(a))<br \/>\nProf. Guilherme Ribeiro Corr\u00eaa<br \/>\nProf. Adson Ileon Ripinski Duarte<br \/>\n<strong>Data:<\/strong> 10 de maio de 2023<br \/>\n<strong>Hora:<\/strong> 15:00<br \/>\n<strong>Local:<\/strong> Sala de Reuni\u00f5es- 328B<\/p>\n<hr>\n<h3>Victor Kunde Bergmann<\/h3>\n<p><strong>Curso:<\/strong> Engenharia de Computa\u00e7\u00e3o<br \/>\n<strong>T\u00edtulo:<\/strong> Enhanced Endoscope Model for Position-Based Colonoscopy Simulation<br \/>\n<strong>Banca:<\/strong><br \/>\nProf. Rafael Torchelsen (orientador(a))<br \/>\nProf. Anderson Maciel (coorientador(a))<br \/>\nProf. Marilton Sanchotene de Aguiar<br \/>\nProfa. Luciana Nedel<br \/>\n<strong>Data:<\/strong> 08 de maio de 2023<br \/>\n<strong>Hora:<\/strong> 13:30<br \/>\n<strong>Local:<\/strong> Lab 2<\/p>\n<hr>\n<h3>Vitor dos Santos Amaral Borges<\/h3>\n<p><strong>Curso:<\/strong> Ci\u00eancia da Computa\u00e7\u00e3o<br \/>\n<strong>T\u00edtulo:<\/strong> Serious game educacional para suporte a alfabetiza\u00e7\u00e3o de crian\u00e7as dial\u00e9ticas<br \/>\n<strong>Banca:<\/strong><br \/>\nProf. Tiago Thompsen Primo (orientador(a))<br \/>\nEng. Laura Quevedo Jurgina (coorientador(a))<br \/>\nProf. Leomar Soares da Rosa J\u00fanior<br \/>\nProfa. Ana Marilza Pernas Fleischmann<br \/>\n<strong>Data:<\/strong> 05 de dezembro de 2023<br \/>\n<strong>Hora:<\/strong> 11:00<br \/>\n<strong>Local:<\/strong> https:\/\/meet.google.com\/zyd-qcky-dii<\/p>\n<hr>\n<h3>Wesley Costa Silveira<\/h3>\n<p><strong>Curso:<\/strong> Engenharia de Computa\u00e7\u00e3o<br \/>\n<strong>T\u00edtulo:<\/strong> Expans\u00e3o de um Framework de An\u00e1lise de Sentimento em Portugu\u00eas utilizando T\u00e9cnicas de Aprendizado Profundo<br \/>\n<strong>Banca:<\/strong><br \/>\nProfa. Larissa Astrogildo de Freitas (orientador(a))<br \/>\nProf. Ulisses Brisolara Corr\u00eaa<br \/>\nProf. Anderson Ferrugem<br \/>\n<strong>Data:<\/strong> 10 de maio de 2023<br \/>\n<strong>Hora:<\/strong> 13:30<br \/>\n<strong>Local:<\/strong> Sala 328<\/p>\n<hr>\n","protected":false},"excerpt":{"rendered":"<p>Alejandro da Silva Pereira Curso: Ci\u00eancia da Computa\u00e7\u00e3o T\u00edtulo: Arquiteturas SOTA de est\u00e1gio \u00fanico para Detec\u00e7\u00e3o de Les\u00f5es de Fundo causadas por Retinopatia Diab\u00e9tica Banca: Prof. Marilton Sanchotene de Aguiar (orientador(a)) Prof. Carlos Alexandre Silva dos Santos (coorientador(a)) Prof. Anderson Priebe Ferrugem Prof. Ulisses Brisolara Corr\u00eaa Data: 04 de maio de 2023 Hora: 09:00 Local: [&hellip;]<\/p>\n","protected":false},"author":800,"featured_media":0,"parent":0,"menu_order":0,"comment_status":"closed","ping_status":"closed","template":"","meta":{"footnotes":""},"class_list":["post-1358","page","type-page","status-publish","hentry"],"_links":{"self":[{"href":"https:\/\/wp.ufpel.edu.br\/notcc\/wp-json\/wp\/v2\/pages\/1358","targetHints":{"allow":["GET"]}}],"collection":[{"href":"https:\/\/wp.ufpel.edu.br\/notcc\/wp-json\/wp\/v2\/pages"}],"about":[{"href":"https:\/\/wp.ufpel.edu.br\/notcc\/wp-json\/wp\/v2\/types\/page"}],"author":[{"embeddable":true,"href":"https:\/\/wp.ufpel.edu.br\/notcc\/wp-json\/wp\/v2\/users\/800"}],"replies":[{"embeddable":true,"href":"https:\/\/wp.ufpel.edu.br\/notcc\/wp-json\/wp\/v2\/comments?post=1358"}],"version-history":[{"count":1,"href":"https:\/\/wp.ufpel.edu.br\/notcc\/wp-json\/wp\/v2\/pages\/1358\/revisions"}],"predecessor-version":[{"id":1360,"href":"https:\/\/wp.ufpel.edu.br\/notcc\/wp-json\/wp\/v2\/pages\/1358\/revisions\/1360"}],"wp:attachment":[{"href":"https:\/\/wp.ufpel.edu.br\/notcc\/wp-json\/wp\/v2\/media?parent=1358"}],"curies":[{"name":"wp","href":"https:\/\/api.w.org\/{rel}","templated":true}]}}