{"id":1332,"date":"2023-04-20T14:57:18","date_gmt":"2023-04-20T17:57:18","guid":{"rendered":"https:\/\/wp.ufpel.edu.br\/notcc\/?page_id=1332"},"modified":"2023-04-20T16:22:43","modified_gmt":"2023-04-20T19:22:43","slug":"bancas-2021-2","status":"publish","type":"page","link":"https:\/\/wp.ufpel.edu.br\/notcc\/bancas-2021-2\/","title":{"rendered":"Bancas 2021-2"},"content":{"rendered":"<h3>Andr\u00e9 Zuccetti Dalla Costa<\/h3>\n<p><strong>Curso:<\/strong> Engenharia de Computa\u00e7\u00e3o<br \/>\n<strong>T\u00edtulo:<\/strong> Implementa\u00e7\u00e3o de sistema para gest\u00e3o de hot\u00e9is utilizando pilha de<br \/>\ndesenvolvimento web<br \/>\n<strong>Banca:<\/strong><br \/>\nProfa. Dra. Ana Marilza Pernas (orientadora)<br \/>\nProfa. Dra. Tatiana Aires Tavares<br \/>\nMe. Huberto Kaiser Filho<br \/>\n<strong>Data: 10\/06\/2022<\/strong> <\/p>\n<h3>Gabriel Soares de Soares<\/h3>\n<p><strong>Curso:<\/strong> Engenharia de Computa\u00e7\u00e3o<br \/>\n<strong>T\u00edtulo:<\/strong> Sem\u00e1foro Inteligente para Controle Din\u00e2mico do Tr\u00e1fego baseado em<br \/>\nProcessamento de Imagens<br \/>\n<strong>Banca:<\/strong><br \/>\nProf. Dr. Rafael Iankowski Soares (orientador)<br \/>\nProf. Dr. Rafael Piccin Torchelsen<br \/>\nProf. Me. Anderson Priebe Ferrugem<br \/>\n<strong>Data: 10\/06\/2022<\/strong> <\/p>\n<h3>Igor de Souza Rosler<\/h3>\n<p><strong>Curso:<\/strong> Ci\u00eancia da Computa\u00e7\u00e3o<br \/>\n<strong>T\u00edtulo:<\/strong>Codificador de Entropia Multin\u00edvel baseado em Codifica\u00e7\u00e3o Aritm\u00e9tica para<br \/>\nLight Fields<br \/>\n<strong>Banca:<\/strong><br \/>\nProf. Dr. Bruno Zatt (orientador)<br \/>\nProf. Dr. Fabio Lu\u00eds Livi Ramos (coorientador)<br \/>\nProf. Dr. Bruno Boessio Vizzotto<br \/>\nProf. Dr. Wagner Ishizaka Penny<br \/>\n<strong>Data: 10\/06\/2022<\/strong> <\/p>\n<h3>Jo\u00e3o Eduardo Seffrin Soares<\/h3>\n<p><strong>Curso:<\/strong> Ci\u00eancia da Computa\u00e7\u00e3o<br \/>\n<strong>T\u00edtulo:<\/strong>C-BOT: um chatterbot para o ensino de programa\u00e7\u00e3o<br \/>\n<strong>Banca:<\/strong><br \/>\nProfa. Dra. Larissa Astrogildo de Freitas (Orientadora)<br \/>\nProf. Dr. Guilherme Tomaschewski Netto<br \/>\nBsc. Bruno Cascaes Alves<br \/>\n<strong>Data: 09\/06\/2022<\/strong> <\/p>\n<h3>Jos\u00e9 Felipe Mor\u00e9 Pauletti<\/h3>\n<p><strong>Curso:<\/strong> Ci\u00eancia da Computa\u00e7\u00e3o<br \/>\n<strong>T\u00edtulo:<\/strong>Avalia\u00e7\u00e3o de simuladores da tecnologia LoRa comparado a teste em ambientes reais<br \/>\n<strong>Banca:<\/strong><br \/>\nProf. Dr. Gerson Geraldo H. Cavalheiro (orientador)<br \/>\nProf. Msc. Anderson Monteiro da Rocha (Coorientador)<br \/>\nProf. Dr. Adenauer Correa Yamin<br \/>\nMSc. Maicon An\u00e7a dos Santos<br \/>\n<strong>Data: 09\/06\/2022<\/strong> <\/p>\n<h3>Lucas Cau\u00e3 Da Silva De Lima<\/h3>\n<p><strong>Curso:<\/strong> Ci\u00eancia da Computa\u00e7\u00e3o<br \/>\n<strong>T\u00edtulo:<\/strong>Otimiza\u00e7\u00e3o do fluxo de ve\u00edculos em vias com sem\u00e1foros sequenciais: uma abordagem utilizando algoritmos gen\u00e9ticos<br \/>\n<strong>Banca:<\/strong><br \/>\nProf. Me. Anderson Priebe Ferrugem (orientador)<br \/>\nProf. Dr. Marilton Sanchotene De Aguiar<br \/>\nProf. Dr. Mirkos Ortiz Martins<br \/>\n<strong>Data: 10\/06\/2022<\/strong> <\/p>\n<h3>Mairon Schneider Cardoso<\/h3>\n<p><strong>Curso:<\/strong> Engenharia de Computa\u00e7\u00e3o<br \/>\n<strong>T\u00edtulo:<\/strong>Caracteriza\u00e7\u00e3o estat\u00edstica de BTI e RTN em topologias de circuitos osciladores<br \/>\nem anel<br \/>\n<strong>Banca:<\/strong><br \/>\nProf. Dr. Alan Carlos Junior Rossetto (Orientador)<br \/>\nProf. Dr. Vin\u00edcius Valduga de Almeida Camargo (co-orientador)<br \/>\nProf. Dr. Leomar Soares da Rosa Junior<br \/>\nProf. Dr. Rafael Iankowski Soares<br \/>\n<strong>Data: 21\/06\/2022<\/strong> <\/p>\n<h3>Matheus Figueiredo Schmalfuss<\/h3>\n<p><strong>Curso:<\/strong> Ci\u00eancia da Computa\u00e7\u00e3o<br \/>\n<strong>T\u00edtulo:<\/strong>Traduzindo m\u00fasicas escritas em HMusic para Java<br \/>\n<strong>Banca:<\/strong><br \/>\nProf. Dr. Andr\u00e9 Rauber Du Bois (orientador)<br \/>\nProf. Dr. Rafael Burlamaqui Amaral<br \/>\nProfa. Dra. Simone Andr\u00e9 da Costa Cavalheiro<br \/>\n<strong>Data: 10\/06\/2022<\/strong> <\/p>\n<h3>Pedro Schlee Monsalve<\/h3>\n<p><strong>Curso:<\/strong> Ci\u00eancia da Computa\u00e7\u00e3o<br \/>\n<strong>T\u00edtulo:<\/strong>Study Rooms: A utiliza\u00e7\u00e3o da gamifica\u00e7\u00e3o no apoio ao desenvolvimento de fundamentos de matem\u00e1tica para o Ensino M\u00e9dio<br \/>\n<strong>Banca:<\/strong><br \/>\nProf. Dr. Tiago Thompsen Primo (orientador)<br \/>\nProf. Dr. Marilton Sanchotene de Aguiar (co-orientador)<br \/>\nProfa. Dra. Ana Marilza Pernas Fleischmann<br \/>\nProfa. Dra. Tatiana Aires Tavares<br \/>\n<strong>Data:06\/06\/2022<\/strong> <\/p>\n<h3>Ricardo Ferreira Padilha<\/h3>\n<p><strong>Curso:<\/strong> Ci\u00eancia da Computa\u00e7\u00e3o<br \/>\n<strong>T\u00edtulo:<\/strong>Analisando o engajamento de jogadores atrav\u00e9s de mapas procedurais<br \/>\n<strong>Banca:<\/strong><br \/>\nProf. Dr. Rafael Piccin Torchelsen (orientador)<br \/>\nProf. Dr. Marilton Sanchotene de Aguiar (co-orientador)<br \/>\nProf. Dr. Ulisses Brisolara Corr\u00eaa<br \/>\n<strong>Data:10\/06\/2022<\/strong> <\/p>\n<h3>Rodrigo Ferreira Rodrigues<\/h3>\n<p><strong>Curso:<\/strong> Ci\u00eancia da Computa\u00e7\u00e3o<br \/>\n<strong>T\u00edtulo:<\/strong>Comparando abordagens baseadas em pistas lingu\u00edsticas e BERTimbau na<br \/>\ndetec\u00e7\u00e3o de conte\u00fado enganoso em l\u00edngua portuguesa<br \/>\n<strong>Banca:<\/strong><br \/>\nProfa. Dra. Larissa Astrogildo de Freitas (Orientadora)<br \/>\nProf. Dr. Marilton Sanchotene de Aguiar (co-orientador)<br \/>\nProf. Dr. Ulisses Brisolara Corr\u00eaa<br \/>\n<strong>Data:02\/06\/2022<\/strong> <\/p>\n<h3>Roger Dilli Afonso<\/h3>\n<p><strong>Curso:<\/strong> Engenharia de Computa\u00e7\u00e3o<br \/>\n<strong>T\u00edtulo:<\/strong>Avalia\u00e7\u00e3o da Robustez da Arquitetura GALS Pipeline baseada no Algoritmo<br \/>\nAES a Ataques por An\u00e1lise de Pot\u00eancia<br \/>\n<strong>Banca:<\/strong><br \/>\nProf. Dr. Rafael Iankowski Soares (orientador)<br \/>\nBsc Vin\u00edcius Renato Rocha Geraldo (coorientador)<br \/>\nProf. Dr. Vin\u00edcius Valduga de Almeida Camargo<br \/>\nProf. Dr. Leomar Soares da Rosa Jr.<br \/>\n<strong>Data: 21\/06\/2022<\/strong> <\/p>\n<h3>Vitor Wachholz de Pinho<\/h3>\n<p><strong>Curso:<\/strong> Ci\u00eancia da Computa\u00e7\u00e3o<br \/>\n<strong>T\u00edtulo:<\/strong>An\u00e1lise por agrupamento de fatores de risco associados \u00e0 morte precoce<br \/>\nmapeados pelo GSHS<br \/>\n<strong>Banca:<\/strong><br \/>\nProf. Dr. Ricardo Matsumura Araujo (orientador)<br \/>\nMestre Victor Cosenza Vieira da Silva<br \/>\nProf. Dr. Ulisses Brisolara Corr\u00eaa<br \/>\n<strong>Data: 07\/06\/2022<\/strong> <\/p>\n","protected":false},"excerpt":{"rendered":"<p>Andr\u00e9 Zuccetti Dalla Costa Curso: Engenharia de Computa\u00e7\u00e3o T\u00edtulo: Implementa\u00e7\u00e3o de sistema para gest\u00e3o de hot\u00e9is utilizando pilha de desenvolvimento web Banca: Profa. Dra. Ana Marilza Pernas (orientadora) Profa. Dra. Tatiana Aires Tavares Me. Huberto Kaiser Filho Data: 10\/06\/2022 Gabriel Soares de Soares Curso: Engenharia de Computa\u00e7\u00e3o T\u00edtulo: Sem\u00e1foro Inteligente para Controle Din\u00e2mico do Tr\u00e1fego [&hellip;]<\/p>\n","protected":false},"author":800,"featured_media":0,"parent":0,"menu_order":0,"comment_status":"closed","ping_status":"closed","template":"","meta":{"footnotes":""},"class_list":["post-1332","page","type-page","status-publish","hentry"],"_links":{"self":[{"href":"https:\/\/wp.ufpel.edu.br\/notcc\/wp-json\/wp\/v2\/pages\/1332","targetHints":{"allow":["GET"]}}],"collection":[{"href":"https:\/\/wp.ufpel.edu.br\/notcc\/wp-json\/wp\/v2\/pages"}],"about":[{"href":"https:\/\/wp.ufpel.edu.br\/notcc\/wp-json\/wp\/v2\/types\/page"}],"author":[{"embeddable":true,"href":"https:\/\/wp.ufpel.edu.br\/notcc\/wp-json\/wp\/v2\/users\/800"}],"replies":[{"embeddable":true,"href":"https:\/\/wp.ufpel.edu.br\/notcc\/wp-json\/wp\/v2\/comments?post=1332"}],"version-history":[{"count":13,"href":"https:\/\/wp.ufpel.edu.br\/notcc\/wp-json\/wp\/v2\/pages\/1332\/revisions"}],"predecessor-version":[{"id":1352,"href":"https:\/\/wp.ufpel.edu.br\/notcc\/wp-json\/wp\/v2\/pages\/1332\/revisions\/1352"}],"wp:attachment":[{"href":"https:\/\/wp.ufpel.edu.br\/notcc\/wp-json\/wp\/v2\/media?parent=1332"}],"curies":[{"name":"wp","href":"https:\/\/api.w.org\/{rel}","templated":true}]}}