{"id":1315,"date":"2023-04-19T15:55:09","date_gmt":"2023-04-19T18:55:09","guid":{"rendered":"https:\/\/wp.ufpel.edu.br\/notcc\/?page_id=1315"},"modified":"2023-04-19T15:55:09","modified_gmt":"2023-04-19T18:55:09","slug":"bancas-2022-1","status":"publish","type":"page","link":"https:\/\/wp.ufpel.edu.br\/notcc\/bancas\/historico\/bancas-2022-1\/","title":{"rendered":"Bancas 2022-1"},"content":{"rendered":"<p>Andressa Werner Krause Pereira<br \/>\nCurso: Ci\u00eancia da Computa\u00e7\u00e3o<br \/>\nTitulo: Gerenciamento de projetos em ambientes din\u00e2micos: Um Estudo sobre os Impactos da Ado\u00e7\u00e3o de Pr\u00e1ticas \u00e1geis em uma Startup<br \/>\npor<br \/>\nBanca:<br \/>\nProfa. Tatiana Aires Tavares (orientador(a))<br \/>\nProfa. Larissa Astrogildo de Freitas<br \/>\nProfa. Eliana Zen<br \/>\nData: 28 de novembro de 2022<br \/>\nHora: 14:00<br \/>\nLocal: <a href=\"https:\/\/meet.google.com\/ium-tukh-qcs\">https:\/\/meet.google.com\/ium-tukh-qcs<\/a><\/p>\n<p>&nbsp;<\/p>\n<p>Bruno Tissot Ferraz<\/p>\n<p>Curso: Engenharia de Computa\u00e7\u00e3o<\/p>\n<p>Titulo: T\u00e9cnicas Aplicadas no N\u00edvel de Transistor para Mitiga\u00e7\u00e3o de Efeitos Transientes Causados por Radia\u00e7\u00e3o em C\u00e9lulas L\u00f3gicas<\/p>\n<p>Banca:<\/p>\n<p>Prof. Leomar Soares da Rosa Junior (orientador(a))<\/p>\n<p>Henrique Caldas Kessler (coorientador(a))<\/p>\n<p>Prof. Alan Carlos Junior Rosseto<\/p>\n<p>Prof. Rafael Iankowski Soares<\/p>\n<p>Data: 08 de novembro de 2022<\/p>\n<p>Hora: 16:00<\/p>\n<p>Local: meet.google.com\/cag-butz-dqg<\/p>\n<p>&nbsp;<\/p>\n<p>Christian Cardoso Gressler<\/p>\n<p>Curso: Engenharia de Computa\u00e7\u00e3o<\/p>\n<p>Titulo: An\u00e1lise do efeito de BTI em topologia par diferencial CMOS<\/p>\n<p>Banca:<\/p>\n<p>Prof. Alan Carlos Junior Rossetto (orientador(a))<\/p>\n<p>Prof. Vinicius Valduga de Almeida Camargo (coorientador(a))<\/p>\n<p>Prof. Mateus Beck Fonseca<\/p>\n<p>Prof. Rafael Iankowski Soares<\/p>\n<p>Data: 01 de dezembro de 2022<\/p>\n<p>Hora: 15:30<\/p>\n<p>Local: Sala 328<\/p>\n<p>&nbsp;<\/p>\n<p>Dara dos Santos Lima<\/p>\n<p>Curso: Engenharia de Computa\u00e7\u00e3o<\/p>\n<p>Titulo: AryaBot: Um Chatbot para Auxiliar Discentes dos cursos de Computa\u00e7\u00e3o da UFPel<\/p>\n<p>Banca:<\/p>\n<p>Larissa Astrogildo de Freitas (orientador(a))<\/p>\n<p>Profa. Luciana Foss<\/p>\n<p>Profa. Tatiana Aires Tavares<\/p>\n<p>Data: 18 de novembro de 2022<\/p>\n<p>Hora: 10:00<\/p>\n<p>Local: Sala 432<\/p>\n<p>Titulo: Estudo de Instru\u00e7\u00f5es para Implementa\u00e7\u00e3o de Suporte \u00e0 Mem\u00f3ria Transacional em Hardware<\/p>\n<p>Frederico Peixoto Antunes<\/p>\n<p>Curso: Ci\u00eancia da Computa\u00e7\u00e3o<\/p>\n<p>Banca:<\/p>\n<p>Prof. Gerson Gerlado Homrich Cavalheiro (orientador(a))<\/p>\n<p>Prof. Fernando Emilio Puntel (coorientador(a))<\/p>\n<p>Prof.Andre Rauber Du Bois<\/p>\n<p>Prof. Marcelo Schiavon Porto<\/p>\n<p>Data: 29 de novembro de 2022<\/p>\n<p>Hora: 10:00<\/p>\n<p>Local:\u00a0 Sala 344<\/p>\n<p>&nbsp;<\/p>\n<p>Gabriel Almeida Gomes<\/p>\n<p>Curso: Ci\u00eancia da Computa\u00e7\u00e3o<\/p>\n<p>Aplica\u00e7\u00e3o de Redes Neurais em Grafos com foco para An\u00e1lise de Sentimento em N\u00edvel de Aspecto<\/p>\n<p>Banca:<\/p>\n<p>Prof. Ulisses Brisolara Corr\u00eaa (orientador(a))<\/p>\n<p>Profa. Larissa Astrogildo de Freitas (coorientador(a))<\/p>\n<p>Prof. Marilton Sanchotene de Aguiar<\/p>\n<p>Bsc. Alexandre Thurow Bender<\/p>\n<p>Data: 23 de novembro de 2022<\/p>\n<p>Hora: 17:30<\/p>\n<p>Local: Online: meet.google.com\/tgp-qzcy-ytk<\/p>\n<p>&nbsp;<\/p>\n<p>Gabriel de Quadros Kr\u00fcger<\/p>\n<p>Curso: Ci\u00eancia da Computa\u00e7\u00e3o<\/p>\n<p>Titulo: Um pr\u00e9-processador para uma extens\u00e3o de mem\u00f3rias transacionais em OpenMP<\/p>\n<p>Banca:<\/p>\n<p>Prof. Andre Rauber Du Bois (orientador(a))<\/p>\n<p>Prof. Gerson Geraldo Homrich Cavalheiro<\/p>\n<p>Prof. Andr\u00e9 Desessards Jardim<\/p>\n<p>Data: 05 de dezembro de 2022<\/p>\n<p>Hora: 10:00<\/p>\n<p>Local: Sala 316<\/p>\n<p>&nbsp;<\/p>\n<p>Gabriel Delucis Maciel<\/p>\n<p>Curso: Ci\u00eancia da Computa\u00e7\u00e3o<\/p>\n<p>Titulo: An\u00e1lise do processo de desenvolvimento do aplicativo Turismo Virtual em Pelotas<\/p>\n<p>Banca:<\/p>\n<p>Prof. Anderson Priebe Ferrugem (orientador(a))<\/p>\n<p>Profa. Tatiana Aires Tavares (coorientador(a))<\/p>\n<p>Prof. Marilton Sanchotene de Aguiar<\/p>\n<p>Prof. Vin\u00edcius Kr\u00fcger da Costa<\/p>\n<p>Data: 29 de novembro de 2022<\/p>\n<p>Hora: 10:30<\/p>\n<p>Local: webconf<\/p>\n<p>&nbsp;<\/p>\n<p>G\u00e9ron Wilham da Cruz Mattoso<\/p>\n<p>Curso: Engenharia de Computa\u00e7\u00e3o<\/p>\n<p>Titulo: Proposta de uma solu\u00e7\u00e3o IoT para redu\u00e7\u00e3o do consumo de energia no contexto de um Campus Universit\u00e1rio Inteligente<\/p>\n<p>Banca:<\/p>\n<p>Prof. Rafael Iankowski Soares (orientador(a))<\/p>\n<p>Prof. J\u00falio Carlos Balzano de Mattos<\/p>\n<p>Profa. Morgana Macedo Azevedo da Rosa<\/p>\n<p>Data: 01 de dezembro de 2022<\/p>\n<p>Hora: 13;30<\/p>\n<p>Local: Sala 336 &#8211; Lab 5<\/p>\n<p>&nbsp;<\/p>\n<p>Guilherme da Silva Xavier<\/p>\n<p>Curso: Engenharia de Computa\u00e7\u00e3o<\/p>\n<p>Titulo: An\u00e1lise dos resultados do modelo BERTimbau ajustado para a tarefa de An\u00e1lise de Sentimento baseada em Aspectos<\/p>\n<p>Banca:<\/p>\n<p>Profa. Larissa Astrogildo de Freitas (orientador(a))<\/p>\n<p>Prof. Marilton Sanchotene de Aguiar<\/p>\n<p>Prof. Ulisses Brisolara Corr\u00eaa<\/p>\n<p>Data: 18 de novembro de 2022<\/p>\n<p>Hora: 16:00<\/p>\n<p>Local: Sala 345<\/p>\n<p>&nbsp;<\/p>\n<p>Gustavo H\u00fcbner Rehbein<\/p>\n<p>Curso: Ci\u00eancia da Computa\u00e7\u00e3o<\/p>\n<p>Titulo: Predi\u00e7\u00e3o de Tempo de Codifica\u00e7\u00e3o de V\u00eddeo com Aprendizado de M\u00e1quina: Aplica\u00e7\u00e3o em um Sistema de Controle Adaptativo de Complexidade no Codificador AV1<\/p>\n<p>Banca:<\/p>\n<p>Marcelo Schiavon Porto (orientador(a))<\/p>\n<p>Isis Duarte Bender (coorientador(a))<\/p>\n<p>Prof. Daniel Palomino<\/p>\n<p>Profa. Tatiana Tavares<\/p>\n<p>Data: 17 de novembro de 2022<\/p>\n<p>Hora: 14:00<\/p>\n<p>Local: Sala 328<\/p>\n<p>&nbsp;<\/p>\n<p>Jo\u00e3o Vitor Chagas Possobom Vaz<\/p>\n<p>Curso: Ci\u00eancia da Computa\u00e7\u00e3o<\/p>\n<p>Titulo: Compara\u00e7\u00e3o dos modelos BERT Multilingual e BERTimbau aplicados na tarefa de responder a perguntas<\/p>\n<p>Banca:<\/p>\n<p>Profa. Larissa Freitas (orientador(a))<\/p>\n<p>Prof. Marilton Sanchotene de Aguiar<\/p>\n<p>Prof. Tiago Primo<\/p>\n<p>Data: 24 de novembro de 2022<\/p>\n<p>Hora: 11:00<\/p>\n<p>Local: Sala 345<\/p>\n<p>&nbsp;<\/p>\n<p>Kevin Oliveira de Oliveira<\/p>\n<p>Curso: Ci\u00eancia da Computa\u00e7\u00e3o<\/p>\n<p>Titulo: Utiliza\u00e7\u00e3o de regress\u00e3o para a predi\u00e7\u00e3o de mapas gerados proceduralmente<\/p>\n<p>Banca:<\/p>\n<p>Prof. Rafael Piccin Torchelsen (orientador(a))<\/p>\n<p>Prof. Marilton Sanchotene de Aguiar (coorientador(a))<\/p>\n<p>Profa. Tatiana Tavares<\/p>\n<p>Prof. Ulisses Brisolara Correa<\/p>\n<p>Data: 18 de novembro de 2022<\/p>\n<p>Hora: 14:00<\/p>\n<p>Local: Audit\u00f3rio Andrew Valad\u00e3o-anglo<\/p>\n<p>&nbsp;<\/p>\n<p>Marcus Vinicius Monteiro<\/p>\n<p>Curso: Engenharia de Computa\u00e7\u00e3o<\/p>\n<p>Titulo: Avalia\u00e7\u00e3o do Impacto do Casamento de Armadilhas em Transistores MOS<\/p>\n<p>Banca:<\/p>\n<p>Prof. Alan Carlos Junior Rossetto (orientador(a))<\/p>\n<p>Prof. Vin\u00edcius Valduga de Almeida (coorientador(a))<\/p>\n<p>Prof. Leomar Soares da Rosa Junior<\/p>\n<p>Prof. Rafael Iankowski Soares<\/p>\n<p>Data: 25 de novembro de 2022<\/p>\n<p>Hora: 10:00<\/p>\n<p>Local: Sala 336<\/p>\n<p>&nbsp;<\/p>\n<p>INVESTIGATION ABOUT THE INCLUSION OF NEW CONTROL POINTS IN AN AV1 VIDEO ENCODER ADAPTIVE COMPLEXITY CONTROLLER<\/p>\n<p>Marina Longo Dias<\/p>\n<p>Curso: Ci\u00eancia da Computa\u00e7\u00e3o<\/p>\n<p>Banca:<\/p>\n<p>Prof. Dr. Luciano Volcan Agostini (orientador(a))<\/p>\n<p>Prof. Me. Isis Duarte Bender (coorientador(a))<\/p>\n<p>Prof. Dr. Guilherme Ribeiro Corr\u00eaa<\/p>\n<p>Me. Alex Machado Borges<\/p>\n<p>Data: 01 de dezembro de 2022<\/p>\n<p>Hora: 18:00<\/p>\n<p>Local: Meet: <a href=\"https:\/\/meet.google.com\/ybm-mktn-cma\">https:\/\/meet.google.com\/ybm-mktn-cma<\/a><\/p>\n<p>&nbsp;<\/p>\n<p>Marina Souza Cruzeiro<\/p>\n<p>Curso: Engenharia de Computa\u00e7\u00e3o<\/p>\n<p>Titulo: Estendendo o simulador Eboracum para o suporte a redes de sensores sem fio com nodos operando em modo sleep e utilizando wake-up radios<\/p>\n<p>Banca:<\/p>\n<p>Profa. Lisane Brisolara (orientador(a))<\/p>\n<p>Prof. Maiquel dos Santos Canabarro<\/p>\n<p>Prof. Paulo Roberto Ferreira Junior<\/p>\n<p>Data: 02 de dezembro de 2022<\/p>\n<p>Hora: 13:30<\/p>\n<p>Local: meet.google.com\/tbm-ejeo-gby<\/p>\n<p>&nbsp;<\/p>\n<p>Maxwell Burke Moreira<\/p>\n<p>Curso: Ci\u00eancia da Computa\u00e7\u00e3o<\/p>\n<p>Titulo: Realidade Aumentada e Mesa Tang\u00edvel para Visualiza\u00e7\u00e3o do Patrim\u00f4nio Hist\u00f3rico-arquitet\u00f4nico da Cidade de Pelotas<\/p>\n<p>Banca:<\/p>\n<p>Profa. Tatiana Aires Tavares (orientador(a))<\/p>\n<p>Prof. Vinicius Kruger da Costa (coorientador(a))<\/p>\n<p>Prof. Tiago Thompsen Primo<\/p>\n<p>Prof. Anderson dos Santos Ritta<\/p>\n<p>Data: 25 de outubro de 2022<\/p>\n<p>Hora: 14:00<\/p>\n<p>Local: Sala Audit\u00f3rio Museu do Doce<\/p>\n<p>&nbsp;<\/p>\n<p>Miguel Bulow Gomes<\/p>\n<p>Curso: Ci\u00eancia da Computa\u00e7\u00e3o<\/p>\n<p>Titulo: Desenvolvimento de um benchmark para Mem\u00f3rias Transacionais Distribu\u00eddas usando Atomic RMI e sua compara\u00e7\u00e3o com outros sistemas DTM<\/p>\n<p>Banca:<\/p>\n<p>Prof. Andr\u00e9 Rauber Du Bois (orientador(a))<\/p>\n<p>Prof. Gerson Geraldo Homrich Cavalheiro<\/p>\n<p>Prof. Tiago Perlin<\/p>\n<p>Data: 18 de novembro de 2022<\/p>\n<p>Hora: 14:00<\/p>\n<p>Local: Sala: <a href=\"https:\/\/meet.google.com\/rwf-egcc-nhv\">https:\/\/meet.google.com\/rwf-egcc-nhv<\/a><\/p>\n<p>&nbsp;<\/p>\n<p>Monique Nogueira Faria<\/p>\n<p>Curso: Engenharia de Computa\u00e7\u00e3o<\/p>\n<p>Titulo: Proposta de uma jornada de usu\u00e1rio para o indexador de objetos de aprendizagem ReaCloud baseado em t\u00e9cnicas de User Experience Design<\/p>\n<p>Banca:<\/p>\n<p>Prof. Tiago Thompsen Primo (orientador(a))<\/p>\n<p>Profa. Tatiana Aires Tavares<\/p>\n<p>Prof. Vin\u00edcius Kruger da Costa<\/p>\n<p>Data: 18 de novembro de 2022<\/p>\n<p>Hora: 8:30<\/p>\n<p>&nbsp;<\/p>\n<p>Local: PEL-ANG-305-20<\/p>\n<p>&nbsp;<\/p>\n<p>Nidal Martins Ali<\/p>\n<p>Curso: Ci\u00eancia da Computa\u00e7\u00e3o<\/p>\n<p>Titulo: Utilizando o Algoritmo K-Nearest Neighbors (KNN) para um Sistema de Recomenda\u00e7\u00e3o de Mapas Gerados Proceduralmente<\/p>\n<p>Banca:<\/p>\n<p>Prof. Rafael Piccin Torchelsen (orientador(a))<\/p>\n<p>Prof. Marilton Sanchotene de Aguiar (coorientador(a))<\/p>\n<p>Profa. Tatiana Tavares<\/p>\n<p>Prof. Ulisses Brisolara Correa<\/p>\n<p>Data: 18 de novembro de 2022<\/p>\n<p>Hora: 15:00<\/p>\n<p>Local: Audit\u00f3rio Andrew Valad\u00e3o<\/p>\n<p>&nbsp;<\/p>\n<p>Titulo: Aplica\u00e7\u00e3o do algoritmo k-Means sobre Dados Coletados atrav\u00e9s das Intera\u00e7\u00f5es com o Scratch<\/p>\n<p>Placida Giuliane Silveira de Oliveira<\/p>\n<p>Curso: Ci\u00eancia da Computa\u00e7\u00e3o<\/p>\n<p>Banca:<\/p>\n<p>Prof. Tiago Thompsen Primo (orientador(a))<\/p>\n<p>Prof. Marilton Sanchotene de Aguiar<\/p>\n<p>Profa. Tatiana Aires Tavares<\/p>\n<p>Data: 25 de novembro de 2022<\/p>\n<p>Hora: 17:00<\/p>\n<p>Local: Anglo, sala 305<\/p>\n<p>&nbsp;<\/p>\n<p>Thiago Reis Porto<\/p>\n<p>Curso: Ci\u00eancia da Computa\u00e7\u00e3o<\/p>\n<p>Titulo: T\u00e9cnicas de aprendizado de m\u00e1quina na gera\u00e7\u00e3o de fun\u00e7\u00f5es de pedotransfer\u00eancia para estimativa do conte\u00fado de \u00e1gua no solo<\/p>\n<p>Banca:<\/p>\n<p>Prof. Ulisses Brisolara Corr\u00eaa (orientador(a))<\/p>\n<p>Ricardo Matsumura de Ara\u00fajo (coorientador(a))<\/p>\n<p>Prof. Dr. Paulo Roberto Ferreira Jr<\/p>\n<p>Prof. Dr. Frederico Schimitt Kremer<\/p>\n<p>Data: 17 de novembro de 2022<\/p>\n<p>Hora: 13:30<\/p>\n<p>Local: Sala 224<\/p>\n<p>&nbsp;<\/p>\n<p>Vitor Costa Gosm\u00e3o<\/p>\n<p>Curso: Ci\u00eancia da Computa\u00e7\u00e3o<\/p>\n<p>Titulo: Utiliza\u00e7\u00e3o de Business Intelligence e Aprendizado de M\u00e1quina Na An\u00e1lise de Mercado da Constru\u00e7\u00e3o Civil<\/p>\n<p>Banca:<\/p>\n<p>Prof. Marilton Sanchotene de Aguiar (orientador(a))<\/p>\n<p>M.Sc. Rafael de Figueiredo Rodrigues<\/p>\n<p>Prof. Dr. Ulisses Brisolara Corr\u00eaa<\/p>\n<p>Data: 24 de novembro de 2022<\/p>\n<p>Hora: 17:00<\/p>\n<p>Local: Sala: <a href=\"https:\/\/meet.google.com\/rfy-xyxt-dmq\">https:\/\/meet.google.com\/rfy-xyxt-dmq<\/a><\/p>\n<p>&nbsp;<\/p>\n<p>Vitor Eduardo Schuh<\/p>\n<p>Curso: Engenharia de Computa\u00e7\u00e3o<\/p>\n<p>Titulo: Impacto da cin\u00e9tica de armadilhas de carga em circuitos somadores CMOS<\/p>\n<p>Banca:<\/p>\n<p>Prof. Alan Carlos Junior Rossetto (orientador(a))<\/p>\n<p>Prof. Vin\u00edcius Valduga de Almeida Camargo (coorientador(a))<\/p>\n<p>Prof. Leomar Soares da Rosa J\u00fanior<\/p>\n<p>Prof. Henrique Caldas Kessler<\/p>\n<p>Data: 25 de novembro de 2022<\/p>\n<p>Hora: 15:10<\/p>\n<p>Local: Sala 345<\/p>\n<p>&nbsp;<\/p>\n<p>William Kolodziejski<\/p>\n<p>Curso: Ci\u00eancia da Computa\u00e7\u00e3o<\/p>\n<p>Solu\u00e7\u00f5es para Redu\u00e7\u00e3o do Tempo de Execu\u00e7\u00e3o da Ferramenta de Compensa\u00e7\u00e3o de Movimento Distorcido Global do Codificador AV1<\/p>\n<p>Banca:<\/p>\n<p>Prof. Luciano Volcan Agostini (orientador(a))<\/p>\n<p>Prof. Robson Domanski (coorientador(a))<\/p>\n<p>Profa. Roberta Palau<\/p>\n<p>Prof. Guilherme Corr\u00eaa<\/p>\n<p>Prof. Anderson Ferrugem<\/p>\n<p>Data: 22 de novembro de 2022<\/p>\n<p>Hora: 17:00<\/p>\n<p>Local: Lab3<\/p>\n<p>&nbsp;<\/p>\n<p>&nbsp;<\/p>\n","protected":false},"excerpt":{"rendered":"<p>Andressa Werner Krause Pereira Curso: Ci\u00eancia da Computa\u00e7\u00e3o Titulo: Gerenciamento de projetos em ambientes din\u00e2micos: Um Estudo sobre os Impactos da Ado\u00e7\u00e3o de Pr\u00e1ticas \u00e1geis em uma Startup por Banca: Profa. Tatiana Aires Tavares (orientador(a)) Profa. Larissa Astrogildo de Freitas Profa. Eliana Zen Data: 28 de novembro de 2022 Hora: 14:00 Local: https:\/\/meet.google.com\/ium-tukh-qcs &nbsp; Bruno [&hellip;]<\/p>\n","protected":false},"author":800,"featured_media":0,"parent":84,"menu_order":0,"comment_status":"closed","ping_status":"closed","template":"","meta":{"footnotes":""},"class_list":["post-1315","page","type-page","status-publish","hentry"],"_links":{"self":[{"href":"https:\/\/wp.ufpel.edu.br\/notcc\/wp-json\/wp\/v2\/pages\/1315","targetHints":{"allow":["GET"]}}],"collection":[{"href":"https:\/\/wp.ufpel.edu.br\/notcc\/wp-json\/wp\/v2\/pages"}],"about":[{"href":"https:\/\/wp.ufpel.edu.br\/notcc\/wp-json\/wp\/v2\/types\/page"}],"author":[{"embeddable":true,"href":"https:\/\/wp.ufpel.edu.br\/notcc\/wp-json\/wp\/v2\/users\/800"}],"replies":[{"embeddable":true,"href":"https:\/\/wp.ufpel.edu.br\/notcc\/wp-json\/wp\/v2\/comments?post=1315"}],"version-history":[{"count":1,"href":"https:\/\/wp.ufpel.edu.br\/notcc\/wp-json\/wp\/v2\/pages\/1315\/revisions"}],"predecessor-version":[{"id":1317,"href":"https:\/\/wp.ufpel.edu.br\/notcc\/wp-json\/wp\/v2\/pages\/1315\/revisions\/1317"}],"up":[{"embeddable":true,"href":"https:\/\/wp.ufpel.edu.br\/notcc\/wp-json\/wp\/v2\/pages\/84"}],"wp:attachment":[{"href":"https:\/\/wp.ufpel.edu.br\/notcc\/wp-json\/wp\/v2\/media?parent=1315"}],"curies":[{"name":"wp","href":"https:\/\/api.w.org\/{rel}","templated":true}]}}