{"id":1309,"date":"2023-04-19T11:41:09","date_gmt":"2023-04-19T14:41:09","guid":{"rendered":"https:\/\/wp.ufpel.edu.br\/notcc\/?page_id=1309"},"modified":"2023-06-26T15:05:49","modified_gmt":"2023-06-26T18:05:49","slug":"monografias-2022","status":"publish","type":"page","link":"https:\/\/wp.ufpel.edu.br\/notcc\/monografias\/acervo\/monografias-2022\/","title":{"rendered":"Monografias 2022"},"content":{"rendered":"<p>Clique nos links abaixo para download<\/p>\n<h3><a href=\"https:\/\/drive.google.com\/drive\/folders\/1PEaicRzFHgIzxrgzapxEXUJsU6mMbVcV?usp=share_link\" target=\"_blank\" rel=\"noopener noreferrer\">:: 2022\/1 \/ Click here to Download ::<\/a><\/h3>\n<h3><a href=\"https:\/\/drive.google.com\/drive\/folders\/1QkYfjZIKwY_Pz1EXQVftw-Kj16O3nC11?usp=sharing\">:: 2022\/2 \/ Click here to Download ::<\/a><\/h3>\n<p><span style=\"font-size: 14pt;\"><strong>Ci\u00eancia da Computa\u00e7\u00e3o 2022-1<\/strong><\/span><br \/>\nGerenciamento de projetos em ambientes din\u00e2micos: Um Estudo sobre os Impactos da Ado\u00e7\u00e3o de Pr\u00e1ticas \u00e1geis em uma Startup<br \/>\npor<br \/>\nAndressa Werner Krause Pereira<\/p>\n<p>Estudo de Instru\u00e7\u00f5es para Implementa\u00e7\u00e3o de Suporte \u00e0 Mem\u00f3ria Transacional em Hardware<br \/>\npor<br \/>\nFrederico Peixoto Antunes<\/p>\n<p>Aplica\u00e7\u00e3o de Redes Neurais em Grafos com foco para An\u00e1lise de Sentimento em N\u00edvel de Aspecto<br \/>\npor<br \/>\nGabriel Almeida Gomes<\/p>\n<p>An\u00e1lise do processo de desenvolvimento do aplicativo Turismo Virtual em Pelotas<br \/>\npor<br \/>\nGabriel Delucis Maciel<\/p>\n<p>Um pr\u00e9-processador para uma extens\u00e3o de mem\u00f3rias transacionais em OpenMP<br \/>\npor<br \/>\nGabriel de Quadros Kr\u00fcger<\/p>\n<p>Predi\u00e7\u00e3o de Tempo de Codifica\u00e7\u00e3o de V\u00eddeo com Aprendizado de M\u00e1quina: Aplica\u00e7\u00e3o em um Sistema de Controle Adaptativo de Complexidade no Codificador AV1<br \/>\npor<br \/>\nGustavo H\u00fcbner Rehbein<\/p>\n<p>Compara\u00e7\u00e3o dos modelos BERT Multilingual e BERTimbau aplicados na tarefa de responder a perguntas<br \/>\npor<br \/>\nJo\u00e3o Vitor Chagas Possobom Vaz<\/p>\n<p>Utiliza\u00e7\u00e3o de regress\u00e3o para a predi\u00e7\u00e3o de mapas gerados proceduralmente<br \/>\npor<br \/>\nKevin Oliveira de Oliveira<\/p>\n<p>INVESTIGATION ABOUT THE INCLUSION OF NEW CONTROL POINTS IN AN AV1 VIDEO ENCODER ADAPTIVE COMPLEXITY CONTROLLER<br \/>\npor<br \/>\nMarina Longo Dias<\/p>\n<p>Realidade Aumentada e Mesa Tang\u00edvel para Visualiza\u00e7\u00e3o do Patrim\u00f4nio Hist\u00f3rico-arquitet\u00f4nico da Cidade de Pelotas<br \/>\npor<br \/>\nMaxwell Burke Moreira<\/p>\n<p>Desenlvimento de um benchmark para Mem\u00f3rias Transacionais Distribu\u00eddas usando Atomic RMI e sua compara\u00e7\u00e3o com outros sistemas DTM<br \/>\npor<br \/>\nMiguel Bulow Gomes<\/p>\n<p>Utilizando o Algoritmo K-Nearest Neighbors (KNN) para um Sistema de Recomenda\u00e7\u00e3o de Mapas Gerados Proceduralmente<br \/>\npor<br \/>\nNidal Martins Ali<\/p>\n<p>Aplica\u00e7\u00e3o do algoritmo k-Means sobre Dados Coletados atrav\u00e9s das Intera\u00e7\u00f5es com o Scratch<br \/>\npor<br \/>\nPlacida Giuliane Silveira de Oliveira<\/p>\n<p>T\u00e9cnicas de aprendizado de m\u00e1quina na gera\u00e7\u00e3o de fun\u00e7\u00f5es de pedotransfer\u00eancia para estimativa do conte\u00fado de \u00e1gua no solo<br \/>\npor<br \/>\nThiago Reis Porto<\/p>\n<p>Utiliza\u00e7\u00e3o de Business Intelligence e Aprendizado de M\u00e1quina Na An\u00e1lise de Mercado da Constru\u00e7\u00e3o Civil<br \/>\npor<br \/>\nVitor Costa Gosm\u00e3o<\/p>\n<p>Solu\u00e7\u00f5es para Redu\u00e7\u00e3o do Tempo de Execu\u00e7\u00e3o da Ferramenta de Compensa\u00e7\u00e3o de Movimento Distorcido Global do Codificador AV1<br \/>\npor<br \/>\nWilliam Kolodziejski<\/p>\n<p><span style=\"font-size: 14pt;\"><strong>Engenharia de Computa\u00e7\u00e3o 2022-1<\/strong><\/span><\/p>\n<p>T\u00e9cnicas Aplicadas no N\u00edvel de Transistor para Mitiga\u00e7\u00e3o de Efeitos Transientes Causados por Radia\u00e7\u00e3o em C\u00e9lulas L\u00f3gicas<br \/>\npor<br \/>\nBruno Tissot Ferraz<\/p>\n<p>An\u00e1lise do efeito de BTI em topologia par diferencial CMOS<br \/>\npor<br \/>\nChristian Cardoso Gressler<\/p>\n<p>AryaBot: Um Chatbot para Auxiliar Discentes dos cursos de Computa\u00e7\u00e3o da UFPel<br \/>\npor<br \/>\nDara dos Santos Lima<\/p>\n<p>Proposta de uma solu\u00e7\u00e3o IoT para redu\u00e7\u00e3o do consumo de energia no contexto de um Campus Universit\u00e1rio Inteligente<\/p>\n<p>por<br \/>\nG\u00e9ron Wilham da Cruz Mattoso<\/p>\n<p>An\u00e1lise dos resultados do modelo BERTimbau ajustado para a tarefa de An\u00e1lise de Sentimento baseada em Aspectos<br \/>\npor<br \/>\nGuilherme da Silva Xavier<\/p>\n<p>Avalia\u00e7\u00e3o do Impacto do Casamento de Armadilhas em Transistores MOS<br \/>\npor<br \/>\nMarcus Vinicius Monteiro<\/p>\n<p>Estendendo o simulador Eboracum para o suporte a redes de sensores sem fio com nodos operando em modo sleep e utilizando wake-up radios<br \/>\npor<br \/>\nMarina Souza Cruzeiro<\/p>\n<p>Proposta de uma jornada de usu\u00e1rio para o indexador de objetos de aprendizagem ReaCloud baseado em t\u00e9cnicas de User Experience Design<br \/>\npor<br \/>\nMonique Nogueira Faria<\/p>\n<p>Impacto da cin\u00e9tica de armadilhas de carga em circuitos somadores CMOS<br \/>\npor<br \/>\nVitor Eduardo Schuh<\/p>\n<p><span style=\"font-size: 14pt;\"><strong>Ci\u00eancia da Computa\u00e7\u00e3o 2022-2<\/strong><\/span><\/p>\n<p>Arquiteturas SOTA de est\u00e1gio \u00fanico para Detec\u00e7\u00e3o de Les\u00f5es de Fundo causadas por Retinopatia Diab\u00e9tica<br \/>\nPor Alejandro da Silva Pereira<\/p>\n<p>An\u00e1lise e Gera\u00e7\u00e3o de Agregadores Fuzzy para Suporte \u00e0s Computa\u00e7\u00f5es Flex\u00edveis na Abordagem Int-FLBCC<br \/>\nPor Alessandra Rosa Galv\u00e3o<\/p>\n<p>Caipora: um Chatbot para Den\u00fancias e Acompanhamento Ambiental na Cidade de Pelotas<br \/>\nPor Andrei Schneider Majada<\/p>\n<p> Uma DSL embutida em Haskell para programa\u00e7\u00e3o Prolog<br \/>\nPor Ari Vitor da Silva Lazzarotto<\/p>\n<p>gilBERTo: um Modelo de Linguagem para a L\u00edngua Portuguesa<br \/>\nPor Arthur Alves Cerveira<\/p>\n<p>Desenvolvimento de um Voicebot para atendimento automatizado de tarefas b\u00e1sicas da secretaria do Centro de Desenvolvimento Tecnol\u00f3gico da Universidade Federal de Pelotas<br \/>\nPor Caroline de Souza Evangelista<\/p>\n<p>Desenvolvimento de um toon shader para fuma\u00e7a que utiliza transpar\u00eancia e contorno<br \/>\nPor C\u00e1ssio Fehlberg Lemos<\/p>\n<p>Efetividade na Aplica\u00e7\u00e3o de M\u00e9todos Estat\u00edsticos na Apresenta\u00e7\u00e3o de Resultados em Artigos Cient\u00edficos: Um Estudo de Caso na Computa\u00e7\u00e3o<br \/>\nPor Diego Poleto de Souza<\/p>\n<p>An\u00e1lise de T\u00e9cnicas de Intelig\u00eancia Artificial para a Tarefa de Similaridade Sem\u00e2ntica Textual em Portugu\u00eas<br \/>\nPor \u00c9merson Philippe Lopes<\/p>\n<p>Do virtual ao real &#8211; Reconhecimento de portas l\u00f3gicas t\u00e1teis utilizando uma Rede Neural Convolucional a partir de dados sint\u00e9ticos<br \/>\nPor Felipe Dias Lopes<\/p>\n<p>Predi\u00e7\u00e3o de julgamento de adicionais de periculosidade utilizando aprendizado de m\u00e1quina supervisionado<br \/>\nPor Ger\u00f4nimo Gallarreta Zubiaurre Lemos<\/p>\n<p>Aproxima\u00e7\u00e3o de S\u00e9ries Temporais do Eletroma de Plantas e sua Aplica\u00e7\u00e3o em Algoritmos de Classifica\u00e7\u00e3o<br \/>\nPor Gregory de Britto Sedrez<\/p>\n<p>Uso de Unets para segmenta\u00e7\u00e3o de imagens de raios-x odontol\u00f3gico<br \/>\nPor Guilherme Nunes Peglow<\/p>\n<p>Uma abordagem baseada em Redes Advers\u00e1rias Generativas para aumento de dados de imagens da retina e aplica\u00e7\u00e3o em sistemas de detec\u00e7\u00e3o de les\u00f5es associadas \u00e0 retinopatia diab\u00e9tica<br \/>\nPor Marcelo Clasen Ribeiro<\/p>\n<p>Plataforma Web para Monitoramento de Dados Oriundos de Redes de Sensores sem Fio<br \/>\nPor Mathaus Corr\u00eaa Huber<\/p>\n<p>Simulador de inje\u00e7\u00e3o de erro e consumo de energia para sistemas com mem\u00f3ria aproximada<br \/>\nPor Matheus Martins Isquierdo<\/p>\n<p>Uma interface baseada em Verisoned Boxes para a linguagem CMTJava<br \/>\nMatheus da Rosa Moeller Chaves<\/p>\n<p>Um M\u00e9todo F\u00e1cil de Implementar em Hardware para Reduzir o Custo Computacional da Ferramenta Affine do Codificador VVC Atrav\u00e9s do Uso de \u00c1rvores de Decis\u00e3o<br \/>\nPor Rafael Linhares Ferreira<\/p>\n<p>Serious game educacional para suporte a alfabetiza\u00e7\u00e3o de crian\u00e7as dial\u00e9ticas<br \/>\nPor Vitor dos Santos Amaral Borges<\/p>\n<p><span style=\"font-size: 14pt;\"><strong>Engenharia da Computa\u00e7\u00e3o 2022-2<\/strong><\/span><br \/>\nSIIEPE Presences: Desenvolvimento e Implementa\u00e7\u00e3o de um sistema composto de uma API e Aplicativo para Registro de Presen\u00e7as em Eventos Acad\u00eamicos<br \/>\nPor Darlei Matheus Schmegel<\/p>\n<p>CHATTERBOT PARA AUXILIAR NO APRENDIZADO DE LINGUAGEM DE MARCA\u00c7\u00c3O DE HIPERTEXTO<br \/>\nPor Felipe Saraiva dos Santos<\/p>\n<p> Desenvolvimento da placa de circuito impresso \u201cLaborat\u00f3rio de Sistemas Embarcados e IoT\u201d para o ensino de programa\u00e7\u00e3o em placas microcontroladas<br \/>\nPor Let\u00edcia Pegoraro Garcez<\/p>\n<p>Um novo m\u00e9todo para detec\u00e7\u00e3o de colis\u00e3o em tempo real para simula\u00e7\u00e3o de colonoscopia<br \/>\nPor Lucas Zanusso Morais<\/p>\n<p>Avalia\u00e7\u00e3o de Interpretadores JavaScript para ambiente IoT: compara\u00e7\u00e3o entre Node.js, Deno e Bun<br \/>\nPor Luis Henrique Jeske Martins<\/p>\n<p> Enhanced Endoscope Model for Position-Based Colonoscopy Simulation<br \/>\nPor Victor Kunde Bergmann<\/p>\n<p>Expans\u00e3o de um Framework de An\u00e1lise de Sentimento em Portugu\u00eas utilizando T\u00e9cnicas de Aprendizado Profundo<br \/>\nPor Wesley Costa Silveira<\/p>\n","protected":false},"excerpt":{"rendered":"<p>Clique nos links abaixo para download :: 2022\/1 \/ Click here to Download :: :: 2022\/2 \/ Click here to Download :: Ci\u00eancia da Computa\u00e7\u00e3o 2022-1 Gerenciamento de projetos em ambientes din\u00e2micos: Um Estudo sobre os Impactos da Ado\u00e7\u00e3o de Pr\u00e1ticas \u00e1geis em uma Startup por Andressa Werner Krause Pereira Estudo de Instru\u00e7\u00f5es para Implementa\u00e7\u00e3o [&hellip;]<\/p>\n","protected":false},"author":800,"featured_media":0,"parent":143,"menu_order":0,"comment_status":"closed","ping_status":"closed","template":"","meta":{"footnotes":""},"class_list":["post-1309","page","type-page","status-publish","hentry"],"_links":{"self":[{"href":"https:\/\/wp.ufpel.edu.br\/notcc\/wp-json\/wp\/v2\/pages\/1309","targetHints":{"allow":["GET"]}}],"collection":[{"href":"https:\/\/wp.ufpel.edu.br\/notcc\/wp-json\/wp\/v2\/pages"}],"about":[{"href":"https:\/\/wp.ufpel.edu.br\/notcc\/wp-json\/wp\/v2\/types\/page"}],"author":[{"embeddable":true,"href":"https:\/\/wp.ufpel.edu.br\/notcc\/wp-json\/wp\/v2\/users\/800"}],"replies":[{"embeddable":true,"href":"https:\/\/wp.ufpel.edu.br\/notcc\/wp-json\/wp\/v2\/comments?post=1309"}],"version-history":[{"count":8,"href":"https:\/\/wp.ufpel.edu.br\/notcc\/wp-json\/wp\/v2\/pages\/1309\/revisions"}],"predecessor-version":[{"id":1357,"href":"https:\/\/wp.ufpel.edu.br\/notcc\/wp-json\/wp\/v2\/pages\/1309\/revisions\/1357"}],"up":[{"embeddable":true,"href":"https:\/\/wp.ufpel.edu.br\/notcc\/wp-json\/wp\/v2\/pages\/143"}],"wp:attachment":[{"href":"https:\/\/wp.ufpel.edu.br\/notcc\/wp-json\/wp\/v2\/media?parent=1309"}],"curies":[{"name":"wp","href":"https:\/\/api.w.org\/{rel}","templated":true}]}}