{"id":1282,"date":"2022-10-10T22:21:30","date_gmt":"2022-10-11T01:21:30","guid":{"rendered":"https:\/\/wp.ufpel.edu.br\/notcc\/?page_id=1282"},"modified":"2023-03-24T14:12:43","modified_gmt":"2023-03-24T17:12:43","slug":"propostas-2022-1","status":"publish","type":"page","link":"https:\/\/wp.ufpel.edu.br\/notcc\/propostas\/avaliacoes\/propostas-2022-1\/","title":{"rendered":"Propostas 2022\/1"},"content":{"rendered":"<h2><strong>Avaliadores<\/strong><\/h2>\n<ul>\n<li>Alan Rossetto &#8211; alan.rossetto@inf.ufpel.edu.br<\/li>\n<li>Ana Pernas &#8211;\u00a0anamarilza@gmail.com<\/li>\n<li>Anderson Ferrugem &#8211; apferrugem@gmail.com<\/li>\n<li>Andr\u00e9 Du Bois &#8211; dubois@inf.ufpel.edu.br<\/li>\n<li>Bruno Zatt &#8211; zatt@inf.ufpel.edu.br<\/li>\n<li>Daniel Palomino &#8211; dpalomino@inf.ufpel.edu.br<\/li>\n<li>Felipe Marques &#8211; felipem@inf.ufpel.edu.br<\/li>\n<li>Gerson Cavalheiro &#8211; gerson.cavalheiro@inf.ufpel.edu.br<\/li>\n<li>Guilherme Corr\u00eaa &#8211; gcorrea@inf.ufpel.edu.br<\/li>\n<li>Larissa A. de Freitas &#8211; larissa@inf.ufpel.edu.br<\/li>\n<li>Lisane Brisolara -lisane@gmail.com<\/li>\n<li>Luciana Foss -lfoss@inf.ufpel.edu.br<\/li>\n<li>Luciano Agostini &#8211; agostini@inf.ufpel.edu.br<\/li>\n<li>Marcelo Porto &#8211; porto@inf.ufpel.edu.br<\/li>\n<li>Marilton Sanchotene de Aguiar &#8211; marilton@inf.ufpel.edu.br<\/li>\n<li>Rafael Burlamaqui Amaral &#8211; rafael.amaral@inf.ufpel.edu.br<\/li>\n<li>Rafael Soares &#8211; rafa.isoares@gmail.com<\/li>\n<li>Rafael Torchelsen &#8211; rafael.torchelsen@inf.ufpel.edu.br<\/li>\n<li>Renata Reiser &#8211; reiser@inf.ufpel.edu.br<\/li>\n<li>Simone Costa &#8211; simone.costa@gmail.com<\/li>\n<li>Tiago Primo &#8211; tiago.primo@inf.ufpel.edu.br<\/li>\n<li>Ulisses Brisolara Corr\u00eaa &#8211; ulisses@inf.ufpel.edu.br<\/li>\n<\/ul>\n<h2><strong>Propostas &#8211; Calend\u00e1rio <\/strong><strong>Acad\u00eamico <\/strong><strong>2022<\/strong><\/h2>\n<table style=\"border-collapse: collapse; width: 83.9373%; height: 268px;\" border=\"1\">\n<tbody>\n<tr style=\"height: 45px;\">\n<td style=\"width: 4.10554%; height: 45px;\">1<\/td>\n<td style=\"width: 62.5611%; height: 45px; text-align: left;\">Matheus Isquierdo, Daniel Palomino and Bruno Zatt. Simulador para Avalia\u00e7\u00e3o de Consumo de Energia em Sistemas com Mem\u00f3rias Aproximadas<\/td>\n<td style=\"width: 33.3333%; height: 45px; text-align: left;\">\n<p>Luciano Agostini<\/p>\n<p>Marcelo Porto<\/td>\n<\/tr>\n<tr style=\"height: 21px;\">\n<td style=\"width: 4.10554%; height: 21px;\">2<\/td>\n<td style=\"width: 62.5611%; height: 21px; text-align: left;\">Alessandra Galvao and Renata Reiser. An\u00e1lise e flexibiliza\u00e7\u00e3o de operadores fuzzy valorados intervalarmente aplicados no ambiente Int-FLBCC<\/td>\n<td style=\"width: 33.3333%; height: 21px; text-align: left;\">\n<p>Simone Costa<\/p>\n<p>Luciana Foss<\/td>\n<\/tr>\n<tr style=\"height: 21px;\">\n<td style=\"width: 4.10554%; height: 21px;\">3<\/td>\n<td style=\"width: 62.5611%; height: 21px; text-align: left;\">Pedro Augusto Nunes Marchand and Rafael Piccin Torchelsen. An\u00e1lise de M\u00e9todos que Medem o N\u00edvel de Satisfa\u00e7\u00e3o de Usu\u00e1rios em Jogos<\/td>\n<td style=\"width: 33.3333%; height: 21px; text-align: left;\">\n<p>Rafael Soares<\/p>\n<p>Tatiana Tavares<\/td>\n<\/tr>\n<tr style=\"height: 21px;\">\n<td style=\"width: 4.10554%; height: 21px;\">4<\/td>\n<td style=\"width: 62.5611%; height: 21px; text-align: left;\">Monique N. Faria and Tiago T. Primo. Proposta de uma jornada de usu\u00e1rio para o indexador de objetos de aprendizagem ReaCloud baseado em t\u00e9cnicas de User Experience Design<\/td>\n<td style=\"width: 33.3333%; height: 21px; text-align: left;\">\n<p>Gerson Cavalheiro<\/p>\n<p>Tatiana Tavares<\/td>\n<\/tr>\n<tr style=\"height: 21px;\">\n<td style=\"width: 4.10554%; height: 21px;\">5<\/td>\n<td style=\"width: 62.5611%; height: 21px; text-align: left;\">Welder Carlos Siqueira and Luciano Volcan Agostini. Aplica\u00e7\u00e3o de Algoritmo de paridade de risco utilizando Hierarchical Tree Clustering Aplica\u00e7\u00f5es em small caps ,mercado acion\u00e1rio Brasileiro<\/td>\n<td style=\"width: 33.3333%; height: 21px; text-align: left;\">\n<p>Rafael Soares<\/p>\n<p>Larissa A. de Freitas<\/td>\n<\/tr>\n<tr style=\"height: 21px;\">\n<td style=\"width: 4.10554%; height: 21px;\">6<\/td>\n<td style=\"width: 62.5611%; height: 21px; text-align: left;\">Gabriel Maciel. An\u00e1lise e estudo de caso do aplicativo Turismo virtual em Pelotas<\/td>\n<td style=\"width: 33.3333%; height: 21px; text-align: left;\">\n<p>Tiago Primo<\/p>\n<p>Rafael Burlamaqui Amaral<\/td>\n<\/tr>\n<tr style=\"height: 21px;\">\n<td style=\"width: 4.10554%; height: 21px;\">7<\/td>\n<td style=\"width: 62.5611%; height: 21px; text-align: left;\">Victor Bergmann, Rafael Torchelsen and Anderson Maciel. Desenvolvimento de um Simulador de colonoscopia<\/td>\n<td style=\"width: 33.3333%; height: 21px; text-align: left;\">\n<p>Marcelo Porto<\/p>\n<p>Rafael Burlamaqui Amaral<\/td>\n<\/tr>\n<tr style=\"height: 21px;\">\n<td style=\"width: 4.10554%; height: 21px;\">8<\/td>\n<td style=\"width: 62.5611%; height: 21px; text-align: left;\">Rafael Ferreira, Luciano Agostini and Marta Loose. Uso de Aprendizado de M\u00e1quina para Reduzir o Custo Computacional da Ferramenta Affine do Codificador VVC<\/td>\n<td style=\"width: 33.3333%; height: 21px; text-align: left;\">\n<p>Guilherme Corr\u00eaa<\/p>\n<p>Anderson Ferrugem<\/td>\n<\/tr>\n<tr style=\"height: 10px;\">\n<td style=\"width: 4.10554%; height: 10px;\">9<\/td>\n<td style=\"width: 62.5611%; height: 10px; text-align: left;\">Mathaus Corr\u00eaa Huber, Felipe de Souza Marques and Ulisses Brisolara Corr\u00eaa. Aplica\u00e7\u00e3o Web dedicada ao Manejo Integrado de Pragas por meio de Redes de Sensores sem Fio e Vis\u00e3o Computacional<\/td>\n<td style=\"width: 33.3333%; height: 10px; text-align: left;\">\n<p>Lisane Brisolara<\/p>\n<p>Rafael Torchelsen<\/p>\n<p>Daniel Palomino<\/td>\n<\/tr>\n<tr style=\"height: 21px;\">\n<td style=\"width: 4.10554%; height: 21px;\">10<\/td>\n<td style=\"width: 62.5611%; height: 21px; text-align: left;\">Pedro Roque, Tatiana Tavares and Luisa Vecchia. Implementa\u00e7\u00e3o de processos para a customiza\u00e7\u00e3o em massa de projetos para habita\u00e7\u00f5es de interesse Social: Visualiza\u00e7\u00f5es de informa\u00e7\u00f5es de projetos como ferramenta de conscientiza\u00e7\u00e3o<\/td>\n<td style=\"width: 33.3333%; height: 21px; text-align: left;\">\n<p>Luciano Agostini<\/p>\n<p>Ulisses Brisolara Corr\u00eaa<\/td>\n<\/tr>\n<tr style=\"height: 21px;\">\n<td style=\"width: 4.10554%; height: 21px;\">11<\/td>\n<td style=\"width: 62.5611%; height: 21px; text-align: left;\">Felipe Saraiva dos Santos, Larissa Astrogildo de Freitas and Henry Soares Pereira. Chatterbot para Auxiliar no Aprendizado de Linguagem de Marca\u00e7\u00e3o de Hipertexto<\/td>\n<td style=\"width: 33.3333%; height: 21px; text-align: left;\">\n<p>Simone Costa<\/p>\n<p>Tiago Primo<\/td>\n<\/tr>\n<tr style=\"height: 21px;\">\n<td style=\"width: 4.10554%; height: 21px;\">12<\/td>\n<td style=\"width: 62.5611%; height: 21px; text-align: left;\">Vitor Borges and Tiago Primo. Solu\u00e7\u00e3o educacional apoiada em gamifica\u00e7\u00e3o para suporte a alfabetiza\u00e7\u00e3o de crian\u00e7as disl\u00e9xicas<\/td>\n<td style=\"width: 33.3333%; height: 21px; text-align: left;\">Ana Pernas<\/td>\n<\/tr>\n<tr style=\"height: 43px;\">\n<td style=\"width: 4.10554%; height: 43px;\">13<\/td>\n<td style=\"width: 62.5611%; height: 43px;\">Let\u00edcia Garcez and Alan Carlos Junior Rossetto. Desenvolvimento de uma placa de circuito impresso para o ensino de programa\u00e7\u00e3o em placas microcontroladas<\/td>\n<td style=\"width: 33.3333%; text-align: left; height: 43px;\">\n<p>Felipe Marques<\/p>\n<p>Bruno Zatt<\/td>\n<\/tr>\n<tr style=\"height: 43px;\">\n<td style=\"width: 4.10554%; height: 43px;\">14<\/td>\n<td style=\"width: 62.5611%; text-align: left; height: 43px;\">Richard Andrei Aquino dos Santos and Andr\u00e9 Rauber Du Bois. Compilando uma Linguagem de Programa\u00e7\u00e3o Funcional para a Plataforma Java<\/td>\n<td style=\"width: 33.3333%; text-align: left; height: 43px;\">\n<p>Gerson Cavalheiro<\/p>\n<p>Felipe Marques<\/td>\n<\/tr>\n<tr style=\"height: 43px;\">\n<td style=\"width: 4.10554%; height: 43px;\">15<\/td>\n<td style=\"width: 62.5611%; text-align: left; height: 43px;\">Cristian Carvalho Quevedo and Gerson Geraldo H. Cavalheiro. Mapeamento do uso de OpenMP em projetos abertos no GitHub<\/td>\n<td style=\"width: 33.3333%; text-align: left; height: 43px;\">Rafael Torchelsen<\/td>\n<\/tr>\n<tr style=\"height: 43px;\">\n<td style=\"width: 4.10554%; height: 43px;\">16<\/td>\n<td style=\"width: 62.5611%; text-align: left; height: 43px;\">Eduardo Amaro da Rosa, Guilherme Ribeiro Corr\u00eaa and Alex Borges. Avalia\u00e7\u00e3o de modelos obtidos por aprendizado de m\u00e1quina para acelera\u00e7\u00e3o da transcodifica\u00e7\u00e3o de v\u00eddeo H.264\/AVC para AV1<\/td>\n<td style=\"width: 33.3333%; text-align: left; height: 43px;\">\n<p>Luciano Agostini<\/p>\n<p>Guilherme Corr\u00eaa<\/td>\n<\/tr>\n<tr style=\"height: 65px;\">\n<td style=\"width: 4.10554%; height: 65px;\">17<\/td>\n<td style=\"width: 62.5611%; height: 65px;\">\u00c9merson Lopes, Larissa Freitas and Ulisses Brisolara Corr\u00eaa. An\u00e1lise de t\u00e9cnicas de Intelig\u00eancia Artificial para a tarefa de Similaridade Sem\u00e2ntica Textual em portugu\u00eas<\/td>\n<td style=\"width: 33.3333%; height: 65px;\">\n<p>Ulisses Brisolara Corr\u00eaa<\/p>\n<p>Bruno Zatt<\/p>\n<p>Alan Rossetto<\/td>\n<\/tr>\n<tr style=\"height: 43px;\">\n<td style=\"width: 4.10554%; height: 43px;\">18<\/td>\n<td style=\"width: 62.5611%; height: 43px;\">Arthur Cerveira, Larissa Freitas and Ulisses Corr\u00eaa. gilBERT: um Modelo de Linguagem para a L\u00edngua Portuguesa<\/td>\n<td style=\"width: 33.3333%; height: 43px;\">\n<p>Marilton Sanchotene de Aguiar<\/p>\n<p>Guilherme Corr\u00eaa<\/td>\n<\/tr>\n<tr style=\"height: 43px;\">\n<td style=\"width: 4.10554%; height: 43px;\">19<\/td>\n<td style=\"width: 62.5611%; height: 43px;\">Patrick Menegassi Walter, Luciano Volcan Agostini and Yan Balinhas Soares. Desinforma\u00e7\u00e3o nas Redes Sociais: Classifica\u00e7\u00e3o de V\u00eddeos no YouTube sobre Urnas Eletr\u00f4nicas<\/td>\n<td style=\"width: 33.3333%; height: 43px;\">\n<p>Marcelo Porto<\/p>\n<p>Guilherme Corr\u00eaa<\/td>\n<\/tr>\n<tr style=\"height: 20px;\">\n<td style=\"width: 4.10554%; height: 20px;\">20<\/td>\n<td style=\"width: 62.5611%; height: 20px;\">Gabriel Bittencourt, Tatiane Tavares and Lu\u00edsa Dalla Vecchia. Implementa\u00e7\u00e3o de aplica\u00e7\u00e3o para a customiza\u00e7\u00e3o em massa de projetos para habita\u00e7\u00f5es de interesse social: Criando e alterando plantas de constru\u00e7\u00f5es com o aux\u00edlio de arquivos BIM<\/td>\n<td style=\"width: 33.3333%; height: 20px;\">\n<p>Luciana Foss<\/p>\n<p>Renata Reiser<\/td>\n<\/tr>\n<tr style=\"height: 20px;\">\n<td style=\"width: 4.10554%; height: 20px;\">21<\/td>\n<td style=\"width: 62.5611%; height: 20px;\">Ger\u00f4nimo Lemos, Ulisses Corr\u00eaa and Larissa Freitas. Aprendizado de m\u00e1quina supervisionado aplicado \u00e0 jurisprud\u00eancia do Direito do Trabalho<\/td>\n<td style=\"width: 33.3333%; height: 20px;\">\n<p>Rafael Burlamaqui Amaral<\/p>\n<p>Ana Pernas<\/td>\n<\/tr>\n<tr style=\"height: 20px;\">\n<td style=\"width: 4.10554%; height: 20px;\">22<\/td>\n<td style=\"width: 62.5611%; height: 20px;\">Nelson Dutra Junior and Marilton Aguiar. Desenvolvimento de um dashboard para aux\u00edlio na tomada de decis\u00e3o em equipes de atendimento ao cliente<\/td>\n<td style=\"width: 33.3333%; height: 20px;\">\n<p>Ana Pernas<\/p>\n<p>Lisane Brisolara<\/td>\n<\/tr>\n<tr style=\"height: 20px;\">\n<td style=\"width: 4.10554%; height: 20px;\">23<\/td>\n<td style=\"width: 62.5611%; height: 20px;\">Alejandro da Silva Pereira, Marilton Sanchotene de Aguiar and Carlos Alexandre Silva dos Santos. Arquiteturas SOTA de est\u00e1gio \u00fanico para Detec\u00e7\u00e3o de Les\u00f5es de Fundo causadas por Retinopatia Diab\u00e9tica<\/td>\n<td style=\"width: 33.3333%; height: 20px;\">\n<p>Renata Reiser<\/p>\n<p>Ulisses Brisolara Corr\u00eaa<\/p>\n<p>Bruno Zatt<\/td>\n<\/tr>\n<tr style=\"height: 20px;\">\n<td style=\"width: 4.10554%; height: 20px;\">24<\/td>\n<td style=\"width: 62.5611%; height: 20px;\">Felipe Silva, Alan Rossetto and Leonardo Pereira. Desenvolvimento de um Potenciostato Diferencial para detec\u00e7\u00e3o de metais pesados em corpos aqu\u00e1ticos<\/td>\n<td style=\"width: 33.3333%; height: 20px;\">\n<p>Gerson Cavalheiro<\/p>\n<p>Felipe Marques<\/td>\n<\/tr>\n<tr style=\"height: 20px;\">\n<td style=\"width: 4.10554%; height: 20px;\">25<\/td>\n<td style=\"width: 62.5611%; height: 20px;\">Rafael Martins and Andr\u00e9 Du Bois. Uma ferramenta que prova a validade argumentos da L\u00f3gica Proposicional utilizando o m\u00e9todo de \u00c1rvores de Refuta\u00e7\u00e3o<\/td>\n<td style=\"width: 33.3333%; height: 20px;\">\n<p>Daniel Palomino<\/p>\n<p>Felipe Marques<\/td>\n<\/tr>\n<tr style=\"height: 20px;\">\n<td style=\"width: 4.10554%; height: 20px;\">26<\/td>\n<td style=\"width: 62.5611%; height: 20px;\">Eduardo Corr\u00eaa, Ulisses Corr\u00eaa and Larissa de Freitas. Implementa\u00e7\u00e3o de um modelo de aprendizado de m\u00e1quina para gera\u00e7\u00e3o e resposta autom\u00e1tica de perguntas, em portugu\u00eas.<\/td>\n<td style=\"width: 33.3333%; height: 20px;\">\n<p>Andr\u00e9 Du Bois<\/p>\n<p>Anderson Ferrugem<\/td>\n<\/tr>\n<tr style=\"height: 20px;\">\n<td style=\"width: 4.10554%; height: 20px;\">27<\/td>\n<td style=\"width: 62.5611%; height: 20px;\">Marcelo Clasen Ribeiro, Marilton Sanchotene de Aguiar and Carlos Alexandre Silva dos Santos. Uma abordagem baseada em Redes Advers\u00e1rias Generativas para aumento de dados de imagens da retina e aplica\u00e7\u00e3o em sistemas de detec\u00e7\u00e3o de les\u00f5es associadas \u00e0 retinopatia diab\u00e9tica<\/td>\n<td style=\"width: 33.3333%; height: 20px;\">\n<p>Ulisses Brisolara Corr\u00eaa<\/p>\n<p>Larissa A. de Freitas<\/td>\n<\/tr>\n<tr style=\"height: 20px;\">\n<td style=\"width: 4.10554%; height: 20px;\">28<\/td>\n<td style=\"width: 62.5611%; height: 20px;\">Lucas Moraes. Um novo m\u00e9todo para detec\u00e7\u00e3o de colis\u00e3o entre malhas deform\u00e1veis, utilizando splines<\/td>\n<td style=\"width: 33.3333%; height: 20px;\">\n<p>Andr\u00e9 Du Bois<\/p>\n<p>Renata Reiser<\/td>\n<\/tr>\n<tr style=\"height: 20px;\">\n<td style=\"width: 4.10554%; height: 20px;\">29<\/td>\n<td style=\"width: 62.5611%; height: 20px;\">Darlei Matheus Schmegel, Leomar Soares da Rosa J\u00fanior and Laura Quevedo Jurgina. Desenvolvimento de uma Solu\u00e7\u00e3o para o Registro de Presen\u00e7as e Gera\u00e7\u00e3o de Certificados de eventos da SIIEPE<\/td>\n<td style=\"width: 33.3333%; height: 20px;\">\n<p>Simone Costa<\/p>\n<p>Lisane Brisolara<\/td>\n<\/tr>\n<tr style=\"height: 20px;\">\n<td style=\"width: 4.10554%; height: 20px;\">30<\/td>\n<td style=\"width: 62.5611%; height: 20px;\">Gabriel Silveira Heifel, Larissa Astrogildo de Freitas and Luciana Foss. Desenvolvimento de um sistema para gerenciar horas complementares dos cursos de computa\u00e7\u00e3o da UFPel usando OCR.<\/td>\n<td style=\"width: 33.3333%; height: 20px;\">\n<p>Andr\u00e9 Du Bois<\/p>\n<p>Tiago Primo<\/p>\n<p>Alan Rossetto<\/td>\n<\/tr>\n<tr style=\"height: 20px;\">\n<td style=\"width: 4.10554%; height: 20px;\">31<\/td>\n<td style=\"width: 62.5611%; height: 20px;\">Carlos J\u00fanior, Larissa Freitas and Henry Pereira. Chatbot para ensino da linguagem C<\/td>\n<td style=\"width: 33.3333%; height: 20px;\">\n<p>Marilton Sanchotene de Aguiar<\/p>\n<p>Luciana Foss<\/td>\n<\/tr>\n<tr style=\"height: 20px;\">\n<td style=\"width: 4.10554%; height: 20px;\">32<\/td>\n<td style=\"width: 62.5611%; height: 20px;\">Guilherme Dallmann Lima, Ana Marilza Pernas and Leandro da Silva Camargo. Algoritmos para Composi\u00e7\u00e3o de Relacionamentos entre Objetos na Internet das Coisas Social: um Estudo Explorat\u00f3rio<\/td>\n<td style=\"width: 33.3333%; height: 20px;\">\n<p>Daniel Palomino<\/p>\n<p>Larissa A. de Freitas<\/td>\n<\/tr>\n<tr style=\"height: 20px;\">\n<td style=\"width: 4.10554%; height: 20px;\">33<\/td>\n<td style=\"width: 62.5611%; height: 20px;\">C\u00e1ssio Fehlberg Lemos and Rafael Torchelsen. Desenvolvimento de um toon shader para fuma\u00e7a que re\u00fana transpar\u00eancia e contorno<\/td>\n<td style=\"width: 33.3333%; height: 20px;\">\n<p>Marilton Sanchotene de Aguiar<\/p>\n<p>Gerson Cavalheiro<\/td>\n<\/tr>\n<\/tbody>\n<\/table>\n<p>&nbsp;<\/p>\n","protected":false},"excerpt":{"rendered":"<p>Avaliadores Alan Rossetto &#8211; alan.rossetto@inf.ufpel.edu.br Ana Pernas &#8211;\u00a0anamarilza@gmail.com Anderson Ferrugem &#8211; apferrugem@gmail.com Andr\u00e9 Du Bois &#8211; dubois@inf.ufpel.edu.br Bruno Zatt &#8211; zatt@inf.ufpel.edu.br Daniel Palomino &#8211; dpalomino@inf.ufpel.edu.br Felipe Marques &#8211; felipem@inf.ufpel.edu.br Gerson Cavalheiro &#8211; gerson.cavalheiro@inf.ufpel.edu.br Guilherme Corr\u00eaa &#8211; gcorrea@inf.ufpel.edu.br Larissa A. de Freitas &#8211; larissa@inf.ufpel.edu.br Lisane Brisolara -lisane@gmail.com Luciana Foss -lfoss@inf.ufpel.edu.br Luciano Agostini &#8211; agostini@inf.ufpel.edu.br Marcelo Porto [&hellip;]<\/p>\n","protected":false},"author":800,"featured_media":0,"parent":31,"menu_order":0,"comment_status":"closed","ping_status":"closed","template":"","meta":{"footnotes":""},"class_list":["post-1282","page","type-page","status-publish","hentry"],"_links":{"self":[{"href":"https:\/\/wp.ufpel.edu.br\/notcc\/wp-json\/wp\/v2\/pages\/1282","targetHints":{"allow":["GET"]}}],"collection":[{"href":"https:\/\/wp.ufpel.edu.br\/notcc\/wp-json\/wp\/v2\/pages"}],"about":[{"href":"https:\/\/wp.ufpel.edu.br\/notcc\/wp-json\/wp\/v2\/types\/page"}],"author":[{"embeddable":true,"href":"https:\/\/wp.ufpel.edu.br\/notcc\/wp-json\/wp\/v2\/users\/800"}],"replies":[{"embeddable":true,"href":"https:\/\/wp.ufpel.edu.br\/notcc\/wp-json\/wp\/v2\/comments?post=1282"}],"version-history":[{"count":3,"href":"https:\/\/wp.ufpel.edu.br\/notcc\/wp-json\/wp\/v2\/pages\/1282\/revisions"}],"predecessor-version":[{"id":1298,"href":"https:\/\/wp.ufpel.edu.br\/notcc\/wp-json\/wp\/v2\/pages\/1282\/revisions\/1298"}],"up":[{"embeddable":true,"href":"https:\/\/wp.ufpel.edu.br\/notcc\/wp-json\/wp\/v2\/pages\/31"}],"wp:attachment":[{"href":"https:\/\/wp.ufpel.edu.br\/notcc\/wp-json\/wp\/v2\/media?parent=1282"}],"curies":[{"name":"wp","href":"https:\/\/api.w.org\/{rel}","templated":true}]}}