{"id":1268,"date":"2022-05-02T15:00:41","date_gmt":"2022-05-02T18:00:41","guid":{"rendered":"https:\/\/wp.ufpel.edu.br\/notcc\/?page_id=1268"},"modified":"2022-05-02T18:14:35","modified_gmt":"2022-05-02T21:14:35","slug":"propostas-2021-2","status":"publish","type":"page","link":"https:\/\/wp.ufpel.edu.br\/notcc\/propostas\/avaliacoes\/propostas-2021-2\/","title":{"rendered":"Propostas 2021\/2"},"content":{"rendered":"<h2><strong>Avaliadores<\/strong><\/h2>\n<ul>\n<li>Alan Rossetto &#8211; alan.rossetto@inf.ufpel.edu.br<\/li>\n<li>Ana Pernas &#8211;\u00a0anamarilza@gmail.com<\/li>\n<li>Anderson Ferrugem &#8211; apferrugem@gmail.com<\/li>\n<li>Andr\u00e9 Du Bois &#8211; dubois@inf.ufpel.edu.br<\/li>\n<li>Felipe Marques &#8211; felipem@inf.ufpel.edu.br<\/li>\n<li>Gerson Cavalheiro &#8211; gerson.cavalheiro@inf.ufpel.edu.br<\/li>\n<li>Guilherme Corr\u00eaa &#8211; gcorrea@inf.ufpel.edu.br<\/li>\n<li>Guilherme Netto\u00a0&#8211; guilherme.netto@inf.ufpel.edu.br<\/li>\n<li>Larissa A. de Freitas &#8211; larissa@inf.ufpel.edu.br<\/li>\n<li>Leomar Rosa Jr. &#8211; leomarjr@inf.ufpel.edu.br<\/li>\n<li>Lisane Brisolara -lisane@gmail.com<\/li>\n<li>Luciana Foss -lfoss@inf.ufpel.edu.br<\/li>\n<li>Luciano Agostini &#8211; agostini@inf.ufpel.edu.br<\/li>\n<li>Marcelo Porto &#8211; porto@inf.ufpel.edu.br<\/li>\n<li>Marilton Sanchotene de Aguiar &#8211; marilton@inf.ufpel.edu.br<\/li>\n<li>Rafael Burlamaqui Amaral &#8211; rafael.amaral@inf.ufpel.edu.br<\/li>\n<li>Rafael Soares &#8211; rafa.isoares@gmail.com<\/li>\n<li>Rafael Torchelsen &#8211; rafael.torchelsen@inf.ufpel.edu.br<\/li>\n<li>Renata Reiser &#8211; reiser@inf.ufpel.edu.br<\/li>\n<li>Simone Costa &#8211; simone.costa@gmail.com<\/li>\n<li>Ulisses Brisolara Corr\u00eaa &#8211; ulisses@inf.ufpel.edu.br<\/li>\n<li>Vinicius Valduga Camargo &#8211; vvacamargo@inf.ufpel.edu.br<\/li>\n<\/ul>\n<h2><strong>Propostas &#8211; Calend\u00e1rio <\/strong><strong>Acad\u00eamico <\/strong><strong>2022<\/strong><\/h2>\n<table style=\"border-collapse: collapse; width: 83.9373%; height: 268px;\" border=\"1\">\n<tbody>\n<tr style=\"height: 45px;\">\n<td style=\"width: 4.10554%; height: 45px;\">1<\/td>\n<td style=\"width: 62.5611%; height: 45px; text-align: left;\">Lucas Lima and Anderson Ferrugem.\u00a0<i>Otimiza\u00e7\u00e3o do fluxo de ve\u00edculos em vias com sem\u00e1foros sequenciais: Uma abordagem utilizando algoritmos gen\u00e9ticos<\/i><\/td>\n<td style=\"width: 33.3333%; height: 45px; text-align: left;\">\n<p>Marilton Sanchotene de Aguiar<\/p>\n<p>Andr\u00e9 Du Bois<\/td>\n<\/tr>\n<tr style=\"height: 21px;\">\n<td style=\"width: 4.10554%; height: 21px;\">2<\/td>\n<td style=\"width: 62.5611%; height: 21px; text-align: left;\">William Kolodziejski, Luciano Agostini and Robson Domanski. <i>Solu\u00e7\u00f5es para Redu\u00e7\u00e3o do Tempo de Execu\u00e7\u00e3o da Compensa\u00e7\u00e3o de Movimento Distorcido Global do Codificador AV1<\/i><\/td>\n<td style=\"width: 33.3333%; height: 21px; text-align: left;\">\n<p>Marcelo Porto<\/p>\n<p>Guilherme Corr\u00eaa<\/td>\n<\/tr>\n<tr style=\"height: 21px;\">\n<td style=\"width: 4.10554%; height: 21px;\">3<\/td>\n<td style=\"width: 62.5611%; height: 21px; text-align: left;\">Bruno Ferraz, Henrique Kessler and Vin\u00edcius Camargo. <i>Avalia\u00e7\u00e3o de t\u00e9cnicas no n\u00edvel de transistor para mitiga\u00e7\u00e3o de efeitos transientes causados por radia\u00e7\u00e3o em c\u00e9lula l\u00f3gicas<\/i><\/td>\n<td style=\"width: 33.3333%; height: 21px; text-align: left;\">\n<p>Alan Rossetto<\/p>\n<p>Leomar Rosa Jr.<\/td>\n<\/tr>\n<tr style=\"height: 21px;\">\n<td style=\"width: 4.10554%; height: 21px;\">4<\/td>\n<td style=\"width: 62.5611%; height: 21px; text-align: left;\">Gregory de Britto Sedrez, Gerson Geraldo H. Cavalheiro and Marcos Antonio de Oliveira Junior. <i>Classifica\u00e7\u00e3o de s\u00e9ries temporais representadas de forma compactada<\/i><\/td>\n<td style=\"width: 33.3333%; height: 21px; text-align: left;\">Andr\u00e9 Du Bois<\/td>\n<\/tr>\n<tr style=\"height: 21px;\">\n<td style=\"width: 4.10554%; height: 21px;\">5<\/td>\n<td style=\"width: 62.5611%; height: 21px; text-align: left;\">Ren\u00e3 Ferreira de Souza and Gerson Cavalheiro. <i>Valida\u00e7\u00e3o de uma ferramenta de detec\u00e7\u00e3o de redu\u00e7\u00f5es em programas C e C++<\/i><\/td>\n<td style=\"width: 33.3333%; height: 21px; text-align: left;\">\n<p>Simone Costa<\/p>\n<p>Felipe Marques<\/td>\n<\/tr>\n<tr style=\"height: 21px;\">\n<td style=\"width: 4.10554%; height: 21px;\">6<\/td>\n<td style=\"width: 62.5611%; height: 21px; text-align: left;\">Gabriel Soares and Rafael Soares. <i>Sem\u00e1foro Inteligente para Controle Din\u00e2mico do Tr\u00e1fego baseado em Processamento de Imagens<\/i><\/td>\n<td style=\"width: 33.3333%; height: 21px; text-align: left;\">\n<p>Rafael Torchelsen<\/p>\n<p>Anderson Ferrugem<\/td>\n<\/tr>\n<tr style=\"height: 21px;\">\n<td style=\"width: 4.10554%; height: 21px;\">7<\/td>\n<td style=\"width: 62.5611%; height: 21px; text-align: left;\">Felipe Lopes, Anderson Ferrugem and Marcelo Rossi. <i>Do virtual ao real &#8211; Reconhecimento de portas l\u00f3gicas utilizando uma Rede Neural Convolucional a partir de dados sint\u00e9ticos<\/i><\/td>\n<td style=\"width: 33.3333%; height: 21px; text-align: left;\">\n<p>Ulisses Brisolara Corr\u00eaa<\/p>\n<p>Leomar Rosa Jr.<\/td>\n<\/tr>\n<tr style=\"height: 21px;\">\n<td style=\"width: 4.10554%; height: 21px;\">8<\/td>\n<td style=\"width: 62.5611%; height: 21px; text-align: left;\">Andressa Werner Krause Pereira and Tatiana Aires Tavares. <i>Desenvolvimento de software e gerenciamento de projetos em ambientes din\u00e2micos: Um Estudo sobre os Impactos da Ado\u00e7\u00e3o de Pr\u00e1ticas \u00e1geis em uma Startup<\/i><\/td>\n<td style=\"width: 33.3333%; height: 21px; text-align: left;\">\n<p>Ana Pernas<\/p>\n<p>Lisane Brisolara<\/td>\n<\/tr>\n<tr style=\"height: 10px;\">\n<td style=\"width: 4.10554%; height: 10px;\">9<\/td>\n<td style=\"width: 62.5611%; height: 10px; text-align: left;\">Miguel Bulow Gomes and Andr\u00e9 Rauber Du Bois. <i>Compara\u00e7\u00e3o de sistemas de mem\u00f3rias transacionais distribu\u00eddas usando um benchmark configur\u00e1vel<\/i><\/td>\n<td style=\"width: 33.3333%; height: 10px; text-align: left;\">\n<p>Gerson Cavalheiro<\/p>\n<p>Alan Rossetto<\/td>\n<\/tr>\n<tr style=\"height: 21px;\">\n<td style=\"width: 4.10554%; height: 21px;\">10<\/td>\n<td style=\"width: 62.5611%; height: 21px; text-align: left;\">Filipe Goulart and Alan Rossetto. <i>Projeto e implementa\u00e7\u00e3o de um sistema para aquisi\u00e7\u00e3o e an\u00e1lise de grandezas el\u00e9tricas<\/i><\/td>\n<td style=\"width: 33.3333%; height: 21px; text-align: left;\">\n<p>Luciano Agostini<\/p>\n<p>Rafael Soares<\/td>\n<\/tr>\n<tr style=\"height: 21px;\">\n<td style=\"width: 4.10554%; height: 21px;\">11<\/td>\n<td style=\"width: 62.5611%; height: 21px; text-align: left;\">Ariam M. Bartsch, Lisane Brisolara and Tatiana Tavares. <i>Defini\u00e7\u00e3o de Application Suites baseados nas ferramentas usadas na ger\u00eancia de times \u00e1geis pelotenses<\/i><\/td>\n<td style=\"width: 33.3333%; height: 21px; text-align: left;\">\n<p>Luciano Agostini<\/p>\n<p>Rafael Torchelsen<\/td>\n<\/tr>\n<tr style=\"height: 21px;\">\n<td style=\"width: 4.10554%; height: 21px;\">12<\/td>\n<td style=\"width: 62.5611%; height: 21px; text-align: left;\">Kevin Oliveira, Rafael Piccin Torchelsen and Marilton Sanchotene de Aguiar. <i>Utiliza\u00e7\u00e3o de regress\u00e3o para a predi\u00e7\u00e3o de mapas gerados proceduralmente<\/i><\/td>\n<td style=\"width: 33.3333%; height: 21px; text-align: left;\">\n<p>Simone Costa<\/p>\n<p>Rafael Burlamaqui Amaral<\/td>\n<\/tr>\n<tr style=\"height: 43px;\">\n<td style=\"width: 4.10554%; height: 43px;\">13<\/td>\n<td style=\"width: 62.5611%; height: 43px;\">Adriano Hardtke and Lisane Brisolara.\u00a0<i>Avalia\u00e7\u00e3o dos impactos de bad smells em aplica\u00e7\u00f5es web<\/i><\/td>\n<td style=\"width: 33.3333%; text-align: left; height: 43px;\">\n<p>Ana Pernas<\/p>\n<p>Andr\u00e9 Du Bois<\/td>\n<\/tr>\n<tr style=\"height: 43px;\">\n<td style=\"width: 4.10554%; height: 43px;\">14<\/td>\n<td style=\"width: 62.5611%; text-align: left; height: 43px;\">Wesley Costa Silveira and Larissa Astrogildo de Freitas. <i>Expans\u00e3o de um Framework de an\u00e1lise de sentimentos para a l\u00edngua portuguesa atrav\u00e9s do uso de t\u00e9cnicas de aprendizado profundo<\/i><\/td>\n<td style=\"width: 33.3333%; text-align: left; height: 43px;\">\n<p>Ulisses Brisolara Corr\u00eaa<\/p>\n<p>Anderson Ferrugem<\/td>\n<\/tr>\n<tr style=\"height: 43px;\">\n<td style=\"width: 4.10554%; height: 43px;\">15<\/td>\n<td style=\"width: 62.5611%; text-align: left; height: 43px;\">Nidal Ali, Rafael Torchelsen and Marilton Aguiar. <i>Comparando Algoritmos de Classifica\u00e7\u00e3o para a Sele\u00e7\u00e3o de Mapas Gerados Proceduralmente<\/i><\/td>\n<td style=\"width: 33.3333%; text-align: left; height: 43px;\">\n<p>Rafael Burlamaqui Amaral<\/p>\n<p>Guilherme Netto<\/td>\n<\/tr>\n<tr style=\"height: 43px;\">\n<td style=\"width: 4.10554%; height: 43px;\">16<\/td>\n<td style=\"width: 62.5611%; text-align: left; height: 43px;\">Gustavo Rehbein, Marcelo Porto and Isis Bender. <i>Predi\u00e7\u00e3o de Tempo de Codifica\u00e7\u00e3o de V\u00eddeo com Aprendizado de M\u00e1quina: Aplica\u00e7\u00e3o em um Sistema de Controle Din\u00e2mico de Complexidade no Codificador AV1<\/i><\/td>\n<td style=\"width: 33.3333%; text-align: left; height: 43px;\">\n<p>Luciano Agostini<\/p>\n<p>Guilherme Corr\u00eaa<\/td>\n<\/tr>\n<tr style=\"height: 65px;\">\n<td style=\"width: 4.10554%; height: 65px;\">17<\/td>\n<td style=\"width: 62.5611%; height: 65px;\">Ari Vitor da Silva Lazzarotto and Andr\u00e9 Rauber Du Bois. <i>Uma biblioteca para a execu\u00e7\u00e3o de programas Prolog em Haskell<\/i><\/td>\n<td style=\"width: 33.3333%; height: 65px;\">\n<p>Luciana Foss<\/p>\n<p>Renata Reiser<\/td>\n<\/tr>\n<tr style=\"height: 43px;\">\n<td style=\"width: 4.10554%; height: 43px;\">18<\/td>\n<td style=\"width: 62.5611%; height: 43px;\">Artur Melchiori Cerri, Marilton Sanchotene de Aguiar and Marla Rosana Pereira Melo.\u00a0<i>An\u00e1lise da aplica\u00e7\u00e3o de t\u00e9cnicas de aprendizado de m\u00e1quina para classifica\u00e7\u00e3o de emo\u00e7\u00f5es a partir de sinais de eletroencefalogramas<\/i><\/td>\n<td style=\"width: 33.3333%; height: 43px;\">Rafael Torchelsen<\/td>\n<\/tr>\n<tr style=\"height: 43px;\">\n<td style=\"width: 4.10554%; height: 43px;\">19<\/td>\n<td style=\"width: 62.5611%; height: 43px;\">Guilherme Peglow and Anderson Ferrugem.\u00a0<i>Uso de U-nets para avali\u00e7\u00e3o de raios-X odontol\u00f3gicos<\/i><\/td>\n<td style=\"width: 33.3333%; height: 43px;\">\n<p>Marilton Sanchotene de Aguiar<\/p>\n<p>Ulisses Brisolara Corr\u00eaa<\/td>\n<\/tr>\n<tr style=\"height: 20px;\">\n<td style=\"width: 4.10554%; height: 20px;\">20<\/td>\n<td style=\"width: 62.5611%; height: 20px;\">Isabelle de Araujo Azevedo, Tatiana Aires Tavares and Eliana Zen. <i>Avalia\u00e7\u00e3o da plataforme e-AULA da Universidade Federal de Pelotas com foco na acessibilidade<\/i><\/td>\n<td style=\"width: 33.3333%; height: 20px;\">\n<p>Luciana Foss<\/p>\n<p>Renata Reiser<\/td>\n<\/tr>\n<tr style=\"height: 20px;\">\n<td style=\"width: 4.10554%; height: 20px;\">21<\/td>\n<td style=\"width: 62.5611%; height: 20px;\">Placida Giuliane Oliveira and Tiago Primo. <i>Aplica\u00e7\u00e3o de Aprendizado de M\u00e1quina sobre Dados Coletados atrav\u00e9s das Intera\u00e7\u00f5es com o Scratch de Alunos de Ensino B\u00e1sico<\/i><\/td>\n<td style=\"width: 33.3333%; height: 20px;\">\n<p>Simone Costa<\/p>\n<p>Luciana Foss<\/td>\n<\/tr>\n<tr style=\"height: 20px;\">\n<td style=\"width: 4.10554%; height: 20px;\">22<\/td>\n<td style=\"width: 62.5611%; height: 20px;\">Guilherme S. Xavier and Larissa A. Freitas.\u00a0<i>An\u00e1lise dos resultados do modelo BERTimbau ajustado para a tarefa de An\u00e1lise de Sentimentos baseada em Aspectos<\/i><\/td>\n<td style=\"width: 33.3333%; height: 20px;\">\n<p>Lisane Brisolara<\/p>\n<p>Anderson Ferrugem<\/td>\n<\/tr>\n<tr style=\"height: 20px;\">\n<td style=\"width: 4.10554%; height: 20px;\">23<\/td>\n<td style=\"width: 62.5611%; height: 20px;\">Wilians Silva, Andersson Ferrugem and Alessandro Oliveira. <i>Uso de deep learning na classifica\u00e7\u00e3o de patologias odontol\u00f3gicas em imagens periapicais<\/i><\/td>\n<td style=\"width: 33.3333%; height: 20px;\">\n<p>Larissa A. de Freitas<\/p>\n<p>Guilherme Netto<\/td>\n<\/tr>\n<tr style=\"height: 20px;\">\n<td style=\"width: 4.10554%; height: 20px;\">24<\/td>\n<td style=\"width: 62.5611%; height: 20px;\">Matheus Chaves and Andr\u00e9 Du Bois. <i>Uma interface baseada em Verisoned Boxes para a linguagem CMTJava<\/i><\/td>\n<td style=\"width: 33.3333%; height: 20px;\">\n<p>Gerson Cavalheiro<\/p>\n<p>Felipe Marques<\/td>\n<\/tr>\n<tr style=\"height: 20px;\">\n<td style=\"width: 4.10554%; height: 20px;\">25<\/td>\n<td style=\"width: 62.5611%; height: 20px;\">Gabriel Gomes, Ulisses Corr\u00eaa and Larissa Freitas. <i>Aplica\u00e7\u00e3o de Redes Neurais em Grafos com foco para An\u00e1lise de Sentimento em n\u00edvel de Aspecto<\/i><\/td>\n<td style=\"width: 33.3333%; height: 20px;\">\n<p>Marilton Sanchotene de Aguiar<\/p>\n<p>Rafael Soares<\/td>\n<\/tr>\n<tr style=\"height: 20px;\">\n<td style=\"width: 4.10554%; height: 20px;\">26<\/td>\n<td style=\"width: 62.5611%; height: 20px;\">Isabela Dias and Marilton Aguiar.\u00a0<i>Proposta de uma an\u00e1lise da rela\u00e7\u00e3o da linha do tempo de eventos com os sentimentos predominantes em tweets sobre a COVID-19<\/i><\/td>\n<td style=\"width: 33.3333%; height: 20px;\">\n<p>Larissa A. de Freitas<\/p>\n<p>Guilherme Netto<\/td>\n<\/tr>\n<tr style=\"height: 20px;\">\n<td style=\"width: 4.10554%; height: 20px;\">27<\/td>\n<td style=\"width: 62.5611%; height: 20px;\">Marcus Vinicius Monteiro and Vinicius Valduga de Almeida Camargo.\u00a0<i>Avalia\u00e7\u00e3o do Impacto do Casamento de Armadilhas em Transistores MOS<\/i><\/td>\n<td style=\"width: 33.3333%; height: 20px;\">\n<p>Felipe Marques<\/p>\n<p>Leomar Rosa Jr.<\/td>\n<\/tr>\n<tr style=\"height: 20px;\">\n<td style=\"width: 4.10554%; height: 20px;\">28<\/td>\n<td style=\"width: 62.5611%; height: 20px;\">Gianlucca Buz\u00f4 and Rafael Torchelsen. <i>Ambiente Virtual Galeria GIPC<\/i><\/td>\n<td style=\"width: 33.3333%; height: 20px;\">\n<p>Guilherme Corr\u00eaa<\/p>\n<p>Marcelo Porto<\/td>\n<\/tr>\n<tr style=\"height: 20px;\">\n<td style=\"width: 4.10554%; height: 20px;\">29<\/td>\n<td style=\"width: 62.5611%; height: 20px;\">Leonardo Coelho, Guilherme Corr\u00eaa and Luciano Agostini. <i>Redu\u00e7\u00e3o de complexidade computacional do codificador Versatile Video Coding (VVC) utilizando aprendizado de m\u00e1quina<\/i><\/td>\n<td style=\"width: 33.3333%; height: 20px;\">Marcelo Porto<\/td>\n<\/tr>\n<tr style=\"height: 20px;\">\n<td style=\"width: 4.10554%; height: 20px;\">30<\/td>\n<td style=\"width: 62.5611%; height: 20px;\">Andrei Majada, Luciano Agostini and Ant\u00f4nio Soler. <i>Desenvolvimento de uma aplica\u00e7\u00e3o de democratiza\u00e7\u00e3o ao acesso \u00e0 informa\u00e7\u00e3o ambiental na cidade de Pelotas<\/i><\/td>\n<td style=\"width: 33.3333%; height: 20px;\">\n<p>Rafael Soares<\/p>\n<p>Renata Reiser<\/td>\n<\/tr>\n<tr style=\"height: 20px;\">\n<td style=\"width: 4.10554%; height: 20px;\">31<\/td>\n<td style=\"width: 62.5611%; height: 20px;\"><i>Gabriel de Quadros Kr\u00fcger and Andr\u00e9 Rauber Du Bois. Um pr\u00e9-processador para uma extens\u00e3o de mem\u00f3rias transacionais em OpenMP<\/i><\/td>\n<td style=\"width: 33.3333%; height: 20px;\">\n<p>Gerson Cavalheiro<\/p>\n<p>Rafael Burlamaqui Amaral<\/td>\n<\/tr>\n<tr style=\"height: 20px;\">\n<td style=\"width: 4.10554%; height: 20px;\">32<\/td>\n<td style=\"width: 62.5611%; height: 20px;\"><i>Caroline de Souza Evangelista, Anderson Priebe Ferrugem and Marilton Sanchotene de Aguiar. Desenvolvimento de um Voicebot para atendimento automatizado de tarefas b\u00e1sicas da secretaria do Centro de Desenvolvimento Tecnol\u00f3gico da Universidade Federal de Pelotas<\/i><\/td>\n<td style=\"width: 33.3333%; height: 20px;\">\n<p>Larissa A. de Freitas<\/p>\n<p>Alan Rossetto<\/td>\n<\/tr>\n<tr style=\"height: 20px;\">\n<td style=\"width: 4.10554%; height: 20px;\">33<\/td>\n<td style=\"width: 62.5611%; height: 20px;\">Nelson Dutra Junior and Marilton Aguiar.\u00a0<i>Desenvolvimento de um dashboard para aux\u00edlio na tomada de decis\u00e3o em equipes de atendimento ao cliente<\/i><\/td>\n<td style=\"width: 33.3333%; height: 20px;\">\n<p>Ana Pernas<\/p>\n<p>Lisane Brisolara<\/td>\n<\/tr>\n<\/tbody>\n<\/table>\n<p>&nbsp;<\/p>\n","protected":false},"excerpt":{"rendered":"<p>Avaliadores Alan Rossetto &#8211; alan.rossetto@inf.ufpel.edu.br Ana Pernas &#8211;\u00a0anamarilza@gmail.com Anderson Ferrugem &#8211; apferrugem@gmail.com Andr\u00e9 Du Bois &#8211; dubois@inf.ufpel.edu.br Felipe Marques &#8211; felipem@inf.ufpel.edu.br Gerson Cavalheiro &#8211; gerson.cavalheiro@inf.ufpel.edu.br Guilherme Corr\u00eaa &#8211; gcorrea@inf.ufpel.edu.br Guilherme Netto\u00a0&#8211; guilherme.netto@inf.ufpel.edu.br Larissa A. de Freitas &#8211; larissa@inf.ufpel.edu.br Leomar Rosa Jr. &#8211; leomarjr@inf.ufpel.edu.br Lisane Brisolara -lisane@gmail.com Luciana Foss -lfoss@inf.ufpel.edu.br Luciano Agostini &#8211; agostini@inf.ufpel.edu.br Marcelo Porto [&hellip;]<\/p>\n","protected":false},"author":800,"featured_media":0,"parent":31,"menu_order":0,"comment_status":"closed","ping_status":"closed","template":"","meta":{"footnotes":""},"class_list":["post-1268","page","type-page","status-publish","hentry"],"_links":{"self":[{"href":"https:\/\/wp.ufpel.edu.br\/notcc\/wp-json\/wp\/v2\/pages\/1268","targetHints":{"allow":["GET"]}}],"collection":[{"href":"https:\/\/wp.ufpel.edu.br\/notcc\/wp-json\/wp\/v2\/pages"}],"about":[{"href":"https:\/\/wp.ufpel.edu.br\/notcc\/wp-json\/wp\/v2\/types\/page"}],"author":[{"embeddable":true,"href":"https:\/\/wp.ufpel.edu.br\/notcc\/wp-json\/wp\/v2\/users\/800"}],"replies":[{"embeddable":true,"href":"https:\/\/wp.ufpel.edu.br\/notcc\/wp-json\/wp\/v2\/comments?post=1268"}],"version-history":[{"count":4,"href":"https:\/\/wp.ufpel.edu.br\/notcc\/wp-json\/wp\/v2\/pages\/1268\/revisions"}],"predecessor-version":[{"id":1276,"href":"https:\/\/wp.ufpel.edu.br\/notcc\/wp-json\/wp\/v2\/pages\/1268\/revisions\/1276"}],"up":[{"embeddable":true,"href":"https:\/\/wp.ufpel.edu.br\/notcc\/wp-json\/wp\/v2\/pages\/31"}],"wp:attachment":[{"href":"https:\/\/wp.ufpel.edu.br\/notcc\/wp-json\/wp\/v2\/media?parent=1268"}],"curies":[{"name":"wp","href":"https:\/\/api.w.org\/{rel}","templated":true}]}}