{"id":125,"date":"2016-12-02T14:48:09","date_gmt":"2016-12-02T16:48:09","guid":{"rendered":"https:\/\/wp.ufpel.edu.br\/notcc\/?page_id=125"},"modified":"2016-12-02T15:03:08","modified_gmt":"2016-12-02T17:03:08","slug":"bancas","status":"publish","type":"page","link":"https:\/\/wp.ufpel.edu.br\/notcc\/bancas\/","title":{"rendered":"Sobre a Banca"},"content":{"rendered":"<ul>\n<li><a href=\"https:\/\/wp.ufpel.edu.br\/notcc\/banca\/historico\/\">Hist\u00f3rico de Bancas<\/a><\/li>\n<li><a href=\"https:\/\/goo.gl\/forms\/ie1mypCxGiTqPhkv2\">Formul\u00e1rio para Solicita\u00e7\u00e3o de Banca (login @inf)<\/a><\/li>\n<\/ul>\n","protected":false},"excerpt":{"rendered":"<p>Hist\u00f3rico de Bancas Formul\u00e1rio para Solicita\u00e7\u00e3o de Banca (login @inf)<\/p>\n","protected":false},"author":657,"featured_media":0,"parent":0,"menu_order":0,"comment_status":"closed","ping_status":"closed","template":"","meta":{"footnotes":""},"class_list":["post-125","page","type-page","status-publish","hentry"],"_links":{"self":[{"href":"https:\/\/wp.ufpel.edu.br\/notcc\/wp-json\/wp\/v2\/pages\/125","targetHints":{"allow":["GET"]}}],"collection":[{"href":"https:\/\/wp.ufpel.edu.br\/notcc\/wp-json\/wp\/v2\/pages"}],"about":[{"href":"https:\/\/wp.ufpel.edu.br\/notcc\/wp-json\/wp\/v2\/types\/page"}],"author":[{"embeddable":true,"href":"https:\/\/wp.ufpel.edu.br\/notcc\/wp-json\/wp\/v2\/users\/657"}],"replies":[{"embeddable":true,"href":"https:\/\/wp.ufpel.edu.br\/notcc\/wp-json\/wp\/v2\/comments?post=125"}],"version-history":[{"count":4,"href":"https:\/\/wp.ufpel.edu.br\/notcc\/wp-json\/wp\/v2\/pages\/125\/revisions"}],"predecessor-version":[{"id":135,"href":"https:\/\/wp.ufpel.edu.br\/notcc\/wp-json\/wp\/v2\/pages\/125\/revisions\/135"}],"wp:attachment":[{"href":"https:\/\/wp.ufpel.edu.br\/notcc\/wp-json\/wp\/v2\/media?parent=125"}],"curies":[{"name":"wp","href":"https:\/\/api.w.org\/{rel}","templated":true}]}}