{"id":1241,"date":"2022-02-18T14:38:21","date_gmt":"2022-02-18T17:38:21","guid":{"rendered":"https:\/\/wp.ufpel.edu.br\/notcc\/?page_id=1241"},"modified":"2023-04-20T15:31:34","modified_gmt":"2023-04-20T18:31:34","slug":"bancas-2021-1","status":"publish","type":"page","link":"https:\/\/wp.ufpel.edu.br\/notcc\/bancas\/historico\/bancas-2021-1\/","title":{"rendered":"Bancas 2021-1"},"content":{"rendered":"<p>Giorgio de Moraes Rossa<br \/>\nCurso:Ci\u00eancia da Computa\u00e7\u00e3o<br \/>\nT\u00edtulo:Predi\u00e7\u00e3o de Momento de Resposta de E-mails com Aprendizado de M\u00e1quina<br \/>\nBanca:<br \/>\nProf. Ricardo Matsumura de Ara\u00fajo (orientador(a))<br \/>\nProfa. Larissa Freitas<br \/>\nProf. Ram\u00e1sio Ferreira de Melo<br \/>\nData:10 de novembro de 2021<br \/>\nHora: 15:30<\/p>\n<p>Guilherme de Souza da Silva<br \/>\nCurso: Ci\u00eancia da Computa\u00e7\u00e3o<br \/>\nT\u00edtulo: Estudo de An\u00e1lise da implementa\u00e7\u00e3o do Sistema WebSYHDA: De uma Arquitetura Monol\u00edtica para Microservi\u00e7os<br \/>\nBanca:<br \/>\nProf. Gerson Geraldo H. Cavalheiro (orientador(a))<br \/>\nProf. Dr. Adenauer Correa Yamin<br \/>\nMSc Maicon An\u00e7a dos Santos<br \/>\nData: 10 de novembro de 2021<br \/>\nHora: 16:00<br \/>\nLocal:&lt;\/strong&gt; <a href=\"https:\/\/meet.google.com\/ctf-iwqs-yrt\" target=\"_blank\" rel=\"noopener\" data-saferedirecturl=\"https:\/\/www.google.com\/url?q=https:\/\/meet.google.com\/ctf-iwqs-yrt&amp;source=gmail&amp;ust=1645292285954000&amp;usg=AOvVaw3DAFwi6VTppE-0mqBUU0G-\">https:\/\/meet.google.com\/ctf-iwqs-yrt<\/a><\/p>\n<p>Heliks Mota Mersenburg<br \/>\nCurso:\u00a0 Ci\u00eancia da Computa\u00e7\u00e3o<br \/>\nT\u00edtulo: Desenvolvimento de um Aplicativo para Classificar Sentimentos de Tweets em Tempos de Pandemia<br \/>\nBanca:<br \/>\nProfa. Larissa Astrogildo de freitas (orientador(a))<br \/>\nProf. Ram\u00e1sio Ferreira de Melo<br \/>\nProf. Ricardo Matsumura de Ara\u00fajo<br \/>\nData: 10 de novembro de 2021<br \/>\nHora: 13:30<br \/>\nLocal: <a href=\"http:\/\/meet.google.com\/hik-vovk-bdj\" target=\"_blank\" rel=\"noopener\" data-saferedirecturl=\"https:\/\/www.google.com\/url?q=http:\/\/meet.google.com\/hik-vovk-bdj&amp;source=gmail&amp;ust=1645292285954000&amp;usg=AOvVaw398RA_Zlldwr2m7wIjXlra\">meet.google.com\/hik-vovk-bdj<\/a><\/p>\n<p>Jonathas Augusto de Oliveira Concei\u00e7\u00e3o<br \/>\nCurso: Ci\u00eancia da Computa\u00e7\u00e3o<br \/>\nT\u00edtulo: Abordagem Mon\u00e1dica \u00e0 Transactional Boosting em Haskell<br \/>\nBanca:<br \/>\nProf. Andre Rauber Du Bois (orientador(a))<br \/>\nProf. Rodrigo Geraldo Ribeiro<br \/>\nProf. Gerson Geraldo Homrich Cavalheiro<br \/>\nData: 18 de novembro de 2021<br \/>\nHora: 10:00<br \/>\nLocal: <a href=\"https:\/\/meet.google.com\/sau-skbc-dxu\" target=\"_blank\" rel=\"noopener\" data-saferedirecturl=\"https:\/\/www.google.com\/url?q=https:\/\/meet.google.com\/sau-skbc-dxu&amp;source=gmail&amp;ust=1645292285954000&amp;usg=AOvVaw1FcAbeNPRuNqkSLV8UTVSK\">https:\/\/meet.google.com\/sau-skbc-dxu<\/a><\/p>\n<p>Laura Quevedo Jurgina<br \/>\nCurso: Engenharia de Computa\u00e7\u00e3o<br \/>\nT\u00edtulo:\u00a0 Guia de Suporte para o Desenvolvimento de Solu\u00e7\u00f5es Educacionais paraCrian\u00e7as Disl\u00e9xicas baseadas no Design Centrado no Usu\u00e1rio<br \/>\nBanca:<br \/>\nProf. Tiago Thompsen Primo (orientador(a))<br \/>\nProf. Marilton Sanchotene de Aguiar (coorientador(a))<br \/>\nProfa. Dra. Tatiana Aires Tavares<br \/>\nProfa. Msc. Monalisa Rodrigues Pereira<br \/>\nData: 11 de novembro de 2021<br \/>\nHora: 17:00<br \/>\nLocal: Audit\u00f3rio Acad\u00eamico do campus Anglo<\/p>\n<p>Luiz Cezar Moreira de Campos Neto<br \/>\nCurso:\u00a0 Engenharia de Computa\u00e7\u00e3o<br \/>\nT\u00edtulo: Arquitetura de Hardware Configur\u00e1vel para a Predi\u00e7\u00e3o Intra-Quadro do Codificador de V\u00eddeo AV1<br \/>\nBanca:<br \/>\nProf. Guilherme Ribeiro Corr\u00eaa (orientador(a))<br \/>\nProf. Marcel Moscarelli Corr\u00eaa (coorientador(a))<br \/>\nProf. Marcelo Schiavon Porto<br \/>\nProf. Vladimir Afonso<br \/>\nData: 12 de novembro de 2021<br \/>\nHora: 13:30<br \/>\nLocal: <a href=\"http:\/\/meet.google.com\/tuq-wrhy-frm\" target=\"_blank\" rel=\"noopener\" data-saferedirecturl=\"https:\/\/www.google.com\/url?q=http:\/\/meet.google.com\/tuq-wrhy-frm&amp;source=gmail&amp;ust=1645292285954000&amp;usg=AOvVaw1JT8VdHuys6YoTZfRl3kFr\">meet.google.com\/tuq-wrhy-frm<\/a><\/p>\n<p>Matheus Corr\u00eaa Lindino<br \/>\nCurso: Engenharia de Computa\u00e7\u00e3o<br \/>\nT\u00edtulo: Particionamento de blocos para o codificador Versatile Video Coding (VVC) auxiliado por aprendizado de m\u00e1quina<br \/>\nBanca:<br \/>\nProf. Guilherme Ribeiro Corr\u00eaa \u00a0(orientador(a))<br \/>\nProf. Mateus Grellert da Silva (coorientador(a))<br \/>\nProf. Anderson de Rezende Rocha<br \/>\nProf. Daniel Munari Vilchez Palomino<br \/>\nData: 12 de novembro de 2021<br \/>\nHora: 17:30<br \/>\nLocal: <a href=\"http:\/\/meet.google.com\/vxg-hwvc-qsy\" target=\"_blank\" rel=\"noopener\" data-saferedirecturl=\"https:\/\/www.google.com\/url?q=http:\/\/meet.google.com\/vxg-hwvc-qsy&amp;source=gmail&amp;ust=1645292285954000&amp;usg=AOvVaw1IckD2AP4fSTWqfrxeiQAN\">meet.google.com\/vxg-hwvc-qsy<\/a><\/p>\n<p>Matheus da Silva Jahnke<br \/>\nCurso: Engenharia de Computa\u00e7\u00e3o<br \/>\nT\u00edtulo: Predi\u00e7\u00e3o de Light Fields utilizando Redes Neurais Convolucionais<br \/>\nBanca:<br \/>\nProf. Bruno Zatt (orientador(a))<br \/>\n\u00cdtalo Dombrowski Machado (coorientador(a))<br \/>\nProf. Guilherme Ribeiro Corr\u00eaa<br \/>\nProf. Wagner Ishizaka Penny<br \/>\nData: 19 de novembro de 2021<br \/>\nHora: 14:00<br \/>\nLocal: <a href=\"https:\/\/meet.google.com\/tiz-yyoj-stk\" target=\"_blank\" rel=\"noopener\" data-saferedirecturl=\"https:\/\/www.google.com\/url?q=https:\/\/meet.google.com\/tiz-yyoj-stk&amp;source=gmail&amp;ust=1645292285954000&amp;usg=AOvVaw35dofjag0PvMzt4MoDkNol\">https:\/\/meet.google.com\/tiz-yyoj-stk<\/a><\/p>\n<p>Tamires Cardoso Rodrigues<br \/>\nCurso: Ci\u00eancia da Computa\u00e7\u00e3o<br \/>\nT\u00edtulo: Tecnologias Digitais para o Cuidado com a Sa\u00fade: o processo de avalia\u00e7\u00e3o da interface de usu\u00e1rio da aplica\u00e7\u00e3o DMI para o acompanhamento miccional e intestinal de pacientes<br \/>\nBanca:<br \/>\nProfa. Tatiana Aires Tavares (orientador(a))<br \/>\nProf. Tiago Thopsom Primo (coorientador(a))<br \/>\nProfa. Denise Carriconde Marques<br \/>\nProfa. Mait\u00ea Peres de Carvalho<br \/>\nProf. Vinicius Kruger da Costa<br \/>\nData: 19 de novembro de 2021<br \/>\nHora: 17:00<br \/>\nLocal:\u00a0 <a href=\"http:\/\/meet.google.com\/ajp-hnjf-weg\" target=\"_blank\" rel=\"noopener\" data-saferedirecturl=\"https:\/\/www.google.com\/url?q=http:\/\/meet.google.com\/ajp-hnjf-weg&amp;source=gmail&amp;ust=1645292285954000&amp;usg=AOvVaw32d3vr84L793k5qDMfbjIA\">meet.google.com\/ajp-hnjf-weg<\/a><\/p>\n<p>Tayssa Jardim de Avila<br \/>\nCurso: Ci\u00eancia da Computa\u00e7\u00e3o<br \/>\nT\u00edtulo: Um benchmark configur\u00e1vel para a compara\u00e7\u00e3o de mem\u00f3rias transacionais distribu\u00eddas<br \/>\nBanca:<br \/>\nProf. Andre Rauber Du Bois (orientador(a))<br \/>\nProfa. Ana Marilza Pernas Fleischmann<br \/>\nProf. Gerson Geraldo Homrich Cavalheiro<br \/>\nData: 17 de novembro de 2021<br \/>\nHora: 10:00<br \/>\nLocal: <a href=\"http:\/\/meet.google.com\/idb-bgkq-bjx\" target=\"_blank\" rel=\"noopener\" data-saferedirecturl=\"https:\/\/www.google.com\/url?q=http:\/\/meet.google.com\/idb-bgkq-bjx&amp;source=gmail&amp;ust=1645292285954000&amp;usg=AOvVaw0SAFnELi2ZxDWR6iMZJi1f\">meet.google.com\/idb-bgkq-bjx<\/a><\/p>\n<p>Vin\u00edcius Renato Rocha Geraldo<br \/>\nCurso: Engenharia de Computa\u00e7\u00e3o<br \/>\nT\u00edtulo: Avalia\u00e7\u00e3o de contramedidas baseadas em l\u00f3gicas DPL em FPGAs<br \/>\nBanca:<br \/>\nProf. Vin\u00edcius Valduga de Almeida Camargo (orientador(a))<br \/>\nMateus Terribele Leme (coorientador(a))<br \/>\nAlan Carlos Junior Rossetto<br \/>\nRafael Iankowski Soares<br \/>\nData: 10 de novembro de 2021<br \/>\nHora: 09:00<br \/>\nLocal: <a href=\"https:\/\/meet.google.com\/jyc-tcai-hjp\" target=\"_blank\" rel=\"noopener\" data-saferedirecturl=\"https:\/\/www.google.com\/url?q=https:\/\/meet.google.com\/jyc-tcai-hjp&amp;source=gmail&amp;ust=1645292285954000&amp;usg=AOvVaw3O0DQhdaWXTTraS8_X0Dd0\">https:\/\/meet.google.com\/jyc-tcai-hjp<\/a><\/p>\n<p>Yasmin de Braz Paula Hackbart<br \/>\nCurso: Ci\u00eancia da Computa\u00e7\u00e3o<br \/>\nT\u00edtulo: Dissemina\u00e7\u00e3o do Pensamento Computacional na Educa\u00e7\u00e3o B\u00e1sica: Proposta e Aplica\u00e7\u00e3o de Atividades Envolvendo Reconhecimento de Padr\u00f5es<br \/>\nBanca:<br \/>\nProfa. Simone Andr\u00e9 da Costa Cavalheiro (orientador(a))<br \/>\nProfa. Renana Hax Sander Reiser<br \/>\nProf. Andr\u00e9 Rauber Du Bois<br \/>\nData: 19 de novembro de 2021<br \/>\nHora: 9:00<br \/>\nLocal: <a href=\"https:\/\/meet.google.com\/dtc-qyhx-htm\" target=\"_blank\" rel=\"noopener\" data-saferedirecturl=\"https:\/\/www.google.com\/url?q=https:\/\/meet.google.com\/dtc-qyhx-htm&amp;source=gmail&amp;ust=1645292285954000&amp;usg=AOvVaw1YziVOnsQWrzp7fZe_Spxn\">https:\/\/meet.google.com\/dtc-qyhx-htm<\/a><\/p>\n<p>Yuri Rocha Weisshahn<br \/>\nCurso: Ci\u00eancia da Computa\u00e7\u00e3o<br \/>\nT\u00edtulo:\u00a0 Dissemina\u00e7\u00e3o do Pensamento Computacional na Educa\u00e7\u00e3o B\u00e1sica: Proposta e Aplica\u00e7\u00e3o de Atividades Envolvendo Listas Encadeadas<br \/>\nBanca:<br \/>\nProfa. Simone Andr\u00e9 da Costa Cavalheiro (orientador(a))<br \/>\nProfa. Luciana Foss (coorientador(a))<br \/>\nProfa. Renana Hax Sander Reiser (coorientador(a))<br \/>\nProfa. Ana Marilza Pernas Fleischmann<br \/>\nProf. Andr\u00e9 Rauber Du Bois<br \/>\nData:\u00a0 11 de novembro de 2021<br \/>\nHora: 10:00<br \/>\nLocal: <a href=\"http:\/\/meet.google.com\/wjg-mdfj-qnz\" target=\"_blank\" rel=\"noopener\" data-saferedirecturl=\"https:\/\/www.google.com\/url?q=http:\/\/meet.google.com\/wjg-mdfj-qnz&amp;source=gmail&amp;ust=1645292285954000&amp;usg=AOvVaw0AJMVdmRz5ufYY11Kaq4nQ\">meet.google.com\/wjg-mdfj-qnz<\/a><\/p>\n<p>Yuri Silva Vaz<br \/>\nCurso: Engenharia de Computa\u00e7\u00e3o<br \/>\nT\u00edtulo: Avalia\u00e7\u00e3o de Desempenho e Consumo Energ\u00e9tico de Algoritmos Criptogr\u00e1ficos para Aplica\u00e7\u00f5es IoT em Plataformas Arduino<br \/>\nBanca:<br \/>\nProf. J\u00falio Carlos Balzano de Mattos (orientador(a))<br \/>\nProf. Fernando Luis de Oliveira (coorientador(a))<br \/>\nProf. Rafael Iankowski Soares<br \/>\nProf. Felipe de Souza Marques<br \/>\nData: 11 de novembro de 2021<br \/>\nHora: 10:30<br \/>\nLocal:\u00a0 <a href=\"http:\/\/meet.google.com\/bbo-zqka-xxk\" target=\"_blank\" rel=\"noopener\" data-saferedirecturl=\"https:\/\/www.google.com\/url?q=http:\/\/meet.google.com\/bbo-zqka-xxk&amp;source=gmail&amp;ust=1645292285954000&amp;usg=AOvVaw1WtFEXZrQnF59MPMuFDofC\">meet.google.com\/bbo-zqka-xxk<\/a><\/p>\n","protected":false},"excerpt":{"rendered":"<p>Giorgio de Moraes Rossa Curso:Ci\u00eancia da Computa\u00e7\u00e3o T\u00edtulo:Predi\u00e7\u00e3o de Momento de Resposta de E-mails com Aprendizado de M\u00e1quina Banca: Prof. Ricardo Matsumura de Ara\u00fajo (orientador(a)) Profa. Larissa Freitas Prof. Ram\u00e1sio Ferreira de Melo Data:10 de novembro de 2021 Hora: 15:30 Guilherme de Souza da Silva Curso: Ci\u00eancia da Computa\u00e7\u00e3o T\u00edtulo: Estudo de An\u00e1lise da implementa\u00e7\u00e3o [&hellip;]<\/p>\n","protected":false},"author":800,"featured_media":0,"parent":84,"menu_order":0,"comment_status":"closed","ping_status":"closed","template":"","meta":{"footnotes":""},"class_list":["post-1241","page","type-page","status-publish","hentry"],"_links":{"self":[{"href":"https:\/\/wp.ufpel.edu.br\/notcc\/wp-json\/wp\/v2\/pages\/1241","targetHints":{"allow":["GET"]}}],"collection":[{"href":"https:\/\/wp.ufpel.edu.br\/notcc\/wp-json\/wp\/v2\/pages"}],"about":[{"href":"https:\/\/wp.ufpel.edu.br\/notcc\/wp-json\/wp\/v2\/types\/page"}],"author":[{"embeddable":true,"href":"https:\/\/wp.ufpel.edu.br\/notcc\/wp-json\/wp\/v2\/users\/800"}],"replies":[{"embeddable":true,"href":"https:\/\/wp.ufpel.edu.br\/notcc\/wp-json\/wp\/v2\/comments?post=1241"}],"version-history":[{"count":4,"href":"https:\/\/wp.ufpel.edu.br\/notcc\/wp-json\/wp\/v2\/pages\/1241\/revisions"}],"predecessor-version":[{"id":1330,"href":"https:\/\/wp.ufpel.edu.br\/notcc\/wp-json\/wp\/v2\/pages\/1241\/revisions\/1330"}],"up":[{"embeddable":true,"href":"https:\/\/wp.ufpel.edu.br\/notcc\/wp-json\/wp\/v2\/pages\/84"}],"wp:attachment":[{"href":"https:\/\/wp.ufpel.edu.br\/notcc\/wp-json\/wp\/v2\/media?parent=1241"}],"curies":[{"name":"wp","href":"https:\/\/api.w.org\/{rel}","templated":true}]}}