{"id":1229,"date":"2021-11-03T15:47:42","date_gmt":"2021-11-03T18:47:42","guid":{"rendered":"https:\/\/wp.ufpel.edu.br\/notcc\/?page_id=1229"},"modified":"2023-04-20T15:47:47","modified_gmt":"2023-04-20T18:47:47","slug":"monografias-2021","status":"publish","type":"page","link":"https:\/\/wp.ufpel.edu.br\/notcc\/monografias\/acervo\/monografias-2021\/","title":{"rendered":"Monografias 2021"},"content":{"rendered":"<p>Clique nos links abaixo para download<\/p>\n<h3><a href=\"https:\/\/drive.google.com\/drive\/folders\/1lrRRvkOc3BIAD3iMWBgTsMbGby4G_DcS?usp=share_link\" target=\"_blank\" rel=\"noopener noreferrer\">:: 2021\/1 \/  Click here to Download ::<\/a><\/h3>\n<p>&nbsp;<br \/>\n<strong>Monografias 2021-1 (defesas calend\u00e1rio 2021\/1)<\/strong><\/p>\n<p><strong>Predi\u00e7\u00e3o de Momento de Resposta de E-mails com Aprendizado de M\u00e1quina<\/strong><br \/>\npor Giorgio de Moraes Rossa<\/p>\n<p><strong>Estudo de An\u00e1lise da implementa\u00e7\u00e3o do Sistema WebSYHDA: De uma Arquitetura Monol\u00edtica para Microservi\u00e7os<\/strong><br \/>\npor Guilherme de Souza da Silva<\/p>\n<p><strong>Desenvolvimento de um Aplicativo para Classificar Sentimentos de Tweets em Tempos de Pandemia<\/strong><br \/>\npor Heliks Mota Mersenburg<\/p>\n<p><strong>Abordagem Mon\u00e1dica \u00e0 Transactional Boosting em Haskell<\/strong><br \/>\npor Jonathas Augusto de Oliveira Concei\u00e7\u00e3o<\/p>\n<p><strong>Guia de Suporte para o Desenvolvimento de Solu\u00e7\u00f5es Educacionais paraCrian\u00e7as Disl\u00e9xicas baseadas no Design Centrado no Usu\u00e1rio <\/strong><br \/>\npor Laura Quevedo Jurgina<\/p>\n<p><strong>Arquitetura de Hardware Configur\u00e1vel para a Predi\u00e7\u00e3o Intra-Quadro do Codificador de V\u00eddeo AV1<\/strong><br \/>\npor Luiz Cezar Moreira de Campos Neto<\/p>\n<p><strong>Particionamento de blocos para o codificador Versatile Video Coding (VVC) auxiliado por aprendizado de m\u00e1quina<\/strong><br \/>\npor Matheus Corr\u00eaa Lindino<\/p>\n<p><strong>Predi\u00e7\u00e3o de Light Fields utilizando Redes Neurais Convolucionais<\/strong><br \/>\npor Matheus da Silva Jahnke<\/p>\n<p><strong>Tecnologias Digitais para o Cuidado com a Sa\u00fade: o processo de avalia\u00e7\u00e3o da interface de usu\u00e1rio da aplica\u00e7\u00e3o DMI para o acompanhamento miccional e intestinal de pacientes<\/strong><br \/>\npor Tamires Cardoso Rodrigues<\/p>\n<p><strong>Um benchmark configur\u00e1vel para a compara\u00e7\u00e3o de mem\u00f3rias transacionais distribu\u00eddas<\/strong><br \/>\npor Tayssa Jardim de Avila<\/p>\n<p><strong>Avalia\u00e7\u00e3o de contramedidas baseadas em l\u00f3gicas DPL em FPGAs<\/strong><br \/>\npor Vin\u00edcius Renato Rocha Geraldo<\/p>\n<p><strong>Dissemina\u00e7\u00e3o do Pensamento Computacional na Educa\u00e7\u00e3o B\u00e1sica: Proposta e Aplica\u00e7\u00e3o de Atividades Envolvendo Reconhecimento de Padr\u00f5es<\/strong><br \/>\npor Yasmin de Braz Paula Hackbart<\/p>\n<p><strong>Dissemina\u00e7\u00e3o do Pensamento Computacional na Educa\u00e7\u00e3o B\u00e1sica: Proposta e Aplica\u00e7\u00e3o de Atividades Envolvendo Listas Encadeadas<\/strong><br \/>\npor Yuri Rocha Weisshahn<\/p>\n<p><strong>Avalia\u00e7\u00e3o de Desempenho e Consumo Energ\u00e9tico de Algoritmos Criptogr\u00e1ficos para Aplica\u00e7\u00f5es IoT em Plataformas Arduino<\/strong><br \/>\npor Yuri Silva VAz<\/p>\n<p>&nbsp;<\/p>\n<h3><a href=\"https:\/\/drive.google.com\/drive\/folders\/1EfTKi31dgG86A8L0q8cTHXyvI_IAtxlC?usp=share_link\" target=\"_blank\" rel=\"noopener noreferrer\">:: 2021\/2 Click here to Download ::<\/a><\/h3>\n<p>&nbsp;<\/p>\n<p><strong>Monografias 2021\/2 (defesas calend\u00e1rioAcad 2021\/2)\u00a0<\/strong><\/p>\n<p><strong>Implementa\u00e7\u00e3o de sistema para gest\u00e3o de hot\u00e9is utilizando pilha de<br \/>\ndesenvolvimento web<\/strong><br \/>\npor Andr\u00e9 Zuccetti Dalla Costa<\/p>\n<p><strong>Sem\u00e1foro Inteligente para Controle Din\u00e2mico do Tr\u00e1fego baseado em<br \/>\nProcessamento de Imagens<\/strong><br \/>\npor Gabriel Soares de Soares<\/p>\n<p><strong>Codificador de Entropia Multin\u00edvel baseado em Codifica\u00e7\u00e3o Aritm\u00e9tica para<br \/>\nLight Fields<\/strong><br \/>\npor Igor de Souza Rosler<\/p>\n<p><strong>C-BOT: um chatterbot para o ensino de programa\u00e7\u00e3o<\/strong><br \/>\npor Jo\u00e3o Eduardo Seffrin Soares<\/p>\n<p><strong>Avalia\u00e7\u00e3o de simuladores da tecnologia LoRa comparado a teste em ambientes reais<\/strong><br \/>\npor Jos\u00e9 Felipe Mor\u00e9 Pauletti<\/p>\n<p><strong>Otimiza\u00e7\u00e3o do fluxo de ve\u00edculos em vias com sem\u00e1foros sequenciais: uma abordagem utilizando algoritmos gen\u00e9ticos<\/strong><br \/>\npor Lucas Cau\u00e3 Da Silva De Lima<\/p>\n<p><strong> Caracteriza\u00e7\u00e3o estat\u00edstica de BTI e RTN em topologias de circuitos osciladores<br \/>\nem anel<\/strong><br \/>\npor Mairon Schneider Cardoso<\/p>\n<p><strong> Traduzindo m\u00fasicas escritas em HMusic para Java<\/strong><br \/>\npor Matheus Figueiredo Schmalfuss<\/p>\n<p><strong> Study Rooms: A utiliza\u00e7\u00e3o da gamifica\u00e7\u00e3o no apoio ao desenvolvimento de fundamentos de matem\u00e1tica para o Ensino M\u00e9dio<\/strong><br \/>\npor Pedro Schlee Monsalve<\/p>\n<p><strong> Analisando o engajamento de jogadores atrav\u00e9s de mapas procedurais<\/strong><br \/>\npor Ricardo Ferreira Padilha<\/p>\n<p><strong>Comparando abordagens baseadas em pistas lingu\u00edsticas e BERTimbau na<br \/>\ndetec\u00e7\u00e3o de conte\u00fado enganoso em l\u00edngua portuguesa<\/strong><br \/>\npor Rodrigo Ferreira Rodrigues<\/p>\n<p><strong>Avalia\u00e7\u00e3o da Robustez da Arquitetura GALS Pipeline baseada no Algoritmo<\/strong><br \/>\npor Roger Dilli Afonso<\/p>\n<p><strong>An\u00e1lise por agrupamento de fatores de risco associados \u00e0 morte precoce<br \/>\nmapeados pelo GSHS<\/strong><br \/>\npor Vitor Wachholz de Pinho<\/p>\n<h3><\/h3>\n","protected":false},"excerpt":{"rendered":"<p>Clique nos links abaixo para download :: 2021\/1 \/ Click here to Download :: &nbsp; Monografias 2021-1 (defesas calend\u00e1rio 2021\/1) Predi\u00e7\u00e3o de Momento de Resposta de E-mails com Aprendizado de M\u00e1quina por Giorgio de Moraes Rossa Estudo de An\u00e1lise da implementa\u00e7\u00e3o do Sistema WebSYHDA: De uma Arquitetura Monol\u00edtica para Microservi\u00e7os por Guilherme de Souza da [&hellip;]<\/p>\n","protected":false},"author":800,"featured_media":0,"parent":143,"menu_order":0,"comment_status":"closed","ping_status":"closed","template":"","meta":{"footnotes":""},"class_list":["post-1229","page","type-page","status-publish","hentry"],"_links":{"self":[{"href":"https:\/\/wp.ufpel.edu.br\/notcc\/wp-json\/wp\/v2\/pages\/1229","targetHints":{"allow":["GET"]}}],"collection":[{"href":"https:\/\/wp.ufpel.edu.br\/notcc\/wp-json\/wp\/v2\/pages"}],"about":[{"href":"https:\/\/wp.ufpel.edu.br\/notcc\/wp-json\/wp\/v2\/types\/page"}],"author":[{"embeddable":true,"href":"https:\/\/wp.ufpel.edu.br\/notcc\/wp-json\/wp\/v2\/users\/800"}],"replies":[{"embeddable":true,"href":"https:\/\/wp.ufpel.edu.br\/notcc\/wp-json\/wp\/v2\/comments?post=1229"}],"version-history":[{"count":15,"href":"https:\/\/wp.ufpel.edu.br\/notcc\/wp-json\/wp\/v2\/pages\/1229\/revisions"}],"predecessor-version":[{"id":1351,"href":"https:\/\/wp.ufpel.edu.br\/notcc\/wp-json\/wp\/v2\/pages\/1229\/revisions\/1351"}],"up":[{"embeddable":true,"href":"https:\/\/wp.ufpel.edu.br\/notcc\/wp-json\/wp\/v2\/pages\/143"}],"wp:attachment":[{"href":"https:\/\/wp.ufpel.edu.br\/notcc\/wp-json\/wp\/v2\/media?parent=1229"}],"curies":[{"name":"wp","href":"https:\/\/api.w.org\/{rel}","templated":true}]}}