{"id":1222,"date":"2021-11-03T14:28:29","date_gmt":"2021-11-03T17:28:29","guid":{"rendered":"https:\/\/wp.ufpel.edu.br\/notcc\/?page_id=1222"},"modified":"2023-04-20T15:30:59","modified_gmt":"2023-04-20T18:30:59","slug":"bancas-2020-2-2","status":"publish","type":"page","link":"https:\/\/wp.ufpel.edu.br\/notcc\/bancas\/historico\/bancas-2020-2-2\/","title":{"rendered":"Bancas 2020\/2"},"content":{"rendered":"<p>Alexandre Thurow Bender<br \/>\nCurso: Ci\u00eancia da Computa\u00e7\u00e3o<br \/>\nT\u00edtulo: Explorando \u00c1reas Tem\u00e1ticas das Produ\u00e7\u00f5es Cient\u00edficas dos Programas de P\u00f3s-Gradua\u00e7\u00e3o em Computa\u00e7\u00e3o no Brasil Utilizando Modelagem de T\u00f3picos<br \/>\nBanca:<br \/>\nProf. Ricardo Matsumura Araujo (orientador(a))<br \/>\nGlauco Roberto Munsberg<br \/>\nProfa. Larissa Astrogildo de Freitas<br \/>\nData: 16 de junho de 2021<br \/>\nHora: 16:00<br \/>\nLocal: https:\/\/meet.google.com\/ptd-bpck-rai<\/p>\n<p>Gabriel Pegoraro Gruppelli<br \/>\nCurso: Engenharia de Computa\u00e7\u00e3o<br \/>\nT\u00edtulo: Avalia\u00e7\u00e3o de cen\u00e1rios de totaliza\u00e7\u00e3o de votos<br \/>\nBanca:<br \/>\nProf. Gerson Geraldo Homrich Cavalheiro (orientador(a))<br \/>\nProf. Adenauer Correa Yamin<br \/>\nMaicon An\u00e7a dos Santos<br \/>\nData: 23 de junho de 2021<br \/>\nHora: 14:00<br \/>\nLocal: https:\/\/meet.google.com\/jbm-hpph-iyt<\/p>\n<p>Gilberto Kreisler Franco Neto<br \/>\nCurso: Ci\u00eancia da Computa\u00e7\u00e3o<br \/>\nT\u00edtulo: Identifica\u00e7\u00e3o e Rastreio de Objetos em uma Partida de Futebol de Rob\u00f4s da Categoria Very Small Size<br \/>\nBanca:<br \/>\nProf. Paulo Roberto Ferreira Jr. (orientador(a))<br \/>\nProf. Guilherme Ribeiro Corr\u00eaa (coorientador(a))<br \/>\nProf. Marilton Sanchotene de Aguiar<br \/>\nProf. Alan Carlos Junior Rossetto<br \/>\nData: 18 de junho de 2021<br \/>\nHora: 8:00<br \/>\nLocal: https:\/\/meet.google.com\/vnf-xmra-ajj<\/p>\n<p>Henrique Neitzel Saenger<br \/>\nCurso: Ci\u00eancia da Computa\u00e7\u00e3o<br \/>\nT\u00edtulo: Sistema de recomenda\u00e7\u00e3o de filtragem h\u00edbrida para a sugest\u00e3o de locais para alimenta\u00e7\u00e3o adaptados a dietas de al\u00e9rgicos \u00e0 lactose e gl\u00faten<br \/>\nBanca:<br \/>\nProfa. Ana Marilza Pernas Fleischmann (orientador(a))<br \/>\nProf. Tiago Thompsen Primo (coorientador(a))<br \/>\nProf. Marilton Sanchotene de Aguiar<br \/>\nProfa. Tatiana Aires Tavares<br \/>\nData: 14 de junho de 2021<br \/>\nHora: 8:00<br \/>\nLocal:&lt;\/strong&gt; meet.google.com\/pjx-papw-ecb<\/p>\n<p>Henry Soares Pereira<br \/>\nCurso: Ci\u00eancia da Computa\u00e7\u00e3o<br \/>\nT\u00edtulo: An\u00e1lise de desempenho entre Mem\u00f3ria Transacional e OpenMP usando as bibliotecas TinySTM e GCC-TM<br \/>\nBanca:<br \/>\nProf. Gerson Geraldo H. Cavalheiro (orientador(a))<br \/>\nProf. Andr\u00e9 Desessards Jardim (coorientador(a))<br \/>\nProf. Andr\u00e9 Rauber Du Bois<br \/>\nProf. Douglas Pasqualin<br \/>\nData:17 de junho de 2021<br \/>\nHora: 14:00<br \/>\nLocal: meet.google.com\/rcw-mhnz-xcr<\/p>\n<p>Jo\u00e3o Pedro Ladeira Rezende<br \/>\nCurso: Ci\u00eancia da Computa\u00e7\u00e3o<br \/>\nT\u00edtulo: Detec\u00e7\u00e3o autom\u00e1tica de opera\u00e7\u00f5es de redu\u00e7\u00e3o em programas C sequenciais<br \/>\nBanca:<br \/>\nProf. Gerson Geraldo Homrich Cavalheiro (orientador(a))<br \/>\nProf. Edevaldo Braga dos Santos (coorientador(a))<br \/>\nProf. Rafael Piccin Torchelsen<br \/>\nProf. Andr\u00e9 Rauber Du Bois<br \/>\nData: 18 de junho de 2021<br \/>\nHora: 14:00<br \/>\nLocal:https:\/\/meet.google.com\/uyv-fdyc-pqg<\/p>\n<p>Let\u00edcia Sampaio<br \/>\nCurso: Ci\u00eancia da Computa\u00e7\u00e3o<br \/>\nT\u00edtulo: Visual Sims: uma plataforma que utiliza Computa\u00e7\u00e3o Gr\u00e1fica para auxiliar a aprendizagem<br \/>\nBanca:<br \/>\nProf. Rafael Piccin Torchelsen (orientador(a))<br \/>\nProf. Marilton Sanchotene de Aguiar<br \/>\nProfa. Tatiana Aires Tavares<br \/>\nData: 17 de junho de 2021<br \/>\nHora: 16:00<br \/>\nLocal: meet.google.com\/ihk-hwsn-msn<\/p>\n<p>Lukas Borges Iepsen<br \/>\nCurso: Ci\u00eancia da Computa\u00e7\u00e3o<br \/>\nT\u00edtulo: Predi\u00e7\u00e3o Temporal de Demanda por medicamentos utilizando Intelig\u00eancia Artificial<br \/>\nBanca:<br \/>\nProf. Ricardo Matsumura Araujo (orientador(a))<br \/>\nProf. Tiago Thompsen Primo<br \/>\nRafael Mezzari<br \/>\nData: 16 de junho de 2021<br \/>\nHora: 13:00<br \/>\nLocal: https:\/\/meet.google.com\/mhe-wfpd-row<\/p>\n<p>Marcello Morales Mu\u00f1oz<br \/>\nCurso: Engenharia de Computa\u00e7\u00e3o<br \/>\nT\u00edtulo: Metodologias de Reordena\u00e7\u00e3o de Rede de Transistores para Melhoria de Caracter\u00edsticas El\u00e9tricas em Portas L\u00f3gicas Complexas<br \/>\nBanca:<br \/>\nProf. Vin\u00edcius Valduga de Almeida Camargo (orientador(a))<br \/>\nHenrique Caldas Kessler (coorientador(a))<br \/>\nProf. Leomar Soares da Rosa J\u00fanior<br \/>\nProf. Felipe de Souza Marques<br \/>\nData: 17 de junho de 2021<br \/>\nHora: 10:00<br \/>\nLocal: meet.google.com\/bwe-dugu-jyq<\/p>\n<p>Mar\u00edlia Pit<br \/>\nCurso: Ci\u00eancia da Computa\u00e7\u00e3o<br \/>\nT\u00edtulo: SIMP: Uma Plataforma para Monitoramento do Samsara pela Internet<br \/>\nBanca:<br \/>\nProfa. Renata Hax Sander Reiser (orientador(a))<br \/>\nProf. Adenauer Correa Yamin (coorientador(a))<br \/>\nProf. Anderson Ferrugem<br \/>\nBruno Moura<br \/>\nData 18 de junho de 2021<br \/>\nHora: 14:00<br \/>\nLocal: https:\/\/meet.google.com\/hoq-varv-hrt<\/p>\n<p>Mateus Brugnaroto<br \/>\nCurso: Engenharia de Computa\u00e7\u00e3o<br \/>\nT\u00edtulo: An\u00e1lise dos resultados do modelo BERTimbau ajustado para a tarefa de Reconhecimento de Entidades Nomeadas<br \/>\nBanca:<br \/>\nProfa. Larissa Astrogildo de Freitas (orientador(a))<br \/>\nProf. Ulisses Brisolara Corr\u00eaa (coorientador(a))<br \/>\nProfa. Daniela Oliveira Ferreira do Amaral<br \/>\nProf. Tiago Thompsen Primo<br \/>\nData: 18 de junho de 2021<br \/>\nHora: 18:00<br \/>\nLocal: https:\/\/meet.google.com\/jjr-ipxa-ttu<\/p>\n<p>Moniele Kunrath Santos<br \/>\nCurso: Ci\u00eancia da Computa\u00e7\u00e3o<br \/>\nT\u00edtulo: Uma Abordagem para Enriquecer de Forma Semi-Autom\u00e1tica Ontologias de Dom\u00ednio em Portugu\u00eas Utilizando Word Embedding e Deep Learning<br \/>\nBanca:<br \/>\nProfa. Larissa Astrogildo de Freitas (orientador(a))<br \/>\nProfa. Ana Marilza Pernas<br \/>\nProf. Ricardo Matsumura Araujo<br \/>\nData: 18 de junho de 2021<br \/>\nHora: 10:00<br \/>\nLocal: https:\/\/meet.google.com\/kka-ecck-dqd<\/p>\n<p>Murilo Steinmetz B\u00f6hlke<br \/>\nCurso: Engenharia de Computa\u00e7\u00e3o<br \/>\nT\u00edtulo: Adapta\u00e7\u00e3o ao Logical Effort: Mantendo a Simplicidade e Reduzindo o Consumo em Portas Complexas<br \/>\nBanca:<br \/>\nProf. Leomar Soares da Rosa J\u00fanior (orientador(a))<br \/>\nProf. Vin\u00edcius Valduga de Almeida Camargo (coorientador(a))<br \/>\nProf. Rafael Iankowski Soares<br \/>\nProf. Alan Carlos J\u00fanior Rossetto<br \/>\nData: 16 de junho de 2021<br \/>\nHora: 15:00<br \/>\nLocal: meet.google.com\/aho-yboy-hpk<\/p>\n<p>Rafael Alves de Azevedo<br \/>\nCurso: Engenharia de Computa\u00e7\u00e3o<br \/>\nT\u00edtulo: An\u00e1lise de Desempenho e Consumo Energ\u00e9tico do Planejamento de Caminho de um Rob\u00f4 M\u00f3vel em Diferentes Plataformas<br \/>\nBanca:<br \/>\nProf. J\u00falio Carlos Balzano de Mattos (orientador(a))<br \/>\nProf. Paulo Roberto Ferreira Jr.<br \/>\nProf. Rafael Iankowski Soares<br \/>\nData: 18 de junho de 2021<br \/>\nHora: 16:00<br \/>\nLocal: meet.google.com\/zkr-bcjb-vvu<\/p>\n<p>Rafael Rutz dos Santos<br \/>\nCurso: Engenharia de Computa\u00e7\u00e3o<br \/>\nT\u00edtulo: Integra\u00e7\u00e3o de Modelos de Propaga\u00e7\u00e3o de Sinais no Simulador de Redes de Sensores Sem Fio Eboracum<br \/>\nBanca:<br \/>\nProf. Felipe de Souza Marques (orientador(a))<br \/>\nProfa. Lisane Brisolara de Brisolara (coorientador(a))<br \/>\nProf. Maiquel Canabarro (coorientador(a))<br \/>\nProf. Alan Carlos Junior Rossetto<br \/>\nProf. Julio Carlos Balzano de Mattos<br \/>\nData: 18 de junho de 2021<br \/>\nHora: 10:00<br \/>\nLocal: meet.google.com\/ckf-wzja-zsj<\/p>\n<p>Thiago Heron Albano de \u00c1vila<br \/>\nCurso: Ci\u00eancia da Computa\u00e7\u00e3o<br \/>\nT\u00edtulo: Framework de Recomenda\u00e7\u00e3o para est\u00edmulo a colabora\u00e7\u00e3o entre pesquisadores a partir do curr\u00edculo Lattes: um estudo de caso no PPG da Computa\u00e7\u00e3o<br \/>\nBanca:<br \/>\nProf. Tiago Thompsen Primo (orientador(a))<br \/>\nProf. Marilton Sanchotene de Aguiar (coorientador(a))<br \/>\nProfa. Ana Marilza Pernas Fleischmann<br \/>\nGlauco Roberto Munsberg<br \/>\nData: 16 de junho de 2021<br \/>\nHora: 11:00<br \/>\nLocal: https:\/\/meet.google.com\/fef-ehth-wev<\/p>\n<p>Valter Alberto Melgarejo Martins<br \/>\nCurso: Engenharia de Computa\u00e7\u00e3o<br \/>\nT\u00edtulo: Avalia\u00e7\u00e3o de Modelos de Aprendizado de M\u00e1quina e Aprendizado Profundo para Identifica\u00e7\u00e3o de Eventos Ac\u00fasticos de Sons de Ambiente<br \/>\nBanca<br \/>\nProf. Ricardo Matsumura de Araujo (orientador(a))<br \/>\nProf. Marilton Sanchotene de Aguiar<br \/>\nProf. Ulisses Brisolara Corr\u00eaa<br \/>\nData:18 de junho de 2021<br \/>\nHora: 13:30<br \/>\nLocal:&lt;\/strong&gt; meet.google.com\/jhn-qddm-jyk<\/p>\n","protected":false},"excerpt":{"rendered":"<p>Alexandre Thurow Bender Curso: Ci\u00eancia da Computa\u00e7\u00e3o T\u00edtulo: Explorando \u00c1reas Tem\u00e1ticas das Produ\u00e7\u00f5es Cient\u00edficas dos Programas de P\u00f3s-Gradua\u00e7\u00e3o em Computa\u00e7\u00e3o no Brasil Utilizando Modelagem de T\u00f3picos Banca: Prof. Ricardo Matsumura Araujo (orientador(a)) Glauco Roberto Munsberg Profa. Larissa Astrogildo de Freitas Data: 16 de junho de 2021 Hora: 16:00 Local: https:\/\/meet.google.com\/ptd-bpck-rai Gabriel Pegoraro Gruppelli Curso: Engenharia [&hellip;]<\/p>\n","protected":false},"author":800,"featured_media":0,"parent":84,"menu_order":0,"comment_status":"closed","ping_status":"closed","template":"","meta":{"footnotes":""},"class_list":["post-1222","page","type-page","status-publish","hentry"],"_links":{"self":[{"href":"https:\/\/wp.ufpel.edu.br\/notcc\/wp-json\/wp\/v2\/pages\/1222","targetHints":{"allow":["GET"]}}],"collection":[{"href":"https:\/\/wp.ufpel.edu.br\/notcc\/wp-json\/wp\/v2\/pages"}],"about":[{"href":"https:\/\/wp.ufpel.edu.br\/notcc\/wp-json\/wp\/v2\/types\/page"}],"author":[{"embeddable":true,"href":"https:\/\/wp.ufpel.edu.br\/notcc\/wp-json\/wp\/v2\/users\/800"}],"replies":[{"embeddable":true,"href":"https:\/\/wp.ufpel.edu.br\/notcc\/wp-json\/wp\/v2\/comments?post=1222"}],"version-history":[{"count":5,"href":"https:\/\/wp.ufpel.edu.br\/notcc\/wp-json\/wp\/v2\/pages\/1222\/revisions"}],"predecessor-version":[{"id":1329,"href":"https:\/\/wp.ufpel.edu.br\/notcc\/wp-json\/wp\/v2\/pages\/1222\/revisions\/1329"}],"up":[{"embeddable":true,"href":"https:\/\/wp.ufpel.edu.br\/notcc\/wp-json\/wp\/v2\/pages\/84"}],"wp:attachment":[{"href":"https:\/\/wp.ufpel.edu.br\/notcc\/wp-json\/wp\/v2\/media?parent=1222"}],"curies":[{"name":"wp","href":"https:\/\/api.w.org\/{rel}","templated":true}]}}