{"id":1186,"date":"2021-05-30T18:18:29","date_gmt":"2021-05-30T21:18:29","guid":{"rendered":"https:\/\/wp.ufpel.edu.br\/notcc\/?page_id=1186"},"modified":"2023-04-20T14:43:27","modified_gmt":"2023-04-20T17:43:27","slug":"monografias-2020","status":"publish","type":"page","link":"https:\/\/wp.ufpel.edu.br\/notcc\/monografias\/acervo\/monografias-2020\/","title":{"rendered":"Monografias 2020"},"content":{"rendered":"<p>Clique nos links abaixo para download<\/p>\n<h3><a href=\"https:\/\/drive.google.com\/drive\/folders\/1naJt6yeuC5GHbOP_bXuI-uSsyhDFd0Pc?usp=share_link\" target=\"_blank\" rel=\"noopener noreferrer\">:: 2020\/1-alt (semestre alternativo) \/ Click here to Download ::<\/a><\/h3>\n<p><strong>Ci\u00eancia da Computa\u00e7\u00e3o<\/strong><\/p>\n<p>Uma proposta de um simulador para a visualiza\u00e7\u00e3o de planejamento de rotas em VANTs utilizando a ferramenta Unity 3D<\/p>\n<p>Por <strong>Pedro Halmenschlager<\/strong><\/p>\n<p>Ferramenta para teste de caos em arquitetura de software baseada em microsservi\u00e7os.<\/p>\n<p>Por <strong>Igor Barbosa<\/strong><\/p>\n<p>Desenvolvimento de uma linguagem de programa\u00e7\u00e3o baseada no Pi Calculus e um compilador para java<\/p>\n<p>Por <strong>Douglas Janovik Maliszewski<\/strong><\/p>\n<h3><a href=\"https:\/\/drive.google.com\/drive\/folders\/1qDmoZlSxiQu3Z7LK3il-E9xbzApfOOnx?usp=share_link\" target=\"_blank\" rel=\"noopener noreferrer\">:: 2020\/1 (Calend\u00e1rio Acad) \/ Click here to Download ::<\/a><\/h3>\n<p><span style=\"font-size: 14pt\"><strong>Monografias 2020-1(Calend\u00e1rio Acad) <\/strong><\/span><\/p>\n<p><strong>Ci\u00eancia da Computa\u00e7\u00e3o<\/strong><\/p>\n<p>Chatterbot como apoio \u00e0 tomada de decis\u00e3o no contexto do gerenciamento de recursos naturais<br \/>\nPor <strong>Bruno Cascaes Alves<\/strong><\/p>\n<p>Uso de \u00e1rvores de decis\u00e3o para a escolha r\u00e1pida de modos de predi\u00e7\u00e3o intraquadro no codificador 3D-HEVC por <strong>Christopher Concei\u00e7\u00e3o Moura<\/strong><\/p>\n<p>Acentua F\u00e1cil: Sistema de Aux\u00edlio \u00e0 Acentua\u00e7\u00e3o do Portugu\u00eas Brasileiro por <strong>Gabriella Selbach Staniecki<\/strong><\/p>\n<p>Expans\u00e3o de um Framework de An\u00e1lise de Sentimentos em Portugu\u00eas utilizando T\u00e9cnicas de Aprendizado de M\u00e1quina por <strong>Laerte dos Santos Cardozo<\/strong><\/p>\n<p>Investiga\u00e7\u00e3o da Implementa\u00e7\u00e3o de Portas L\u00f3gicas Combinacionais Utilizando Topologia de Redes de Transistores Alternativa NSP por <strong>Leila Silva Nobre<\/strong><\/p>\n<p>EMusic: Programa\u00e7\u00e3o de m\u00fasica eletr\u00f4nica usando a linguagem Elm. por <strong>Lucas Guerreiro Cantarelli<\/strong><\/p>\n<p>An\u00e1lise de Impacto de Investimento em M\u00eddias Digitais em Convers\u00f5es Online Utilizando Aprendizado de M\u00e1quina por <strong>Marcelo Nunes Noguez<\/strong><\/p>\n<p>Solu\u00e7\u00e3o para o acompanhamento miccional e intestinal de pacientes do Ambulat\u00f3rio de Pediatria da UFPel por <strong>Matheus Ropke Neiverth<\/strong><\/p>\n<p>Um Chatbot para Coleta de Depoimentos em \u00c1udio Durante a Pandemia COVID-19 por <strong>Victor Cosenza Vieira da Silva<\/strong><\/p>\n<p>Um algoritmo de baixa complexidade e sua arquitetura eficiente para o modo DMM-1 do padr\u00e3o 3D-HEVC por <strong>Vinicius de Araujo Borges<\/strong><\/p>\n<p>Um estudo de caso sobre os processos e tecnologias envolvidos na cria\u00e7\u00e3o de Data Warehouses na empresa Elixir AI por <strong>V\u00edtor Resing Plentz<\/strong><\/p>\n<p><strong>Engenharia de Computa\u00e7\u00e3o<\/strong><\/p>\n<p>Equipamento de pesagem hospitalar integrado com sistema web. por <strong>Arthur Cardozo Godinho<\/strong><\/p>\n<p>Transformadas H\u00edbridas 4D de Tamanhos M\u00faltiplos para Codifica\u00e7\u00e3o de Light Fields por <strong>Cristian Maruan Bosin<\/strong><\/p>\n<p>Avalia\u00e7\u00e3o do potencial de paralelismo na codifica\u00e7\u00e3o de v\u00eddeo com a ferramenta de tiles do codificador AV1. por <strong>Jo\u00e3o Pedro Kohls Bast<\/strong><\/p>\n<p>Classifica\u00e7\u00e3o de Sequ\u00eancias Virais em Dados de Sequenciamento Metagen\u00f4micos de Mosquitos Vetores de Arbov\u00edrus atrav\u00e9s de Aprendizado de M\u00e1quina por<strong> Lucas Coutinho Freitas<\/strong><\/p>\n<p>Ferramenta para identifica\u00e7\u00e3o e classifica\u00e7\u00e3o de erros fonol\u00f3gicos em textos de crian\u00e7as do ensino fundamental por <strong>Patr\u00edcia Moreno Ribeiro<\/strong><\/p>\n<p>&nbsp;<\/p>\n<h3><a href=\"https:\/\/drive.google.com\/drive\/folders\/1lWOIJgFPdPtmVPgJ5I0axrwyx4zqGTJG?usp=share_link\" target=\"_blank\" rel=\"noopener noreferrer\">:: 2020\/2 \/ Click here to Download ::<\/a><\/h3>\n<p><span style=\"font-size: 14pt\"><strong>Monografias 2020-2<\/strong><\/span><\/p>\n<p><strong>Ci\u00eancia da Computa\u00e7\u00e3o<\/strong><\/p>\n<p>Explorando \u00c1reas Tem\u00e1ticas das Produ\u00e7\u00f5es Cient\u00edficas dos Programas de P\u00f3s-Gradua\u00e7\u00e3o em Computa\u00e7\u00e3o no Brasil Utilizando Modelagem de T\u00f3picos<br \/>\nPor Alexandre Thurow Bender<\/p>\n<p>Identifica\u00e7\u00e3o e Rastreio de Objetos em uma Partida de Futebol de Rob\u00f4s da Categoria Very Small Size<br \/>\nGilberto Kreisler Franco Neto<\/p>\n<p>Sistema de recomenda\u00e7\u00e3o de filtragem h\u00edbrida para a sugest\u00e3o de locais para alimenta\u00e7\u00e3o adaptados a dietas de al\u00e9rgicos \u00e0 lactose e gl\u00faten Henrique Neitzel Saenger<\/p>\n<p>An\u00e1lise de desempenho entre Mem\u00f3ria Transacional e OpenMP usando as bibliotecas TinySTM e GCC-TM<br \/>\nHenry Soares Pereira<\/p>\n<p>Detec\u00e7\u00e3o autom\u00e1tica de opera\u00e7\u00f5es de redu\u00e7\u00e3o em programas C sequenciais<br \/>\nJo\u00e3o Pedro Ladeira Rezende<\/p>\n<p>Visual Sims: uma plataforma que utiliza Computa\u00e7\u00e3o Gr\u00e1fica para auxiliar a aprendizagem<br \/>\nLet\u00edcia Sampaio<\/p>\n<p>Predi\u00e7\u00e3o Temporal de Demanda por medicamentos utilizando Intelig\u00eancia Artificial<br \/>\nLukas Borges Iepsen<\/p>\n<p>SIMP: Uma Plataforma para Monitoramento do Samsara pela Internet<br \/>\nMar\u00edlia Pit<\/p>\n<p>Uma Abordagem para Enriquecer de Forma Semi-Autom\u00e1tica Ontologias de Dom\u00ednio em Portugu\u00eas Utilizando Word Embedding e Deep Learning<br \/>\nMoniele Kunrath Santos<\/p>\n<p>Framework de Recomenda\u00e7\u00e3o para est\u00edmulo a colabora\u00e7\u00e3o entre pesquisadores a partir do curr\u00edculo Lattes: um estudo de caso no PPG da Computa\u00e7\u00e3o<br \/>\nThiago Heron Albano de \u00c1vila<\/p>\n<p><strong>Engenharia de Computa\u00e7\u00e3o<br \/>\n<\/strong><br \/>\nAvalia\u00e7\u00e3o de cen\u00e1rios de totaliza\u00e7\u00e3o de votos<br \/>\nPor Gabriel Pegoraro Gruppelli<\/p>\n<p>Metodologias de Reordena\u00e7\u00e3o de Rede de Transistores para Melhoria de Caracter\u00edsticas El\u00e9tricas em Portas L\u00f3gicas Complexas<br \/>\nMarcello Morales Mu\u00f1oz<\/p>\n<p>An\u00e1lise dos resultados do modelo BERTimbau ajustado para a tarefa de Reconhecimento de Entidades Nomeadas<br \/>\nMateus Brugnaroto<\/p>\n<p>Adapta\u00e7\u00e3o ao Logical Effort: Mantendo a Simplicidade e Reduzindo o Consumo em Portas Complexas<br \/>\nMurilo Steinmetz B\u00f6hlke<\/p>\n<p>An\u00e1lise de Desempenho e Consumo Energ\u00e9tico do Planejamento de Caminho de um Rob\u00f4 M\u00f3vel em Diferentes Plataformas<br \/>\nRafael Alves de Azevedo<\/p>\n<p>Integra\u00e7\u00e3o de Modelos de Propaga\u00e7\u00e3o de Sinais no Simulador de Redes de Sensores Sem Fio Eboracum<br \/>\nRafael Rutz dos Santos<\/p>\n<p>Avalia\u00e7\u00e3o de Modelos de Aprendizado de M\u00e1quina e Aprendizado Profundo para Identifica\u00e7\u00e3o de Eventos Ac\u00fasticos de Sons de Ambiente<br \/>\nValter Alberto Melgarejo Martins<\/p>\n","protected":false},"excerpt":{"rendered":"<p>Clique nos links abaixo para download :: 2020\/1-alt (semestre alternativo) \/ Click here to Download :: Ci\u00eancia da Computa\u00e7\u00e3o Uma proposta de um simulador para a visualiza\u00e7\u00e3o de planejamento de rotas em VANTs utilizando a ferramenta Unity 3D Por Pedro Halmenschlager Ferramenta para teste de caos em arquitetura de software baseada em microsservi\u00e7os. Por Igor [&hellip;]<\/p>\n","protected":false},"author":800,"featured_media":0,"parent":143,"menu_order":0,"comment_status":"closed","ping_status":"closed","template":"","meta":{"footnotes":""},"class_list":["post-1186","page","type-page","status-publish","hentry"],"_links":{"self":[{"href":"https:\/\/wp.ufpel.edu.br\/notcc\/wp-json\/wp\/v2\/pages\/1186","targetHints":{"allow":["GET"]}}],"collection":[{"href":"https:\/\/wp.ufpel.edu.br\/notcc\/wp-json\/wp\/v2\/pages"}],"about":[{"href":"https:\/\/wp.ufpel.edu.br\/notcc\/wp-json\/wp\/v2\/types\/page"}],"author":[{"embeddable":true,"href":"https:\/\/wp.ufpel.edu.br\/notcc\/wp-json\/wp\/v2\/users\/800"}],"replies":[{"embeddable":true,"href":"https:\/\/wp.ufpel.edu.br\/notcc\/wp-json\/wp\/v2\/comments?post=1186"}],"version-history":[{"count":9,"href":"https:\/\/wp.ufpel.edu.br\/notcc\/wp-json\/wp\/v2\/pages\/1186\/revisions"}],"predecessor-version":[{"id":1325,"href":"https:\/\/wp.ufpel.edu.br\/notcc\/wp-json\/wp\/v2\/pages\/1186\/revisions\/1325"}],"up":[{"embeddable":true,"href":"https:\/\/wp.ufpel.edu.br\/notcc\/wp-json\/wp\/v2\/pages\/143"}],"wp:attachment":[{"href":"https:\/\/wp.ufpel.edu.br\/notcc\/wp-json\/wp\/v2\/media?parent=1186"}],"curies":[{"name":"wp","href":"https:\/\/api.w.org\/{rel}","templated":true}]}}