{"id":1182,"date":"2021-05-30T18:11:05","date_gmt":"2021-05-30T21:11:05","guid":{"rendered":"https:\/\/wp.ufpel.edu.br\/notcc\/?page_id=1182"},"modified":"2023-04-20T14:50:59","modified_gmt":"2023-04-20T17:50:59","slug":"bancas-2020-2","status":"publish","type":"page","link":"https:\/\/wp.ufpel.edu.br\/notcc\/bancas\/historico\/bancas-2020-2\/","title":{"rendered":"Bancas 2020-1"},"content":{"rendered":"<h3>Arthur Cardozo Godinho<\/h3>\n<p><strong>Curso:<\/strong> Engenharia de Computa\u00e7\u00e3o<br \/>\n<strong>T\u00edtulo:<\/strong> Equipamento de pesagem hospitalar integrado com sistema web<br \/>\n<strong>Banca:<\/strong><br \/>\nProf. Rafael Iankowski Soares (orientador(a))<br \/>\nProf. Leomar Soares da Rosa J\u00fanior (coorientador(a))<br \/>\nProf. Adenauer Corr\u00eaa Yamin<br \/>\nProf. Anderson Priebe Ferrugem<br \/>\n<strong>Data:<\/strong> 15 de dezembro de 2020<br \/>\n<strong>Hora:<\/strong> 10:00<br \/>\n<strong>Local:<\/strong> VideoConfer\u00eancia<\/p>\n<hr>\n<h3>Bruno Cascaes Alves<\/h3>\n<p><strong>Curso:<\/strong> Engenharia de Computa\u00e7\u00e3o<br \/>\n<strong>T\u00edtulo:<\/strong> Chatterbot como apoio \u00e0 tomada de decis\u00e3o no contexto do gerenciamento de recursos naturais<br \/>\n<strong>Banca:<\/strong><br \/>\nProf. Marilton Sanchotene de Aguiar (orientador(a))<br \/>\nProfa. Larissa Astrogildo de Freitas (coorientador(a))<br \/>\nProf. Giovani Parente Farias<br \/>\nProfa. Miriam Blank Born<br \/>\n<strong>Data:<\/strong> 14 de dezembro de 2020<br \/>\n<strong>Hora:<\/strong> 8:00<br \/>\n<strong>Local:<\/strong> Videoconfer\u00eancia<\/p>\n<hr>\n<h3>Christopher Concei\u00e7\u00e3o Moura<\/h3>\n<p><strong>Curso:<\/strong> Ci\u00eancia da Computa\u00e7\u00e3o<br \/>\n<strong>T\u00edtulo:<\/strong> Uso de \u00e1rvores de decis\u00e3o para a escolha r\u00e1pida de modos de predi\u00e7\u00e3o intraquadro no codificador 3D-HEVC<br \/>\n<strong>Banca:<\/strong><br \/>\nProf. Luciano Volcan Agostini (orientador(a))<br \/>\nM\u00e1rio Roberto de Freitas Saldanha (coorientador(a))<br \/>\nGustavo Freitas Sanchez<br \/>\nProf. Guilherme Ribeiro Corr\u00eaa<br \/>\n<strong>Data:<\/strong> 15 de dezembro de 2020<br \/>\n<strong>Hora:<\/strong> 17:00<br \/>\n<strong>Local:<\/strong> videoconfer\u00eancia<\/p>\n<hr>\n<h3>Cristian Maruan Bosin<\/h3>\n<p><strong>Curso:<\/strong> Engenharia de Computa\u00e7\u00e3o<br \/>\n<strong>T\u00edtulo:<\/strong> Transformadas H\u00edbridas 4D de Tamanhos M\u00faltiplos para Codifica\u00e7\u00e3o de Light Fields<br \/>\n<strong>Banca:<\/strong><br \/>\nProf. Bruno Zatt (orientador(a))<br \/>\nProf. Daniel Palomino (coorientador(a))<br \/>\nProf. Fabio Ramos<br \/>\nProf. Marcelo Porto<br \/>\n<strong>Data:<\/strong> 16 de dezembro de 2020<br \/>\n<strong>Hora:<\/strong> 16:00<br \/>\n<strong>Local:<\/strong> VideoConfer\u00eancia<\/p>\n<hr>\n<h3>Gabriella Selbach Staniecki<\/h3>\n<p><strong>Curso:<\/strong> Ci\u00eancia da Computa\u00e7\u00e3o<br \/>\n<strong>T\u00edtulo:<\/strong> Acentua F\u00e1cil: Sistema de Aux\u00edlio \u00e0 Acentua\u00e7\u00e3o do Portugu\u00eas Brasileiro<br \/>\n<strong>Banca:<\/strong><br \/>\nProfa. Larissa Astrogildo de Freitas (orientador(a))<br \/>\nProf. Tiago Thompsen Primo (coorientador(a))<br \/>\nProfa. Simone Andre da Costa Cavalheiro<br \/>\nProfa. Fabiane Beletti da Silva<br \/>\n<strong>Data:<\/strong> 11 de dezembro de 2020<br \/>\n<strong>Hora:<\/strong> 18:00<br \/>\n<strong>Local:<\/strong> Videoconfer\u00eancia<\/p>\n<hr>\n<h3>Jo\u00e3o Pedro Kohls Bast<\/h3>\n<p><strong>Curso:<\/strong> Engenharia de Computa\u00e7\u00e3o<br \/>\n<strong>T\u00edtulo:<\/strong> Avalia\u00e7\u00e3o do potencial de paralelismo na codifica\u00e7\u00e3o de v\u00eddeo com a ferramenta de tiles do codificador AV1<br \/>\n<strong>Banca:<\/strong><br \/>\nProf. DanielPalomino (orientador(a))<br \/>\nIago Storch (coorientador(a))<br \/>\nProf. Bruno Zatt<br \/>\nProf. Marcelo Porto<br \/>\n<strong>Data:<\/strong> 11 de dezembro de 2020<br \/>\n<strong>Hora:<\/strong> 13:30<br \/>\n<strong>Local:<\/strong> Videoconfer\u00eancia<\/p>\n<hr>\n<h3>Laerte dos Santos Cardozo<\/h3>\n<p><strong>Curso:<\/strong> Ci\u00eancia da Computa\u00e7\u00e3o<br \/>\n<strong>T\u00edtulo:<\/strong> Expans\u00e3o de um Framework de An\u00e1lise de Sentimentos em Portugu\u00eas utilizando T\u00e9cnicas de Aprendizado de M\u00e1quina<br \/>\n<strong>Banca:<\/strong><br \/>\nProfa. Larissa Astrogildo de Freitas (orientador(a))<br \/>\nProf. Ulisses Brisolara Corr\u00eaa<br \/>\nProf. Ram\u00e1sio Ferreira de Melo<br \/>\n<strong>Data:<\/strong> 08 de dezembro de 2020<br \/>\n<strong>Hora:<\/strong> 14:00<br \/>\n<strong>Local:<\/strong> Google Meet<\/p>\n<hr>\n<h3>Leila Silva Nobre<\/h3>\n<p><strong>Curso:<\/strong> Ci\u00eancia da Computa\u00e7\u00e3o<br \/>\n<strong>T\u00edtulo:<\/strong> Investiga\u00e7\u00e3o da Implementa\u00e7\u00e3o de Portas L\u00f3gicas Combinacionais Utilizando Topologia de Redes de Transistores Alternativa NSP<br \/>\n<strong>Banca:<\/strong><br \/>\nProf. Leomar Soares da Rosa J\u00fanior (orientador(a))<br \/>\nProf. Rafael Iankowisk Soares<br \/>\nProf. Maicon Schneider Cardoso<br \/>\n<strong>Data:<\/strong> 18 de dezembro de 2020<br \/>\n<strong>Hora:<\/strong> 14:00<br \/>\n<strong>Local:<\/strong> Videoconf<\/p>\n<hr>\n<h3>Lucas Coutinho Freitas<\/h3>\n<p><strong>Curso:<\/strong> Engenharia de Computa\u00e7\u00e3o<br \/>\n<strong>T\u00edtulo:<\/strong> Classifica\u00e7\u00e3o de Sequ\u00eancias Virais em Dados de Sequenciamento Metagen\u00f4micos de Mosquitos Vetores de Arbov\u00edrus atrav\u00e9s de Aprendizado de M\u00e1quina<br \/>\n<strong>Banca:<\/strong><br \/>\nProf. Paulo Roberto Ferreira Jr. (orientador(a))<br \/>\nProf. Jo\u00e3o Paulo Pereira de Almeida (coorientador(a))<br \/>\nProf. Ulisses Brisolara Corr\u00eaa<br \/>\nProf. Eric Roberto Guimar\u00e3es Rocha Aguiar<br \/>\n<strong>Data:<\/strong> 18 de dezembro de 2020<br \/>\n<strong>Hora:<\/strong> 18:00<br \/>\n<strong>Local:<\/strong> https:\/\/us02web.zoom.us\/j\/81682696180?pwd=YnkrUnllUHhvTXVhY0ZZSFVkcVorUT09<\/p>\n<hr>\n<h3>Lucas Guerreiro Cantarelli<\/h3>\n<p><strong>Curso:<\/strong> Ci\u00eancia da Computa\u00e7\u00e3o<br \/>\n<strong>T\u00edtulo:<\/strong> EMusic: Programa\u00e7\u00e3o de m\u00fasica eletr\u00f4nica usando a linguagem Elm<br \/>\n<strong>Banca:<\/strong><br \/>\nProf. Andr\u00e9 Rauber Du Bois (orientador(a))<br \/>\nProf. Alan Carlos Junior Rossetto<br \/>\nProfa. Tatiana Tavares<br \/>\n<strong>Data:<\/strong> 16 de dezembro de 2020<br \/>\n<strong>Hora:<\/strong> 10:00<br \/>\n<strong>Local:<\/strong> VideoConfer\u00eancia<\/p>\n<hr>\n<h3>Marcelo Nunes Noguez<\/h3>\n<p><strong>Curso:<\/strong> Ci\u00eancia da Computa\u00e7\u00e3o<br \/>\n<strong>T\u00edtulo:<\/strong> An\u00e1lise de Impacto de Investimento em M\u00eddias Digitais em Convers\u00f5es Online Utilizando Aprendizado de M\u00e1quina<br \/>\n<strong>Banca:<\/strong><br \/>\nMarilton Sanchotene de Aguiar (orientador(a))<br \/>\nProfa. Larissa Astrogildo de Freitas<br \/>\nProf. Tiago Thompsen Primo<br \/>\n<strong>Data:<\/strong> 18 de dezembro de 2020<br \/>\n<strong>Hora:<\/strong> 15:30<br \/>\n<strong>Local:<\/strong> Videoconf<\/p>\n<hr>\n<h3>Matheus Ropke Neiverth<\/h3>\n<p><strong>Curso:<\/strong> Ci\u00eancia da Computa\u00e7\u00e3o<br \/>\n<strong>T\u00edtulo:<\/strong> Solu\u00e7\u00e3o para o acompanhamento miccional e intestinal de pacientes do Ambulat\u00f3rio de Pediatria da UFPel<br \/>\n<strong>Banca:<\/strong><br \/>\nProf. Tiago Thompsen Primo (orientador(a))<br \/>\nProfa. Denise Marques Mota (coorientador(a))<br \/>\nProf. Felipe de Souza Marques<br \/>\nProfa.Tatiana Aires Tavares<br \/>\n<strong>Data:<\/strong> 16 de dezembro de 2020<br \/>\n<strong>Hora:<\/strong> 16:00<br \/>\n<strong>Local:<\/strong> Videoconf<\/p>\n<hr>\n<h3>Patr\u00edcia Moreno Ribeiro<\/h3>\n<p><strong>Curso:<\/strong> Engenharia de Computa\u00e7\u00e3o<br \/>\n<strong>T\u00edtulo:<\/strong> Ferramenta para identifica\u00e7\u00e3o e classifica\u00e7\u00e3o de erros fonol\u00f3gicos em textos de crian\u00e7as do ensino fundamental<br \/>\n<strong>Banca:<\/strong><br \/>\nProfa. Larissa Astrogildo de Freitas (orientador(a))<br \/>\nAugusto Garcia Schmidt (coorientador(a))<br \/>\nProf. Tiago Thompsen Primo<br \/>\nProfa. Lissa Pachalski<br \/>\n<strong>Data:<\/strong> 16 de dezembro de 2020<br \/>\n<strong>Hora:<\/strong> 17:30<br \/>\n<strong>Local:<\/strong> videoconfer\u00eancia<\/p>\n<hr>\n<h3>Victor Cosenza Vieira da Silva<\/h3>\n<p><strong>Curso:<\/strong> Ci\u00eancia da Computa\u00e7\u00e3o<br \/>\n<strong>T\u00edtulo:<\/strong> Um Chatbot para Coleta de Depoimentos em \u00c1udio Durante a Pandemia COVID-19<br \/>\n<strong>Banca:<\/strong><br \/>\nProf. Ricardo Matsumura de Araujo (orientador(a))<br \/>\nProf. Ulisses Brisolara Correa<br \/>\nProfa. Larissa Astrogildo de Freitas<br \/>\n<strong>Data:<\/strong> 18 de dezembro de 2020<br \/>\n<strong>Hora:<\/strong> 14:00<br \/>\n<strong>Local:<\/strong> https:\/\/meet.google.com\/ypm-cupu-qwa<\/p>\n<hr>\n<h3>Vinicius de Araujo Borges<\/h3>\n<p><strong>Curso:<\/strong> Ci\u00eancia da Computa\u00e7\u00e3o<br \/>\n<strong>T\u00edtulo:<\/strong> Um algoritmo de baixa complexidade e sua arquitetura eficiente para o modo DMM-1 do padr\u00e3o 3D-HEVC<br \/>\n<strong>Banca:<\/strong><br \/>\nProf. Luciano Volcan Agostini (orientador(a))<br \/>\nMurilo Roschildt Perleberg (coorientador(a))<br \/>\nGustavo Freitas Sanchez<br \/>\nMarcel Moscarelli Corr\u00eaa<br \/>\n<strong>Data:<\/strong> 15 de dezembro de 2020<br \/>\n<strong>Hora:<\/strong> 16:00<br \/>\n<strong>Local:<\/strong> videoconfer\u00eancia<\/p>\n<hr>\n<h3>V\u00edtor Resing Plentz<\/h3>\n<p><strong>Curso:<\/strong> Ci\u00eancia da Computa\u00e7\u00e3o<br \/>\n<strong>T\u00edtulo:<\/strong> Um estudo de caso sobre os processos e tecnologias envolvidos na cria\u00e7\u00e3o de Data Warehouses na empresa Elixir AI<br \/>\n<strong>Banca:<\/strong><br \/>\nProf. Ricardo Matsumura de Ara\u00fajo (orientador(a))<br \/>\nProfa. Ana Marilza Pernas Fleischmann<br \/>\nProfa. Daniela Francisco Brauner<br \/>\n<strong>Data:<\/strong> 11 de dezembro de 2020<br \/>\n<strong>Hora:<\/strong> 15:00<br \/>\n<strong>Local:<\/strong> SALA VIRTUAL<\/p>\n<hr>\n","protected":false},"excerpt":{"rendered":"<p>Arthur Cardozo Godinho Curso: Engenharia de Computa\u00e7\u00e3o T\u00edtulo: Equipamento de pesagem hospitalar integrado com sistema web Banca: Prof. Rafael Iankowski Soares (orientador(a)) Prof. Leomar Soares da Rosa J\u00fanior (coorientador(a)) Prof. Adenauer Corr\u00eaa Yamin Prof. Anderson Priebe Ferrugem Data: 15 de dezembro de 2020 Hora: 10:00 Local: VideoConfer\u00eancia Bruno Cascaes Alves Curso: Engenharia de Computa\u00e7\u00e3o T\u00edtulo: [&hellip;]<\/p>\n","protected":false},"author":800,"featured_media":0,"parent":84,"menu_order":0,"comment_status":"closed","ping_status":"closed","template":"","meta":{"footnotes":""},"class_list":["post-1182","page","type-page","status-publish","hentry"],"_links":{"self":[{"href":"https:\/\/wp.ufpel.edu.br\/notcc\/wp-json\/wp\/v2\/pages\/1182","targetHints":{"allow":["GET"]}}],"collection":[{"href":"https:\/\/wp.ufpel.edu.br\/notcc\/wp-json\/wp\/v2\/pages"}],"about":[{"href":"https:\/\/wp.ufpel.edu.br\/notcc\/wp-json\/wp\/v2\/types\/page"}],"author":[{"embeddable":true,"href":"https:\/\/wp.ufpel.edu.br\/notcc\/wp-json\/wp\/v2\/users\/800"}],"replies":[{"embeddable":true,"href":"https:\/\/wp.ufpel.edu.br\/notcc\/wp-json\/wp\/v2\/comments?post=1182"}],"version-history":[{"count":5,"href":"https:\/\/wp.ufpel.edu.br\/notcc\/wp-json\/wp\/v2\/pages\/1182\/revisions"}],"predecessor-version":[{"id":1328,"href":"https:\/\/wp.ufpel.edu.br\/notcc\/wp-json\/wp\/v2\/pages\/1182\/revisions\/1328"}],"up":[{"embeddable":true,"href":"https:\/\/wp.ufpel.edu.br\/notcc\/wp-json\/wp\/v2\/pages\/84"}],"wp:attachment":[{"href":"https:\/\/wp.ufpel.edu.br\/notcc\/wp-json\/wp\/v2\/media?parent=1182"}],"curies":[{"name":"wp","href":"https:\/\/api.w.org\/{rel}","templated":true}]}}