{"id":1177,"date":"2021-05-30T17:59:33","date_gmt":"2021-05-30T20:59:33","guid":{"rendered":"https:\/\/wp.ufpel.edu.br\/notcc\/?page_id=1177"},"modified":"2023-04-20T14:48:29","modified_gmt":"2023-04-20T17:48:29","slug":"bancas-2020-1","status":"publish","type":"page","link":"https:\/\/wp.ufpel.edu.br\/notcc\/bancas\/historico\/bancas-2020-1\/","title":{"rendered":"Bancas 2020-1-Alt"},"content":{"rendered":"<h3>Douglas Janovik Maliszewski<\/h3>\n<p><strong>Curso:<\/strong> Ci\u00eancia da Computa\u00e7\u00e3o<br \/>\n<strong>T\u00edtulo:<\/strong> Desenvolvimento de uma linguagem de programa\u00e7\u00e3o baseada no Pi Calculus e um compilador para java<br \/>\n<strong>Banca:<\/strong><br \/>\nProf. Prof. Andr\u00e9 Rauber Du Bois (orientador(a))<br \/>\nProf. Gerson Geraldo Homrich Cavalheiro<br \/>\nProfa. Luciana Foss<br \/>\n<strong>Data:09\/09\/2020<\/strong><br \/>\n<strong>Hora:<\/strong> 10:00<br \/>\n<strong>Local:<\/strong> Google Meet<\/p>\n<hr>\n<h3>Igor Barbosa<\/h3>\n<p><strong>Curso:<\/strong> Ci\u00eancia da Computa\u00e7\u00e3o<br \/>\n<strong>T\u00edtulo:<\/strong> Ferramenta para teste de caos em arquitetura de software baseada em microsservi\u00e7os<br \/>\n<strong>Banca:<\/strong><br \/>\nProf. Lisane Brisolara de Brisolara (orientador(a))<br \/>\nTatiana Aires Tavares<br \/>\nAna Marilza Pernas Fleischmann<br \/>\n<strong>Data:<\/strong><br \/>\n<strong>Hora:<\/strong> 13:30<br \/>\n<strong>Local:<\/strong> Google Meet<\/p>\n<hr>\n<h3>Pedro Halmenschlager<\/h3>\n<p><strong>Curso:<\/strong> Ci\u00eancia da Computa\u00e7\u00e3o<br \/>\n<strong>T\u00edtulo:<\/strong> Uma proposta de um simulador para a visualiza\u00e7\u00e3o de planejamento de rotas em VANTs utilizando a ferramenta Unity 3D<br \/>\n<strong>Banca:<\/strong><br \/>\nProf. Rafael Piccin Torchelsen (orientador(a))<br \/>\nProf. Prof. Marilton Sanchotene de Aguiar<br \/>\nProf. Paulo Roberto Ferreira J\u00fanior<br \/>\n<strong>Data:11\/09\/2020<\/strong><br \/>\n<strong>Hora:<\/strong> 08:00<br \/>\n<strong>Local:<\/strong> Google Meet<\/p>\n<hr>\n","protected":false},"excerpt":{"rendered":"<p>Douglas Janovik Maliszewski Curso: Ci\u00eancia da Computa\u00e7\u00e3o T\u00edtulo: Desenvolvimento de uma linguagem de programa\u00e7\u00e3o baseada no Pi Calculus e um compilador para java Banca: Prof. Prof. Andr\u00e9 Rauber Du Bois (orientador(a)) Prof. Gerson Geraldo Homrich Cavalheiro Profa. Luciana Foss Data:09\/09\/2020 Hora: 10:00 Local: Google Meet Igor Barbosa Curso: Ci\u00eancia da Computa\u00e7\u00e3o T\u00edtulo: Ferramenta para teste [&hellip;]<\/p>\n","protected":false},"author":800,"featured_media":0,"parent":84,"menu_order":0,"comment_status":"closed","ping_status":"closed","template":"","meta":{"footnotes":""},"class_list":["post-1177","page","type-page","status-publish","hentry"],"_links":{"self":[{"href":"https:\/\/wp.ufpel.edu.br\/notcc\/wp-json\/wp\/v2\/pages\/1177","targetHints":{"allow":["GET"]}}],"collection":[{"href":"https:\/\/wp.ufpel.edu.br\/notcc\/wp-json\/wp\/v2\/pages"}],"about":[{"href":"https:\/\/wp.ufpel.edu.br\/notcc\/wp-json\/wp\/v2\/types\/page"}],"author":[{"embeddable":true,"href":"https:\/\/wp.ufpel.edu.br\/notcc\/wp-json\/wp\/v2\/users\/800"}],"replies":[{"embeddable":true,"href":"https:\/\/wp.ufpel.edu.br\/notcc\/wp-json\/wp\/v2\/comments?post=1177"}],"version-history":[{"count":4,"href":"https:\/\/wp.ufpel.edu.br\/notcc\/wp-json\/wp\/v2\/pages\/1177\/revisions"}],"predecessor-version":[{"id":1327,"href":"https:\/\/wp.ufpel.edu.br\/notcc\/wp-json\/wp\/v2\/pages\/1177\/revisions\/1327"}],"up":[{"embeddable":true,"href":"https:\/\/wp.ufpel.edu.br\/notcc\/wp-json\/wp\/v2\/pages\/84"}],"wp:attachment":[{"href":"https:\/\/wp.ufpel.edu.br\/notcc\/wp-json\/wp\/v2\/media?parent=1177"}],"curies":[{"name":"wp","href":"https:\/\/api.w.org\/{rel}","templated":true}]}}