{"id":1163,"date":"2021-05-04T16:55:37","date_gmt":"2021-05-04T19:55:37","guid":{"rendered":"https:\/\/wp.ufpel.edu.br\/notcc\/?page_id=1163"},"modified":"2022-02-21T16:10:44","modified_gmt":"2022-02-21T19:10:44","slug":"2021_1","status":"publish","type":"page","link":"https:\/\/wp.ufpel.edu.br\/notcc\/propostas\/avaliacoes\/2021_1\/","title":{"rendered":"Propostas 2021\/1"},"content":{"rendered":"<h2><strong>Avaliadores<\/strong><\/h2>\n<ul>\n<li>Ana Pernas &#8211;\u00a0anamarilza@gmail.com<\/li>\n<li>Anderson Ferrugem &#8211; apferrugem@gmail.com<\/li>\n<li>Gerson Cavalheiro &#8211; gerson.cavalheiro@inf.ufpel.edu.br<\/li>\n<li>Guilherme Corr\u00eaa &#8211; gcorrea@inf.ufpel.edu.br<\/li>\n<li>Larissa A. de Freitas &#8211; larissa@inf.ufpel.edu.br<\/li>\n<li>Leomar Rosa Junior &#8211; leomarjr@inf.ufpel.edu.br<\/li>\n<li>Lisane Brisolara -lisane@gmail.com<\/li>\n<li>Luciana Foss -lfoss@inf.ufpel.edu.br<\/li>\n<li>Luciano Agostini &#8211; agostini@inf.ufpel.edu.br<\/li>\n<li>Marcelo Porto &#8211; porto@inf.ufpel.edu.br<\/li>\n<li>Marilton Sanchotene de Aguiar &#8211; marilton@inf.ufpel.edu.br<\/li>\n<li>Rafael Burlamaqui Amaral &#8211; rafael.amaral@inf.ufpel.edu.br<\/li>\n<li>Rafael Soares &#8211; rafa.isoares@gmail.com<\/li>\n<li>Rafael Torchelsen &#8211; rafael.torchelsen@inf.ufpel.edu.br<\/li>\n<li>Renata Reiser &#8211; reiser@inf.ufpel.edu.br<\/li>\n<li>Ricardo Matsumura Araujo &#8211; ricardo.araujo@gmail.com<\/li>\n<li>Vinicius Valduga Camargo &#8211; vvacamargo@inf.ufpel.edu.br<\/li>\n<\/ul>\n<h2><strong>Propostas &#8211; Calend\u00e1rio <\/strong><strong>Acad\u00eamico <\/strong><strong>2021<\/strong><\/h2>\n<p>&nbsp;<\/p>\n<table style=\"border-collapse: collapse;width: 83.9373%;height: 268px\" border=\"1\">\n<tbody>\n<tr style=\"height: 45px\">\n<td style=\"width: 4.10554%;height: 45px\">1<\/td>\n<td style=\"width: 62.5611%;height: 45px;text-align: left\">Dara dos Santos Lima e Larissa Astrogildo de Freitas. Chatterbot para esclarecer d\u00favidas de alunos da computa\u00e7\u00e3o da UFPel<\/td>\n<td style=\"width: 33.3333%;height: 45px;text-align: left\">\n<p>Lisane Brisolara<\/p>\n<p>Anderson Ferrugem<\/td>\n<\/tr>\n<tr style=\"height: 21px\">\n<td style=\"width: 4.10554%;height: 21px\">2<\/td>\n<td style=\"width: 62.5611%;height: 21px;text-align: left\">Frederico Peixoto Antunes, Gerson Geraldo Homrich Cavalheiro e Fernando Emilio Puntel.\u00a0\u00a0\u00a0\u00a0\u00a0\u00a0 Estudo de Instru\u00e7\u00f5es para Implementa\u00e7\u00e3o de Suporte \u00e0 Mem\u00f3ria Transacional em Hardware<\/td>\n<td style=\"width: 33.3333%;height: 21px;text-align: left\">\n<p>Rafael Burlamaqui Amaral<\/p>\n<p>Rafael Torchelsen<\/td>\n<\/tr>\n<tr style=\"height: 21px\">\n<td style=\"width: 4.10554%;height: 21px\">3<\/td>\n<td style=\"width: 62.5611%;height: 21px;text-align: left\">Matheus F. Schmalfuss e Andr\u00e9 R. Du Bois. Implementa\u00e7\u00e3o de um Backend para a linguagem HMusic em Java<\/td>\n<td style=\"width: 33.3333%;height: 21px;text-align: left\">\n<p>Larissa A. de Freitas<\/p>\n<p>Rafael Torchelsen<\/td>\n<\/tr>\n<tr style=\"height: 21px\">\n<td style=\"width: 4.10554%;height: 21px\">4<\/td>\n<td style=\"width: 62.5611%;height: 21px;text-align: left\">Jo\u00e3o Vitor Chagas Possobom Vaz e Larissa Freitas. Cria\u00e7\u00e3o de um sistema de QA para Disciplinas da Computa\u00e7\u00e3o<\/td>\n<td style=\"width: 33.3333%;height: 21px;text-align: left\">\n<p>Marilton Sanchotene de Aguiar<\/p>\n<p>Gerson Cavalheiro<\/td>\n<\/tr>\n<tr style=\"height: 21px\">\n<td style=\"width: 4.10554%;height: 21px\">5<\/td>\n<td style=\"width: 62.5611%;height: 21px;text-align: left\">Christian Gressler e Alan Rossetto\u00a0\u00a0\u00a0 . An\u00e1lise do efeito de BTI em circuitos anal\u00f3gicos CMOS<\/td>\n<td style=\"width: 33.3333%;height: 21px;text-align: left\">\n<p>Leomar Rosa Junior<\/p>\n<p>Vinicius Valduga Camargo<\/td>\n<\/tr>\n<tr style=\"height: 21px\">\n<td style=\"width: 4.10554%;height: 21px\">6<\/td>\n<td style=\"width: 62.5611%;height: 21px;text-align: left\">Jo\u00e3o Barth. Implementa\u00e7\u00e3o de fun\u00e7\u00f5es utilit\u00e1rias para a valida\u00e7\u00e3o de circuitos desenvolvidos usando a ferramenta NMLSIM<\/td>\n<td style=\"width: 33.3333%;height: 21px;text-align: left\">\n<p>Vinicius Valduga Camargo<\/p>\n<p>Guilherme Corr\u00eaa<\/td>\n<\/tr>\n<tr style=\"height: 21px\">\n<td style=\"width: 4.10554%;height: 21px\">7<\/td>\n<td style=\"width: 62.5611%;height: 21px;text-align: left\">Rodrigo Rodrigues e Larissa Astrogildo De Freitas. Comparando abordagens baseadas em features lingu\u00edsticas e BERT na Detec\u00e7\u00e3o de Not\u00edcias Falsas em l\u00edngua portuguesa<\/td>\n<td style=\"width: 33.3333%;height: 21px;text-align: left\">\n<p>Rafael Burlamaqui Amaral<\/p>\n<p>Ricardo Matsumura Araujo<\/td>\n<\/tr>\n<tr style=\"height: 21px\">\n<td style=\"width: 4.10554%;height: 21px\">8<\/td>\n<td style=\"width: 62.5611%;height: 21px;text-align: left\">Jos\u00e9 Felipe Mor\u00e9 Pauletti, Gerson Geraldo H. Cavalheiro e Anderson Monteiro da Rocha. Avalia\u00e7\u00e3o da Tecnologia LoRa em Solu\u00e7\u00f5es para a Agricultura Inteligente<\/td>\n<td style=\"width: 33.3333%;height: 21px;text-align: left\">\n<p>Ana Pernas<\/p>\n<p>Renata Reiser<\/td>\n<\/tr>\n<tr style=\"height: 10px\">\n<td style=\"width: 4.10554%;height: 10px\">9<\/td>\n<td style=\"width: 62.5611%;height: 10px;text-align: left\">Vitor Schuh e Alan Rossetto. An\u00e1lise do impacto da atividade de armadilhas de carga em arquiteturas aritm\u00e9ticas CMOS<\/td>\n<td style=\"width: 33.3333%;height: 10px;text-align: left\">Leomar Rosa Junior<\/td>\n<\/tr>\n<tr style=\"height: 21px\">\n<td style=\"width: 4.10554%;height: 21px\">10<\/td>\n<td style=\"width: 62.5611%;height: 21px;text-align: left\">Mairon Cardoso. An\u00e1lise do impacto dos efeitos de BTI e RTN em circuitos osciladores em anel<\/td>\n<td style=\"width: 33.3333%;height: 21px;text-align: left\">\n<p>Luciano Agostini<\/p>\n<p>Vinicius Valduga Camargo<\/td>\n<\/tr>\n<tr style=\"height: 21px\">\n<td style=\"width: 4.10554%;height: 21px\">11<\/td>\n<td style=\"width: 62.5611%;height: 21px;text-align: left\">Cesar Junior, Ant\u00f4nio Soler e Luciano Agostini. Um sistema Web de apoio ao correto descarte de res\u00edduos s\u00f3lidos na cidade de Pelotas<\/td>\n<td style=\"width: 33.3333%;height: 21px;text-align: left\">\n<p>Lisane Brisolara<\/p>\n<p>Larissa A. de Freitas<\/td>\n<\/tr>\n<tr style=\"height: 21px\">\n<td style=\"width: 4.10554%;height: 21px\">12<\/td>\n<td style=\"width: 62.5611%;height: 21px;text-align: left\">G\u00e9ron Mattoso, Rafael Soares, J\u00falio Mattos e Guilherme Oliveira\u00a0 Investiga\u00e7\u00e3o sobre a utiliza\u00e7\u00e3o de sistemas IoT para a economia de energia em Smart Campus<\/td>\n<td style=\"width: 33.3333%;height: 21px;text-align: left\">\n<p>Luciano Agostini<\/p>\n<p>Ana Pernas<\/td>\n<\/tr>\n<tr style=\"height: 43px\">\n<td style=\"width: 4.10554%;height: 43px\">13<\/td>\n<td style=\"width: 62.5611%;text-align: left;height: 43px\">Victor Delmonaco Tarrago Grovermann, Gerson Geraldo H. Cavalheiro e Maicon An\u00e7a dos Santos. Simula\u00e7\u00e3o de estrat\u00e9gias de escalonamento de aplica\u00e7\u00f5es bag-of-tasks em nuvem federada<\/td>\n<td style=\"width: 33.3333%;text-align: left;height: 43px\">\n<p>Rafael Burlamaqui Amaral<\/p>\n<p>Rafael Torchelsen<\/td>\n<\/tr>\n<tr style=\"height: 43px\">\n<td style=\"width: 4.10554%;height: 43px\">14<\/td>\n<td style=\"width: 62.5611%;text-align: left;height: 43px\">Nelson Dutra Junior e Marilton Aguiar. Desenvolvimento de um dashboard para aux\u00edlio na tomada de decis\u00e3o em equipes de atendimento ao cliente<\/td>\n<td style=\"width: 33.3333%;text-align: left;height: 43px\">\n<p>Luciana Foss<\/p>\n<p>Ana Pernas<\/td>\n<\/tr>\n<tr style=\"height: 43px\">\n<td style=\"width: 4.10554%;height: 43px\">15<\/td>\n<td style=\"width: 62.5611%;text-align: left;height: 43px\">Ricardo Padilha e Rafael Torchelsen. Aprendizado de m\u00e1quina cont\u00ednuo em um ambiente de jogo virtual<\/td>\n<td style=\"width: 33.3333%;text-align: left;height: 43px\">\n<p>Ricardo Matsumura Araujo<\/p>\n<p>Gerson Cavalheiro<\/td>\n<\/tr>\n<tr style=\"height: 43px\">\n<td style=\"width: 4.10554%;height: 43px\">16<\/td>\n<td style=\"width: 62.5611%;text-align: left;height: 43px\">Thiago Reis Porto, Ricardo Matsumura de Ara\u00fajo e Ulisses Brisolara Corr\u00eaa. T\u00e9cnicas de aprendizado de m\u00e1quina na gera\u00e7\u00e3o de fun\u00e7\u00f5es de pedotransfer\u00eancia para estimativa do conte\u00fado de \u00e1gua no solo<\/td>\n<td style=\"width: 33.3333%;text-align: left;height: 43px\">\n<p>Marilton Sanchotene de Aguiar<\/p>\n<p>Anderson Ferrugem<\/td>\n<\/tr>\n<tr style=\"height: 65px\">\n<td style=\"width: 4.10554%;height: 65px\">17<\/td>\n<td style=\"width: 62.5611%;height: 65px\">Marina Souza Cruzeiro. Avalia\u00e7\u00e3o de consumo de nodos em Redes de Sensores Sem Fio: extens\u00e3o do simulador Eboracum, modelagem e simula\u00e7\u00e3o de estudos de caso<\/td>\n<td style=\"width: 33.3333%;height: 65px\">Rafael Soares<\/td>\n<\/tr>\n<tr style=\"height: 43px\">\n<td style=\"width: 4.10554%;height: 43px\">18<\/td>\n<td style=\"width: 62.5611%;height: 43px\">Rafael Ferreira e Rafael Torchelsen. Desenvolvimento de um simulador do jogo Bulica em Unity utilizando a biblioteca openCV como meio de reconhecimento de jogadas reais.<\/td>\n<td style=\"width: 33.3333%;height: 43px\">Gerson Cavalheiro<\/td>\n<\/tr>\n<tr style=\"height: 43px\">\n<td style=\"width: 4.10554%;height: 43px\">19<\/td>\n<td style=\"width: 62.5611%;height: 43px\">Jo\u00e3o Eduardo Soares. A utiliza\u00e7\u00e3o de um chatterbot flex\u00edvel no ensino da programa\u00e7\u00e3o<\/td>\n<td style=\"width: 33.3333%;height: 43px\">\n<p>Marilton Sanchotene de Aguiar<\/p>\n<p>Luciana Foss<\/td>\n<\/tr>\n<tr style=\"height: 20px\">\n<td style=\"width: 4.10554%;height: 20px\">20<\/td>\n<td style=\"width: 62.5611%;height: 20px\">Leandro Souza, Ana Pernas e Leandro Camargo.\u00a0\u00a0\u00a0\u00a0 Mapeamento de Objetos da Social Iot Utilizando Simuladores<\/td>\n<td style=\"width: 33.3333%;height: 20px\">\n<p>Renata Reiser<\/p>\n<p>Rafael Soares<\/td>\n<\/tr>\n<tr style=\"height: 20px\">\n<td style=\"width: 4.10554%;height: 20px\">21<\/td>\n<td style=\"width: 62.5611%;height: 20px\">Jo\u00e3o Vitor Belmonte da Silva e Rafael Piccin Torchelsen.\u00a0\u00a0\u00a0 Otimiza\u00e7\u00e3o de cenas com ray tracing utilizando eye tracking<\/td>\n<td style=\"width: 33.3333%;height: 20px\">\n<p>Marcelo Porto<\/p>\n<p>Guilherme Corr\u00eaa<\/td>\n<\/tr>\n<tr style=\"height: 20px\">\n<td style=\"width: 4.10554%;height: 20px\">22<\/td>\n<td style=\"width: 62.5611%;height: 20px\">Marina Dias, Luciano Agostini e Isis Bender. Controle de complexidade do codificador de v\u00eddeo AV1<\/td>\n<td style=\"width: 33.3333%;height: 20px\">Marcelo Porto<\/td>\n<\/tr>\n<tr style=\"height: 20px\">\n<td style=\"width: 4.10554%;height: 20px\">23<\/td>\n<td style=\"width: 62.5611%;height: 20px\">Kevin Pereira\u00a0 An\u00e1lise e avalia\u00e7\u00e3o de diferentes resolu\u00e7\u00f5es e escalas de bitrate para codifica\u00e7\u00e3o de v\u00eddeo<\/td>\n<td style=\"width: 33.3333%;height: 20px\">\n<p>Luciano Agostini<\/p>\n<p>Marcelo Porto<\/td>\n<\/tr>\n<tr style=\"height: 20px\">\n<td style=\"width: 4.10554%;height: 20px\">24<\/td>\n<td style=\"width: 62.5611%;height: 20px\">Richer M. Silva, Marilton Sanchotene de Aguiar e Leroi Floriano de Oliveira. Uso de algoritmos de recomenda\u00e7\u00e3o na sele\u00e7\u00e3o de usu\u00e1rios com perfil similar para divis\u00e3o de aluguel na loca\u00e7\u00e3o de im\u00f3veis<\/td>\n<td style=\"width: 33.3333%;height: 20px\">\n<p>Anderson Ferrugem<\/p>\n<p>Larissa A. de Freitas<\/td>\n<\/tr>\n<tr style=\"height: 20px\">\n<td style=\"width: 4.10554%;height: 20px\">25<\/td>\n<td style=\"width: 62.5611%;height: 20px\">Andr\u00e9 Dalla Costa e Ana Marilza Pernas Fleischmann. Implementa\u00e7\u00e3o de sistema para gest\u00e3o de hot\u00e9is utilizando pilha de desenvolvimento web<\/td>\n<td style=\"width: 33.3333%;height: 20px\">Luciana Foss<\/td>\n<\/tr>\n<tr style=\"height: 20px\">\n<td style=\"width: 4.10554%;height: 20px\">26<\/td>\n<td style=\"width: 62.5611%;height: 20px\">Matheus Antoniolli. Proposta de um modelo de data augmentation baseado em GAN no contexto de imagens do fundo do olho<\/td>\n<td style=\"width: 33.3333%;height: 20px\">\n<p>Ricardo Matsumura Araujo<\/p>\n<p>Guilherme Corr\u00eaa<\/td>\n<\/tr>\n<\/tbody>\n<\/table>\n<p>&nbsp;<\/p>\n","protected":false},"excerpt":{"rendered":"<p>Avaliadores Ana Pernas &#8211;\u00a0anamarilza@gmail.com Anderson Ferrugem &#8211; apferrugem@gmail.com Gerson Cavalheiro &#8211; gerson.cavalheiro@inf.ufpel.edu.br Guilherme Corr\u00eaa &#8211; gcorrea@inf.ufpel.edu.br Larissa A. de Freitas &#8211; larissa@inf.ufpel.edu.br Leomar Rosa Junior &#8211; leomarjr@inf.ufpel.edu.br Lisane Brisolara -lisane@gmail.com Luciana Foss -lfoss@inf.ufpel.edu.br Luciano Agostini &#8211; agostini@inf.ufpel.edu.br Marcelo Porto &#8211; porto@inf.ufpel.edu.br Marilton Sanchotene de Aguiar &#8211; marilton@inf.ufpel.edu.br Rafael Burlamaqui Amaral &#8211; rafael.amaral@inf.ufpel.edu.br Rafael Soares &#8211; [&hellip;]<\/p>\n","protected":false},"author":800,"featured_media":0,"parent":31,"menu_order":0,"comment_status":"closed","ping_status":"closed","template":"","meta":{"footnotes":""},"class_list":["post-1163","page","type-page","status-publish","hentry"],"_links":{"self":[{"href":"https:\/\/wp.ufpel.edu.br\/notcc\/wp-json\/wp\/v2\/pages\/1163","targetHints":{"allow":["GET"]}}],"collection":[{"href":"https:\/\/wp.ufpel.edu.br\/notcc\/wp-json\/wp\/v2\/pages"}],"about":[{"href":"https:\/\/wp.ufpel.edu.br\/notcc\/wp-json\/wp\/v2\/types\/page"}],"author":[{"embeddable":true,"href":"https:\/\/wp.ufpel.edu.br\/notcc\/wp-json\/wp\/v2\/users\/800"}],"replies":[{"embeddable":true,"href":"https:\/\/wp.ufpel.edu.br\/notcc\/wp-json\/wp\/v2\/comments?post=1163"}],"version-history":[{"count":6,"href":"https:\/\/wp.ufpel.edu.br\/notcc\/wp-json\/wp\/v2\/pages\/1163\/revisions"}],"predecessor-version":[{"id":1259,"href":"https:\/\/wp.ufpel.edu.br\/notcc\/wp-json\/wp\/v2\/pages\/1163\/revisions\/1259"}],"up":[{"embeddable":true,"href":"https:\/\/wp.ufpel.edu.br\/notcc\/wp-json\/wp\/v2\/pages\/31"}],"wp:attachment":[{"href":"https:\/\/wp.ufpel.edu.br\/notcc\/wp-json\/wp\/v2\/media?parent=1163"}],"curies":[{"name":"wp","href":"https:\/\/api.w.org\/{rel}","templated":true}]}}