{"id":1139,"date":"2020-08-10T18:38:08","date_gmt":"2020-08-10T21:38:08","guid":{"rendered":"https:\/\/wp.ufpel.edu.br\/notcc\/?page_id=1139"},"modified":"2022-05-04T08:47:42","modified_gmt":"2022-05-04T11:47:42","slug":"2020_1","status":"publish","type":"page","link":"https:\/\/wp.ufpel.edu.br\/notcc\/propostas\/avaliacoes\/2020_1\/","title":{"rendered":"Propostas 2020\/1"},"content":{"rendered":"<h2><strong>Avaliadores<\/strong><\/h2>\n<ul>\n<li>Alan Rossetto &#8211; alan.rossetto@inf.ufpel.edu.br<\/li>\n<li>Ana Pernas &#8211;\u00a0anamarilza@gmail.com<\/li>\n<li>Anderson Ferrugem &#8211; apferrugem@gmail.com<\/li>\n<li>Andr\u00e9 Rauber Du Bois &#8211; dubois@inf.ufpel.edu.br<\/li>\n<li>Bruno Zatt &#8211; zatt@inf.ufpel.edu.br<\/li>\n<li>Felipe de Souza Marques &#8211; felipem@inf.ufpel.edu.br<\/li>\n<li>Gerson Cavalheiro &#8211; gerson.cavalheiro@inf.ufpel.edu.br<\/li>\n<li>Guilherme Correa &#8211; gcorrea@inf.ufpel.edu.br<\/li>\n<li>Guilherme Netto &#8211; guilherme.netto@inf.ufpel.edu.br<\/li>\n<li>Julio Mattos &#8211; julio.c.b.mattos@gmail.com<\/li>\n<li>Larissa A. de Freitas &#8211; larissa@inf.ufpel.edu.br<\/li>\n<li>Leomar Rosa Jr &#8211; leomarjr@inf.ufpel.edu.br<\/li>\n<li>Lisane Brisolara -lisane@gmail.com<\/li>\n<li>Luciana Foss -lfoss@inf.ufpel.edu.br<\/li>\n<li>Luciano Agostini &#8211; agostini@inf.ufpel.edu.br<\/li>\n<li>Marcelo Porto &#8211; porto@inf.ufpel.edu.br<\/li>\n<li>Marilton Sanchotene de Aguiar &#8211; marilton@inf.ufpel.edu.br<\/li>\n<li>Rafael Burlamaqui Amaral \u2013 rafael.amaral@inf.ufpel.edu.br<\/li>\n<li>Rafael Soares &#8211; rafael.soares@inf.ufpel.edu.br<\/li>\n<li>Rafael Torchelsen &#8211; rafael.torchelsen@inf.ufpel.edu.br<\/li>\n<li>Renata Reiser &#8211; reiser@inf.ufpel.edu.br<\/li>\n<li>Ricardo Matsumura Araujo &#8211; ricardo.araujo@gmail.com<\/li>\n<li>Simone Costa Cavalheiro &#8211; simone.costa@gmail.com<\/li>\n<li>Tiago Primo &#8211; tiagoprimo@gmail.com<\/li>\n<li>Vinicius Valduga Camargo &#8211; vvacamargo@inf.ufpel.edu.br<\/li>\n<\/ul>\n<h2><strong>Propostas &#8211; Calend\u00e1rio Alternativo 2020\/1<\/strong><\/h2>\n<table style=\"border-collapse: collapse; width: 83.9373%; height: 268px;\" border=\"1\">\n<tbody>\n<tr style=\"height: 45px;\">\n<td style=\"width: 4.10554%; height: 45px;\">1<\/td>\n<td style=\"width: 62.5611%; height: 45px; text-align: left;\">Bruno Alves, Marilton Aguiar and Larissa Freitas.\u00a0<i>Chatterbot como apoio \u00e0 tomada de decis\u00e3o no<\/i><i> contexto de jogos RPG<\/i><\/td>\n<td style=\"width: 33.3333%; height: 45px; text-align: left;\">Guilherme Netto<\/td>\n<\/tr>\n<tr style=\"height: 21px;\">\n<td style=\"width: 4.10554%; height: 21px;\">2<\/td>\n<td style=\"width: 62.5611%; height: 21px; text-align: left;\">Monique Nogueira Faria, Karine Pestana Ramos and Marilton Sanchotene de Aguiar.\u00a0<i>Proposta de plataforma digital para o jogo de din\u00e2mica ambiental Gorim<\/i><\/td>\n<td style=\"width: 33.3333%; height: 21px; text-align: left;\">\n<p>Rafael Torchelsen<\/p>\n<p>Simone Costa Cavalheiro<\/td>\n<\/tr>\n<tr style=\"height: 21px;\">\n<td style=\"width: 4.10554%; height: 21px;\">3<\/td>\n<td style=\"width: 62.5611%; height: 21px; text-align: left;\">Laerte Dos Santos Cardozo and Larissa Astrogildo de Freitas.\u00a0<i>Expans\u00e3o de um Framework de An\u00e1lise de Sentimentos em Portugu\u00eas utilizando T\u00e9cnicas de Aprendizado de M\u00e1quina<\/i><\/td>\n<td style=\"width: 33.3333%; height: 21px; text-align: left;\">\n<p>Ana Pernas<\/p>\n<p>Gerson Cavalheiro<\/td>\n<\/tr>\n<tr style=\"height: 21px;\">\n<td style=\"width: 4.10554%; height: 21px;\">4<\/td>\n<td style=\"width: 62.5611%; height: 21px; text-align: left;\">Moniele Kunrath Santos.\u00a0<i>Proposta de enriquecimento autom\u00e1tico para ontologias de dom\u00ednio utilizandoWord Embedding e Deep Learning<\/i><\/td>\n<td style=\"width: 33.3333%; height: 21px; text-align: left;\">\n<p>Ana Pernas<\/p>\n<p>Ricardo Matsumura Araujo<\/td>\n<\/tr>\n<tr style=\"height: 21px;\">\n<td style=\"width: 4.10554%; height: 21px;\">5<\/td>\n<td style=\"width: 62.5611%; height: 21px; text-align: left;\">Marilia Pit, Renata Reiser, Adenauer Yamin and Vilnei Das Neves.\u00a0<i>SIMP: Uma Plataforma para Administra\u00e7\u00e3o do Samsara pela Internet<\/i><\/td>\n<td style=\"width: 33.3333%; height: 21px; text-align: left;\">\n<p>Gerson Cavalheiro<\/p>\n<p>Leomar Rosa Junior<\/td>\n<\/tr>\n<tr style=\"height: 21px;\">\n<td style=\"width: 4.10554%; height: 21px;\">6<\/td>\n<td style=\"width: 62.5611%; height: 21px; text-align: left;\">Jo\u00e3o Pedro Kohls Bast, Daniel Palomino and Iago Storch.\u00a0<i>Avalia\u00e7\u00e3o do potencial de paralelismo na codifica\u00e7\u00e3o de v\u00eddeo com a ferramenta de tiles do codificador AV1<\/i><\/td>\n<td style=\"width: 33.3333%; height: 21px; text-align: left;\">\n<p>Andr\u00e9 Rauber Du Bois<\/p>\n<p>Luciano Agostini<\/td>\n<\/tr>\n<tr style=\"height: 21px;\">\n<td style=\"width: 4.10554%; height: 21px;\">7<\/td>\n<td style=\"width: 62.5611%; height: 21px; text-align: left;\">Murilo Steinmetz Bohlke and Leomar da Rosa Soares J\u00fanior. <i>Algoritmo para dimensionamento de redes de transistores em circuitos CMOS focado na redu\u00e7\u00e3o de consumo<\/i><\/td>\n<td style=\"width: 33.3333%; height: 21px; text-align: left;\">\n<p>Alan Rossetto<\/p>\n<p>Vin\u00edcius Valduga de Almeida Camargo<\/td>\n<\/tr>\n<tr style=\"height: 21px;\">\n<td style=\"width: 4.10554%; height: 21px;\">8<\/td>\n<td style=\"width: 62.5611%; height: 21px; text-align: left;\">Ren\u00e3 Ferreira de Souza and Gerson Cavalheiro.\u00a0<i>PlayGG, Utilizando Gram\u00e1tica de Grafos em um Motor de Jogos Focado no Ensino do Pensamento Computacional<\/i><\/td>\n<td style=\"width: 33.3333%; height: 21px; text-align: left;\">\n<p>Andr\u00e9 Rauber Du Bois<\/p>\n<p>Renata Reiser<\/td>\n<\/tr>\n<tr style=\"height: 10px;\">\n<td style=\"width: 4.10554%; height: 10px;\">9<\/td>\n<td style=\"width: 62.5611%; height: 10px; text-align: left;\">Lucas Coutinho Freitas, Jo\u00e3o Paulo Pereira de Almeida and Paulo Roberto Ferreira J\u00fanior.\u00a0<i>Classifica\u00e7\u00e3o de Sequ\u00eancias Virais em Dados de Sequenciamento Metagen\u00f4micos de Mosquitos Vetores de Arbov\u00edrus atrav\u00e9s de Intelig\u00eancia Artificial<\/i><\/td>\n<td style=\"width: 33.3333%; height: 10px; text-align: left;\">\n<p>Anderson Ferrugem<\/p>\n<p>Marilton Sanchotene de Aguiar<\/td>\n<\/tr>\n<tr style=\"height: 21px;\">\n<td style=\"width: 4.10554%; height: 21px;\">10<\/td>\n<td style=\"width: 62.5611%; height: 21px; text-align: left;\">Luiz Cezar Neto, Guilherme Corr\u00eaa and Marcel Moscarelli Corr\u00eaa.\u00a0<i>Projeto de Arquitetura de Hardware Altamente Paralelizada para a Predi\u00e7\u00e3o Intra-quadro Direcional do Codificador de V\u00eddeo AV1<\/i><\/td>\n<td style=\"width: 33.3333%; height: 21px; text-align: left;\">Vin\u00edcius Valduga de Almeida Camargo<\/td>\n<\/tr>\n<tr style=\"height: 21px;\">\n<td style=\"width: 4.10554%; height: 21px;\">11<\/td>\n<td style=\"width: 62.5611%; height: 21px; text-align: left;\">Yuri Sena and Leomar da Rosa Junior.\u00a0<i>Algoritmo de fatora\u00e7\u00e3o booleana multi-objetivos adaptado ao uso de threads<\/i><\/td>\n<td style=\"width: 33.3333%; height: 21px; text-align: left;\">\n<p>Rafael Soares<\/p>\n<p>Rafael Torchelsen<\/td>\n<\/tr>\n<tr style=\"height: 21px;\">\n<td style=\"width: 4.10554%; height: 21px;\">12<\/td>\n<td style=\"width: 62.5611%; height: 21px; text-align: left;\">Cristian Carvalho Quevedo and Lisane Brisolara.\u00a0<i>Sistema de apoio \u00e0 gest\u00e3o de leitos hospitalares: Da an\u00e1lise \u00e0 Implanta\u00e7\u00e3o<\/i><\/td>\n<td style=\"width: 33.3333%; height: 21px; text-align: left;\">\n<p>Luciana Foss<\/p>\n<p>Simone Costa Cavalheiro<\/td>\n<\/tr>\n<tr style=\"height: 43px;\">\n<td style=\"width: 4.10554%; height: 43px;\">13<\/td>\n<td style=\"width: 62.5611%; text-align: left; height: 43px;\">Christopher Moura.\u00a0<i>Uso de \u00e1rvores de decis\u00e3o para a escolha r\u00e1pida de modos de predi\u00e7\u00e3o no padr\u00e3o 3D-HEVC<\/i><\/td>\n<td style=\"width: 33.3333%; text-align: left; height: 43px;\">\n<p>Bruno Zatt<\/p>\n<p>Felipe de Souza Marques<\/td>\n<\/tr>\n<tr style=\"height: 43px;\">\n<td style=\"width: 4.10554%; height: 43px;\">14<\/td>\n<td style=\"width: 62.5611%; text-align: left; height: 43px;\">Victor Cosenza Vieira da Silva and Ricardo Matsumura de Araujo.\u00a0<i>Coleta e an\u00e1lise de um dataset de \u00e1udios coletados via um bot no whatsapp<\/i><\/td>\n<td style=\"width: 33.3333%; text-align: left; height: 43px;\">\n<p>Larissa A. de Freitas<\/p>\n<p>Marilton Sanchotene de Aguiar<\/td>\n<\/tr>\n<tr style=\"height: 43px;\">\n<td style=\"width: 4.10554%; height: 43px;\">15<\/td>\n<td style=\"width: 62.5611%; text-align: left; height: 43px;\">Alexandre Thurow Bender and Ricardo Matsumura Araujo.\u00a0<i>Explorando \u00c1reas Tem\u00e1ticas das Produ\u00e7\u00f5es Cient\u00edficas dos Programas de P\u00f3s-Gradua\u00e7\u00e3o em Computa\u00e7\u00e3o no Brasil Utilizando Modelagem de T\u00f3picos<\/i><\/td>\n<td style=\"width: 33.3333%; text-align: left; height: 43px;\">\n<p>Anderson Ferrugem<\/p>\n<p>Tiago Primo<\/td>\n<\/tr>\n<tr style=\"height: 43px;\">\n<td style=\"width: 4.10554%; height: 43px;\">16<\/td>\n<td style=\"width: 62.5611%; text-align: left; height: 43px;\">Valter Alberto Melgarejo Martins, Paulo Roberto Ferreira Junior and Tau\u00e3 Milech Cabreira.\u00a0<i>Um Algoritmo Din\u00e2mico e com Consci\u00eancia Energ\u00e9tica para o Sistema de RTL em UAVs<\/i><\/td>\n<td style=\"width: 33.3333%; text-align: left; height: 43px;\">\n<p>Felipe de Souza Marques<\/p>\n<p>Guilherme Netto<\/td>\n<\/tr>\n<tr style=\"height: 65px;\">\n<td style=\"width: 4.10554%; height: 65px;\">17<\/td>\n<td style=\"width: 62.5611%; height: 65px;\">Vinicius Borges, Luciano Agostini and Murilo Perleberg.\u00a0<i>Um algoritmo de baixa complexidade e sua arquitetura de baixo consumo de energia e alto desempenho para a ferramenta de codifica\u00e7\u00e3o DMM-1 do padr\u00e3o de codifica\u00e7\u00e3o 3D-HEVC<\/i><\/td>\n<td style=\"width: 33.3333%; height: 65px;\">\n<p>Marcelo Porto<\/p>\n<p>Rafael Soares<\/td>\n<\/tr>\n<tr style=\"height: 43px;\">\n<td style=\"width: 4.10554%; height: 43px;\">18<\/td>\n<td style=\"width: 62.5611%; height: 43px;\">Mateus Brugnaroto, Larissa A. de Freitas and Ulisses B. Correa.\u00a0<i>An\u00e1lise dos modelos BERT aplicado a tarefa de Reconhecimento de Entidades Nomeadas em diferentes idiomas<\/i><\/td>\n<td style=\"width: 33.3333%; height: 43px;\">\n<p>Ricardo Matsumura Araujo<\/p>\n<p>Tiago Primo<\/td>\n<\/tr>\n<tr style=\"height: 43px;\">\n<td style=\"width: 4.10554%; height: 43px;\">19<\/td>\n<td style=\"width: 62.5611%; height: 43px;\">Cristian Bosin and Bruno Zatt.\u00a0<i>Transformadas H\u00edbridas 4D de tamanhos m\u00faltiplos para codifica\u00e7\u00e3o de Light Fields<\/i><\/td>\n<td style=\"width: 33.3333%; height: 43px;\">\n<p>Luciano Agostini<\/p>\n<p>Marcelo Porto<\/td>\n<\/tr>\n<tr style=\"height: 20px;\">\n<td style=\"width: 4.10554%; height: 20px;\">20<\/td>\n<td style=\"width: 62.5611%; height: 20px;\">Gustavo Mallmann, Guilherme R. Corr\u00eaa and Alex M. Borges.\u00a0<i>Acelera\u00e7\u00e3o na Transcodifica\u00e7\u00e3o de V\u00eddeos do padr\u00e3o H.264 para o formato AV1<\/i><\/td>\n<td style=\"width: 33.3333%; height: 20px;\">Bruno Zatt<\/td>\n<\/tr>\n<tr style=\"height: 20px;\">\n<td style=\"width: 4.10554%; height: 20px;\">21<\/td>\n<td style=\"width: 62.5611%; height: 20px;\">Nelson Dutra Junior and Marilton Sanchotene de Aguiar.\u00a0<i>Desenvolvimento de um dashboard para aux\u00edlio na tomada de decis\u00e3o em equipes de atendimento ao cliente<\/i><\/td>\n<td style=\"width: 33.3333%; height: 20px;\">\n<p>Lisane Brisolara de Brisolara<\/p>\n<p>Luciana Foss<\/td>\n<\/tr>\n<tr style=\"height: 20px;\">\n<td style=\"width: 4.10554%; height: 20px;\">22<\/td>\n<td style=\"width: 62.5611%; height: 20px;\">Lincoln Yuzo Takasumi\u00a0<i>Avalia\u00e7\u00e3o de Estrat\u00e9gias de Visualiza\u00e7\u00e3o de Dados sobre COVID-19 Atrav\u00e9s da Perspectiva do Usu\u00e1rio <\/i><\/td>\n<td style=\"width: 33.3333%; height: 20px;\">\n<p>Lisane Brisolara de Brisolara<\/p>\n<p>Larissa A. de Freitas<\/td>\n<\/tr>\n<tr style=\"height: 20px;\">\n<td style=\"width: 4.10554%; height: 20px;\">23<\/td>\n<td style=\"width: 62.5611%; height: 20px;\">Daniel Nunes Choudhury and Vin\u00edcius Valduga de Almeida Camargo.\u00a0<i>Algoritmos de AES contra an\u00e1lise diferencial de pot\u00eancia<\/i><\/td>\n<td style=\"width: 33.3333%; height: 20px;\">\n<p>Alan Rossetto<\/p>\n<p>Leomar Rosa Junior<\/td>\n<\/tr>\n<\/tbody>\n<\/table>\n<h2><strong>Propostas &#8211; Novo Calend\u00e1rio Acad\u00eamico 2020\/1<\/strong><\/h2>\n<table style=\"border-collapse: collapse; width: 83.9373%; height: 268px;\" border=\"1\">\n<tbody>\n<tr style=\"height: 45px;\">\n<td style=\"width: 4.10554%; height: 45px;\">1<\/td>\n<td style=\"width: 62.5611%; height: 45px; text-align: left;\">Daniel Souza, . <i>Ferramenta open source para ensino de circuitos digitais, focado em integra\u00e7\u00f5es com sistemas do mercado<\/i><\/td>\n<td style=\"width: 33.3333%; height: 45px; text-align: left;\">\n<p>Vin\u00edcius Valduga de Almeida Camargo<\/p>\n<p>Bruno Zatt<\/td>\n<\/tr>\n<tr style=\"height: 21px;\">\n<td style=\"width: 4.10554%; height: 21px;\">2<\/td>\n<td style=\"width: 62.5611%; height: 21px; text-align: left;\">Rafael Santos, Felipe Marques and Lisane Brisolara. <i>An\u00e1lise de Modelos de Propaga\u00e7\u00e3o de Sinais em Redes de Sensores Sem Fio<\/i><\/td>\n<td style=\"width: 33.3333%; height: 21px; text-align: left;\">\n<p>Guilherme Netto<\/p>\n<p>Alan Rossetto<\/td>\n<\/tr>\n<tr style=\"height: 21px;\">\n<td style=\"width: 4.10554%; height: 21px;\">3<\/td>\n<td style=\"width: 62.5611%; height: 21px; text-align: left;\">Marcello Munoz, Vinicius Valduga de Almeida Camargo and Henrique Kessler. <i>Reestrutura\u00e7\u00e3o de rede de transistores para otimiza\u00e7\u00e3o de leiautes 1-D<\/i><\/td>\n<td style=\"width: 33.3333%; height: 21px; text-align: left;\">\n<p>Felipe de Souza Marques<\/p>\n<p>Marcelo Porto<\/p>\n<p>Rafael Soares<\/td>\n<\/tr>\n<tr style=\"height: 21px;\">\n<td style=\"width: 4.10554%; height: 21px;\">4<\/td>\n<td style=\"width: 62.5611%; height: 21px; text-align: left;\">Daniel Nunes Choudhury and Vin\u00edcius Valduga de Almeida Camargo. <i>Avalia\u00e7\u00e3o da seguran\u00e7a \u00e0 DPA de implementa\u00e7\u00f5es do AES em microcontroladores<\/i><\/td>\n<td style=\"width: 33.3333%; height: 21px; text-align: left;\">\n<p>Leomar Rosa Junior<\/p>\n<p>Alan Rossetto<\/p>\n<p>Rafael Soares<\/td>\n<\/tr>\n<tr style=\"height: 21px;\">\n<td style=\"width: 4.10554%; height: 21px;\">5<\/td>\n<td style=\"width: 62.5611%; height: 21px; text-align: left;\">Tayssa Avila and Andr\u00e9 Du Bois. <i>Um benchmark configur\u00e1vel para a compara\u00e7\u00e3o de mem\u00f3rias transacionais distribu\u00eddas<\/i><\/td>\n<td style=\"width: 33.3333%; height: 21px; text-align: left;\">\n<p>Gerson Cavalheiro<\/p>\n<p>Rafael Torchelsen<\/p>\n<p>Bruno Zatt<\/td>\n<\/tr>\n<tr style=\"height: 21px;\">\n<td style=\"width: 4.10554%; height: 21px;\">6<\/td>\n<td style=\"width: 62.5611%; height: 21px; text-align: left;\">Giordano Est\u00eav\u00e3o Borges Leal and Bruno Zatt. <i>Avalia\u00e7\u00e3o de desempenho de ferramentas dos codificadores JPEG PLENO e MPEG-I para Light Fields em movimento<\/i><\/td>\n<td style=\"width: 33.3333%; height: 21px; text-align: left;\">\n<p>Guilherme Correa<\/p>\n<p>Marcelo Porto<\/p>\n<p>Leomar Rosa Junior<\/td>\n<\/tr>\n<tr style=\"height: 21px;\">\n<td style=\"width: 4.10554%; height: 21px;\">7<\/td>\n<td style=\"width: 62.5611%; height: 21px; text-align: left;\">Jo\u00e3o Ladeira Rezende, Gerson Geraldo Homrich Cavalheiro and Edevaldo Braga dos Santos. <i>Detec\u00e7\u00e3o autom\u00e1tica de opera\u00e7\u00f5es de redu\u00e7\u00e3o em programas C sequenciais<\/i><\/td>\n<td style=\"width: 33.3333%; height: 21px; text-align: left;\">\n<p>Felipe de Souza Marques<\/p>\n<p>Andr\u00e9 Rauber Du Bois<\/p>\n<p>Rafael Torchelsen<\/td>\n<\/tr>\n<tr style=\"height: 21px;\">\n<td style=\"width: 4.10554%; height: 21px;\">8<\/td>\n<td style=\"width: 62.5611%; height: 21px; text-align: left;\">Roger Afonso, Rafael Soares and Rodrigo Lellis. <i>Investiga\u00e7\u00e3o da seguran\u00e7a de diferentes contramedidas em hardware aplicadas a sistemas criptogr\u00e1ficos baseados no algoritmo AES<\/i><\/td>\n<td style=\"width: 33.3333%; height: 21px; text-align: left;\">\n<p>Marilton Sanchotene de Aguiar<\/p>\n<p>Guilherme Netto<\/p>\n<p>Vin\u00edcius Valduga de Almeida Camargo<\/td>\n<\/tr>\n<tr style=\"height: 10px;\">\n<td style=\"width: 4.10554%; height: 10px;\">9<\/td>\n<td style=\"width: 62.5611%; height: 10px; text-align: left;\">Nelson Dutra Junior and Marilton Sanchotene de Aguiar.\u00a0<i>Desenvolvimento de um dashboard para aux\u00edlio na tomada de decis\u00e3o em equipes de atendimento ao cliente<\/i><\/td>\n<td style=\"width: 33.3333%; height: 10px; text-align: left;\">\n<p>Ana Pernas<\/p>\n<p>Larissa A. de Freitas<\/p>\n<p>Lisane Brisolara de Brisolara<\/td>\n<\/tr>\n<\/tbody>\n<\/table>\n<h2><\/h2>\n","protected":false},"excerpt":{"rendered":"<p>Avaliadores Alan Rossetto &#8211; alan.rossetto@inf.ufpel.edu.br Ana Pernas &#8211;\u00a0anamarilza@gmail.com Anderson Ferrugem &#8211; apferrugem@gmail.com Andr\u00e9 Rauber Du Bois &#8211; dubois@inf.ufpel.edu.br Bruno Zatt &#8211; zatt@inf.ufpel.edu.br Felipe de Souza Marques &#8211; felipem@inf.ufpel.edu.br Gerson Cavalheiro &#8211; gerson.cavalheiro@inf.ufpel.edu.br Guilherme Correa &#8211; gcorrea@inf.ufpel.edu.br Guilherme Netto &#8211; guilherme.netto@inf.ufpel.edu.br Julio Mattos &#8211; julio.c.b.mattos@gmail.com Larissa A. de Freitas &#8211; larissa@inf.ufpel.edu.br Leomar Rosa Jr &#8211; leomarjr@inf.ufpel.edu.br [&hellip;]<\/p>\n","protected":false},"author":800,"featured_media":0,"parent":31,"menu_order":0,"comment_status":"closed","ping_status":"closed","template":"","meta":{"footnotes":""},"class_list":["post-1139","page","type-page","status-publish","hentry"],"_links":{"self":[{"href":"https:\/\/wp.ufpel.edu.br\/notcc\/wp-json\/wp\/v2\/pages\/1139","targetHints":{"allow":["GET"]}}],"collection":[{"href":"https:\/\/wp.ufpel.edu.br\/notcc\/wp-json\/wp\/v2\/pages"}],"about":[{"href":"https:\/\/wp.ufpel.edu.br\/notcc\/wp-json\/wp\/v2\/types\/page"}],"author":[{"embeddable":true,"href":"https:\/\/wp.ufpel.edu.br\/notcc\/wp-json\/wp\/v2\/users\/800"}],"replies":[{"embeddable":true,"href":"https:\/\/wp.ufpel.edu.br\/notcc\/wp-json\/wp\/v2\/comments?post=1139"}],"version-history":[{"count":15,"href":"https:\/\/wp.ufpel.edu.br\/notcc\/wp-json\/wp\/v2\/pages\/1139\/revisions"}],"predecessor-version":[{"id":1277,"href":"https:\/\/wp.ufpel.edu.br\/notcc\/wp-json\/wp\/v2\/pages\/1139\/revisions\/1277"}],"up":[{"embeddable":true,"href":"https:\/\/wp.ufpel.edu.br\/notcc\/wp-json\/wp\/v2\/pages\/31"}],"wp:attachment":[{"href":"https:\/\/wp.ufpel.edu.br\/notcc\/wp-json\/wp\/v2\/media?parent=1139"}],"curies":[{"name":"wp","href":"https:\/\/api.w.org\/{rel}","templated":true}]}}