{"id":1131,"date":"2020-03-03T14:12:17","date_gmt":"2020-03-03T17:12:17","guid":{"rendered":"https:\/\/wp.ufpel.edu.br\/notcc\/?page_id=1131"},"modified":"2020-03-04T14:18:37","modified_gmt":"2020-03-04T17:18:37","slug":"bancas-2019-2","status":"publish","type":"page","link":"https:\/\/wp.ufpel.edu.br\/notcc\/bancas\/historico\/bancas-2019-2\/","title":{"rendered":"Bancas 2019\/2"},"content":{"rendered":"<h3>Arthur Siqueira e Silva<\/h3>\n<p><strong>Curso:<\/strong> Ci\u00eancia da Computa\u00e7\u00e3o<br \/>\n<strong>T\u00edtulo:<\/strong> Collattum: Sistema recomendador de correspond\u00eancias entre publica\u00e7\u00f5es da Plataforma Lattes<br \/>\n<strong>Banca:<\/strong><br \/>\nProf. Ricardo Matsumura de Ara\u00fajo (orientador(a))<br \/>\nN\u00edcolas Oreques de Araujo (coorientador(a))<br \/>\nProfa. Larissa Astrogildo de Freitas<br \/>\nProf. Ulisses Brisolara Corr\u00eaa<br \/>\n<strong>Data:<\/strong> 10 de dezembro de 2019<br \/>\n<strong>Hora:<\/strong> 13:30<br \/>\n<strong>Local:<\/strong> Sala 305 &#8211; Campus II UFPel<\/p>\n<hr \/>\n<h3>Charles Rodrigues Porto<\/h3>\n<p><strong>Curso:<\/strong> Ci\u00eancia da Computa\u00e7\u00e3o<br \/>\n<strong>T\u00edtulo:<\/strong> Uma Ferramenta de Apoio \u00e0 Gest\u00e3o de Atividades e Frequ\u00eancias para Ambientes Virtuais de Aprendizagens Baseada em T\u00e9cnicas de Learning Analytics<br \/>\n<strong>Banca:<\/strong><br \/>\nProfa. Maria Isabel Giusti Moreira (orientador(a))<br \/>\nProf. Marilton Sanchotene de Aguiar (coorientador(a))<br \/>\nProf. Fernando Augusto Treptow Brod<br \/>\nProf. Tiago Thompsen Primo<br \/>\n<strong>Data:<\/strong> 04 de dezembro de 2019<br \/>\n<strong>Hora:<\/strong> 10:00<br \/>\n<strong>Local:<\/strong> Sala 413-Anglo<\/p>\n<hr \/>\n<h3>C\u00e2ndido Signorini Moraes<\/h3>\n<p><strong>Curso:<\/strong> Engenharia de Computa\u00e7\u00e3o<br \/>\n<strong>T\u00edtulo:<\/strong> Padr\u00e3o de Busca Din\u00e2mico Baseado em Conte\u00fado para Estima\u00e7\u00e3o de Movimento de Baixa Complexidade em Codificadores de V\u00eddeo<br \/>\n<strong>Banca:<\/strong><br \/>\nProf. Marcelo Schiavon Porto (orientador(a))<br \/>\nProf. Guilherme Ribeiro Correa (coorientador(a))<br \/>\nProf. Bruno Zatt<br \/>\nProf. Vladimir Afonso<br \/>\n<strong>Data:<\/strong> 05 de dezembro de 2019<br \/>\n<strong>Hora:<\/strong> 15:30<br \/>\n<strong>Local:<\/strong> Lab 1 &#8211; Anglo<\/p>\n<hr \/>\n<h3>Douglas Wahast da Costa<\/h3>\n<p><strong>Curso:<\/strong> Ci\u00eancia da Computa\u00e7\u00e3o<br \/>\n<strong>T\u00edtulo:<\/strong> Acelerando a Compensa\u00e7\u00e3o de Movimento do HEVC Utilizando Hardware Virtual na Nuvem<br \/>\n<strong>Banca:<\/strong><br \/>\nProf. Bruno Zatt (orientador(a))<br \/>\nProf. Daniel Munari Vilchez Palomino (coorientador(a))<br \/>\nProf. Anderson Priebe Ferrugem<br \/>\nProf. Guilherme Ribeiro Corr\u00eaa<br \/>\n<strong>Data:<\/strong> 06 de dezembro de 2019<br \/>\n<strong>Hora:<\/strong> 15:30<br \/>\n<strong>Local:<\/strong> Sala 421 &#8211; Anglo<\/p>\n<hr \/>\n<h3>Eli\u00e9zer Luz Ribeiro<\/h3>\n<p><strong>Curso:<\/strong> Ci\u00eancia da Computa\u00e7\u00e3o<br \/>\n<strong>T\u00edtulo:<\/strong> Colorful Blocks: Ferramenta para Visualiza\u00e7\u00e3o e Interpreta\u00e7\u00e3o de Dados Extra\u00eddos de Codecs de V\u00eddeo<br \/>\n<strong>Banca:<\/strong><br \/>\nProf. Guilherme Ribeiro Corr\u00eaa (orientador(a))<br \/>\nAlex Machado Borges<br \/>\nProf. Marcelo Schiavon Porto<br \/>\n<strong>Data:<\/strong> 04 de dezembro de 2019<br \/>\n<strong>Hora:<\/strong> 15:30<br \/>\n<strong>Local:<\/strong> Sala 436- Anglo<\/p>\n<hr \/>\n<h3>Felipe Camargo Gruendemann<\/h3>\n<p><strong>Curso:<\/strong> Ci\u00eancia da Computa\u00e7\u00e3o<br \/>\n<strong>T\u00edtulo:<\/strong> Uma Proposta de Identifica\u00e7\u00e3o de Comportamentos em Sistemas de Infus\u00e3o Intravenosa Utilizando Aprendizado Profundo<br \/>\n<strong>Banca:<\/strong><br \/>\nProf. Ricardo Matsumura de Ara\u00fajo (orientador(a))<br \/>\nProf. Adenauer Corr\u00eaa Yamin (coorientador(a))<br \/>\nProf. Fabr\u00edcio Ferreira Neitzke (coorientador(a))<br \/>\nProf. Luciano Volcan Agostini<br \/>\nProf. Felipe de Souza Marques<br \/>\nLeonardo Reichow<br \/>\n<strong>Data:<\/strong> 10 de dezembro de 2019<br \/>\n<strong>Hora:<\/strong> 15:10<br \/>\n<strong>Local:<\/strong> Sala 305 &#8211; UFPel &#8211; Campus II<\/p>\n<hr \/>\n<h3>Felipe Tadeu Trinhain Palermo<\/h3>\n<p><strong>Curso:<\/strong> Engenharia de Computa\u00e7\u00e3o<br \/>\n<strong>T\u00edtulo:<\/strong> Framework para An\u00e1lise de Sentimentos em N\u00edvel de Documento para o Portugu\u00eas<br \/>\n<strong>Banca:<\/strong><br \/>\nProfa. Larissa Astrogildo de Freitas (orientador(a))<br \/>\nProf. Ulisses Brisolara Corr\u00eaa<br \/>\nProf. Ram\u00e1sio Ferreira de Melo<br \/>\n<strong>Data:<\/strong> 06 de dezembro de 2019<br \/>\n<strong>Hora:<\/strong> 16:00<br \/>\n<strong>Local:<\/strong> Lab2 &#8211; Anglo<\/p>\n<hr \/>\n<h3>Freddy da Paz Ilha<\/h3>\n<p><strong>Curso:<\/strong> Ci\u00eancia da Computa\u00e7\u00e3o<br \/>\n<strong>T\u00edtulo:<\/strong> Serious Math: Uma proposta de ambiente educacional gamificado para suporte ao ensino de matem\u00e1tica<br \/>\n<strong>Banca:<\/strong><br \/>\nProf. Tiago Thompsen Primo (orientador(a))<br \/>\nProfa. Ana Marilza Pernas Fleischmann<br \/>\nProfa. Luciana Foss<br \/>\n<strong>Data:<\/strong> 09 de dezembro de 2019<br \/>\n<strong>Hora:<\/strong> 14:00<br \/>\n<strong>Local:<\/strong> Centro de Engenharias &#8211; Sala 315A<\/p>\n<hr \/>\n<h3>Geovana Silva da Silveira<\/h3>\n<p><strong>Curso:<\/strong> Ci\u00eancia da Computa\u00e7\u00e3o<br \/>\n<strong>T\u00edtulo:<\/strong> Avalia\u00e7\u00e3o da intera\u00e7\u00e3o do usu\u00e1rio com a iTV utilizando IOM (Interface \u00d3culos Mouse)<br \/>\n<strong>Banca:<\/strong><br \/>\nProfa. Tatiana Aires Tavares (orientador(a))<br \/>\nProfa. Andr\u00e9ia Sias Rodrigues (coorientador(a))<br \/>\nProf. Rafael Cunha Cardoso<br \/>\nProf. Vin\u00edcius Kruger da Costa<br \/>\nProfa. Ana Marilza Pernas Fleischmann<br \/>\n<strong>Data:<\/strong> 06 de dezembro de 2019<br \/>\n<strong>Hora:<\/strong> 8:00<br \/>\n<strong>Local:<\/strong> Sala 440-Anglo<\/p>\n<hr \/>\n<h3>Guilherme Barbosa Manske<\/h3>\n<p><strong>Curso:<\/strong> Engenharia de Computa\u00e7\u00e3o<br \/>\n<strong>T\u00edtulo:<\/strong> An\u00e1lise de Estimativa da \u00c1rea Utilizando Diferentes Posicionamentos de Transistores em Redes N\u00e3o-S\u00e9rie-Paralelas<br \/>\n<strong>Banca:<\/strong><br \/>\nProf. Leomar Soares da Rosa J\u00fanior (orientador(a))<br \/>\nProf. J\u00falio Carlos Balzano de Mattos<br \/>\nProf. Rafael Iankowski Soares<br \/>\n<strong>Data:<\/strong> 11 de dezembro de 2019<br \/>\n<strong>Hora:<\/strong> 8:00<br \/>\n<strong>Local:<\/strong> Anglo-Sala 305<\/p>\n<hr \/>\n<h3>Guilherme Wollmann de Oliveira<\/h3>\n<p><strong>Curso:<\/strong> Engenharia de Computa\u00e7\u00e3o<br \/>\n<strong>T\u00edtulo:<\/strong> Ferramenta de baixo custo para o monitoramento dos n\u00edveis de ru\u00eddo em canteiros de obra<br \/>\n<strong>Banca:<\/strong><br \/>\nProf. Leomar Soares da Rosa Junior (orientador(a))<br \/>\nProf. Rafael Iankowski Soares<br \/>\nProf. Felipe De Souza Marques<br \/>\n<strong>Data:<\/strong> 10 de dezembro de 2019<br \/>\n<strong>Hora:<\/strong> 13:30<br \/>\n<strong>Local:<\/strong> Sala 210B-Anglo<\/p>\n<hr \/>\n<h3>Gustavo Adolfo Schwantz Oliveira<\/h3>\n<p><strong>Curso:<\/strong> Engenharia de Computa\u00e7\u00e3o<br \/>\n<strong>T\u00edtulo:<\/strong> Investiga\u00e7\u00e3o de Algoritmos de Criptografia Utilizando Curvas El\u00edpticas<br \/>\n<strong>Banca:<\/strong><br \/>\nProf. Rafael Iankowski Soares (orientador(a))<br \/>\nProf. Anderson Priebe Ferrugem<br \/>\nProf. Luciano Ludwig Loder<br \/>\n<strong>Data:<\/strong> 06 de dezembro de 2019<br \/>\n<strong>Hora:<\/strong> 10:00<br \/>\n<strong>Local:<\/strong> Sala 318-Anglo<\/p>\n<hr \/>\n<h3>Henrique Caldas Kessler<\/h3>\n<p><strong>Curso:<\/strong> Engenharia de Computa\u00e7\u00e3o<br \/>\n<strong>T\u00edtulo:<\/strong> An\u00e1lise do impacto da variabilidade e degrada\u00e7\u00e3o de circuitos digitais MOS nanom\u00e9tricos com topologia n\u00e3o-s\u00e9rie-paralelo<br \/>\n<strong>Banca:<\/strong><br \/>\nProf. Vin\u00edcius Valduga de Almeida Camargo (orientador(a))<br \/>\nProf. Thiago Hanna Both (coorientador(a))<br \/>\nProf. Leomar Soares da Rosa J\u00fanior (coorientador(a))<br \/>\nProf. Alan Carlos Junior Rossetto<br \/>\nProf. Rafael Iankowski Soares<br \/>\n<strong>Data:<\/strong> 02 de dezembro de 2019<br \/>\n<strong>Hora:<\/strong> 15:30<br \/>\n<strong>Local:<\/strong> Lab 4<\/p>\n<hr \/>\n<h3>Ihan Belmonte Bender<\/h3>\n<p><strong>Curso:<\/strong> Ci\u00eancia da Computa\u00e7\u00e3o<br \/>\n<strong>T\u00edtulo:<\/strong> Uma compara\u00e7\u00e3o de abordagens baseadas em redes neurais para casamento de entidades em artigos cient\u00edficos<br \/>\n<strong>Banca:<\/strong><br \/>\nProf. Ricardo Matsumura de Ara\u00fajo (orientador(a))<br \/>\nVinicius Furlan (coorientador(a))<br \/>\nProfa. Larissa Astrogildo de Freitas<br \/>\nProf. Tiago Thompsen Primo<br \/>\n<strong>Data:<\/strong> 06 de dezembro de 2019<br \/>\n<strong>Hora:<\/strong> 08:00<br \/>\n<strong>Local:<\/strong> Sala 250 &#8211; Campus Anglo<\/p>\n<hr \/>\n<h3>\u00cdtalo Nolasco Ramos<\/h3>\n<p><strong>Curso:<\/strong> Engenharia de Computa\u00e7\u00e3o<br \/>\n<strong>T\u00edtulo:<\/strong> Desenvolvimento de uma Solu\u00e7\u00e3o para o Registro de Presen\u00e7as e Controle de Acesso em Eventos Acad\u00eamicos utilizando QR Code em Dispositivos M\u00f3veis<br \/>\n<strong>Banca:<\/strong><br \/>\nProf. Leomar Soares da Rosa J\u00fanior (orientador(a))<br \/>\nProf. Felipe De Souza Marques<br \/>\nProfa. Milena Rota Sena Marques<br \/>\n<strong>Data:<\/strong> 11 de dezembro de 2019<br \/>\n<strong>Hora:<\/strong> 10:00<br \/>\n<strong>Local:<\/strong> Sala 436 &#8211; Anglo<\/p>\n<hr \/>\n<h3>Jader Fr\u00f3es dos Santos Rosa<\/h3>\n<p><strong>Curso:<\/strong> Ci\u00eancia da Computa\u00e7\u00e3o<br \/>\n<strong>T\u00edtulo:<\/strong> Uma aplica\u00e7\u00e3o de Sistemas de Tutores Inteligentes para suporte a f\u00f3runs virtuais<br \/>\n<strong>Banca:<\/strong><br \/>\nProfa. Ana Marilza Pernas Fleischmann (orientador(a))<br \/>\nProf. Tiago Thompsen Primo (coorientador(a))<br \/>\nProfa. Luciana Foss<br \/>\nProfa. Larissa Astrogildo de Freitas<br \/>\n<strong>Data:<\/strong> 03 de dezembro de 2019<br \/>\n<strong>Hora:<\/strong> 13:30<br \/>\n<strong>Local:<\/strong> Sala 436 &#8211; Campus Anglo<\/p>\n<hr \/>\n<h3>Jorge Luis Nachtigall Vaz Junior<\/h3>\n<p><strong>Curso:<\/strong> Ci\u00eancia da Computa\u00e7\u00e3o<br \/>\n<strong>T\u00edtulo:<\/strong> Um Framework para Coleta de Intera\u00e7\u00f5es em Projetos Scratch<br \/>\n<strong>Banca:<\/strong><br \/>\nProfa. Ana Marilza Pernas Fleischmann (orientador(a))<br \/>\nProf. Tiago Thompsen Primo (coorientador(a))<br \/>\nProf. Marilton Sanchotene de Aguiar<br \/>\nProf. Ann Berger Valente<br \/>\n<strong>Data:<\/strong> 06 de dezembro de 2019<br \/>\n<strong>Hora:<\/strong> 10:00<br \/>\n<strong>Local:<\/strong> Sala 315 &#8211; Pr\u00e9dio Centro de Engenharias<\/p>\n<hr \/>\n<h3>Jo\u00e3o In\u00e1cio Moreira Bezerra<\/h3>\n<p><strong>Curso:<\/strong> Engenharia de Computa\u00e7\u00e3o<br \/>\n<strong>T\u00edtulo:<\/strong> O uso da Teoria do Caos para desenvolver um cifrador seguro<br \/>\n<strong>Banca:<\/strong><br \/>\nProf. Vin\u00edcius Valduga de Almeida Camargo (orientador(a))<br \/>\nProf. Alexandre Molter (coorientador(a))<br \/>\nProf. Marilton Sanchotene de Aguiar<br \/>\nProf. Rafael Iankowski Soares<br \/>\n<strong>Data:<\/strong> 03 de dezembro de 2019<br \/>\n<strong>Hora:<\/strong> 15:10<br \/>\n<strong>Local:<\/strong> Sala 254- Campus Anglo<\/p>\n<hr \/>\n<h3>Juan Burtet<\/h3>\n<p><strong>Curso:<\/strong> Ci\u00eancia da Computa\u00e7\u00e3o<br \/>\n<strong>T\u00edtulo:<\/strong> Gera\u00e7\u00e3o Procedural de Mapas para Jogos Match-Three<br \/>\n<strong>Banca:<\/strong><br \/>\nProf. Ricardo Matsumura de Ara\u00fajo (orientador(a))<br \/>\nProf. Rafael Piccin Torchelsen<br \/>\nProfa. Luciana do Prado<br \/>\n<strong>Data:<\/strong> 06 de dezembro de 2019<br \/>\n<strong>Hora:<\/strong> 10:00<br \/>\n<strong>Local:<\/strong> Sala 250 &#8211; Campus Anglo<\/p>\n<hr \/>\n<h3>Leonardo Yokemura Marques<\/h3>\n<p><strong>Curso:<\/strong> Ci\u00eancia da Computa\u00e7\u00e3o<br \/>\n<strong>T\u00edtulo:<\/strong> Gerenciamento de conforto t\u00e9rmico em edifica\u00e7\u00f5es usando sistemas de controle com l\u00f3gica difusa (Fuzzy Logic Control)<br \/>\n<strong>Banca:<\/strong><br \/>\nProf. Anderson Priebe Ferrugem (orientador(a))<br \/>\nProf. Eduardo Grala da Cunha<br \/>\nProfa. Renata Hax Sander Reiser<br \/>\n<strong>Data:<\/strong> 05 de dezembro de 2019<br \/>\n<strong>Hora:<\/strong> 15:10<br \/>\n<strong>Local:<\/strong> Lab 4<\/p>\n<hr \/>\n<h3>Mateus Terribele Leme<\/h3>\n<p><strong>Curso:<\/strong> Engenharia de Computa\u00e7\u00e3o<br \/>\n<strong>T\u00edtulo:<\/strong> Explora\u00e7\u00e3o do Espa\u00e7o de Projeto do Uso de Somadores R\u00e1pidos para Arquiteturas de Hardware do Multiplicador Modular Montgomery Aplicado ao Sistema Criptogr\u00e1fico RSA<br \/>\n<strong>Banca:<\/strong><br \/>\nProf. Rafael Iankowski Soares (orientador(a))<br \/>\nProf. Eduardo Antonio C\u00e9sar da Costa (coorientador(a))<br \/>\nProf. Leandro Mateus Giacomini Rocha (coorientador(a))<br \/>\nProf. Vinicius Valduga de Almeida Camargo<br \/>\nProf. Alan Carlos Junior Rossetto<br \/>\n<strong>Data:<\/strong> 02 de dezembro de 2019<br \/>\n<strong>Hora:<\/strong> 16:50<br \/>\n<strong>Local:<\/strong> Lab 4<\/p>\n<hr \/>\n<h3>Matheus Santos Gelsdorf<\/h3>\n<p><strong>Curso:<\/strong> Engenharia de Computa\u00e7\u00e3o<br \/>\n<strong>T\u00edtulo:<\/strong> Desenvolvimento de um Prot\u00f3tipo para a Automatiza\u00e7\u00e3o do Acesso ao Restaurante Universit\u00e1rio da Universidade Federal de Pelotas<br \/>\n<strong>Banca:<\/strong><br \/>\nProf. Leomar Soares da Rosa Junior (orientador(a))<br \/>\nProf. Rafael Iankowski Soares<br \/>\nProf. Felipe de Souza Marques<br \/>\n<strong>Data:<\/strong> 10 de dezembro de 2019<br \/>\n<strong>Hora:<\/strong> 17:10<br \/>\n<strong>Local:<\/strong> Sala 436 &#8211; Campus Anglo<\/p>\n<hr \/>\n<h3>Maur\u00edcio Dorneles Caldeira Balboni<\/h3>\n<p><strong>Curso:<\/strong> Ci\u00eancia da Computa\u00e7\u00e3o<br \/>\n<strong>T\u00edtulo:<\/strong> Avaliando a Preced\u00eancia de Operadores na Matem\u00e1tica Intervalar utilizando C-XSC e IntPy<br \/>\n<strong>Banca:<\/strong><br \/>\nProf. Marilton Sanchotene de Aguiar (orientador(a))<br \/>\nProfa. Alice Fonseca Finger (coorientador(a))<br \/>\nProfa Aline Brum Loreto<br \/>\nProfa. Larissa Astrogildo de Freitas<br \/>\n<strong>Data:<\/strong> 06 de dezembro de 2019<br \/>\n<strong>Hora:<\/strong> 14:00<br \/>\n<strong>Local:<\/strong> Lab 2 &#8211; Sala 435 (campus Anglo)<\/p>\n<hr \/>\n<h3>Michel Silveira Pedroso<\/h3>\n<p><strong>Curso:<\/strong> Ci\u00eancia da Computa\u00e7\u00e3o<br \/>\n<strong>T\u00edtulo:<\/strong> Ordena\u00e7\u00e3o de fragmentos da montagem de genomas com base em m\u00faltiplas refer\u00eancias utilizando algoritmo gen\u00e9tico<br \/>\n<strong>Banca:<\/strong><br \/>\nProf. Marilton Sanchotene de Aguiar (orientador(a))<br \/>\nProf. Frederico Schmitt Kremer (coorientador(a))<br \/>\nProf. Anderson Priebe Ferrugem<br \/>\nProf. Luciano da Silva Pinto<br \/>\n<strong>Data:<\/strong> 05 de dezembro de 2019<br \/>\n<strong>Hora:<\/strong> 10:00<br \/>\n<strong>Local:<\/strong> Lab 1<\/p>\n<hr \/>\n<h3>Pablo Lameiro Sanches<\/h3>\n<p><strong>Curso:<\/strong> Ci\u00eancia da Computa\u00e7\u00e3o<br \/>\n<strong>T\u00edtulo:<\/strong> Interface Conversacional para redu\u00e7\u00e3o de toxicidade em jogos MOBA (Multiplayer Online Battle Arena): um estudo de caso<br \/>\n<strong>Banca:<\/strong><br \/>\nProfa. Tatiana Aires Tavares (orientador(a))<br \/>\nProf. Vinicius Kruger da Costa (coorientador(a))<br \/>\nProfa. Andr\u00e9ia Sias Rodrigues<br \/>\nProf. Rafael Cunha Cardoso<br \/>\n<strong>Data:<\/strong> 06 de dezembro de 2019<br \/>\n<strong>Hora:<\/strong> 11:00<br \/>\n<strong>Local:<\/strong> Sala 440<\/p>\n<hr \/>\n<h3>Patrick B\u00fcrke Garcia<\/h3>\n<p><strong>Curso:<\/strong> Ci\u00eancia da Computa\u00e7\u00e3o<br \/>\n<strong>T\u00edtulo:<\/strong> Virtual Classroom: Desenvolvimento e avalia\u00e7\u00e3o de experi\u00eancia de usu\u00e1rio de uma sala de aula em Realidade Virtual<br \/>\n<strong>Banca:<\/strong><br \/>\nProfa. Tatiana Aires Tavares (orientador(a))<br \/>\nProf. Vinicius Kruger da Costa (coorientador(a))<br \/>\nProfa. Andr\u00e9ia Sias Rodrigues<br \/>\nProf. Rafael Cunha Cardoso<br \/>\n<strong>Data:<\/strong> 06 de dezembro de 2019<br \/>\n<strong>Hora:<\/strong> 10:00<br \/>\n<strong>Local:<\/strong> Sala 440-Anglo<\/p>\n<hr \/>\n<h3>Patrick Guimar\u00e3es de Vargas<\/h3>\n<p><strong>Curso:<\/strong> Ci\u00eancia da Computa\u00e7\u00e3o<br \/>\n<strong>T\u00edtulo:<\/strong> Optimizing Patrolling Strategies for Multiple UAVs Through Genetic Algorithms<br \/>\n<strong>Banca:<\/strong><br \/>\nProf. Paulo Roberto Ferreira Junior (orientador(a))<br \/>\nProf. Taua Milech Cabreira<br \/>\nProfa. Lisane Brisolara de Brisolara<br \/>\n<strong>Data:<\/strong> 03 de dezembro de 2019<br \/>\n<strong>Hora:<\/strong> 13:30<br \/>\n<strong>Local:<\/strong> Sala 440-Anglo<\/p>\n<hr \/>\n<h3>Rafael Rad\u00fcnz Borba<\/h3>\n<p><strong>Curso:<\/strong> Ci\u00eancia da Computa\u00e7\u00e3o<br \/>\n<strong>T\u00edtulo:<\/strong> Desenvolvimento de um Sistema de Kanban para Gest\u00e3o de Leitos Hospitalares: da an\u00e1lise de requisitos \u00e0 implementa\u00e7\u00e3o do sistema<br \/>\n<strong>Banca:<\/strong><br \/>\nProfa. Lisane Brisolara de Brisolara (orientador(a))<br \/>\nNathalie Rey Da Silva Aquino (coorientador(a))<br \/>\nProf. Paulo Roberto Ferreira Jr.<br \/>\nProf. Tau\u00e3 Milech Cabreira<br \/>\n<strong>Data:<\/strong> 12 de dezembro de 2019<br \/>\n<strong>Hora:<\/strong> 13:30<br \/>\n<strong>Local:<\/strong> Sala 253-Anglo<\/p>\n<hr \/>\n<h3>Rodrigo de Brum Acosta<\/h3>\n<p><strong>Curso:<\/strong> Ci\u00eancia da Computa\u00e7\u00e3o<br \/>\n<strong>T\u00edtulo:<\/strong> Proposta de uma ferramenta baseada em avatares para a legendagem de v\u00eddeos adaptada para LIBRAS<br \/>\n<strong>Banca:<\/strong><br \/>\nProf. Marilton Sanchotene de Aguiar (orientador(a))<br \/>\nProfa. Lisane Brisolara de Brisolara<br \/>\nProf. Vinicius Kruger da Costa<br \/>\n<strong>Data:<\/strong> 11 de dezembro de 2019<br \/>\n<strong>Hora:<\/strong> 09:00<br \/>\n<strong>Local:<\/strong> Sala 414 &#8211; Anglo<\/p>\n<hr \/>\n<h3>Samuel Freitas Oliveira<\/h3>\n<p><strong>Curso:<\/strong> Ci\u00eancia da Computa\u00e7\u00e3o<br \/>\n<strong>T\u00edtulo:<\/strong> Minera\u00e7\u00e3o de dados utilizando algoritmos de aprendizado de m\u00e1quina para prever a demanda da startup Donamaid e como o clima influ\u00eancia<br \/>\n<strong>Banca:<\/strong><br \/>\nProf. Ricardo Matsumura de Araujo (orientador(a))<br \/>\nProf. Marilton Sanchotene de Aguiar<br \/>\nGustavo Henrique Smaniotto<br \/>\n<strong>Data:<\/strong> 09 de dezembro de 2019<br \/>\n<strong>Hora:<\/strong> 16:00<br \/>\n<strong>Local:<\/strong> Sala 249 &#8211; Anglo<\/p>\n<hr \/>\n<h3>Wagner Loch<\/h3>\n<p><strong>Curso:<\/strong> Engenharia de Computa\u00e7\u00e3o<br \/>\n<strong>T\u00edtulo:<\/strong> Reconhecimento de Caracteres em Placas de Autom\u00f3veis Utilizando Computa\u00e7\u00e3o em Nuvem<br \/>\n<strong>Banca:<\/strong><br \/>\nProf. Rafael Iankowski Soares (orientador(a))<br \/>\nProf. Anderson Priebe Ferrugem<br \/>\nProf. Leomar Soares da Rosa Junior<br \/>\n<strong>Data:<\/strong> 03 de dezembro de 2019<br \/>\n<strong>Hora:<\/strong> 10:00<br \/>\n<strong>Local:<\/strong> Lab1<\/p>\n<hr \/>\n","protected":false},"excerpt":{"rendered":"<p>Arthur Siqueira e Silva Curso: Ci\u00eancia da Computa\u00e7\u00e3o T\u00edtulo: Collattum: Sistema recomendador de correspond\u00eancias entre publica\u00e7\u00f5es da Plataforma Lattes Banca: Prof. Ricardo Matsumura de Ara\u00fajo (orientador(a)) N\u00edcolas Oreques de Araujo (coorientador(a)) Profa. Larissa Astrogildo de Freitas Prof. Ulisses Brisolara Corr\u00eaa Data: 10 de dezembro de 2019 Hora: 13:30 Local: Sala 305 &#8211; Campus II UFPel [&hellip;]<\/p>\n","protected":false},"author":800,"featured_media":0,"parent":84,"menu_order":0,"comment_status":"closed","ping_status":"closed","template":"","meta":{"footnotes":""},"class_list":["post-1131","page","type-page","status-publish","hentry"],"_links":{"self":[{"href":"https:\/\/wp.ufpel.edu.br\/notcc\/wp-json\/wp\/v2\/pages\/1131","targetHints":{"allow":["GET"]}}],"collection":[{"href":"https:\/\/wp.ufpel.edu.br\/notcc\/wp-json\/wp\/v2\/pages"}],"about":[{"href":"https:\/\/wp.ufpel.edu.br\/notcc\/wp-json\/wp\/v2\/types\/page"}],"author":[{"embeddable":true,"href":"https:\/\/wp.ufpel.edu.br\/notcc\/wp-json\/wp\/v2\/users\/800"}],"replies":[{"embeddable":true,"href":"https:\/\/wp.ufpel.edu.br\/notcc\/wp-json\/wp\/v2\/comments?post=1131"}],"version-history":[{"count":4,"href":"https:\/\/wp.ufpel.edu.br\/notcc\/wp-json\/wp\/v2\/pages\/1131\/revisions"}],"predecessor-version":[{"id":1137,"href":"https:\/\/wp.ufpel.edu.br\/notcc\/wp-json\/wp\/v2\/pages\/1131\/revisions\/1137"}],"up":[{"embeddable":true,"href":"https:\/\/wp.ufpel.edu.br\/notcc\/wp-json\/wp\/v2\/pages\/84"}],"wp:attachment":[{"href":"https:\/\/wp.ufpel.edu.br\/notcc\/wp-json\/wp\/v2\/media?parent=1131"}],"curies":[{"name":"wp","href":"https:\/\/api.w.org\/{rel}","templated":true}]}}