{"id":113,"date":"2016-12-02T14:45:39","date_gmt":"2016-12-02T16:45:39","guid":{"rendered":"https:\/\/wp.ufpel.edu.br\/notcc\/?page_id=113"},"modified":"2017-03-15T08:28:49","modified_gmt":"2017-03-15T11:28:49","slug":"2016_2","status":"publish","type":"page","link":"https:\/\/wp.ufpel.edu.br\/notcc\/bancas\/historico\/2016_2\/","title":{"rendered":"Bancas 2016\/2"},"content":{"rendered":"<h3>Bruno Giacobo Pinto<\/h3>\n<p><strong>Curso:<\/strong> Ci\u00eancia da Computa\u00e7\u00e3o<br \/>\n<strong>T\u00edtulo:<\/strong> Implementa\u00e7\u00e3o de Uma Interface de Express\u00e3o de Concorr\u00eancia Compat\u00edvel com C++11<br \/>\n<strong>Banca:<\/strong><br \/>\nProf. Gerson Geraldo Homrich Cavalheiro (orientador)<br \/>\nProf. Andr\u00e9 Rauber Du Bois<br \/>\nProf. Andr\u00e9 Desessards Jardim<br \/>\nProf. Edevaldo Braga dos Santos<br \/>\n<strong>Data:<\/strong> 30\/Nov\/2016<br \/>\n<strong>Hora:<\/strong> 15:30h<br \/>\n<strong>Local:<\/strong> Sala 440<\/p>\n<hr>\n<h3>Daniel Rizzardi Farias<\/h3>\n<p><strong>Curso:<\/strong> Ci\u00eancia da Computa\u00e7\u00e3o<br \/>\n<strong>T\u00edtulo:<\/strong> Estudo e aplica\u00e7\u00e3o da realidade aumentada em jogos s\u00e9rios para o desenvolvimento do pensamento computacional<br \/>\n<strong>Banca:<\/strong><br \/>\nProf. Marilton Sanchotene de Aguiar (orientador)<br \/>\nProfa. Luciana Foss<br \/>\nProfa. Simone Andr\u00e9 da Costa Cavalheiro<br \/>\n<strong>Data:<\/strong> 08\/Mar\/2017<br \/>\n<strong>Hora:<\/strong> 15:00h<br \/>\n<strong>Local:<\/strong> Lab 3<\/p>\n<hr>\n<h3>Italo Dombrowski Machado<\/h3>\n<p><strong>Curso:<\/strong> Ci\u00eancia da Computa\u00e7\u00e3o<br \/>\n<strong>T\u00edtulo:<\/strong> Controlador de Energia para o Codificador x265 Utilizando Frentes de Pareto<br \/>\n<strong>Banca:<\/strong><br \/>\nProf. Bruno Zatt (orientador)<br \/>\nProf. Wagner Ishizaka Penny (co-orientador)<br \/>\nProf. Guilherme Ribeiro Corr\u00eaa<br \/>\nProf. Daniel Munari Palomino<br \/>\nProf. Rafael Iankowski Soares<br \/>\n<strong>Data:<\/strong> 20\/Mar\/2017<br \/>\n<strong>Hora:<\/strong> 15:10<br \/>\n<strong>Local:<\/strong> Lab. 4<\/p>\n<hr>\n<h3>Italo Menna Silveira<\/h3>\n<p><strong>Curso:<\/strong> Ci\u00eancia da Computa\u00e7\u00e3o<br \/>\n<strong>T\u00edtulo:<\/strong> Desenvolvimento de Benchmark Concorrente para a Linguagem CMTJava<br \/>\n<strong>Banca:<\/strong><br \/>\nProf. Andr\u00e9 Rauber Du Bois (orientador)<br \/>\nProf. Adenauer Correa Yamin<br \/>\nMSc. Jer\u00f4nimo da Cunha Ramos<br \/>\n<strong>Data:<\/strong> 09\/Mar\/2017<br \/>\n<strong>Hora:<\/strong> 14:00h<br \/>\n<strong>Local:<\/strong> Sala 437<\/p>\n<hr>\n<h3>Jean Roberto Antunes<\/h3>\n<p><strong>Curso:<\/strong> Ci\u00eancia da Computa\u00e7\u00e3o<br \/>\n<strong>T\u00edtulo:<\/strong> Avalia\u00e7\u00e3o do Impacto do uso de Frameworks Multiplataforma na Efici\u00eancia de Aplicativos M\u00f3veis para plataforma Android<br \/>\n<strong>Banca:<\/strong><br \/>\nProfa. Lisane Brisolara de Brisolara (orientador)<br \/>\nProf. Felipe de Souza Marques<br \/>\nProf. Paulo Roberto Ferreira Jr.<br \/>\n<strong>Data:<\/strong> 13\/Mar\/2017<br \/>\n<strong>Hora:<\/strong> 13:30h<br \/>\n<strong>Local:<\/strong> Lab. 4<\/p>\n<hr>\n<h3>Jones William Goebel<\/h3>\n<p><strong>Curso:<\/strong> Engenharia de Computa\u00e7\u00e3o<br \/>\n<strong>T\u00edtulo:<\/strong> Projeto de Hardware Dedicado Modular para a DCT-2D do Padr\u00e3o HEVC<br \/>\n<strong>Banca:<\/strong><br \/>\nProf. Marcelo Schiavon Porto (orientador)<br \/>\nProf. Bruno Zatt (co-orientador)<br \/>\nProf. Rafael Iankowski Soares<br \/>\nProf. Daniel Munari Palomino<br \/>\nProf. Vin\u00edcius Valduga de Almeida Camargo<br \/>\n<strong>Data:<\/strong> 13\/Mar\/2017<br \/>\n<strong>Hora:<\/strong> 15:30h<br \/>\n<strong>Local:<\/strong> Lab. 4<\/p>\n<hr>\n<h3>Jo\u00e3o V\u00edtor Valente Tarouco de Oliveira<\/h3>\n<p><strong>Curso:<\/strong> Ci\u00eancia da Computa\u00e7\u00e3o<br \/>\n<strong>T\u00edtulo:<\/strong> Cloud-In-A-Box: implementa\u00e7\u00e3o de um n\u00f3 computacional em uma nuvem OpenStack utilizando Raspberry Pi<br \/>\n<strong>Banca:<\/strong><br \/>\nProf. Maur\u00edcio Lima Pilla (orientador)<br \/>\nProf. La\u00e9rcio Lima Pilla (co-orientador)<br \/>\nProf. Adenauer Correa Yamin<br \/>\nMSc. Vilnei Neves<br \/>\n<strong>Data:<\/strong> 10\/Mar\/2017<br \/>\n<strong>Hora:<\/strong> 10:00h<br \/>\n<strong>Local:<\/strong> Sala 306<\/p>\n<hr>\n<h3>Lira Specht Vital da Costa<\/h3>\n<p><strong>Curso:<\/strong> Ci\u00eancia da Computa\u00e7\u00e3o<br \/>\n<strong>T\u00edtulo:<\/strong> Investiga\u00e7\u00e3o de Vulnerabilidades do Algoritmo Criptogr\u00e1fico RSA: Perspectiva de uma Crise de Seguran\u00e7a<br \/>\n<strong>Banca:<\/strong><br \/>\nProf. Rafael Iankowski Soares (orientador)<br \/>\nProf. Vin\u00edcius Valduga de Almeida Camargo<br \/>\nProf. Anderson Priebe Ferrugem<br \/>\nProf. Luciano Ludwig Loder<br \/>\n<strong>Data:<\/strong> 17\/Mar\/2017<br \/>\n<strong>Hora:<\/strong> 15:10h<br \/>\n<strong>Local:<\/strong> Sala 308<\/p>\n<hr>\n<h3>Lucas Barreiro Agostini<\/h3>\n<p><strong>Curso:<\/strong> Engenharia de Computa\u00e7\u00e3o<br \/>\n<strong>T\u00edtulo:<\/strong> An\u00e1lise e Simula\u00e7\u00e3o dos Conectivos Fuzzy Intuicionistas via Computa\u00e7\u00e3o Qu\u00e2ntica<br \/>\n<strong>Banca:<\/strong><br \/>\nProfa. Renata Hax Sander Reiser (orientador)<br \/>\nProf. Mauricio Lima Pilla (co-orientador)<br \/>\nMSc. Anderson Braga de Avila<br \/>\nProf. Adenauer Corr\u00eaa Yamin<br \/>\n<strong>Data:<\/strong> 07\/Mar\/2017<br \/>\n<strong>Hora:<\/strong> 17:30h<br \/>\n<strong>Local:<\/strong> Audit\u00f3rio Acad\u00eamico<\/p>\n<hr>\n<h3>Lucas Mendon\u00e7a de Souza Xavier<\/h3>\n<p><strong>Curso:<\/strong> Ci\u00eancia da Computa\u00e7\u00e3o<br \/>\n<strong>T\u00edtulo:<\/strong> Uma Proposta de Ger\u00eancia de QoC para o Subsistema de Reconhecimento de Contexto e Adapta\u00e7\u00e3o do EXEHDA<br \/>\n<strong>Banca:<\/strong><br \/>\nProfa. Ana Marilza Pernas Fleischmann (orientador)<br \/>\nProf. Adenauer Corr\u00eaa Yamin (co-orientador)<br \/>\nProfa. Tatiana Aires Tavares<br \/>\nProf. Gerson Geraldo Homrich Cavalheiro<br \/>\n<strong>Data:<\/strong> 13\/Mar\/2017<br \/>\n<strong>Hora:<\/strong> 13:30h<br \/>\n<strong>Local:<\/strong> Sala 210<\/p>\n<hr>\n<h3>Luiza Pinto Beltrame<\/h3>\n<p><strong>Curso:<\/strong> Ci\u00eancia da Computa\u00e7\u00e3o<br \/>\n<strong>T\u00edtulo:<\/strong> Provimento de Processamento para Aplica\u00e7\u00f5es Bag of Task em uma Nuvem IaaS<br \/>\n<strong>Banca:<\/strong><br \/>\nProf. Gerson Geraldo Homrich Cavalheiro (orientador)<br \/>\nProf. Adenauer Correa Yamin<br \/>\nMSc. Maicon An\u00e7a dos Santos<br \/>\n<strong>Data:<\/strong> 10\/Mar\/2017<br \/>\n<strong>Hora:<\/strong> 16:00h<br \/>\n<strong>Local:<\/strong> Sala 305<\/p>\n<hr>\n<h3>L\u00facio Leal Bastos<\/h3>\n<p><strong>Curso:<\/strong> Ci\u00eancia da Computa\u00e7\u00e3o<br \/>\n<strong>T\u00edtulo:<\/strong> Enriquecendo o conte\u00fado de Objetos de Aprendizagem usando dados abertos conectados<br \/>\n<strong>Banca:<\/strong><br \/>\nProfa. Daniela Francisco Brauner (orientador)<br \/>\nProf. Cristian Cechinel (co-orientador)<br \/>\nProf. Ricardo Matsumura Araujo (co-orientador)<br \/>\nProfa. Ana Marilza Pernas Fleischmann<br \/>\nProf. Leomar Soares da Rosa J\u00fanior<br \/>\nProf. Marilton Sanchotene de Aguiar<br \/>\n<strong>Data:<\/strong> 10\/Mar\/2017<br \/>\n<strong>Hora:<\/strong> 15:10h<br \/>\n<strong>Local:<\/strong> Sala 309<\/p>\n<hr>\n<h3>Michael Alexandre Costa<\/h3>\n<p><strong>Curso:<\/strong> Ci\u00eancia da Computa\u00e7\u00e3o<br \/>\n<strong>T\u00edtulo:<\/strong> Desenvolvimento de um escalonador de tarefas para TinySTM<br \/>\n<strong>Banca:<\/strong><br \/>\nProf. Maur\u00edcio Lima Pilla (orientador)<br \/>\nProf. Andr\u00e9 Rauber Du Bois (co-orientador)<br \/>\nMSc. Felipe Leivas Teixeira<br \/>\nProf. Gerson Geraldo Homrich Cavalheiro<br \/>\n<strong>Data:<\/strong> 09\/Mar\/2017<br \/>\n<strong>Hora:<\/strong> 15:30h<br \/>\n<strong>Local:<\/strong> Sala 437<\/p>\n<hr>\n<h3>Nat\u00e1lia Toralles Darley<\/h3>\n<p><strong>Curso:<\/strong> Ci\u00eancia da Computa\u00e7\u00e3o<br \/>\n<strong>T\u00edtulo:<\/strong> Intera\u00e7\u00e3o de Usu\u00e1rio com Interfaces Tang\u00edveis: Uma An\u00e1lise de Experi\u00eancias Utilizando o Projeto AR Sandbox<br \/>\n<strong>Banca:<\/strong><br \/>\nProfa. Tatiana Aires Tavares (orientador)<br \/>\nProf. Gilberto Loguercio Collares (co-orientador)<br \/>\nProf. Guilherme Ribeiro Corr\u00eaa<br \/>\nProf. Vinicius Kruger da Costa<br \/>\nProfa. Viviane Santos Silva Terra<br \/>\n<strong>Data:<\/strong> 10\/Mar\/2017<br \/>\n<strong>Hora:<\/strong> 10:00h<br \/>\n<strong>Local:<\/strong> Sala 308<\/p>\n<hr>\n<h3>Pablo Tyszkievicz Kila<\/h3>\n<p><strong>Curso:<\/strong> Ci\u00eancia da Computa\u00e7\u00e3o<br \/>\n<strong>T\u00edtulo:<\/strong> Avalia\u00e7\u00e3o das interfaces de ferramentas de programa\u00e7\u00e3o multithread com a su\u00edte Cowichan<br \/>\n<strong>Banca:<\/strong><br \/>\nProf. Gerson Geraldo Homrich Cavalheiro (orientador)<br \/>\nProf. Andr\u00e9 Rauber Du Bois<br \/>\nProf. Andr\u00e9 Desessards Jardim<br \/>\nProf. Edevaldo Braga dos Santos<br \/>\n<strong>Data:<\/strong> 30\/Nov\/2016<br \/>\n<strong>Hora:<\/strong> 14:00h<br \/>\n<strong>Local:<\/strong> Sala 440<\/p>\n<hr>\n<h3>Pargles Wenz Dall&#8217;Oglio<\/h3>\n<p><strong>Curso:<\/strong> Ci\u00eancia da Computa\u00e7\u00e3o<br \/>\n<strong>T\u00edtulo:<\/strong> Estudo e Implementa\u00e7\u00e3o de Estrat\u00e9gias para Redu\u00e7\u00e3o de Complexidade do Codificador de V\u00eddeo HEVC Baseadas em Aprendizado de M\u00e1quina<br \/>\n<strong>Banca:<\/strong><br \/>\nProf. Guilherme Ribeiro Corr\u00eaa (orientador)<br \/>\nProf. Luciano Volcan Agostini (co-orientador)<br \/>\nProf. Ricardo Matsumura Ara\u00fajo<br \/>\nProf. Marcelo Schiavon Porto<br \/>\nMSc. Ruhan \u00c1vila da Concei\u00e7\u00e3o<br \/>\n<strong>Data:<\/strong> 14\/Mar\/2017<br \/>\n<strong>Hora:<\/strong> 15:30h<br \/>\n<strong>Local:<\/strong> Lab 4<\/p>\n<hr>\n<h3>Regis Zanandrea<\/h3>\n<p><strong>Curso:<\/strong> Ci\u00eancia da Computa\u00e7\u00e3o<br \/>\n<strong>T\u00edtulo:<\/strong> Desenvolvimento de uma Adapta\u00e7\u00e3o do Algoritmo ST-Router para Grade com Custos Distintos<br \/>\n<strong>Banca:<\/strong><br \/>\nProf. Felipe de Souza Marques (orientador)<br \/>\nProf. Leomar da Rosa J\u00fanior (co-orientador)<br \/>\nProf. Paulo Roberto Ferreira Jr.<br \/>\nProf. J\u00falio Carlos Balzano de Mattos<br \/>\n<strong>Data:<\/strong> 13\/Mar\/2017<br \/>\n<strong>Hora:<\/strong> 08:00h<br \/>\n<strong>Local:<\/strong> Lab 1<\/p>\n<hr>\n<h3>Rodrigo Medeiros Duarte<\/h3>\n<p><strong>Curso:<\/strong> Engenharia de Computa\u00e7\u00e3o<br \/>\n<strong>T\u00edtulo:<\/strong> Implementa\u00e7\u00e3o de Um Escalonador de Transa\u00e7\u00f5es Para STM Haskell<br \/>\n<strong>Banca:<\/strong><br \/>\nProf. Andr\u00e9 Rauber Du Bois (orientador)<br \/>\nProfa. Renata Hax Sander Reiser (co-orientador)<br \/>\nProf. Maur\u00edcio Lima Pilla (co-orientador)<br \/>\nMsc. Jeronimo da Cunha Ramos<br \/>\nProf. Gerson Geraldo Homrich Cavalheiro<br \/>\n<strong>Data:<\/strong> 12\/Dez\/2016<br \/>\n<strong>Hora:<\/strong> 14:00h<br \/>\n<strong>Local:<\/strong> Sala 415<\/p>\n<hr>\n<h3>Tain\u00e3 Ribeiro Carvalho<\/h3>\n<p><strong>Curso:<\/strong> Engenharia de Computa\u00e7\u00e3o<br \/>\n<strong>T\u00edtulo:<\/strong> Regras ECA no EXEHDA: Um Framework de Gerenciamento Direcionado ao Subsistema de Reconhecimento de Contexto e Adapta\u00e7\u00e3o<br \/>\n<strong>Banca:<\/strong><br \/>\nProfa. Ana Marilza Pernas Fleischmann (orientador)<br \/>\nProf. Adenauer Correa Yamin (co-orientador)<br \/>\nProf. Jo\u00e3o Ladislau Barbar\u00e1 Lopes<br \/>\nRoger da Silva Machado<br \/>\n<strong>Data:<\/strong> 15\/Mar\/2017<br \/>\n<strong>Hora:<\/strong> 14:00h<br \/>\n<strong>Local:<\/strong> Sala 210A<\/p>\n<hr>\n<h3>Thainan Bystronski Remboski<\/h3>\n<p><strong>Curso:<\/strong> Ci\u00eancia da Computa\u00e7\u00e3o<br \/>\n<strong>T\u00edtulo:<\/strong> Identifica\u00e7\u00e3o de insetos usando t\u00e9cnicas de processamento digital de imagens e de aprendizagem de m\u00e1quina<br \/>\n<strong>Banca:<\/strong><br \/>\nProf. Marilton Sanchotene de Aguiar (orientador)<br \/>\nProf. Paulo Roberto Ferreira Jr. (co-orientador)<br \/>\nEng. Rafael da Silva Gon\u00e7alves<br \/>\nEng. Sandro Daniel N\u00f6rnberg<br \/>\nProf. Ricardo Matsumura Araujo<br \/>\n<strong>Data:<\/strong> 03\/Mar\/2017<br \/>\n<strong>Hora:<\/strong> 08:00h<br \/>\n<strong>Local:<\/strong> Sala 309<\/p>\n<hr>\n<h3>Weslen Schiavon de Souza<\/h3>\n<p><strong>Curso:<\/strong> Ci\u00eancia da Computa\u00e7\u00e3o<br \/>\n<strong>T\u00edtulo:<\/strong> An\u00e1lise de vulnerabilidades em redes sem fio: uma ferramenta para diagn\u00f3stico e sugest\u00e3o de contramedidas para roteadores<br \/>\n<strong>Banca:<\/strong><br \/>\nProf. Marilton Sanchotene de Aguiar (orientador)<br \/>\nProf. Maur\u00edcio Lima Pilla<br \/>\nProf. Adenauer Correa Yamin<br \/>\n<strong>Data:<\/strong> 07\/Mar\/2017<br \/>\n<strong>Hora:<\/strong> 10:00h<br \/>\n<strong>Local:<\/strong> Lab 1<\/p>\n<hr>\n<h3>William Dalmorra de Souza<\/h3>\n<p><strong>Curso:<\/strong> Ci\u00eancia da Computa\u00e7\u00e3o<br \/>\n<strong>T\u00edtulo:<\/strong> Um Modelo para Previs\u00e3o de Infesta\u00e7\u00f5es de Pragas em Lavouras Baseado nas Altera\u00e7\u00f5es Meteorol\u00f3gicas da Regi\u00e3o<br \/>\n<strong>Banca:<\/strong><br \/>\nProf. Paulo Roberto Ferreira Jr. (orientador)<br \/>\nProf. Marilton Sanchotene de Aguiar (co-orientador)<br \/>\nEng. Rafael da Silva Gon\u00e7alves<br \/>\nEng. Sandro Daniel N\u00f6rnberg<br \/>\nProfa. Ana Marilza Pernas Fleischmann<br \/>\n<strong>Data:<\/strong> 03\/Mar\/2017<br \/>\n<strong>Hora:<\/strong> 10:00h<br \/>\n<strong>Local:<\/strong> Sala 309<\/p>\n<hr>\n","protected":false},"excerpt":{"rendered":"<p>Bruno Giacobo Pinto Curso: Ci\u00eancia da Computa\u00e7\u00e3o T\u00edtulo: Implementa\u00e7\u00e3o de Uma Interface de Express\u00e3o de Concorr\u00eancia Compat\u00edvel com C++11 Banca: Prof. Gerson Geraldo Homrich Cavalheiro (orientador) Prof. Andr\u00e9 Rauber Du Bois Prof. Andr\u00e9 Desessards Jardim Prof. Edevaldo Braga dos Santos Data: 30\/Nov\/2016 Hora: 15:30h Local: Sala 440 Daniel Rizzardi Farias Curso: Ci\u00eancia da Computa\u00e7\u00e3o T\u00edtulo: [&hellip;]<\/p>\n","protected":false},"author":657,"featured_media":0,"parent":84,"menu_order":0,"comment_status":"closed","ping_status":"closed","template":"","meta":{"footnotes":""},"class_list":["post-113","page","type-page","status-publish","hentry"],"_links":{"self":[{"href":"https:\/\/wp.ufpel.edu.br\/notcc\/wp-json\/wp\/v2\/pages\/113","targetHints":{"allow":["GET"]}}],"collection":[{"href":"https:\/\/wp.ufpel.edu.br\/notcc\/wp-json\/wp\/v2\/pages"}],"about":[{"href":"https:\/\/wp.ufpel.edu.br\/notcc\/wp-json\/wp\/v2\/types\/page"}],"author":[{"embeddable":true,"href":"https:\/\/wp.ufpel.edu.br\/notcc\/wp-json\/wp\/v2\/users\/657"}],"replies":[{"embeddable":true,"href":"https:\/\/wp.ufpel.edu.br\/notcc\/wp-json\/wp\/v2\/comments?post=113"}],"version-history":[{"count":32,"href":"https:\/\/wp.ufpel.edu.br\/notcc\/wp-json\/wp\/v2\/pages\/113\/revisions"}],"predecessor-version":[{"id":385,"href":"https:\/\/wp.ufpel.edu.br\/notcc\/wp-json\/wp\/v2\/pages\/113\/revisions\/385"}],"up":[{"embeddable":true,"href":"https:\/\/wp.ufpel.edu.br\/notcc\/wp-json\/wp\/v2\/pages\/84"}],"wp:attachment":[{"href":"https:\/\/wp.ufpel.edu.br\/notcc\/wp-json\/wp\/v2\/media?parent=113"}],"curies":[{"name":"wp","href":"https:\/\/api.w.org\/{rel}","templated":true}]}}