{"id":107,"date":"2016-12-02T14:42:59","date_gmt":"2016-12-02T16:42:59","guid":{"rendered":"https:\/\/wp.ufpel.edu.br\/notcc\/?page_id=107"},"modified":"2016-12-02T14:42:59","modified_gmt":"2016-12-02T16:42:59","slug":"2015_1","status":"publish","type":"page","link":"https:\/\/wp.ufpel.edu.br\/notcc\/bancas\/historico\/2015_1\/","title":{"rendered":"Bancas 2015\/1"},"content":{"rendered":"<h2 id=\"bruno_cardozo_stone\" class=\"sectionedit1 page-header\">Bruno Cardozo Stone<\/h2>\n<div class=\"level2\"><\/div>\n<h4 id=\"cursociencia_da_computacao\">Curso: Ci\u00eancia da Computa\u00e7\u00e3o<\/h4>\n<div class=\"level4\"><\/div>\n<h4 id=\"tituloanalise_de_tecnicas_de_processamento_de_imagens_em_dispositivos_moveisum_estudo_de_caso_no_diagnostico_de_melanomas\">T\u00edtulo: Analise de t\u00e9cnicas de processamento de imagens em dispositivos m\u00f3veis: um estudo de caso no diagn\u00f3stico de melanomas<\/h4>\n<div class=\"level4\"><\/div>\n<h4 id=\"banca\">Banca:<\/h4>\n<div class=\"level4\">\n<p>Prof. Marilton Sanchotene de Aguiar (orientador)<br \/>\nProf. Paulo Roberto Ferreira Jr.<br \/>\nProf. Anderson Priebe Ferrugem<\/p>\n<\/div>\n<h4 id=\"data29_de_junho_de_2015\">Data: 29 de Junho de 2015<\/h4>\n<div class=\"level4\"><\/div>\n<h4 id=\"hora1600h\">Hora: 16:00h<\/h4>\n<div class=\"level4\"><\/div>\n<h4 id=\"localauditorio_academico\">Local: Audit\u00f3rio Acad\u00eamico<\/h4>\n<div class=\"level4\"><\/div>\n<div class=\"secedit editbutton_section editbutton_1\"><\/div>\n<h2 id=\"edison_hund_lucas\" class=\"sectionedit2 page-header\">Edison Hund Lucas<\/h2>\n<div class=\"level2\"><\/div>\n<h4 id=\"cursociencia_da_computacao1\">Curso: Ci\u00eancia da Computa\u00e7\u00e3o<\/h4>\n<div class=\"level4\"><\/div>\n<h4 id=\"titulodesenvolvimento_de_uma_estacao_meteorologica_automatica_com_a_plataforma_arduino\">T\u00edtulo: Desenvolvimento de uma Esta\u00e7\u00e3o Meteorol\u00f3gica Autom\u00e1tica com a Plataforma Arduino<\/h4>\n<div class=\"level4\"><\/div>\n<h4 id=\"banca1\">Banca:<\/h4>\n<div class=\"level4\">\n<p>Prof. Rafael Iankowski Soares (orientador)<br \/>\nProf. Samuel Beskow (co-orientador)<br \/>\nProf. Anderson Priebe Ferrugem<br \/>\nProf. Leomar Soares da Rosa Jr.<\/p>\n<\/div>\n<h4 id=\"data02_de_julho_de_2015\">Data: 02 de Julho de 2015<\/h4>\n<div class=\"level4\"><\/div>\n<h4 id=\"hora1330h\">Hora: 13:30h<\/h4>\n<div class=\"level4\"><\/div>\n<h4 id=\"localauditorio_academico1\">Local: Audit\u00f3rio Acad\u00eamico<\/h4>\n<div class=\"level4\"><\/div>\n<div class=\"secedit editbutton_section editbutton_2\"><\/div>\n<h2 id=\"gabriel_leitao_cardoso\" class=\"sectionedit3 page-header\">Gabriel Leit\u00e3o Cardoso<\/h2>\n<div class=\"level2\"><\/div>\n<h4 id=\"cursociencia_da_computacao2\">Curso: Ci\u00eancia da Computa\u00e7\u00e3o<\/h4>\n<div class=\"level4\"><\/div>\n<h4 id=\"titulouma_ferramenta_para_avaliacao_visual_de_algoritmos_de_estimacao_de_movimento\">T\u00edtulo: Uma ferramenta para avalia\u00e7\u00e3o visual de algoritmos de estima\u00e7\u00e3o de movimento<\/h4>\n<div class=\"level4\"><\/div>\n<h4 id=\"banca2\">Banca:<\/h4>\n<div class=\"level4\">\n<p>Prof. Marcelo Schiavon Porto (orientador)<br \/>\nProf. Bruno Zatt (co-orientador)<br \/>\nProf. Paulo Roberto Ferreira Jr.<br \/>\nProf. Anderson Priebe Ferrugem<\/p>\n<\/div>\n<h4 id=\"data29_de_junho_de_20151\">Data: 29 de Junho de 2015<\/h4>\n<div class=\"level4\"><\/div>\n<h4 id=\"hora1800h\">Hora: 18:00h<\/h4>\n<div class=\"level4\"><\/div>\n<h4 id=\"locallab_3\">Local: Lab 3<\/h4>\n<div class=\"level4\"><\/div>\n<div class=\"secedit editbutton_section editbutton_3\"><\/div>\n<h2 id=\"giovane_de_oliveira_torres\" class=\"sectionedit4 page-header\">Giovane de Oliveira Torres<\/h2>\n<div class=\"level2\"><\/div>\n<h4 id=\"cursociencia_da_computacao3\">Curso: Ci\u00eancia da Computa\u00e7\u00e3o<\/h4>\n<div class=\"level4\"><\/div>\n<h4 id=\"tituloum_estudo_sobre_os_efeitos_da_tecnica_de_reuso_de_tracos_em_arquiteturas_arm_nas_questoes_de_desempenho\">T\u00edtulo: Um estudo sobre os efeitos da t\u00e9cnica de reuso de tra\u00e7os em arquiteturas ARM nas quest\u00f5es de desempenho<\/h4>\n<div class=\"level4\"><\/div>\n<h4 id=\"banca3\">Banca:<\/h4>\n<div class=\"level4\">\n<p>Prof. Maur\u00edcio Lima Pilla (orientador)<br \/>\nProf. Leomar Soares da Rosa Jr.<br \/>\nRodrigo Costa de Moura<\/p>\n<\/div>\n<h4 id=\"data01_de_julho_de_2015\">Data: 01 de Julho de 2015<\/h4>\n<div class=\"level4\"><\/div>\n<h4 id=\"hora1330h1\">Hora: 13:30h<\/h4>\n<div class=\"level4\"><\/div>\n<h4 id=\"localauditorio_da_reitoria\">Local: Audit\u00f3rio da Reitoria<\/h4>\n<div class=\"level4\"><\/div>\n<div class=\"secedit editbutton_section editbutton_4\"><\/div>\n<h2 id=\"guilherme_porto_britto_cousin\" class=\"sectionedit5 page-header\">Guilherme Porto Britto Cousin<\/h2>\n<div class=\"level2\"><\/div>\n<h4 id=\"cursociencia_da_computacao4\">Curso: Ci\u00eancia da Computa\u00e7\u00e3o<\/h4>\n<div class=\"level4\"><\/div>\n<h4 id=\"tituloinfluencia_da_interface_de_programacao_nas_atividades_de_escalonamento\">T\u00edtulo: Influ\u00eancia da Interface de Programa\u00e7\u00e3o nas Atividades de Escalonamento<\/h4>\n<div class=\"level4\"><\/div>\n<h4 id=\"banca4\">Banca:<\/h4>\n<div class=\"level4\">\n<p>Prof. Gerson Geraldo Homrich Cavalheiro (orientador)<br \/>\nProf. Andr\u00e9 Rauber Du Bois<br \/>\nProf. Alexandre Leite Silva<\/p>\n<\/div>\n<h4 id=\"data07_de_julho_de_2015\">Data: 07 de Julho de 2015<\/h4>\n<div class=\"level4\"><\/div>\n<h4 id=\"hora1400h\">Hora: 14:00h<\/h4>\n<div class=\"level4\"><\/div>\n<h4 id=\"localpos_1_fat\">Local: P\u00f3s 1, FAT.<\/h4>\n<div class=\"level4\"><\/div>\n<div class=\"secedit editbutton_section editbutton_5\"><\/div>\n<h2 id=\"ivan_jose_rambo\" class=\"sectionedit6 page-header\">Ivan Jos\u00e9 Rambo<\/h2>\n<div class=\"level2\"><\/div>\n<h4 id=\"cursociencia_da_computacao5\">Curso: Ci\u00eancia da Computa\u00e7\u00e3o<\/h4>\n<div class=\"level4\"><\/div>\n<h4 id=\"tituloricnr2uma_proposta_nao-relacional_para_tratamento_de_dados_de_contexto_no_exehda\">T\u00edtulo: RICNR2: Uma Proposta N\u00e3o-relacional para Tratamento de Dados de Contexto no EXEHDA<\/h4>\n<div class=\"level4\"><\/div>\n<h4 id=\"banca5\">Banca:<\/h4>\n<div class=\"level4\">\n<p>Profa. Ana Marilza Pernas Fleischmann (orientador)<br \/>\nProf. Adenauer Corr\u00eaa Yamin (co-orientador)<br \/>\nProfa. Renata Hax Sander Reiser<br \/>\nProf. Jo\u00e3o Ladislau Lopes<\/p>\n<\/div>\n<h4 id=\"data01_de_julho_de_20151\">Data: 01 de Julho de 2015<\/h4>\n<div class=\"level4\"><\/div>\n<h4 id=\"hora1000h\">Hora: 10:00h<\/h4>\n<div class=\"level4\"><\/div>\n<h4 id=\"localpos_1_fat1\">Local: P\u00f3s 1, FAT.<\/h4>\n<div class=\"level4\"><\/div>\n<div class=\"secedit editbutton_section editbutton_6\"><\/div>\n<h2 id=\"lidiane_costa_da_silva\" class=\"sectionedit7 page-header\">Lidiane Costa da Silva<\/h2>\n<div class=\"level2\"><\/div>\n<h4 id=\"cursociencia_da_computacao6\">Curso: Ci\u00eancia da Computa\u00e7\u00e3o<\/h4>\n<div class=\"level4\"><\/div>\n<h4 id=\"tituloexplorando_o_processamento_dinamico_de_regras_semanticas_para_identificacao_de_situacoes_de_alunos_em_um_ambiente_educacional\">T\u00edtulo: Explorando o Processamento Din\u00e2mico de Regras Sem\u00e2nticas para Identifica\u00e7\u00e3o de Situa\u00e7\u00f5es de Alunos em um Ambiente Educacional<\/h4>\n<div class=\"level4\"><\/div>\n<h4 id=\"banca6\">Banca:<\/h4>\n<div class=\"level4\">\n<p>Profa. Ana Marilza Pernas Fleischmann (orientador)<br \/>\nProf. Jo\u00e3o Ladislau Barbar\u00e1 Lopes (co-orientador)<br \/>\nProf. Guilherme Tomaschewski Netto<br \/>\nProf. Rodrigo Santos de Souza<\/p>\n<\/div>\n<h4 id=\"data03_de_julho_de_2015\">Data: 03 de Julho de 2015<\/h4>\n<div class=\"level4\"><\/div>\n<h4 id=\"hora1400h1\">Hora: 14:00h<\/h4>\n<div class=\"level4\"><\/div>\n<h4 id=\"localpos_1_fat2\">Local: P\u00f3s 1, FAT.<\/h4>\n<div class=\"level4\"><\/div>\n<div class=\"secedit editbutton_section editbutton_7\"><\/div>\n<h2 id=\"mateus_moreira_silveira_do_nascimento\" class=\"sectionedit8 page-header\">Mateus Moreira Silveira do Nascimento<\/h2>\n<div class=\"level2\"><\/div>\n<h4 id=\"cursociencia_da_computacao7\">Curso: Ci\u00eancia da Computa\u00e7\u00e3o<\/h4>\n<div class=\"level4\"><\/div>\n<h4 id=\"tituloimplementacao_de_computacao_em_nuvem_para_execucao_de_simulacoes_quanticas_do_vpe-qgm\">T\u00edtulo: Implementa\u00e7\u00e3o de Computa\u00e7\u00e3o em Nuvem para Execu\u00e7\u00e3o de Simula\u00e7\u00f5es Qu\u00e2nticas do VPE-qGM<\/h4>\n<div class=\"level4\"><\/div>\n<h4 id=\"banca7\">Banca:<\/h4>\n<div class=\"level4\">\n<p>Prof. Maur\u00edcio Lima Pilla (orientador)<br \/>\nProfa. Renata Hax Sander Reiser (co-orientador)<br \/>\nProf. Adenauer Correa Yamin<br \/>\nProf. Andr\u00e9 Rauber Du Bois<\/p>\n<\/div>\n<h4 id=\"data29_de_junho_de_20152\">Data: 29 de Junho de 2015<\/h4>\n<div class=\"level4\"><\/div>\n<h4 id=\"hora1330h2\">Hora: 13:30h<\/h4>\n<div class=\"level4\"><\/div>\n<h4 id=\"localsala_436\">Local: Sala 436<\/h4>\n<div class=\"level4\"><\/div>\n<div class=\"secedit editbutton_section editbutton_8\"><\/div>\n<h2 id=\"maureen_oliveira_de_souza\" class=\"sectionedit9 page-header\">Maureen Oliveira de Souza<\/h2>\n<div class=\"level2\"><\/div>\n<h4 id=\"cursociencia_da_computacao8\">Curso: Ci\u00eancia da Computa\u00e7\u00e3o<\/h4>\n<div class=\"level4\"><\/div>\n<h4 id=\"titulotestes_em_sistemas_webcomparacao_de_tecnicas_aplicadas_a_ambientes_parcialmente_ou_completamente_desenvolvidos\">T\u00edtulo: Testes em sistemas web: compara\u00e7\u00e3o de t\u00e9cnicas aplicadas a ambientes parcialmente ou completamente desenvolvidos<\/h4>\n<div class=\"level4\"><\/div>\n<h4 id=\"banca8\">Banca:<\/h4>\n<div class=\"level4\">\n<p>Prof. Anderson Priebe Ferrugem (orientador)<br \/>\nRafael Teixeira dos Santos (co-orientador)<br \/>\nProfa. Fl\u00e1via Braga de Azambuja<br \/>\nAlfredo Tillmann<\/p>\n<\/div>\n<h4 id=\"data02_de_julho_de_20151\">Data: 02 de Julho de 2015<\/h4>\n<div class=\"level4\"><\/div>\n<h4 id=\"hora1700h\">Hora: 17:00h<\/h4>\n<div class=\"level4\"><\/div>\n<h4 id=\"localsala_413\">Local: Sala 413<\/h4>\n<div class=\"level4\"><\/div>\n<div class=\"secedit editbutton_section editbutton_9\"><\/div>\n<h2 id=\"maximiliano_dalla_porta\" class=\"sectionedit10 page-header\">Maximiliano Dalla Porta<\/h2>\n<div class=\"level2\"><\/div>\n<h4 id=\"cursociencia_da_computacao9\">Curso: Ci\u00eancia da Computa\u00e7\u00e3o<\/h4>\n<div class=\"level4\"><\/div>\n<h4 id=\"titulouma_abordagem_multicamada_inspirada_no_comportamento_adaptativo_dos_insetos_sociais_para_o_balanceamento_de_carga_em_redes_de_sensores_sem_fio\">T\u00edtulo: Uma abordagem multicamada inspirada no comportamento adaptativo dos insetos sociais para o balanceamento de carga em redes de sensores sem fio<\/h4>\n<div class=\"level4\"><\/div>\n<h4 id=\"banca9\">Banca:<\/h4>\n<div class=\"level4\">\n<p>Prof. Paulo Roberto Ferreira Jr. (orientador)<br \/>\nProf. Marilton Sanchotene de Aguiar<br \/>\nProfa. Lisane Brisolara de Brisolara<\/p>\n<\/div>\n<h4 id=\"data30_de_junho_de_2015\">Data: 30 de Junho de 2015<\/h4>\n<div class=\"level4\"><\/div>\n<h4 id=\"hora1630h\">Hora: 16:30h<\/h4>\n<div class=\"level4\"><\/div>\n<h4 id=\"locallab_4\">Local: Lab 4<\/h4>\n<div class=\"level4\"><\/div>\n<div class=\"secedit editbutton_section editbutton_10\"><\/div>\n<h2 id=\"mohammad_basciri_nimer_hammad\" class=\"sectionedit11 page-header\">Mohammad Basciri Nimer Hammad<\/h2>\n<div class=\"level2\"><\/div>\n<h4 id=\"cursociencia_da_computacao10\">Curso: Ci\u00eancia da Computa\u00e7\u00e3o<\/h4>\n<div class=\"level4\"><\/div>\n<h4 id=\"titulomineracao_e_construcao_de_corpus_lexicos_na_area_da_ciencia_cognitiva_usando_tecnicas_de_inteligencia_artificial\">T\u00edtulo: Minera\u00e7\u00e3o e constru\u00e7\u00e3o de corpus l\u00e9xicos na \u00e1rea da Ci\u00eancia Cognitiva usando t\u00e9cnicas de intelig\u00eancia artificial<\/h4>\n<div class=\"level4\"><\/div>\n<h4 id=\"banca10\">Banca:<\/h4>\n<div class=\"level4\">\n<p>Prof. Anderson Priebe Ferrugem (orientador)<br \/>\nProfa. Marisa Degaspari (co-orientador)<br \/>\nProfa. Fl\u00e1via Braga de Azambuja<br \/>\nTim\u00f3teo Matthies Rico<\/p>\n<\/div>\n<h4 id=\"data09_de_julho_de_2015\">Data: 09 de Julho de 2015<\/h4>\n<div class=\"level4\"><\/div>\n<h4 id=\"hora1400h2\">Hora: 14:00h<\/h4>\n<div class=\"level4\"><\/div>\n<h4 id=\"localsala_442\">Local: Sala 442<\/h4>\n<div class=\"level4\"><\/div>\n<div class=\"secedit editbutton_section editbutton_11\"><\/div>\n<h2 id=\"murilo_figueiredo_schmalfuss\" class=\"sectionedit12 page-header\">Murilo Figueiredo Schmalfuss<\/h2>\n<div class=\"level2\"><\/div>\n<h4 id=\"cursociencia_da_computacao11\">Curso: Ci\u00eancia da Computa\u00e7\u00e3o<\/h4>\n<div class=\"level4\"><\/div>\n<h4 id=\"tituloextensao_do_ambiente_vird-gm_para_suporte_a_processos_parciais_mistos_para_portas_controladas\">T\u00edtulo: Extens\u00e3o do Ambiente VirD-GM para Suporte a Processos Parciais Mistos para Portas Controladas<\/h4>\n<div class=\"level4\"><\/div>\n<h4 id=\"banca11\">Banca:<\/h4>\n<div class=\"level4\">\n<p>Profa. Renata Hax Sander Reiser (orientador)<br \/>\nProf. Maur\u00edcio Lima Pilla (co-orientador)<br \/>\nProf. Adenauer Corr\u00eaa Yamin<br \/>\nProf. Andr\u00e9 Rauber Du Bois<\/p>\n<\/div>\n<h4 id=\"data06_de_julho_de_2015\">Data: 06 de Julho de 2015<\/h4>\n<div class=\"level4\"><\/div>\n<h4 id=\"hora1330h3\">Hora: 13:30h<\/h4>\n<div class=\"level4\"><\/div>\n<h4 id=\"localsala_4361\">Local: Sala 436<\/h4>\n<div class=\"level4\"><\/div>\n<div class=\"secedit editbutton_section editbutton_12\"><\/div>\n<h2 id=\"valesca_do_amaral_nunes\" class=\"sectionedit13 page-header\">Valesca do Amaral Nunes<\/h2>\n<div class=\"level2\"><\/div>\n<h4 id=\"cursociencia_da_computacao12\">Curso: Ci\u00eancia da Computa\u00e7\u00e3o<\/h4>\n<div class=\"level4\"><\/div>\n<h4 id=\"titulomodelagem_de_sistemas_web_baseada_em_uml_e_ifml\">T\u00edtulo: Modelagem de sistemas Web baseada em UML e IFML<\/h4>\n<div class=\"level4\"><\/div>\n<h4 id=\"banca12\">Banca:<\/h4>\n<div class=\"level4\">\n<p>Profa. Milena Rota Sena Marques (orientador)<br \/>\nProfa. Lisane Brisolara de Brisolara (co-orientador)<br \/>\nProfa. Daniela Brauner<br \/>\nProfa. Luciana Foss<\/p>\n<\/div>\n<h4 id=\"data08_de_julho_de_2015\">Data: 08 de Julho de 2015<\/h4>\n<div class=\"level4\"><\/div>\n<h4 id=\"hora1330h4\">Hora: 13:30h<\/h4>\n<div class=\"level4\"><\/div>\n<h4 id=\"localpos_1_fat3\">Local: P\u00f3s 1, FAT.<\/h4>\n<div class=\"level4\"><\/div>\n<div class=\"secedit editbutton_section editbutton_13\"><\/div>\n<h2 id=\"vinicius_steffens_pazzini\" class=\"sectionedit14 page-header\">Vin\u00edcius Steffens Pazzini<\/h2>\n<div class=\"level2\"><\/div>\n<h4 id=\"cursociencia_da_computacao13\">Curso: Ci\u00eancia da Computa\u00e7\u00e3o<\/h4>\n<div class=\"level4\"><\/div>\n<h4 id=\"tituloavaliacao_de_tecnicas_de_inteligencia_artificial_na_descoberta_de_motifs\">T\u00edtulo: Avalia\u00e7\u00e3o de t\u00e9cnicas de intelig\u00eancia artificial na descoberta de Motifs<\/h4>\n<div class=\"level4\"><\/div>\n<h4 id=\"banca13\">Banca:<\/h4>\n<div class=\"level4\">\n<p>Prof. Marilton Sanchotene de Aguiar (orientador)<br \/>\nProf. Anderson Priebe Ferrugem<br \/>\nProf. Ricardo Matsumura Araujo<\/p>\n<\/div>\n<h4 id=\"data29_de_junho_de_20153\">Data: 29 de Junho de 2015<\/h4>\n<div class=\"level4\"><\/div>\n<h4 id=\"hora1400h3\">Hora: 14:00h<\/h4>\n<div class=\"level4\"><\/div>\n<h4 id=\"localauditorio_academico2\">Local: Audit\u00f3rio Acad\u00eamico<\/h4>\n","protected":false},"excerpt":{"rendered":"<p>Bruno Cardozo Stone Curso: Ci\u00eancia da Computa\u00e7\u00e3o T\u00edtulo: Analise de t\u00e9cnicas de processamento de imagens em dispositivos m\u00f3veis: um estudo de caso no diagn\u00f3stico de melanomas Banca: Prof. Marilton Sanchotene de Aguiar (orientador) Prof. Paulo Roberto Ferreira Jr. Prof. Anderson Priebe Ferrugem Data: 29 de Junho de 2015 Hora: 16:00h Local: Audit\u00f3rio Acad\u00eamico Edison Hund [&hellip;]<\/p>\n","protected":false},"author":657,"featured_media":0,"parent":84,"menu_order":0,"comment_status":"closed","ping_status":"closed","template":"","meta":{"footnotes":""},"class_list":["post-107","page","type-page","status-publish","hentry"],"_links":{"self":[{"href":"https:\/\/wp.ufpel.edu.br\/notcc\/wp-json\/wp\/v2\/pages\/107","targetHints":{"allow":["GET"]}}],"collection":[{"href":"https:\/\/wp.ufpel.edu.br\/notcc\/wp-json\/wp\/v2\/pages"}],"about":[{"href":"https:\/\/wp.ufpel.edu.br\/notcc\/wp-json\/wp\/v2\/types\/page"}],"author":[{"embeddable":true,"href":"https:\/\/wp.ufpel.edu.br\/notcc\/wp-json\/wp\/v2\/users\/657"}],"replies":[{"embeddable":true,"href":"https:\/\/wp.ufpel.edu.br\/notcc\/wp-json\/wp\/v2\/comments?post=107"}],"version-history":[{"count":1,"href":"https:\/\/wp.ufpel.edu.br\/notcc\/wp-json\/wp\/v2\/pages\/107\/revisions"}],"predecessor-version":[{"id":108,"href":"https:\/\/wp.ufpel.edu.br\/notcc\/wp-json\/wp\/v2\/pages\/107\/revisions\/108"}],"up":[{"embeddable":true,"href":"https:\/\/wp.ufpel.edu.br\/notcc\/wp-json\/wp\/v2\/pages\/84"}],"wp:attachment":[{"href":"https:\/\/wp.ufpel.edu.br\/notcc\/wp-json\/wp\/v2\/media?parent=107"}],"curies":[{"name":"wp","href":"https:\/\/api.w.org\/{rel}","templated":true}]}}