{"id":105,"date":"2016-12-02T14:42:24","date_gmt":"2016-12-02T16:42:24","guid":{"rendered":"https:\/\/wp.ufpel.edu.br\/notcc\/?page_id=105"},"modified":"2016-12-02T14:42:24","modified_gmt":"2016-12-02T16:42:24","slug":"2014_2","status":"publish","type":"page","link":"https:\/\/wp.ufpel.edu.br\/notcc\/bancas\/historico\/2014_2\/","title":{"rendered":"Bancas 2014\/2"},"content":{"rendered":"<h2 id=\"alexandre_da_rocha_fonseca\" class=\"sectionedit1 page-header\">Alexandre da Rocha Fonseca<\/h2>\n<div class=\"level2\"><\/div>\n<h4 id=\"cursociencia_da_computacao\">Curso: Ci\u00eancia da Computa\u00e7\u00e3o<\/h4>\n<div class=\"level4\"><\/div>\n<h4 id=\"titulodesenvolvimento_de_uma_ferramenta_para_especificacoes_para_dsc_taems\">T\u00edtulo: Desenvolvimento de uma ferramenta para especifica\u00e7\u00f5es para DSC\\_T\u00c6MS<\/h4>\n<div class=\"level4\"><\/div>\n<h4 id=\"banca\">Banca:<\/h4>\n<div class=\"level4\">\n<p>Prof. Paulo Roberto Ferreira Jr. (orientador)<br \/>\nProf. Marilton Sanchotene de Aguiar<br \/>\nProf. Ricardo Matsumura Araujo<\/p>\n<\/div>\n<h4 id=\"data11_de_dezembro_de_2014\">Data: 11 de Dezembro de 2014<\/h4>\n<div class=\"level4\"><\/div>\n<h4 id=\"hora1700h\">Hora: 17:00h<\/h4>\n<div class=\"level4\"><\/div>\n<h4 id=\"locallab_1\">Local: Lab 1<\/h4>\n<div class=\"level4\"><\/div>\n<div class=\"secedit editbutton_section editbutton_1\"><\/div>\n<h2 id=\"aline_rodrigues_tonini\" class=\"sectionedit2 page-header\">Aline Rodrigues Tonini<\/h2>\n<div class=\"level2\"><\/div>\n<h4 id=\"cursociencia_da_computacao1\">Curso: Ci\u00eancia da Computa\u00e7\u00e3o<\/h4>\n<div class=\"level4\"><\/div>\n<h4 id=\"titulosustentabilidade_de_produtos_de_softwareuma_avaliacao_de_aplicativos_moveis\">T\u00edtulo: Sustentabilidade de Produtos de Software: Uma Avalia\u00e7\u00e3o de Aplicativos M\u00f3veis<\/h4>\n<div class=\"level4\"><\/div>\n<h4 id=\"banca1\">Banca:<\/h4>\n<div class=\"level4\">\n<p>Profa. Lisane Brisolara de Brisolara (orientador)<br \/>\nProfa. Milena Rota Sena Marques (co-orientador)<br \/>\nProf. J\u00falio Carlos Balzano de Mattos<br \/>\nProfa. Luciana Foss<\/p>\n<\/div>\n<h4 id=\"data15_de_dezembro_de_2014\">Data: 15 de Dezembro de 2014<\/h4>\n<div class=\"level4\"><\/div>\n<h4 id=\"hora1700h1\">Hora: 17:00h<\/h4>\n<div class=\"level4\"><\/div>\n<h4 id=\"locallab_11\">Local: Lab 1<\/h4>\n<div class=\"level4\"><\/div>\n<div class=\"secedit editbutton_section editbutton_2\"><\/div>\n<h2 id=\"daniel_fischer_pettenon\" class=\"sectionedit3 page-header\">Daniel Fischer Pettenon<\/h2>\n<div class=\"level2\"><\/div>\n<h4 id=\"cursociencia_da_computacao2\">Curso: Ci\u00eancia da Computa\u00e7\u00e3o<\/h4>\n<div class=\"level4\"><\/div>\n<h4 id=\"titulopredicao_de_obstrucoes_no_transporte_de_liquido_em_bomba_de_infusao\">T\u00edtulo: Predi\u00e7\u00e3o de Obstru\u00e7\u00f5es no transporte de l\u00edquido em Bomba de Infus\u00e3o<\/h4>\n<div class=\"level4\"><\/div>\n<h4 id=\"banca2\">Banca:<\/h4>\n<div class=\"level4\">\n<p>Prof. Paulo Roberto Ferreira Jr. (orientador)<br \/>\nProf. Marilton Sanchotene de Aguiar<br \/>\nProf. Ricardo Matsumura Araujo<\/p>\n<\/div>\n<h4 id=\"data17_de_dezembro_de_2014\">Data: 17 de Dezembro de 2014<\/h4>\n<div class=\"level4\"><\/div>\n<h4 id=\"hora1600h\">Hora: 16:00h<\/h4>\n<div class=\"level4\"><\/div>\n<h4 id=\"locallab_12\">Local: Lab 1<\/h4>\n<div class=\"level4\"><\/div>\n<div class=\"secedit editbutton_section editbutton_3\"><\/div>\n<h2 id=\"douglas_vanny_bento\" class=\"sectionedit4 page-header\">Douglas Vanny Bento<\/h2>\n<div class=\"level2\"><\/div>\n<h4 id=\"cursociencia_da_computacao3\">Curso: Ci\u00eancia da Computa\u00e7\u00e3o<\/h4>\n<div class=\"level4\"><\/div>\n<h4 id=\"titulodesenvolvendo_de_uma_engine_fisica_com_simulacao_basica_de_tecidos\">T\u00edtulo: Desenvolvendo De Uma Engine F\u00edsica Com Simula\u00e7\u00e3o B\u00e1sica De Tecidos<\/h4>\n<div class=\"level4\"><\/div>\n<h4 id=\"banca3\">Banca:<\/h4>\n<div class=\"level4\">\n<p>Profa. Aline Brum Loreto (orientador)<br \/>\nProf. Marilton Sanchotene de Aguiar<br \/>\nProf. Anderson Priebe Ferrugem<\/p>\n<\/div>\n<h4 id=\"data09_de_dezembro_de_2014\">Data: 09 de Dezembro de 2014<\/h4>\n<div class=\"level4\"><\/div>\n<h4 id=\"hora1700h2\">Hora: 17:00h<\/h4>\n<div class=\"level4\"><\/div>\n<h4 id=\"localpos_2_fat\">Local: P\u00f3s 2, FAT.<\/h4>\n<div class=\"level4\"><\/div>\n<div class=\"secedit editbutton_section editbutton_4\"><\/div>\n<h2 id=\"eduardo_viola_nicola\" class=\"sectionedit5 page-header\">Eduardo Viola Nicola<\/h2>\n<div class=\"level2\"><\/div>\n<h4 id=\"cursociencia_da_computacao4\">Curso: Ci\u00eancia da Computa\u00e7\u00e3o<\/h4>\n<div class=\"level4\"><\/div>\n<h4 id=\"tituloestudo_de_caso_da_implementacao_de_um_sistema_reconfiguravel_utilizando_o_processador_arm\">T\u00edtulo: Estudo de Caso da Implementa\u00e7\u00e3o de um Sistema Reconfigur\u00e1vel utilizando o Processador ARM<\/h4>\n<div class=\"level4\"><\/div>\n<h4 id=\"banca4\">Banca:<\/h4>\n<div class=\"level4\">\n<p>Prof. J\u00falio Carlos Balzano de Mattos (orientador)<br \/>\nProf. Rafael Iankowski Soares (co-orientador)<br \/>\nProf. Felipe de Souza Marques<br \/>\nProf. Leomar Soares da Rosa Jr.<\/p>\n<\/div>\n<h4 id=\"data28_de_novembro_de_2014\">Data: 28 de Novembro de 2014<\/h4>\n<div class=\"level4\"><\/div>\n<h4 id=\"hora1700h3\">Hora: 17:00h<\/h4>\n<div class=\"level4\"><\/div>\n<h4 id=\"locallab_4_a_confirmar\">Local: Lab 4 (a confirmar)<\/h4>\n<div class=\"level4\"><\/div>\n<div class=\"secedit editbutton_section editbutton_5\"><\/div>\n<h2 id=\"felipe_aguiar_correa\" class=\"sectionedit6 page-header\">Felipe Aguiar Corr\u00eaa<\/h2>\n<div class=\"level2\"><\/div>\n<h4 id=\"cursociencia_da_computacao5\">Curso: Ci\u00eancia da Computa\u00e7\u00e3o<\/h4>\n<div class=\"level4\"><\/div>\n<h4 id=\"titulouma_proposta_de_rastreamento_de_pedestres_baseada_em_caracteristicas_utilizando_viola-jones_e_comparacao_de_histogramas_por_distancia_de_bhattacharyya\">T\u00edtulo: Uma Proposta De Rastreamento De Pedestres Baseada Em Caracter\u00edsticas Utilizando Viola-jones E Compara\u00e7\u00e3o De Histogramas Por Dist\u00e2ncia De Bhattacharyya<\/h4>\n<div class=\"level4\"><\/div>\n<h4 id=\"banca5\">Banca:<\/h4>\n<div class=\"level4\">\n<p>Prof. Anderson Priebe Ferrugem (orientador)<br \/>\nProf. Marilton Sanchotene de Aguiar<br \/>\nProf. Rafael Iankowski Soares<\/p>\n<\/div>\n<h4 id=\"data09_de_dezembro_de_20141\">Data: 09 de Dezembro de 2014<\/h4>\n<div class=\"level4\"><\/div>\n<h4 id=\"hora1500h\">Hora: 15:00h<\/h4>\n<div class=\"level4\"><\/div>\n<h4 id=\"localpos_2_fat1\">Local: P\u00f3s 2, FAT.<\/h4>\n<div class=\"level4\"><\/div>\n<div class=\"secedit editbutton_section editbutton_6\"><\/div>\n<h2 id=\"felipe_borges\" class=\"sectionedit7 page-header\">Felipe Borges<\/h2>\n<div class=\"level2\"><\/div>\n<h4 id=\"cursociencia_da_computacao6\">Curso: Ci\u00eancia da Computa\u00e7\u00e3o<\/h4>\n<div class=\"level4\"><\/div>\n<h4 id=\"tituloproposta_de_uma_ferramenta_de_gerencia_de_informacao_pessoal_para_o_desktop_semantico\">T\u00edtulo: Proposta De Uma Ferramenta De Ger\u00eancia De Informa\u00e7\u00e3o Pessoal Para O Desktop Sem\u00e2ntico<\/h4>\n<div class=\"level4\"><\/div>\n<h4 id=\"banca6\">Banca:<\/h4>\n<div class=\"level4\">\n<p>Prof. Anderson Priebe Ferrugem (orientador)<br \/>\nProfa. Ana Marilza Pernas Fleischmann<br \/>\nProfa. Fl\u00e1via Braga de Azambuja<\/p>\n<\/div>\n<h4 id=\"data12_de_dezembro_de_2014\">Data: 12 de Dezembro de 2014<\/h4>\n<div class=\"level4\"><\/div>\n<h4 id=\"hora1530h\">Hora: 15:30h<\/h4>\n<div class=\"level4\"><\/div>\n<h4 id=\"locallab_13\">Local: Lab 1<\/h4>\n<div class=\"level4\"><\/div>\n<div class=\"secedit editbutton_section editbutton_7\"><\/div>\n<h2 id=\"fernando_angelin\" class=\"sectionedit8 page-header\">Fernando Angelin<\/h2>\n<div class=\"level2\"><\/div>\n<h4 id=\"cursociencia_da_computacao7\">Curso: Ci\u00eancia da Computa\u00e7\u00e3o<\/h4>\n<div class=\"level4\"><\/div>\n<h4 id=\"titulomodelagem_e_avaliacao_de_comportamento_de_aplicacoes_do_tipo_bag_of_tasks_em_uma_nuvem_gerida_pelo_openstack\">T\u00edtulo: Modelagem E Avalia\u00e7\u00e3o De Comportamento De Aplica\u00e7\u00f5es Do Tipo Bag Of Tasks Em Uma Nuvem Gerida Pelo Openstack<\/h4>\n<div class=\"level4\"><\/div>\n<h4 id=\"banca7\">Banca:<\/h4>\n<div class=\"level4\">\n<p>Prof. Gerson Geraldo Homrich Cavalheiro (orientador)<br \/>\nProfa. Ana Marilza Pernas Fleischmann<br \/>\nProf. Adenauer Corr\u00eaa Yamin<\/p>\n<\/div>\n<h4 id=\"data15_de_dezembro_de_20141\">Data: 15 de Dezembro de 2014<\/h4>\n<div class=\"level4\"><\/div>\n<h4 id=\"hora1400h\">Hora: 14:00h<\/h4>\n<div class=\"level4\"><\/div>\n<h4 id=\"locallab_3\">Local: Lab 3<\/h4>\n<div class=\"level4\"><\/div>\n<div class=\"secedit editbutton_section editbutton_8\"><\/div>\n<h2 id=\"gustavo_de_souza_meireles\" class=\"sectionedit9 page-header\">Gustavo De Souza Meireles<\/h2>\n<div class=\"level2\"><\/div>\n<h4 id=\"cursociencia_da_computacao8\">Curso: Ci\u00eancia da Computa\u00e7\u00e3o<\/h4>\n<div class=\"level4\"><\/div>\n<h4 id=\"titulocurriculo_lattesuma_abordagem_de_busca_explorando_a_recuperacao_de_informacao\">T\u00edtulo: Curr\u00edculo Lattes: Uma Abordagem De Busca Explorando A Recupera\u00e7\u00e3o De Informa\u00e7\u00e3o<\/h4>\n<div class=\"level4\"><\/div>\n<h4 id=\"banca8\">Banca:<\/h4>\n<div class=\"level4\">\n<p>Prof. Ricardo Matsumura De Araujo (orientador)<br \/>\nProf. Mario Duarte Canever<br \/>\nProfa. Daniela Francisco Brauner<\/p>\n<\/div>\n<h4 id=\"data15_de_dezembro_de_20142\">Data: 15 de Dezembro de 2014<\/h4>\n<div class=\"level4\"><\/div>\n<h4 id=\"hora1400h1\">Hora: 14:00h<\/h4>\n<div class=\"level4\"><\/div>\n<h4 id=\"localsala_210b\">Local: Sala 210B<\/h4>\n<div class=\"level4\"><\/div>\n<div class=\"secedit editbutton_section editbutton_9\"><\/div>\n<h2 id=\"gustavo_wrege_goncalves\" class=\"sectionedit10 page-header\">Gustavo Wrege Gon\u00e7alves<\/h2>\n<div class=\"level2\"><\/div>\n<h4 id=\"cursoengenharia_de_computacao\">Curso: Engenharia de Computa\u00e7\u00e3o<\/h4>\n<div class=\"level4\"><\/div>\n<h4 id=\"titulodesenvolvimento_de_um_ip_core_para_dct_e_quantizacao_segundo_padao_hevcprojeto_em_electronic_system_level\">T\u00edtulo: Desenvolvimento de um IP core para DCT e Quantiza\u00e7\u00e3o segundo pad\u00e3o HEVC: Projeto em Electronic System Level<\/h4>\n<div class=\"level4\"><\/div>\n<h4 id=\"banca9\">Banca:<\/h4>\n<div class=\"level4\">\n<p>Prof. Bruno Zatt (orientador)<br \/>\nProf. Marcelo Schiavon Porto (co-orientador)<br \/>\nProf. Vagner Santos da Rosa<br \/>\nProf. Gustavo Freitas Sanchez<br \/>\nProf. J\u00falio Carlos Balzano Mattos<\/p>\n<\/div>\n<h4 id=\"data09_de_dezembro_de_20142\">Data: 09 de Dezembro de 2014<\/h4>\n<div class=\"level4\"><\/div>\n<h4 id=\"hora1530h1\">Hora: 15:30h<\/h4>\n<div class=\"level4\"><\/div>\n<h4 id=\"localpos_1_fat\">Local: P\u00f3s 1, FAT.<\/h4>\n<div class=\"level4\"><\/div>\n<div class=\"secedit editbutton_section editbutton_10\"><\/div>\n<h2 id=\"gustavo_de_castro_feijo\" class=\"sectionedit11 page-header\">Gustavo de Castro Feij\u00f3<\/h2>\n<div class=\"level2\"><\/div>\n<h4 id=\"cursociencia_da_computacao9\">Curso: Ci\u00eancia da Computa\u00e7\u00e3o<\/h4>\n<div class=\"level4\"><\/div>\n<h4 id=\"tituloestudo_e_aplicacao_da_funcao_de_distribuicao_de_probabilidade_de_pareto_intervalar_no_fluxo_de_dados_multimidia_em_redes_de_fibra_optica\">T\u00edtulo: Estudo e aplica\u00e7\u00e3o da Fun\u00e7\u00e3o de Distribui\u00e7\u00e3o de Probabilidade de Pareto Intervalar no Fluxo de Dados Multim\u00eddia em Redes de Fibra \u00d3ptica<\/h4>\n<div class=\"level4\"><\/div>\n<h4 id=\"banca10\">Banca:<\/h4>\n<div class=\"level4\">\n<p>Profa. Aline Brum Loreto (orientador)<br \/>\nProfa. Alice Fonseca Finger (co-orientador)<br \/>\nProf. Marilton Sanchotene de Aguiar<br \/>\nProf. Leomar Soares da Rosa Junior<\/p>\n<\/div>\n<h4 id=\"data20_de_novembro_de_2014\">Data: 20 de Novembro de 2014<\/h4>\n<div class=\"level4\"><\/div>\n<h4 id=\"hora1400h2\">Hora: 14:00h<\/h4>\n<div class=\"level4\"><\/div>\n<h4 id=\"localpos_1_fat1\">Local: P\u00f3s 1, FAT.<\/h4>\n<div class=\"level4\"><\/div>\n<div class=\"secedit editbutton_section editbutton_11\"><\/div>\n<h2 id=\"helio_wichrestink_caruccio\" class=\"sectionedit12 page-header\">Helio Wichrestink Caruccio<\/h2>\n<div class=\"level2\"><\/div>\n<h4 id=\"cursociencia_da_computacao10\">Curso: Ci\u00eancia da Computa\u00e7\u00e3o<\/h4>\n<div class=\"level4\"><\/div>\n<h4 id=\"tituloexehda-rf_-_uma_solucao_restful_para_o_subsistema_de_reconhecimento_de_contexto\">T\u00edtulo: EXEHDA-RF &#8211; Uma Solu\u00e7\u00e3o RESTful para o Subsistema de Reconhecimento de Contexto<\/h4>\n<div class=\"level4\"><\/div>\n<h4 id=\"banca11\">Banca:<\/h4>\n<div class=\"level4\">\n<p>Profa. Ana Marilza Pernas Fleischmann (orientador)<br \/>\nProf. Adenauer Corr\u00eaa Yamin (co-orientador)<br \/>\nProf. Gerson Geraldo Homrich Cavalheiro<br \/>\nProf. Andr\u00e9 Rauber Du Bois<\/p>\n<\/div>\n<h4 id=\"data15_de_dezembro_de_20143\">Data: 15 de Dezembro de 2014<\/h4>\n<div class=\"level4\"><\/div>\n<h4 id=\"hora1530h2\">Hora: 15:30h<\/h4>\n<div class=\"level4\"><\/div>\n<h4 id=\"locallab_31\">Local: Lab 3<\/h4>\n<div class=\"level4\"><\/div>\n<div class=\"secedit editbutton_section editbutton_12\"><\/div>\n<h2 id=\"leonardo_de_lima_correa\" class=\"sectionedit13 page-header\">Leonardo de Lima Corr\u00eaa<\/h2>\n<div class=\"level2\"><\/div>\n<h4 id=\"cursociencia_da_computacao11\">Curso: Ci\u00eancia da Computa\u00e7\u00e3o<\/h4>\n<div class=\"level4\"><\/div>\n<h4 id=\"tituloimplementacao_e_analise_de_tecnicas_de_inteligencia_artificial_aplicadas_a_clusterizacao_em_recursos_hidricos\">T\u00edtulo: Implementa\u00e7\u00e3o E An\u00e1lise De T\u00e9cnicas De Intelig\u00eancia Artificial Aplicadas \u00c0 Clusteriza\u00e7\u00e3o Em Recursos H\u00eddricos<\/h4>\n<div class=\"level4\"><\/div>\n<h4 id=\"banca12\">Banca:<\/h4>\n<div class=\"level4\">\n<p>Prof. Marilton Sanchotene de Aguiar (orientador)<br \/>\nProf. Samuel Beskow (co-orientador)<br \/>\nProfa. Daniela Francisco Brauner<br \/>\nProf. Anderson Priebe Ferrugem<br \/>\nEng. Tamara Leitzke Caldeira<\/p>\n<\/div>\n<h4 id=\"data08_de_dezembro_de_2014\">Data: 08 de Dezembro de 2014<\/h4>\n<div class=\"level4\"><\/div>\n<h4 id=\"hora1330h\">Hora: 13:30h<\/h4>\n<div class=\"level4\"><\/div>\n<h4 id=\"localpos_1_fat2\">Local: P\u00f3s 1, FAT.<\/h4>\n<div class=\"level4\"><\/div>\n<div class=\"secedit editbutton_section editbutton_13\"><\/div>\n<h2 id=\"lisandro_luiz_da_silva\" class=\"sectionedit14 page-header\">Lisandro Luiz da Silva<\/h2>\n<div class=\"level2\"><\/div>\n<h4 id=\"cursoengenharia_de_computacao1\">Curso: Engenharia de Computa\u00e7\u00e3o<\/h4>\n<div class=\"level4\"><\/div>\n<h4 id=\"tituloestudo_do_acesso_a_memoria_em_processadores_embarcadosarquitetura_arm\">T\u00edtulo: Estudo do Acesso \u00e0 Mem\u00f3ria em Processadores Embarcados: Arquitetura ARM<\/h4>\n<div class=\"level4\"><\/div>\n<h4 id=\"banca13\">Banca:<\/h4>\n<div class=\"level4\">\n<p>Prof. J\u00falio Carlos Balzano de Mattos (orientador)<br \/>\nProfa. Lisane Brisolara de Brisolara (co-orientador)<br \/>\nProf. Rafael Iankowski Soares<br \/>\nProf. Marcelo Schiavon Porto<br \/>\nProf. Julio Cesar Mesquita Ruzicki<\/p>\n<\/div>\n<h4 id=\"data11_de_dezembro_de_20141\">Data: 11 de Dezembro de 2014<\/h4>\n<div class=\"level4\"><\/div>\n<h4 id=\"hora1700h4\">Hora: 17:00h<\/h4>\n<div class=\"level4\"><\/div>\n<h4 id=\"locala_definir\">Local: A definir<\/h4>\n<div class=\"level4\"><\/div>\n<div class=\"secedit editbutton_section editbutton_14\"><\/div>\n<h2 id=\"lucas_barros_bonine\" class=\"sectionedit15 page-header\">Lucas Barros Bonine<\/h2>\n<div class=\"level2\"><\/div>\n<h4 id=\"cursociencia_da_computacao12\">Curso: Ci\u00eancia da Computa\u00e7\u00e3o<\/h4>\n<div class=\"level4\"><\/div>\n<h4 id=\"tituloo_processo_de_desenvolvimento_de_uma_plataforma_on-line_para_gerenciamento_de_pesquisas_e_descoberta_de_conhecimento\">T\u00edtulo: O Processo De Desenvolvimento De Uma Plataforma On-line Para Gerenciamento De Pesquisas E Descoberta De Conhecimento<\/h4>\n<div class=\"level4\"><\/div>\n<h4 id=\"banca14\">Banca:<\/h4>\n<div class=\"level4\">\n<p>Prof. Anderson Priebe Ferrugem (orientador)<br \/>\nProf. Marcelo Fernandes Pacheco Dias (co-orientador)<br \/>\nProfa. Fl\u00e1via Braga de Azambuja<br \/>\nProf. Guilherme Tomaschewski Netto<\/p>\n<\/div>\n<h4 id=\"data12_de_dezembro_de_20141\">Data: 12 de Dezembro de 2014<\/h4>\n<div class=\"level4\"><\/div>\n<h4 id=\"hora1330h1\">Hora: 13:30h<\/h4>\n<div class=\"level4\"><\/div>\n<h4 id=\"locallab_14\">Local: Lab 1<\/h4>\n<div class=\"level4\"><\/div>\n<div class=\"secedit editbutton_section editbutton_15\"><\/div>\n<h2 id=\"luciano_de_azevedo_telesca_mota\" class=\"sectionedit16 page-header\">Luciano de Azevedo Telesca Mota<\/h2>\n<div class=\"level2\"><\/div>\n<h4 id=\"cursociencia_da_computacao13\">Curso: Ci\u00eancia da Computa\u00e7\u00e3o<\/h4>\n<div class=\"level4\"><\/div>\n<h4 id=\"titulobusca_colaborativa_de_vagas_de_estacionamento_em_espaco_publico\">T\u00edtulo: Busca colaborativa de vagas de estacionamento em espa\u00e7o p\u00fablico<\/h4>\n<div class=\"level4\"><\/div>\n<h4 id=\"banca15\">Banca:<\/h4>\n<div class=\"level4\">\n<p>Prof. Paulo Roberto Ferreira Jr. (orientador)<br \/>\nProf. Marilton Sanchotene de Aguiar<br \/>\nProf. Ricardo Matsumura Araujo<\/p>\n<\/div>\n<h4 id=\"data11_de_setembro_de_2014\">Data: 11 de Setembro de 2014<\/h4>\n<div class=\"level4\"><\/div>\n<h4 id=\"hora1330h2\">Hora: 13:30h<\/h4>\n<div class=\"level4\"><\/div>\n<h4 id=\"localsala_das_coordenacoes\">Local: Sala das Coordena\u00e7\u00f5es<\/h4>\n<div class=\"level4\"><\/div>\n<div class=\"secedit editbutton_section editbutton_16\"><\/div>\n<h2 id=\"luisa_dal_molin\" class=\"sectionedit17 page-header\">Lu\u00edsa Dal Molin<\/h2>\n<div class=\"level2\"><\/div>\n<h4 id=\"cursociencia_da_computacao14\">Curso: Ci\u00eancia da Computa\u00e7\u00e3o<\/h4>\n<div class=\"level4\"><\/div>\n<h4 id=\"titulouma_proposta_de_agregacao_de_dados_para_computacao_em_grade_direcionada_a_green_computing\">T\u00edtulo: Uma Proposta De Agrega\u00e7\u00e3o De Dados Para Computa\u00e7\u00e3o Em Grade Direcionada A Green Computing<\/h4>\n<div class=\"level4\"><\/div>\n<h4 id=\"banca16\">Banca:<\/h4>\n<div class=\"level4\">\n<p>Prof. Gerson Geraldo Homrich Cavalheiro (orientador)<br \/>\nProfa. Ana Marilza Pernas Fleischmann<br \/>\nProf. Adenauer Corr\u00eaa Yamin<\/p>\n<\/div>\n<h4 id=\"data15_de_dezembro_de_20144\">Data: 15 de Dezembro de 2014<\/h4>\n<div class=\"level4\"><\/div>\n<h4 id=\"hora1000h\">Hora: 10:00h<\/h4>\n<div class=\"level4\"><\/div>\n<h4 id=\"localsala_436\">Local: Sala 436<\/h4>\n<div class=\"level4\"><\/div>\n<div class=\"secedit editbutton_section editbutton_17\"><\/div>\n<h2 id=\"maicon_schneider_cardoso\" class=\"sectionedit18 page-header\">Maicon Schneider Cardoso<\/h2>\n<div class=\"level2\"><\/div>\n<h4 id=\"cursociencia_da_computacao15\">Curso: Ci\u00eancia da Computa\u00e7\u00e3o<\/h4>\n<div class=\"level4\"><\/div>\n<h4 id=\"tituloposicionamento_e_roteamento_de_redes_de_transistores_nao-serie-paralelo\">T\u00edtulo: Posicionamento e Roteamento de Redes de Transistores N\u00e3o-S\u00e9rie-Paralelo<\/h4>\n<div class=\"level4\"><\/div>\n<h4 id=\"banca17\">Banca:<\/h4>\n<div class=\"level4\">\n<p>Prof. Felipe de Souza Marques (orientador)<br \/>\nProf. Leomar Soares da Rosa Jr. (co-orientador)<br \/>\nProf. J\u00falio Carlos Balzano de Mattos<br \/>\nProf. Rafael Iankowski Soares<br \/>\nProf. Vin\u00edcius Neves Possani<\/p>\n<\/div>\n<h4 id=\"data16_de_dezembro_de_2014\">Data: 16 de Dezembro de 2014<\/h4>\n<div class=\"level4\"><\/div>\n<h4 id=\"hora1400h3\">Hora: 14:00h<\/h4>\n<div class=\"level4\"><\/div>\n<h4 id=\"locala_definir1\">Local: A definir<\/h4>\n<div class=\"level4\"><\/div>\n<div class=\"secedit editbutton_section editbutton_18\"><\/div>\n<h2 id=\"matheus_leitzke_pinto\" class=\"sectionedit19 page-header\">Matheus Leitzke Pinto<\/h2>\n<div class=\"level2\"><\/div>\n<h4 id=\"cursoengenharia_de_computacao2\">Curso: Engenharia de Computa\u00e7\u00e3o<\/h4>\n<div class=\"level4\"><\/div>\n<h4 id=\"titulodesenvolvimento_de_controle_digital_para_aparelho_biomedico_utilizando_sistema_operacional_de_tempo_real\">T\u00edtulo: Desenvolvimento De Controle Digital Para Aparelho Biom\u00e9dico Utilizando Sistema Operacional De Tempo Real<\/h4>\n<div class=\"level4\"><\/div>\n<h4 id=\"banca18\">Banca:<\/h4>\n<div class=\"level4\">\n<p>Prof. J\u00falio Carlos Balzano de Mattos (orientador)<br \/>\nProf. Bruno Zatt<br \/>\nProf. Felipe de Souza Marques<br \/>\nProf. Mauricio Tavares<\/p>\n<\/div>\n<h4 id=\"data16_de_dezembro_de_20141\">Data: 16 de Dezembro de 2014<\/h4>\n<div class=\"level4\"><\/div>\n<h4 id=\"hora1700h5\">Hora: 17:00h<\/h4>\n<div class=\"level4\"><\/div>\n<h4 id=\"locala_definir2\">Local: A definir<\/h4>\n<div class=\"level4\"><\/div>\n<div class=\"secedit editbutton_section editbutton_19\"><\/div>\n<h2 id=\"muriel_figueredo_franco\" class=\"sectionedit20 page-header\">Muriel Figueredo Franco<\/h2>\n<div class=\"level2\"><\/div>\n<h4 id=\"cursociencia_da_computacao16\">Curso: Ci\u00eancia da Computa\u00e7\u00e3o<\/h4>\n<div class=\"level4\"><\/div>\n<h4 id=\"tituloarquitetura_computacional_para_controle_bioclimaticouma_abordagem_baseada_em_sistemas_inteligentes\">T\u00edtulo: Arquitetura Computacional Para Controle Bioclim\u00e1tico: Uma Abordagem Baseada Em Sistemas Inteligentes<\/h4>\n<div class=\"level4\"><\/div>\n<h4 id=\"banca19\">Banca:<\/h4>\n<div class=\"level4\">\n<p>Prof. Anderson Priebe Ferrugem (orientador)<br \/>\nProf. Ant\u00f4nio C\u00e9sar Silveira Baptista da Silva (co-orientador)<br \/>\nProf. Ricardo Matsumura Araujo<br \/>\nProf. Eduardo Grala da Cunha<\/p>\n<\/div>\n<h4 id=\"data12_de_dezembro_de_20142\">Data: 12 de Dezembro de 2014<\/h4>\n<div class=\"level4\"><\/div>\n<h4 id=\"hora0800h\">Hora: 08:00h<\/h4>\n<div class=\"level4\"><\/div>\n<h4 id=\"localsala_das_coordenacoes1\">Local: Sala das Coordena\u00e7\u00f5es<\/h4>\n<div class=\"level4\"><\/div>\n<div class=\"secedit editbutton_section editbutton_20\"><\/div>\n<h2 id=\"nicolas_nogueira_bisi\" class=\"sectionedit21 page-header\">N\u00edcolas Nogueira Bisi<\/h2>\n<div class=\"level2\"><\/div>\n<h4 id=\"cursociencia_da_computacao17\">Curso: Ci\u00eancia da Computa\u00e7\u00e3o<\/h4>\n<div class=\"level4\"><\/div>\n<h4 id=\"tituloautomacao_de_um_ambiente_de_servidores_atraves_da_computacao_ubiqua\">T\u00edtulo: Automa\u00e7\u00e3o De Um Ambiente De Servidores Atrav\u00e9s Da Computa\u00e7\u00e3o Ub\u00edqua<\/h4>\n<div class=\"level4\"><\/div>\n<h4 id=\"banca20\">Banca:<\/h4>\n<div class=\"level4\">\n<p>Prof. Maur\u00edcio Lima Pilla (orientador)<br \/>\nProf. Adenauer Correa Yamin<br \/>\nBach. Vilnei Marins de Freitas das Neves<\/p>\n<\/div>\n<h4 id=\"data12_de_dezembro_de_20143\">Data: 12 de Dezembro de 2014<\/h4>\n<div class=\"level4\"><\/div>\n<h4 id=\"hora1500h1\">Hora: 15:00h<\/h4>\n<div class=\"level4\"><\/div>\n<h4 id=\"localauditorio_4o_andar\">Local: Audit\u00f3rio 4o andar<\/h4>\n<div class=\"level4\"><\/div>\n<div class=\"secedit editbutton_section editbutton_21\"><\/div>\n<h2 id=\"ruhan_avila_da_conceicao\" class=\"sectionedit22 page-header\">Ruhan \u00c1vila da Concei\u00e7\u00e3o<\/h2>\n<div class=\"level2\"><\/div>\n<h4 id=\"cursoengenharia_de_computacao3\">Curso: Engenharia de Computa\u00e7\u00e3o<\/h4>\n<div class=\"level4\"><\/div>\n<h4 id=\"titulouma_solucao_hardware_software_para_o_filtro_alf_do_padrao_hevc\">T\u00edtulo: Uma Solu\u00e7\u00e3o Hardware\/software Para O Filtro ALF Do Padr\u00e3o HEVC<\/h4>\n<div class=\"level4\"><\/div>\n<h4 id=\"banca21\">Banca:<\/h4>\n<div class=\"level4\">\n<p>Prof. Luciano Volcan Agostini (orientador)<br \/>\nProf. Bruno Zatt (co-orientador)<br \/>\nProf. Vagner Santos da Rosa<br \/>\nProf. Cl\u00e1udio Machado Diniz<br \/>\nProf. J\u00falio Carlos Balzano Mattos<\/p>\n<\/div>\n<h4 id=\"data09_de_dezembro_de_20143\">Data: 09 de Dezembro de 2014<\/h4>\n<div class=\"level4\"><\/div>\n<h4 id=\"hora1330h3\">Hora: 13:30h<\/h4>\n<div class=\"level4\"><\/div>\n<h4 id=\"localpos_1_fat3\">Local: P\u00f3s 1, FAT.<\/h4>\n<div class=\"level4\"><\/div>\n<div class=\"secedit editbutton_section editbutton_22\"><\/div>\n<h2 id=\"samuel_ribeiro_sant_anna\" class=\"sectionedit23 page-header\">Samuel Ribeiro Sant&#8217;Anna<\/h2>\n<div class=\"level2\"><\/div>\n<h4 id=\"cursociencia_da_computacao18\">Curso: Ci\u00eancia da Computa\u00e7\u00e3o<\/h4>\n<div class=\"level4\"><\/div>\n<h4 id=\"titulofgridum_modulo_para_tomada_de_decisoes_em_regime_de_incerteza_direcionado_ao_escalonamento_de_tarefas_em_grades_computacionais\">T\u00edtulo: fGrid: Um M\u00f3dulo Para Tomada De Decis\u00f5es Em Regime De Incerteza Direcionado Ao Escalonamento De Tarefas Em Grades Computacionais<\/h4>\n<div class=\"level4\"><\/div>\n<h4 id=\"banca22\">Banca:<\/h4>\n<div class=\"level4\">\n<p>Profa. Renata Hax Sander Reiser (orientador)<br \/>\nProf. Adenauer Correa Yamin (co-orientador)<br \/>\nProf. Gerson Geraldo Homrich Cavalheiro<br \/>\nProf. Andr\u00e9 Rauber Du Bois<\/p>\n<\/div>\n<h4 id=\"data15_de_dezembro_de_20145\">Data: 15 de Dezembro de 2014<\/h4>\n<div class=\"level4\"><\/div>\n<h4 id=\"hora1700h6\">Hora: 17:00h<\/h4>\n<div class=\"level4\"><\/div>\n<h4 id=\"locallab_32\">Local: Lab 3<\/h4>\n","protected":false},"excerpt":{"rendered":"<p>Alexandre da Rocha Fonseca Curso: Ci\u00eancia da Computa\u00e7\u00e3o T\u00edtulo: Desenvolvimento de uma ferramenta para especifica\u00e7\u00f5es para DSC\\_T\u00c6MS Banca: Prof. Paulo Roberto Ferreira Jr. (orientador) Prof. Marilton Sanchotene de Aguiar Prof. Ricardo Matsumura Araujo Data: 11 de Dezembro de 2014 Hora: 17:00h Local: Lab 1 Aline Rodrigues Tonini Curso: Ci\u00eancia da Computa\u00e7\u00e3o T\u00edtulo: Sustentabilidade de Produtos [&hellip;]<\/p>\n","protected":false},"author":657,"featured_media":0,"parent":84,"menu_order":0,"comment_status":"closed","ping_status":"closed","template":"","meta":{"footnotes":""},"class_list":["post-105","page","type-page","status-publish","hentry"],"_links":{"self":[{"href":"https:\/\/wp.ufpel.edu.br\/notcc\/wp-json\/wp\/v2\/pages\/105","targetHints":{"allow":["GET"]}}],"collection":[{"href":"https:\/\/wp.ufpel.edu.br\/notcc\/wp-json\/wp\/v2\/pages"}],"about":[{"href":"https:\/\/wp.ufpel.edu.br\/notcc\/wp-json\/wp\/v2\/types\/page"}],"author":[{"embeddable":true,"href":"https:\/\/wp.ufpel.edu.br\/notcc\/wp-json\/wp\/v2\/users\/657"}],"replies":[{"embeddable":true,"href":"https:\/\/wp.ufpel.edu.br\/notcc\/wp-json\/wp\/v2\/comments?post=105"}],"version-history":[{"count":1,"href":"https:\/\/wp.ufpel.edu.br\/notcc\/wp-json\/wp\/v2\/pages\/105\/revisions"}],"predecessor-version":[{"id":106,"href":"https:\/\/wp.ufpel.edu.br\/notcc\/wp-json\/wp\/v2\/pages\/105\/revisions\/106"}],"up":[{"embeddable":true,"href":"https:\/\/wp.ufpel.edu.br\/notcc\/wp-json\/wp\/v2\/pages\/84"}],"wp:attachment":[{"href":"https:\/\/wp.ufpel.edu.br\/notcc\/wp-json\/wp\/v2\/media?parent=105"}],"curies":[{"name":"wp","href":"https:\/\/api.w.org\/{rel}","templated":true}]}}