{"id":46,"date":"2015-10-27T16:04:19","date_gmt":"2015-10-27T18:04:19","guid":{"rendered":"https:\/\/wp.ufpel.edu.br\/nnugs\/?page_id=46"},"modified":"2015-10-27T16:04:19","modified_gmt":"2015-10-27T18:04:19","slug":"ensino","status":"publish","type":"page","link":"https:\/\/wp.ufpel.edu.br\/nnugs\/ensino\/","title":{"rendered":"Ensino"},"content":{"rendered":"<ul>\n<li><strong>Projeto de Ensino: N\u00facleo de Nutri\u00e7\u00e3o, Gastronomia e Sa\u00fade<\/strong><\/li>\n<\/ul>\n<p>Capacitar os participantes para atua\u00e7\u00e3o em atividades que envolvam as \u00e1reas de Nutri\u00e7\u00e3o, Gastronomia e Sa\u00fade; \u2013 Incentivar a busca e produ\u00e7\u00e3o de conhecimentos relacionados \u00e0 sa\u00fade por meio da Nutri\u00e7\u00e3o e da Gastronomia; \u2013 Orientar na produ\u00e7\u00e3o cient\u00edfica e difundir estudos t\u00e9cnicos e experimentais; \u2013 Capacitar o aluno no plano do racioc\u00ednio te\u00f3rico e pr\u00e1tico e da inicia\u00e7\u00e3o cient\u00edfica; \u2013 Desenvolvimento de atividades com enfoque no princ\u00edpio da indissociabilidade do ensino, pesquisa e extens\u00e3o, envolvendo estudantes de gradua\u00e7\u00e3o, mestrado e doutorado.<\/p>\n","protected":false},"excerpt":{"rendered":"<p>Projeto de Ensino: N\u00facleo de Nutri\u00e7\u00e3o, Gastronomia e Sa\u00fade Capacitar os participantes para atua\u00e7\u00e3o em atividades que envolvam as \u00e1reas de Nutri\u00e7\u00e3o, Gastronomia e Sa\u00fade; \u2013 Incentivar a busca e produ\u00e7\u00e3o de conhecimentos relacionados \u00e0 sa\u00fade por meio da Nutri\u00e7\u00e3o e da Gastronomia; \u2013 Orientar na produ\u00e7\u00e3o cient\u00edfica e difundir estudos t\u00e9cnicos e experimentais; \u2013 [&hellip;]<\/p>\n","protected":false},"author":546,"featured_media":0,"parent":0,"menu_order":0,"comment_status":"closed","ping_status":"closed","template":"","meta":{"footnotes":""},"class_list":["post-46","page","type-page","status-publish","hentry"],"_links":{"self":[{"href":"https:\/\/wp.ufpel.edu.br\/nnugs\/wp-json\/wp\/v2\/pages\/46","targetHints":{"allow":["GET"]}}],"collection":[{"href":"https:\/\/wp.ufpel.edu.br\/nnugs\/wp-json\/wp\/v2\/pages"}],"about":[{"href":"https:\/\/wp.ufpel.edu.br\/nnugs\/wp-json\/wp\/v2\/types\/page"}],"author":[{"embeddable":true,"href":"https:\/\/wp.ufpel.edu.br\/nnugs\/wp-json\/wp\/v2\/users\/546"}],"replies":[{"embeddable":true,"href":"https:\/\/wp.ufpel.edu.br\/nnugs\/wp-json\/wp\/v2\/comments?post=46"}],"version-history":[{"count":1,"href":"https:\/\/wp.ufpel.edu.br\/nnugs\/wp-json\/wp\/v2\/pages\/46\/revisions"}],"predecessor-version":[{"id":48,"href":"https:\/\/wp.ufpel.edu.br\/nnugs\/wp-json\/wp\/v2\/pages\/46\/revisions\/48"}],"wp:attachment":[{"href":"https:\/\/wp.ufpel.edu.br\/nnugs\/wp-json\/wp\/v2\/media?parent=46"}],"curies":[{"name":"wp","href":"https:\/\/api.w.org\/{rel}","templated":true}]}}