{"id":40,"date":"2015-10-27T16:00:13","date_gmt":"2015-10-27T18:00:13","guid":{"rendered":"https:\/\/wp.ufpel.edu.br\/nnugs\/?page_id=40"},"modified":"2016-07-05T08:49:21","modified_gmt":"2016-07-05T11:49:21","slug":"links","status":"publish","type":"page","link":"https:\/\/wp.ufpel.edu.br\/nnugs\/links\/","title":{"rendered":"Links"},"content":{"rendered":"<p>&nbsp;<\/p>\n<ul>\n<li>Ag\u00eancia Nacional de Vigil\u00e2ncia Sanit\u00e1ria (ANVISA):\u00a0<a href=\"http:\/\/portal.anvisa.gov.br\/wps\/portal\/anvisa\/home\">http:\/\/portal.anvisa.gov.br\/wps\/portal\/anvisa\/home<\/a><\/li>\n<li>Associa\u00e7\u00e3o Brasileira de Nutri\u00e7\u00e3o (Asbran):<a href=\"http:\/\/www.asbran.org.br\/\">\u00a0http:\/\/www.asbran.org.br\/<\/a><\/li>\n<li>Centers of Disease Control and Prevention (Centro de Controle e Preven\u00e7\u00e3o de Doen\u00e7as dos Estados Unidos)\u00a0\u00a0(CDC):\u00a0<a href=\"http:\/\/www.cdc.gov\/\">http:\/\/www.cdc.gov\/<\/a><\/li>\n<li>Conselho Federal de Nutricionistas (CFN):\u00a0<a href=\"http:\/\/www.cfn.org.br\/eficiente\/sites\/cfn\/pt-br\/home.php\">http:\/\/www.cfn.org.br\/eficiente\/sites\/cfn\/pt-br\/home.php<\/a><\/li>\n<li>Conselho Nacional de Desenvolvimento Cient\u00edfico e Tecnol\u00f3gico (CNPQ):\u00a0<a href=\"http:\/\/www.cnpq.br\/\">http:\/\/www.cnpq.br\/<\/a><\/li>\n<li>Minist\u00e9rio da Agricultura, Pecu\u00e1ria e Abastecimento (MAPA):\u00a0<a href=\"http:\/\/www.agricultura.gov.br\/\">http:\/\/www.agricultura.gov.br\/<\/a><\/li>\n<li>Minist\u00e9rio da Sa\u00fade:<a href=\"http:\/\/portalsaude.saude.gov.br\/\">\u00a0http:\/\/portalsaude.saude.gov.br\/<\/a><\/li>\n<li>Organiza\u00e7\u00e3o das Na\u00e7\u00f5es Unidas para Alimenta\u00e7\u00e3o e Agricultura (FAO):\u00a0<a href=\"http:\/\/www.fao.org\/es\/ESN\/index_en.stm\">http:\/\/www.fao.org<\/a><\/li>\n<li>Organiza\u00e7\u00e3o Mundial da Sa\u00fade (OMS):\u00a0<a href=\"http:\/\/www.who.int\/en\/\">http:\/\/www.who.int\/en<\/a>\/<\/li>\n<li>Sociedade Brasileira de Ci\u00eancia e Tecnologia de Alimentos (SBCTA):\u00a0<a href=\"http:\/\/www.sbcta.org.br\/\">http:\/\/www.sbcta.org.br\/<\/a><\/li>\n<li>N\u00facleo de Estudos e Pesquisas em Alimenta\u00e7\u00e3o (NEPA): <a href=\"http:\/\/www.unicamp.br\/nepa\/\">http:\/\/www.unicamp.br\/nepa\/<\/a><\/li>\n<li>N\u00facleo de Pesquisa de Nutri\u00e7\u00e3o em Produ\u00e7\u00e3o de Refei\u00e7\u00f5es (NUPPRE):\u00a0<a href=\"http:\/\/nuppre.ufsc.br\/\">http:\/\/nuppre.ufsc.br\/<\/a><\/li>\n<li>N\u00facleo de Estudos e Pesquisas em Seguran\u00e7a Alimentar e Nutricional (NESAN):\u00a0<a href=\"http:\/\/www.ufrgs.br\/pgdr\/nesan\/projetos.htm\">http:\/\/www.ufrgs.br\/pgdr\/nesan\/projetos.htm<\/a><\/li>\n<li>N\u00facleo de Estudos sobre Cultura e Alimenta\u00e7\u00e3o (O NECTAR):\u00a0<a href=\"http:\/\/nectar-pesquisa.com.br\/site\/index.php\/nucleo\/o-nectar\">http:\/\/nectar-pesquisa.com.br\/site\/index.php\/nucleo\/o-nectar<\/a><\/li>\n<li>Associa\u00e7\u00e3o dos Cel\u00edacos do Brasil: http:\/\/www.acelbra.org.br\/2004\/index.php<cite class=\"_Rm\"><\/cite><\/li>\n<li>Rio sem gl\u00faten: http:\/\/www.riosemgluten.com\/<\/li>\n<li>Acelbra &#8211; RS: Fenacelbra: http:\/\/www.fenacelbra.com.br\/acelbra_rs\/<\/li>\n<li>Associa\u00e7\u00e3o Brasileira para o Estudo da Obesidade e da S\u00edndrome Metab\u00f3lica http:\/\/www.abeso.org.br\/<\/li>\n<\/ul>\n<p>&nbsp;<\/p>\n","protected":false},"excerpt":{"rendered":"<p>&nbsp; Ag\u00eancia Nacional de Vigil\u00e2ncia Sanit\u00e1ria (ANVISA):\u00a0http:\/\/portal.anvisa.gov.br\/wps\/portal\/anvisa\/home Associa\u00e7\u00e3o Brasileira de Nutri\u00e7\u00e3o (Asbran):\u00a0http:\/\/www.asbran.org.br\/ Centers of Disease Control and Prevention (Centro de Controle e Preven\u00e7\u00e3o de Doen\u00e7as dos Estados Unidos)\u00a0\u00a0(CDC):\u00a0http:\/\/www.cdc.gov\/ Conselho Federal de Nutricionistas (CFN):\u00a0http:\/\/www.cfn.org.br\/eficiente\/sites\/cfn\/pt-br\/home.php Conselho Nacional de Desenvolvimento Cient\u00edfico e Tecnol\u00f3gico (CNPQ):\u00a0http:\/\/www.cnpq.br\/ Minist\u00e9rio da Agricultura, Pecu\u00e1ria e Abastecimento (MAPA):\u00a0http:\/\/www.agricultura.gov.br\/ Minist\u00e9rio da Sa\u00fade:\u00a0http:\/\/portalsaude.saude.gov.br\/ Organiza\u00e7\u00e3o das Na\u00e7\u00f5es Unidas [&hellip;]<\/p>\n","protected":false},"author":546,"featured_media":0,"parent":0,"menu_order":0,"comment_status":"closed","ping_status":"closed","template":"","meta":{"footnotes":""},"class_list":["post-40","page","type-page","status-publish","hentry"],"_links":{"self":[{"href":"https:\/\/wp.ufpel.edu.br\/nnugs\/wp-json\/wp\/v2\/pages\/40","targetHints":{"allow":["GET"]}}],"collection":[{"href":"https:\/\/wp.ufpel.edu.br\/nnugs\/wp-json\/wp\/v2\/pages"}],"about":[{"href":"https:\/\/wp.ufpel.edu.br\/nnugs\/wp-json\/wp\/v2\/types\/page"}],"author":[{"embeddable":true,"href":"https:\/\/wp.ufpel.edu.br\/nnugs\/wp-json\/wp\/v2\/users\/546"}],"replies":[{"embeddable":true,"href":"https:\/\/wp.ufpel.edu.br\/nnugs\/wp-json\/wp\/v2\/comments?post=40"}],"version-history":[{"count":3,"href":"https:\/\/wp.ufpel.edu.br\/nnugs\/wp-json\/wp\/v2\/pages\/40\/revisions"}],"predecessor-version":[{"id":152,"href":"https:\/\/wp.ufpel.edu.br\/nnugs\/wp-json\/wp\/v2\/pages\/40\/revisions\/152"}],"wp:attachment":[{"href":"https:\/\/wp.ufpel.edu.br\/nnugs\/wp-json\/wp\/v2\/media?parent=40"}],"curies":[{"name":"wp","href":"https:\/\/api.w.org\/{rel}","templated":true}]}}