{"id":77,"date":"2019-12-03T15:15:27","date_gmt":"2019-12-03T18:15:27","guid":{"rendered":"https:\/\/wp.ufpel.edu.br\/nitrogenioliquido\/?page_id=77"},"modified":"2024-11-26T08:54:01","modified_gmt":"2024-11-26T11:54:01","slug":"agendamentos","status":"publish","type":"page","link":"https:\/\/wp.ufpel.edu.br\/nitrogenioliquido\/?page_id=77","title":{"rendered":"Agendamentos"},"content":{"rendered":"<p><a href=\"https:\/\/chat.whatsapp.com\/JBMqSm8rKh99hIEHyiOguQ\">Link para entrar no grupo do WhatsApp<\/a> &#8211; Grupo Nitrog\u00eanio UFPel<\/p>\n<h2>Procedimentos para agendamento:<\/h2>\n<ol>\n<li><a href=\"https:\/\/docs.google.com\/spreadsheets\/d\/1lnu_fTKOsFlYgGqkOS-s7PGvLZ5lmsGWT11AHx7PkzA\/edit#gid=1809800752\">Clique aqui para agendar<\/a><\/li>\n<li>Solicite acesso a planilha.<\/li>\n<li>Fa\u00e7a o download do aplicativo &#8220;drive&#8221; e &#8220;google planilhas&#8221; para fazer a edi\u00e7\u00e3o de forma correta.<\/li>\n<li>Ap\u00f3s ser autorizado, Coloque o &#8220;Hor\u00e1rio &#8211; Unidade &#8211; Quantidade solicitada&#8221;. Conforme exemplo abaixo:<\/li>\n<\/ol>\n<p><span style=\"color: #ff0000;\">\u00a0 \u00a0 \u00a0 \u00a0 \u00a0 \u00a0 \u00a0 \u00a0 \u00a0 \u00a0 \u00a0 \u00a0 \u00a0 \u00a0 \u00a0 \u00a0 \u00a0 \u00a0 \u00a0 \u00a0 \u00a0 \u00a0 \u00a0 \u00a0 \u00a0 \u00a0 \u00a0 \u00a0 \u00a0 9:00 RMN 50L<\/span><\/p>\n<p><span style=\"color: #ff0000;\">\u00a0 \u00a0 \u00a0 \u00a0 \u00a0 \u00a0 \u00a0 \u00a0 \u00a0 \u00a0 \u00a0 \u00a0 \u00a0 \u00a0 \u00a0 \u00a0 \u00a0 \u00a0 \u00a0 \u00a0 \u00a0 \u00a0 \u00a0 \u00a0 \u00a0 \u00a0 \u00a0 \u00a0 \u00a0 9:10 VETERIN\u00c1RIA 30L<\/span><\/p>\n<ul>\n<li>Para a quantidade de nitrog\u00eanio l\u00edquido leve em considera\u00e7\u00e3o que a m\u00e1quina distribuir\u00e1 em torno de 50% a mais caso o Dewar estiver seco. Essa quantidade \u00e9 desperdi\u00e7ada devido ao resfriamento do Dewar e a pr\u00f3pria evapora\u00e7\u00e3o na transfer\u00eancia.<br \/>\nPor exemplo, se o Dewar tem capacidade para 20L e ele est\u00e1 seco, voc\u00ea deve solicitar a reserva de 30L para o dia demandado.<\/li>\n<\/ul>\n<h2>Agendamentos<\/h2>\n<div>\n<p>Para poder retirar nitrog\u00eanio l\u00edquido deve ser solicitado conforme descrito acima, previamente. A retirada \u00e9 permitida para um servidor t\u00e9cnico cadastrado. Preferencialmente os agendamentos ser\u00e3o realizados no turno da manh\u00e3, podendo ser realizado em outro hor\u00e1rio previamente acordado. Caso haja impossibilidade de abastecimento, ser\u00e3o notificados antes, como: troca de servidor (em caso de f\u00e9rias), paradas de manuten\u00e7\u00e3o, etc.<\/p>\n<div><\/div>\n<div>Para retirada de nitrog\u00eanio dever\u00e1 ser observado as normas de seguran\u00e7a, solicita-se que estejam utilizando \u00f3culos de seguran\u00e7a, luvas t\u00e9rmica e cal\u00e7ados de couro. Cada botij\u00e3o cheio pesa em torno de 40 Kg, sendo recomend\u00e1vel que duas pessoas carreguem. O abastecimento demora em torno de 10 a 15 minutos por dewar.<\/div>\n<\/div>\n<h2>Dias de Atendimento<\/h2>\n<p><span style=\"color: #ff0000;\"><span style=\"color: #000000;\">Segundas e Quintas (turno manh\u00e3 das 9h \u00e0s 10h), qualquer excepcionalidade de altera\u00e7\u00e3o de turno ou outro dia da semana ser\u00e1 informado apenas no grupo online de comunica\u00e7\u00e3o.<\/span><\/span><\/p>\n","protected":false},"excerpt":{"rendered":"<p>Link para entrar no grupo do WhatsApp &#8211; Grupo Nitrog\u00eanio UFPel Procedimentos para agendamento: Clique aqui para agendar Solicite acesso a planilha. Fa\u00e7a o download do aplicativo &#8220;drive&#8221; e &#8220;google planilhas&#8221; para fazer a edi\u00e7\u00e3o de forma correta. Ap\u00f3s ser autorizado, Coloque o &#8220;Hor\u00e1rio &#8211; Unidade &#8211; Quantidade solicitada&#8221;. Conforme exemplo abaixo: \u00a0 \u00a0 \u00a0 [&hellip;]<\/p>\n","protected":false},"author":978,"featured_media":0,"parent":0,"menu_order":2,"comment_status":"closed","ping_status":"closed","template":"","meta":{"footnotes":""},"class_list":["post-77","page","type-page","status-publish","hentry"],"_links":{"self":[{"href":"https:\/\/wp.ufpel.edu.br\/nitrogenioliquido\/index.php?rest_route=\/wp\/v2\/pages\/77","targetHints":{"allow":["GET"]}}],"collection":[{"href":"https:\/\/wp.ufpel.edu.br\/nitrogenioliquido\/index.php?rest_route=\/wp\/v2\/pages"}],"about":[{"href":"https:\/\/wp.ufpel.edu.br\/nitrogenioliquido\/index.php?rest_route=\/wp\/v2\/types\/page"}],"author":[{"embeddable":true,"href":"https:\/\/wp.ufpel.edu.br\/nitrogenioliquido\/index.php?rest_route=\/wp\/v2\/users\/978"}],"replies":[{"embeddable":true,"href":"https:\/\/wp.ufpel.edu.br\/nitrogenioliquido\/index.php?rest_route=%2Fwp%2Fv2%2Fcomments&post=77"}],"version-history":[{"count":44,"href":"https:\/\/wp.ufpel.edu.br\/nitrogenioliquido\/index.php?rest_route=\/wp\/v2\/pages\/77\/revisions"}],"predecessor-version":[{"id":237,"href":"https:\/\/wp.ufpel.edu.br\/nitrogenioliquido\/index.php?rest_route=\/wp\/v2\/pages\/77\/revisions\/237"}],"wp:attachment":[{"href":"https:\/\/wp.ufpel.edu.br\/nitrogenioliquido\/index.php?rest_route=%2Fwp%2Fv2%2Fmedia&parent=77"}],"curies":[{"name":"wp","href":"https:\/\/api.w.org\/{rel}","templated":true}]}}