{"id":59,"date":"2019-12-03T11:59:10","date_gmt":"2019-12-03T14:59:10","guid":{"rendered":"https:\/\/wp.ufpel.edu.br\/nitrogenioliquido\/?page_id=59"},"modified":"2019-12-04T09:12:51","modified_gmt":"2019-12-04T12:12:51","slug":"contato","status":"publish","type":"page","link":"https:\/\/wp.ufpel.edu.br\/nitrogenioliquido\/?page_id=59","title":{"rendered":"Contato"},"content":{"rendered":"<p>Vin\u00edcius Nizoli Becker<br \/>\nT\u00e9cnico em Instrumenta\u00e7\u00e3o<br \/>\nCCL \u2013 Pr\u00e9dio 13 \u2013 Sala 401<br \/>\nTelefone (53) 3275-7478<\/p>\n<p>Prof\u00ba Dr\u00ba M\u00e1rio L\u00facio Moreira<br \/>\nCCL \u2013 Pr\u00e9dio 05 \u2013 Sala 331<br \/>\nTelefone (53) 3275-7584<\/p>\n","protected":false},"excerpt":{"rendered":"<p>Vin\u00edcius Nizoli Becker T\u00e9cnico em Instrumenta\u00e7\u00e3o CCL \u2013 Pr\u00e9dio 13 \u2013 Sala 401 Telefone (53) 3275-7478 Prof\u00ba Dr\u00ba M\u00e1rio L\u00facio Moreira CCL \u2013 Pr\u00e9dio 05 \u2013 Sala 331 Telefone (53) 3275-7584<\/p>\n","protected":false},"author":978,"featured_media":0,"parent":0,"menu_order":5,"comment_status":"closed","ping_status":"closed","template":"","meta":{"footnotes":""},"class_list":["post-59","page","type-page","status-publish","hentry"],"_links":{"self":[{"href":"https:\/\/wp.ufpel.edu.br\/nitrogenioliquido\/index.php?rest_route=\/wp\/v2\/pages\/59","targetHints":{"allow":["GET"]}}],"collection":[{"href":"https:\/\/wp.ufpel.edu.br\/nitrogenioliquido\/index.php?rest_route=\/wp\/v2\/pages"}],"about":[{"href":"https:\/\/wp.ufpel.edu.br\/nitrogenioliquido\/index.php?rest_route=\/wp\/v2\/types\/page"}],"author":[{"embeddable":true,"href":"https:\/\/wp.ufpel.edu.br\/nitrogenioliquido\/index.php?rest_route=\/wp\/v2\/users\/978"}],"replies":[{"embeddable":true,"href":"https:\/\/wp.ufpel.edu.br\/nitrogenioliquido\/index.php?rest_route=%2Fwp%2Fv2%2Fcomments&post=59"}],"version-history":[{"count":2,"href":"https:\/\/wp.ufpel.edu.br\/nitrogenioliquido\/index.php?rest_route=\/wp\/v2\/pages\/59\/revisions"}],"predecessor-version":[{"id":84,"href":"https:\/\/wp.ufpel.edu.br\/nitrogenioliquido\/index.php?rest_route=\/wp\/v2\/pages\/59\/revisions\/84"}],"wp:attachment":[{"href":"https:\/\/wp.ufpel.edu.br\/nitrogenioliquido\/index.php?rest_route=%2Fwp%2Fv2%2Fmedia&parent=59"}],"curies":[{"name":"wp","href":"https:\/\/api.w.org\/{rel}","templated":true}]}}