{"id":35,"date":"2019-12-03T10:32:43","date_gmt":"2019-12-03T13:32:43","guid":{"rendered":"https:\/\/wp.ufpel.edu.br\/nitrogenioliquido\/?page_id=35"},"modified":"2020-12-30T18:27:22","modified_gmt":"2020-12-30T21:27:22","slug":"dados-de-operacao","status":"publish","type":"page","link":"https:\/\/wp.ufpel.edu.br\/nitrogenioliquido\/?page_id=35","title":{"rendered":"Dados de Opera\u00e7\u00e3o"},"content":{"rendered":"<p><a href=\"https:\/\/docs.google.com\/spreadsheets\/d\/1AA9Bm8Yvdf81RruxuoYqilFm7dZaffEI-CQ8UUE3tG4\/edit#gid=1397825814\">Planilha<\/a> &#8211; Neste link do &#8216;Google docs&#8217; poder\u00e1 ser consultado a quantidade dispon\u00edvel no reservat\u00f3rio e, em outras abas, agendamentos, retiradas, demanda, relat\u00f3rios etc. A planilha \u00e9 atualizada semanalmente.<\/p>\n<p>Atualizado 30\/12\/2020 &#8211; No link acima podem ser observados os dados atualizados.<br \/>\nProdu\u00e7\u00e3o entregue: 14240 Litros<br \/>\nHoras de trabalho da M\u00e1quina: 6457 Horas<br \/>\nM\u00e9dia Semanal: 214 Litros\/Semana<br \/>\nA UFPel Economizou: R$113.920,00<\/p>\n<p>Dados da M\u00e1quina STIRLING Modelo StirLite<br \/>\nProdu\u00e7\u00e3o: 2,5 Litros\/Hora<br \/>\nProdu\u00e7\u00e3o Semanal M\u00e1xima: 420 Litros\/Semana<br \/>\nCapacidade do Reservat\u00f3rio: 200 Litros<br \/>\nVaz\u00e3o da V\u00e1lvula de abastecimento: +- 3,6 Litros\/minuto<\/p>\n","protected":false},"excerpt":{"rendered":"<p>Planilha &#8211; Neste link do &#8216;Google docs&#8217; poder\u00e1 ser consultado a quantidade dispon\u00edvel no reservat\u00f3rio e, em outras abas, agendamentos, retiradas, demanda, relat\u00f3rios etc. A planilha \u00e9 atualizada semanalmente. Atualizado 30\/12\/2020 &#8211; No link acima podem ser observados os dados atualizados. Produ\u00e7\u00e3o entregue: 14240 Litros Horas de trabalho da M\u00e1quina: 6457 Horas M\u00e9dia Semanal: 214 [&hellip;]<\/p>\n","protected":false},"author":978,"featured_media":0,"parent":0,"menu_order":2,"comment_status":"closed","ping_status":"closed","template":"","meta":{"footnotes":""},"class_list":["post-35","page","type-page","status-publish","hentry"],"_links":{"self":[{"href":"https:\/\/wp.ufpel.edu.br\/nitrogenioliquido\/index.php?rest_route=\/wp\/v2\/pages\/35","targetHints":{"allow":["GET"]}}],"collection":[{"href":"https:\/\/wp.ufpel.edu.br\/nitrogenioliquido\/index.php?rest_route=\/wp\/v2\/pages"}],"about":[{"href":"https:\/\/wp.ufpel.edu.br\/nitrogenioliquido\/index.php?rest_route=\/wp\/v2\/types\/page"}],"author":[{"embeddable":true,"href":"https:\/\/wp.ufpel.edu.br\/nitrogenioliquido\/index.php?rest_route=\/wp\/v2\/users\/978"}],"replies":[{"embeddable":true,"href":"https:\/\/wp.ufpel.edu.br\/nitrogenioliquido\/index.php?rest_route=%2Fwp%2Fv2%2Fcomments&post=35"}],"version-history":[{"count":7,"href":"https:\/\/wp.ufpel.edu.br\/nitrogenioliquido\/index.php?rest_route=\/wp\/v2\/pages\/35\/revisions"}],"predecessor-version":[{"id":170,"href":"https:\/\/wp.ufpel.edu.br\/nitrogenioliquido\/index.php?rest_route=\/wp\/v2\/pages\/35\/revisions\/170"}],"wp:attachment":[{"href":"https:\/\/wp.ufpel.edu.br\/nitrogenioliquido\/index.php?rest_route=%2Fwp%2Fv2%2Fmedia&parent=35"}],"curies":[{"name":"wp","href":"https:\/\/api.w.org\/{rel}","templated":true}]}}