{"id":17,"date":"2019-12-03T09:15:25","date_gmt":"2019-12-03T12:15:25","guid":{"rendered":"https:\/\/wp.ufpel.edu.br\/nitrogenioliquido\/?page_id=17"},"modified":"2022-12-29T13:04:14","modified_gmt":"2022-12-29T16:04:14","slug":"relatorio","status":"publish","type":"page","link":"https:\/\/wp.ufpel.edu.br\/nitrogenioliquido\/?page_id=17","title":{"rendered":"Relat\u00f3rios"},"content":{"rendered":"<p><a href=\"https:\/\/wp.ufpel.edu.br\/nitrogenioliquido\/files\/2019\/12\/Relat\u00f3rio-Liquefatora-2019-02.pdf\">Relat\u00f3rio Liquefatora 2019-02<\/a><\/p>\n<p><a href=\"https:\/\/wp.ufpel.edu.br\/nitrogenioliquido\/files\/2020\/12\/2020-Relatorio-2020.pdf\">Relat\u00f3rio Liquefatora 2020<\/a><\/p>\n<p><a href=\"https:\/\/wp.ufpel.edu.br\/nitrogenioliquido\/files\/2022\/12\/2022-relatorio.pdf\">Relat\u00f3rio Liquefatora 2022<\/a><\/p>\n","protected":false},"excerpt":{"rendered":"<p>Relat\u00f3rio Liquefatora 2019-02 Relat\u00f3rio Liquefatora 2020 Relat\u00f3rio Liquefatora 2022<\/p>\n","protected":false},"author":978,"featured_media":0,"parent":0,"menu_order":4,"comment_status":"closed","ping_status":"closed","template":"","meta":{"footnotes":""},"class_list":["post-17","page","type-page","status-publish","hentry"],"_links":{"self":[{"href":"https:\/\/wp.ufpel.edu.br\/nitrogenioliquido\/index.php?rest_route=\/wp\/v2\/pages\/17","targetHints":{"allow":["GET"]}}],"collection":[{"href":"https:\/\/wp.ufpel.edu.br\/nitrogenioliquido\/index.php?rest_route=\/wp\/v2\/pages"}],"about":[{"href":"https:\/\/wp.ufpel.edu.br\/nitrogenioliquido\/index.php?rest_route=\/wp\/v2\/types\/page"}],"author":[{"embeddable":true,"href":"https:\/\/wp.ufpel.edu.br\/nitrogenioliquido\/index.php?rest_route=\/wp\/v2\/users\/978"}],"replies":[{"embeddable":true,"href":"https:\/\/wp.ufpel.edu.br\/nitrogenioliquido\/index.php?rest_route=%2Fwp%2Fv2%2Fcomments&post=17"}],"version-history":[{"count":6,"href":"https:\/\/wp.ufpel.edu.br\/nitrogenioliquido\/index.php?rest_route=\/wp\/v2\/pages\/17\/revisions"}],"predecessor-version":[{"id":221,"href":"https:\/\/wp.ufpel.edu.br\/nitrogenioliquido\/index.php?rest_route=\/wp\/v2\/pages\/17\/revisions\/221"}],"wp:attachment":[{"href":"https:\/\/wp.ufpel.edu.br\/nitrogenioliquido\/index.php?rest_route=%2Fwp%2Fv2%2Fmedia&parent=17"}],"curies":[{"name":"wp","href":"https:\/\/api.w.org\/{rel}","templated":true}]}}