{"id":36,"date":"2020-05-31T12:15:09","date_gmt":"2020-05-31T15:15:09","guid":{"rendered":"https:\/\/wp.ufpel.edu.br\/nipep\/?page_id=36"},"modified":"2020-05-31T12:23:16","modified_gmt":"2020-05-31T15:23:16","slug":"linhas-de-pesquisa-do-nipep","status":"publish","type":"page","link":"https:\/\/wp.ufpel.edu.br\/nipep\/pagina-exemplo\/linhas-de-pesquisa-do-nipep\/","title":{"rendered":"Linhas de Pesquisa do NIPEP"},"content":{"rendered":"<p><span style=\"font-family: arial, helvetica, sans-serif\">1 &#8211; Engenharia de Opera\u00e7\u00f5es e Processos da Produ\u00e7\u00e3o<\/span><\/p>\n<p><span style=\"font-family: arial, helvetica, sans-serif\">2 &#8211; Pesquisa Operacional e Log\u00edstica<\/span><\/p>\n<p><span style=\"font-family: arial, helvetica, sans-serif\">3 &#8211; Engenharia da Qualidade<\/span><\/p>\n<p><span style=\"font-family: arial, helvetica, sans-serif\">4 &#8211; Engenharia do Produto<\/span><\/p>\n<p><span style=\"font-family: arial, helvetica, sans-serif\">5 &#8211; Engenharia Organizacional e Engenharia Econ\u00f4mica<\/span><\/p>\n<p><span style=\"font-family: arial, helvetica, sans-serif\">6 &#8211; Ergonomia, Sa\u00fade e Seguran\u00e7a do Trabalho<\/span><\/p>\n<p><span style=\"font-family: arial, helvetica, sans-serif\">7 &#8211; Educa\u00e7\u00e3o em Engenharia de Produ\u00e7\u00e3o<\/span><\/p>\n","protected":false},"excerpt":{"rendered":"<p>1 &#8211; Engenharia de Opera\u00e7\u00f5es e Processos da Produ\u00e7\u00e3o 2 &#8211; Pesquisa Operacional e Log\u00edstica 3 &#8211; Engenharia da Qualidade 4 &#8211; Engenharia do Produto 5 &#8211; Engenharia Organizacional e Engenharia Econ\u00f4mica 6 &#8211; Ergonomia, Sa\u00fade e Seguran\u00e7a do Trabalho 7 &#8211; Educa\u00e7\u00e3o em Engenharia de Produ\u00e7\u00e3o<\/p>\n","protected":false},"author":247,"featured_media":0,"parent":2,"menu_order":3,"comment_status":"closed","ping_status":"closed","template":"template-twocolumnsright.php","meta":{"footnotes":""},"class_list":["post-36","page","type-page","status-publish","hentry"],"_links":{"self":[{"href":"https:\/\/wp.ufpel.edu.br\/nipep\/wp-json\/wp\/v2\/pages\/36","targetHints":{"allow":["GET"]}}],"collection":[{"href":"https:\/\/wp.ufpel.edu.br\/nipep\/wp-json\/wp\/v2\/pages"}],"about":[{"href":"https:\/\/wp.ufpel.edu.br\/nipep\/wp-json\/wp\/v2\/types\/page"}],"author":[{"embeddable":true,"href":"https:\/\/wp.ufpel.edu.br\/nipep\/wp-json\/wp\/v2\/users\/247"}],"replies":[{"embeddable":true,"href":"https:\/\/wp.ufpel.edu.br\/nipep\/wp-json\/wp\/v2\/comments?post=36"}],"version-history":[{"count":4,"href":"https:\/\/wp.ufpel.edu.br\/nipep\/wp-json\/wp\/v2\/pages\/36\/revisions"}],"predecessor-version":[{"id":42,"href":"https:\/\/wp.ufpel.edu.br\/nipep\/wp-json\/wp\/v2\/pages\/36\/revisions\/42"}],"up":[{"embeddable":true,"href":"https:\/\/wp.ufpel.edu.br\/nipep\/wp-json\/wp\/v2\/pages\/2"}],"wp:attachment":[{"href":"https:\/\/wp.ufpel.edu.br\/nipep\/wp-json\/wp\/v2\/media?parent=36"}],"curies":[{"name":"wp","href":"https:\/\/api.w.org\/{rel}","templated":true}]}}