{"id":2,"date":"2013-03-06T18:43:46","date_gmt":"2013-03-06T18:43:46","guid":{"rendered":"https:\/\/wp.ufpel.edu.br\/nipep\/?page_id=2"},"modified":"2013-03-10T02:55:48","modified_gmt":"2013-03-10T05:55:48","slug":"pagina-exemplo","status":"publish","type":"page","link":"https:\/\/wp.ufpel.edu.br\/nipep\/","title":{"rendered":"O Grupo"},"content":{"rendered":"<div style=\"text-align: justify\"><span style=\"font-family: Arial\">O N\u00facleo de Inova\u00e7\u00e3o e Pesquisa em Engenharia de Produ\u00e7\u00e3o (NIPEP) oferece um espa\u00e7o de pesquisa para professores (permanentes, tempor\u00e1rios ou colaboradores) e alunos vinculados \u00e0s \u00e1reas de conhecimento da Engenharia de Produ\u00e7\u00e3o. O contato dos estudantes, entre si, com os orientadores e com os projetos em andamento, contribui substancialmente para a forma\u00e7\u00e3o de pesquisadores nas diversas \u00e1reas da Engenharia de Produ\u00e7\u00e3o. O objetivo do NIPEP \u00e9 atuar na inova\u00e7\u00e3o e pesquisa nas \u00e1reas de conhecimento contempladas pela Engenharia de Produ\u00e7\u00e3o. Para o alcance destes objetivos, os pesquisadores do NIPEP atuar\u00e3o nas seguintes tem\u00e1ticas da Engenharia de Produ\u00e7\u00e3o: (i) Engenharia de Opera\u00e7\u00f5es e Processos da Produ\u00e7\u00e3o; (ii) Pesquisa Operacional e Log\u00edstica; (iii) Engenharia da Qualidade; (iv) Engenharia do Produto; (v) Engenharia Organizacional e Engenharia Econ\u00f4mica; (vi) Ergonomia, Sa\u00fade e Seguran\u00e7a do Trabalho; e (vii) Educa\u00e7\u00e3o em Engenharia de Produ\u00e7\u00e3o.<\/span><\/div>\n<div style=\"text-align: justify\"><\/div>\n<div>\n<div><\/div>\n<div><span style=\"font-family: Arial;color: #000080\"><strong><span style=\"text-decoration: underline\">As tem\u00e1ticas de atua\u00e7\u00e3o do NIPEP s\u00e3o<\/span><\/strong>:<\/span><\/div>\n<div><\/div>\n<p><span style=\"font-family: Arial\">1.<span style=\"font-size: medium\">\u00a0<\/span>Educa\u00e7\u00e3o em Engenharia de Produ\u00e7\u00e3o<br \/>\n<\/span>2.<span style=\"font-size: medium\">\u00a0<\/span>Engenharia da Qualidade<br \/>\n3.<span style=\"font-size: medium\">\u00a0<\/span>Engenharia de Opera\u00e7\u00f5es e Processos da Produ\u00e7\u00e3o<br \/>\n4.<span style=\"font-size: medium\">\u00a0<\/span>Engenharia do Produto<br \/>\n5.<span style=\"font-size: medium\">\u00a0<\/span>Engenharia Organizacional e Engenharia Econ\u00f4mica<br \/>\n6.<span style=\"font-size: medium\">\u00a0<\/span>Ergonomia, Sa\u00fade e Seguran\u00e7a do Trabalho<br \/>\n7.<span style=\"font-size: medium\">\u00a0<\/span>Pesquisa Operacional e Log\u00edstica<\/p>\n<p>&nbsp;<\/p>\n<p><a href=\"http:\/\/dgp.cnpq.br\/buscaoperacional\/detalhegrupo.jsp?grupo=0045308U1B4ELV\" target=\"_blank\">http:\/\/dgp.cnpq.br\/buscaoperacional\/detalhegrupo.jsp?grupo=0045308U1B4ELV<\/a><\/p>\n<\/div>\n","protected":false},"excerpt":{"rendered":"<p>O N\u00facleo de Inova\u00e7\u00e3o e Pesquisa em Engenharia de Produ\u00e7\u00e3o (NIPEP) oferece um espa\u00e7o de pesquisa para professores (permanentes, tempor\u00e1rios ou colaboradores) e alunos vinculados \u00e0s \u00e1reas de conhecimento da Engenharia de Produ\u00e7\u00e3o. O contato dos estudantes, entre si, com os orientadores e com os projetos em andamento, contribui substancialmente para a forma\u00e7\u00e3o de pesquisadores [&hellip;]<\/p>\n","protected":false},"author":247,"featured_media":0,"parent":0,"menu_order":0,"comment_status":"closed","ping_status":"open","template":"","meta":{"footnotes":""},"class_list":["post-2","page","type-page","status-publish","hentry"],"_links":{"self":[{"href":"https:\/\/wp.ufpel.edu.br\/nipep\/wp-json\/wp\/v2\/pages\/2","targetHints":{"allow":["GET"]}}],"collection":[{"href":"https:\/\/wp.ufpel.edu.br\/nipep\/wp-json\/wp\/v2\/pages"}],"about":[{"href":"https:\/\/wp.ufpel.edu.br\/nipep\/wp-json\/wp\/v2\/types\/page"}],"author":[{"embeddable":true,"href":"https:\/\/wp.ufpel.edu.br\/nipep\/wp-json\/wp\/v2\/users\/247"}],"replies":[{"embeddable":true,"href":"https:\/\/wp.ufpel.edu.br\/nipep\/wp-json\/wp\/v2\/comments?post=2"}],"version-history":[{"count":4,"href":"https:\/\/wp.ufpel.edu.br\/nipep\/wp-json\/wp\/v2\/pages\/2\/revisions"}],"predecessor-version":[{"id":10,"href":"https:\/\/wp.ufpel.edu.br\/nipep\/wp-json\/wp\/v2\/pages\/2\/revisions\/10"}],"wp:attachment":[{"href":"https:\/\/wp.ufpel.edu.br\/nipep\/wp-json\/wp\/v2\/media?parent=2"}],"curies":[{"name":"wp","href":"https:\/\/api.w.org\/{rel}","templated":true}]}}