{"id":950,"date":"2014-10-22T09:52:50","date_gmt":"2014-10-22T11:52:50","guid":{"rendered":"https:\/\/wp.ufpel.edu.br\/nimeq\/?page_id=950"},"modified":"2022-09-14T09:43:04","modified_gmt":"2022-09-14T12:43:04","slug":"iniciacaocientifica","status":"publish","type":"page","link":"https:\/\/wp.ufpel.edu.br\/nimeq\/equipe\/discentes\/iniciacaocientifica\/","title":{"rendered":"Inicia\u00e7\u00e3o Cient\u00edfica"},"content":{"rendered":"<p>&nbsp;<\/p>\n<p><a href=\"https:\/\/wp.ufpel.edu.br\/nimeq\/files\/2022\/09\/WhatsApp-Image-2022-09-13-at-15.17.32-e1663094703772.jpeg\"><img loading=\"lazy\" decoding=\"async\" class=\"wp-image-2192 alignleft\" src=\"https:\/\/wp.ufpel.edu.br\/nimeq\/files\/2022\/09\/WhatsApp-Image-2022-09-13-at-15.17.32-e1663094703772-400x364.jpeg\" alt=\"\" width=\"209\" height=\"190\" srcset=\"https:\/\/wp.ufpel.edu.br\/nimeq\/files\/2022\/09\/WhatsApp-Image-2022-09-13-at-15.17.32-e1663094703772-400x364.jpeg 400w, https:\/\/wp.ufpel.edu.br\/nimeq\/files\/2022\/09\/WhatsApp-Image-2022-09-13-at-15.17.32-e1663094703772-220x200.jpeg 220w, https:\/\/wp.ufpel.edu.br\/nimeq\/files\/2022\/09\/WhatsApp-Image-2022-09-13-at-15.17.32-e1663094703772.jpeg 648w\" sizes=\"auto, (max-width: 209px) 100vw, 209px\" \/><\/a><\/p>\n<p style=\"text-align: left;\"><span style=\"font-family: 'trebuchet ms', geneva, sans-serif;\"><strong>Bruna Regina Souza Alves<\/strong><\/span><\/p>\n<p style=\"text-align: left;\"><span style=\"font-family: 'trebuchet ms', geneva, sans-serif; font-size: 10pt;\">Graduanda em Agronomia<\/span><\/p>\n<p style=\"text-align: left;\"><span style=\"font-family: 'trebuchet ms', geneva, sans-serif; font-size: 10pt;\">E-mail: brunaregalves@outlook.com<\/span><\/p>\n<p style=\"text-align: left;\"><span style=\"font-family: 'trebuchet ms', geneva, sans-serif; font-size: 10pt;\"><a href=\"http:\/\/lattes.cnpq.br\/7530595022270654\">Curr\u00edculo Lattes<\/a><\/span><\/p>\n<p>&nbsp;<\/p>\n<p>&nbsp;<\/p>\n<p><a href=\"https:\/\/wp.ufpel.edu.br\/nimeq\/files\/2019\/08\/20190822_130020.jpg\"><img loading=\"lazy\" decoding=\"async\" class=\"wp-image-1766 alignleft\" src=\"https:\/\/wp.ufpel.edu.br\/nimeq\/files\/2019\/08\/20190822_130020-363x400.jpg\" alt=\"\" width=\"200\" height=\"220\" srcset=\"https:\/\/wp.ufpel.edu.br\/nimeq\/files\/2019\/08\/20190822_130020-363x400.jpg 363w, https:\/\/wp.ufpel.edu.br\/nimeq\/files\/2019\/08\/20190822_130020-181x200.jpg 181w, https:\/\/wp.ufpel.edu.br\/nimeq\/files\/2019\/08\/20190822_130020.jpg 720w\" sizes=\"auto, (max-width: 200px) 100vw, 200px\" \/><\/a><span style=\"font-family: 'trebuchet ms', geneva, sans-serif;\"><strong>Kathllen Cavalli Di Paolo<\/strong><\/span><\/p>\n<p style=\"text-align: left;\"><span style=\"font-family: 'trebuchet ms', geneva, sans-serif; font-size: 10pt;\">Graduanda em Engenharia Agr\u00edcola<\/span><\/p>\n<p style=\"text-align: left;\"><span style=\"font-family: 'trebuchet ms', geneva, sans-serif; font-size: 10pt;\">E-mail: kathllen_cavalli@hotmail.com<\/span><\/p>\n<p style=\"text-align: left;\"><span style=\"font-family: 'trebuchet ms', geneva, sans-serif; font-size: 10pt;\"><a href=\"http:\/\/lattes.cnpq.br\/1359836270632814\">Curr\u00edculo Lattes<\/a><\/span><\/p>\n<p>&nbsp;<\/p>\n<p>&nbsp;<\/p>\n<p><a href=\"https:\/\/wp.ufpel.edu.br\/nimeq\/files\/2022\/09\/WhatsApp-Image-2022-09-10-at-16.58.48.jpeg\"><img loading=\"lazy\" decoding=\"async\" class=\"wp-image-2199 alignleft\" src=\"https:\/\/wp.ufpel.edu.br\/nimeq\/files\/2022\/09\/WhatsApp-Image-2022-09-10-at-16.58.48-400x400.jpeg\" alt=\"\" width=\"203\" height=\"203\" \/><\/a><\/p>\n<p style=\"text-align: left;\"><span style=\"font-family: 'trebuchet ms', geneva, sans-serif;\"><strong>La\u00eds Kroessin<\/strong><\/span><\/p>\n<p style=\"text-align: left;\"><span style=\"font-family: 'trebuchet ms', geneva, sans-serif; font-size: 10pt;\">Graduanda em Agronomia<\/span><\/p>\n<p style=\"text-align: left;\"><span style=\"font-family: 'trebuchet ms', geneva, sans-serif; font-size: 10pt;\">E-mail: kroessinlais15@gmail.com<\/span><\/p>\n<p style=\"text-align: left;\"><span style=\"font-family: 'trebuchet ms', geneva, sans-serif; font-size: 10pt;\"><a href=\"http:\/\/lattes.cnpq.br\/1196556857786763\">Curr\u00edculo Lattes<\/a><\/span><\/p>\n<p>&nbsp;<\/p>\n<p>&nbsp;<\/p>\n<p><span style=\"font-family: 'trebuchet ms', geneva, sans-serif; font-size: 10pt;\"><a href=\"https:\/\/wp.ufpel.edu.br\/nimeq\/files\/2022\/09\/WhatsApp-Image-2022-09-13-at-15.34.52.jpeg\"><img loading=\"lazy\" decoding=\"async\" class=\" wp-image-2191 alignleft\" src=\"https:\/\/wp.ufpel.edu.br\/nimeq\/files\/2022\/09\/WhatsApp-Image-2022-09-13-at-15.34.52-398x400.jpeg\" alt=\"\" width=\"204\" height=\"205\" srcset=\"https:\/\/wp.ufpel.edu.br\/nimeq\/files\/2022\/09\/WhatsApp-Image-2022-09-13-at-15.34.52-398x400.jpeg 398w, https:\/\/wp.ufpel.edu.br\/nimeq\/files\/2022\/09\/WhatsApp-Image-2022-09-13-at-15.34.52-200x200.jpeg 200w, https:\/\/wp.ufpel.edu.br\/nimeq\/files\/2022\/09\/WhatsApp-Image-2022-09-13-at-15.34.52-768x771.jpeg 768w, https:\/\/wp.ufpel.edu.br\/nimeq\/files\/2022\/09\/WhatsApp-Image-2022-09-13-at-15.34.52-280x280.jpeg 280w, https:\/\/wp.ufpel.edu.br\/nimeq\/files\/2022\/09\/WhatsApp-Image-2022-09-13-at-15.34.52-100x100.jpeg 100w, https:\/\/wp.ufpel.edu.br\/nimeq\/files\/2022\/09\/WhatsApp-Image-2022-09-13-at-15.34.52-199x200.jpeg 199w, https:\/\/wp.ufpel.edu.br\/nimeq\/files\/2022\/09\/WhatsApp-Image-2022-09-13-at-15.34.52.jpeg 956w\" sizes=\"auto, (max-width: 204px) 100vw, 204px\" \/><\/a><\/span><\/p>\n<p><span style=\"font-family: 'trebuchet ms', geneva, sans-serif;\"><strong>\u00a0Vanessa Neuyahr de Oliveira<\/strong><\/span><\/p>\n<p><span style=\"font-family: 'trebuchet ms', geneva, sans-serif; font-size: 10pt;\">\u00a0Graduanda em Agronomia<\/span><\/p>\n<p><span style=\"font-family: 'trebuchet ms', geneva, sans-serif; font-size: 10pt;\">\u00a0E-mail: vanessaneuyahr@hotmail.com<\/span><\/p>\n<p><span style=\"font-family: 'trebuchet ms', geneva, sans-serif; font-size: 10pt;\">\u00a0<a href=\"http:\/\/lattes.cnpq.br\/4223254406625047\">Curr\u00edculo Lattes<\/a><\/span><\/p>\n","protected":false},"excerpt":{"rendered":"<p>&nbsp; Bruna Regina Souza Alves Graduanda em Agronomia E-mail: brunaregalves@outlook.com Curr\u00edculo Lattes &nbsp; &nbsp; Kathllen Cavalli Di Paolo Graduanda em Engenharia Agr\u00edcola E-mail: kathllen_cavalli@hotmail.com Curr\u00edculo Lattes &nbsp;&hellip; <span class=\"read-more\"><a class=\"more-link\" href=\"https:\/\/wp.ufpel.edu.br\/nimeq\/equipe\/discentes\/iniciacaocientifica\/\" rel=\"bookmark\">Leia Mais <span class=\"screen-reader-text\">&#8220;Inicia\u00e7\u00e3o Cient\u00edfica&#8221;<\/span><\/a><\/span><\/p>\n","protected":false},"author":111,"featured_media":0,"parent":29,"menu_order":0,"comment_status":"closed","ping_status":"closed","template":"","meta":{"footnotes":""},"class_list":["post-950","page","type-page","status-publish","hentry"],"publishpress_future_action":{"enabled":false,"date":"2026-05-06 04:25:56","action":"change-status","newStatus":"draft","terms":[],"taxonomy":"","extraData":[]},"publishpress_future_workflow_manual_trigger":{"enabledWorkflows":[]},"_links":{"self":[{"href":"https:\/\/wp.ufpel.edu.br\/nimeq\/wp-json\/wp\/v2\/pages\/950","targetHints":{"allow":["GET"]}}],"collection":[{"href":"https:\/\/wp.ufpel.edu.br\/nimeq\/wp-json\/wp\/v2\/pages"}],"about":[{"href":"https:\/\/wp.ufpel.edu.br\/nimeq\/wp-json\/wp\/v2\/types\/page"}],"author":[{"embeddable":true,"href":"https:\/\/wp.ufpel.edu.br\/nimeq\/wp-json\/wp\/v2\/users\/111"}],"replies":[{"embeddable":true,"href":"https:\/\/wp.ufpel.edu.br\/nimeq\/wp-json\/wp\/v2\/comments?post=950"}],"version-history":[{"count":66,"href":"https:\/\/wp.ufpel.edu.br\/nimeq\/wp-json\/wp\/v2\/pages\/950\/revisions"}],"predecessor-version":[{"id":2200,"href":"https:\/\/wp.ufpel.edu.br\/nimeq\/wp-json\/wp\/v2\/pages\/950\/revisions\/2200"}],"up":[{"embeddable":true,"href":"https:\/\/wp.ufpel.edu.br\/nimeq\/wp-json\/wp\/v2\/pages\/29"}],"wp:attachment":[{"href":"https:\/\/wp.ufpel.edu.br\/nimeq\/wp-json\/wp\/v2\/media?parent=950"}],"curies":[{"name":"wp","href":"https:\/\/api.w.org\/{rel}","templated":true}]}}