{"id":9,"date":"2011-04-29T15:19:41","date_gmt":"2011-04-29T18:19:41","guid":{"rendered":"https:\/\/wp.ufpel.edu.br\/maquinasagricolas\/"},"modified":"2019-11-09T17:54:56","modified_gmt":"2019-11-09T20:54:56","slug":"publicacoes","status":"publish","type":"page","link":"https:\/\/wp.ufpel.edu.br\/nimeq\/publicacoes\/","title":{"rendered":"Publica\u00e7\u00f5es"},"content":{"rendered":"<p><a href=\"https:\/\/wp.ufpel.edu.br\/nimeq\/publicacoes\/biblioteca\/\">Livros\u00a0<\/a><\/p>\n<p><a href=\"https:\/\/wp.ufpel.edu.br\/nimeq\/publicacoes\/revistas\/\">Per\u00edodicos\u00a0<\/a><\/p>\n<p><a href=\"https:\/\/wp.ufpel.edu.br\/nimeq\/publicacoes\/resumos-expandidos\/\">Resumos Expandidos\u00a0<\/a><\/p>\n<p>&nbsp;<\/p>\n<ul>\n<li>Nova Edi\u00e7\u00e3o dos livros b\u00e1sicos de M\u00e1quinas Agr\u00edcolas e Mecaniza\u00e7\u00e3o Agr\u00edcola. Para maiores informa\u00e7\u00f5es e aquisi\u00e7\u00e3o de exemplares entre em contato por e-mail areis@ufpel.edu.br ou lilles@ufpel.edu.br ou atrav\u00e9s do telefone (53) 3275.7126.<\/li>\n<\/ul>\n","protected":false},"excerpt":{"rendered":"<p>Livros\u00a0 Per\u00edodicos\u00a0 Resumos Expandidos\u00a0 &nbsp; Nova Edi\u00e7\u00e3o dos livros b\u00e1sicos de M\u00e1quinas Agr\u00edcolas e Mecaniza\u00e7\u00e3o Agr\u00edcola. Para maiores informa\u00e7\u00f5es e aquisi\u00e7\u00e3o de exemplares entre em contato por&hellip; <span class=\"read-more\"><a class=\"more-link\" href=\"https:\/\/wp.ufpel.edu.br\/nimeq\/publicacoes\/\" rel=\"bookmark\">Leia Mais <span class=\"screen-reader-text\">&#8220;Publica\u00e7\u00f5es&#8221;<\/span><\/a><\/span><\/p>\n","protected":false},"author":111,"featured_media":0,"parent":0,"menu_order":0,"comment_status":"closed","ping_status":"closed","template":"","meta":{"footnotes":""},"class_list":["post-9","page","type-page","status-publish","hentry"],"publishpress_future_action":{"enabled":false,"date":"2026-04-24 21:37:41","action":"change-status","newStatus":"draft","terms":[],"taxonomy":"","extraData":[]},"publishpress_future_workflow_manual_trigger":{"enabledWorkflows":[]},"_links":{"self":[{"href":"https:\/\/wp.ufpel.edu.br\/nimeq\/wp-json\/wp\/v2\/pages\/9","targetHints":{"allow":["GET"]}}],"collection":[{"href":"https:\/\/wp.ufpel.edu.br\/nimeq\/wp-json\/wp\/v2\/pages"}],"about":[{"href":"https:\/\/wp.ufpel.edu.br\/nimeq\/wp-json\/wp\/v2\/types\/page"}],"author":[{"embeddable":true,"href":"https:\/\/wp.ufpel.edu.br\/nimeq\/wp-json\/wp\/v2\/users\/111"}],"replies":[{"embeddable":true,"href":"https:\/\/wp.ufpel.edu.br\/nimeq\/wp-json\/wp\/v2\/comments?post=9"}],"version-history":[{"count":10,"href":"https:\/\/wp.ufpel.edu.br\/nimeq\/wp-json\/wp\/v2\/pages\/9\/revisions"}],"predecessor-version":[{"id":1848,"href":"https:\/\/wp.ufpel.edu.br\/nimeq\/wp-json\/wp\/v2\/pages\/9\/revisions\/1848"}],"wp:attachment":[{"href":"https:\/\/wp.ufpel.edu.br\/nimeq\/wp-json\/wp\/v2\/media?parent=9"}],"curies":[{"name":"wp","href":"https:\/\/api.w.org\/{rel}","templated":true}]}}