{"id":68,"date":"2011-04-30T18:37:45","date_gmt":"2011-04-30T21:37:45","guid":{"rendered":"https:\/\/wp.ufpel.edu.br\/maquinasagricolas\/"},"modified":"2011-12-02T04:01:06","modified_gmt":"2011-12-02T07:01:06","slug":"graduacao","status":"publish","type":"page","link":"https:\/\/wp.ufpel.edu.br\/nimeq\/ensino\/graduacao\/","title":{"rendered":"Gradua\u00e7\u00e3o"},"content":{"rendered":"<p><strong>Mecaniza\u00e7\u00e3o agr\u00edcola<\/strong> (45h\/aula) \u2013 C\u00f3digo <strong>190034<\/strong><\/p>\n<p><strong>M\u00e1quinas agr\u00edcolas<\/strong> (85h\/aula) \u2013 C\u00f3digo <strong>190044<\/strong><\/p>\n","protected":false},"excerpt":{"rendered":"<p>Mecaniza\u00e7\u00e3o agr\u00edcola (45h\/aula) \u2013 C\u00f3digo 190034 M\u00e1quinas agr\u00edcolas (85h\/aula) \u2013 C\u00f3digo 190044<\/p>\n","protected":false},"author":111,"featured_media":0,"parent":66,"menu_order":0,"comment_status":"closed","ping_status":"closed","template":"","meta":{"footnotes":""},"class_list":["post-68","page","type-page","status-publish","hentry"],"publishpress_future_action":{"enabled":false,"date":"2026-04-16 08:02:39","action":"change-status","newStatus":"draft","terms":[],"taxonomy":"","extraData":[]},"publishpress_future_workflow_manual_trigger":{"enabledWorkflows":[]},"_links":{"self":[{"href":"https:\/\/wp.ufpel.edu.br\/nimeq\/wp-json\/wp\/v2\/pages\/68","targetHints":{"allow":["GET"]}}],"collection":[{"href":"https:\/\/wp.ufpel.edu.br\/nimeq\/wp-json\/wp\/v2\/pages"}],"about":[{"href":"https:\/\/wp.ufpel.edu.br\/nimeq\/wp-json\/wp\/v2\/types\/page"}],"author":[{"embeddable":true,"href":"https:\/\/wp.ufpel.edu.br\/nimeq\/wp-json\/wp\/v2\/users\/111"}],"replies":[{"embeddable":true,"href":"https:\/\/wp.ufpel.edu.br\/nimeq\/wp-json\/wp\/v2\/comments?post=68"}],"version-history":[{"count":24,"href":"https:\/\/wp.ufpel.edu.br\/nimeq\/wp-json\/wp\/v2\/pages\/68\/revisions"}],"predecessor-version":[{"id":482,"href":"https:\/\/wp.ufpel.edu.br\/nimeq\/wp-json\/wp\/v2\/pages\/68\/revisions\/482"}],"up":[{"embeddable":true,"href":"https:\/\/wp.ufpel.edu.br\/nimeq\/wp-json\/wp\/v2\/pages\/66"}],"wp:attachment":[{"href":"https:\/\/wp.ufpel.edu.br\/nimeq\/wp-json\/wp\/v2\/media?parent=68"}],"curies":[{"name":"wp","href":"https:\/\/api.w.org\/{rel}","templated":true}]}}