{"id":66,"date":"2011-04-30T18:35:48","date_gmt":"2011-04-30T21:35:48","guid":{"rendered":"https:\/\/wp.ufpel.edu.br\/maquinasagricolas\/"},"modified":"2019-05-28T15:03:43","modified_gmt":"2019-05-28T18:03:43","slug":"ensino","status":"publish","type":"page","link":"https:\/\/wp.ufpel.edu.br\/nimeq\/ensino\/","title":{"rendered":"Ensino"},"content":{"rendered":"<p><a href=\"https:\/\/wp.ufpel.edu.br\/nimeq\/ensino\/pos-graduacao\/\">P\u00f3s Gradua\u00e7\u00e3o<\/a><\/p>\n<p><a href=\"https:\/\/wp.ufpel.edu.br\/nimeq\/ensino\/graduacao\/\">Gradua\u00e7\u00e3o\u00a0<\/a><\/p>\n","protected":false},"excerpt":{"rendered":"<p>P\u00f3s Gradua\u00e7\u00e3o Gradua\u00e7\u00e3o\u00a0<\/p>\n","protected":false},"author":111,"featured_media":0,"parent":0,"menu_order":0,"comment_status":"closed","ping_status":"closed","template":"","meta":{"footnotes":""},"class_list":["post-66","page","type-page","status-publish","hentry"],"publishpress_future_action":{"enabled":false,"date":"2026-05-06 10:17:31","action":"change-status","newStatus":"draft","terms":[],"taxonomy":"","extraData":[]},"publishpress_future_workflow_manual_trigger":{"enabledWorkflows":[]},"_links":{"self":[{"href":"https:\/\/wp.ufpel.edu.br\/nimeq\/wp-json\/wp\/v2\/pages\/66","targetHints":{"allow":["GET"]}}],"collection":[{"href":"https:\/\/wp.ufpel.edu.br\/nimeq\/wp-json\/wp\/v2\/pages"}],"about":[{"href":"https:\/\/wp.ufpel.edu.br\/nimeq\/wp-json\/wp\/v2\/types\/page"}],"author":[{"embeddable":true,"href":"https:\/\/wp.ufpel.edu.br\/nimeq\/wp-json\/wp\/v2\/users\/111"}],"replies":[{"embeddable":true,"href":"https:\/\/wp.ufpel.edu.br\/nimeq\/wp-json\/wp\/v2\/comments?post=66"}],"version-history":[{"count":5,"href":"https:\/\/wp.ufpel.edu.br\/nimeq\/wp-json\/wp\/v2\/pages\/66\/revisions"}],"predecessor-version":[{"id":1624,"href":"https:\/\/wp.ufpel.edu.br\/nimeq\/wp-json\/wp\/v2\/pages\/66\/revisions\/1624"}],"wp:attachment":[{"href":"https:\/\/wp.ufpel.edu.br\/nimeq\/wp-json\/wp\/v2\/media?parent=66"}],"curies":[{"name":"wp","href":"https:\/\/api.w.org\/{rel}","templated":true}]}}