{"id":29,"date":"2011-04-29T16:17:51","date_gmt":"2011-04-29T19:17:51","guid":{"rendered":"https:\/\/wp.ufpel.edu.br\/maquinasagricolas\/"},"modified":"2019-05-13T10:49:55","modified_gmt":"2019-05-13T13:49:55","slug":"discentes","status":"publish","type":"page","link":"https:\/\/wp.ufpel.edu.br\/nimeq\/equipe\/discentes\/","title":{"rendered":"Discentes"},"content":{"rendered":"<p><a href=\"https:\/\/wp.ufpel.edu.br\/nimeq\/equipe\/discentes\/doutorado\/\">Doutorado<\/a><\/p>\n<p><a href=\"https:\/\/wp.ufpel.edu.br\/nimeq\/equipe\/discentes\/mestrado\/\">Mestrado<\/a><\/p>\n<p><a href=\"https:\/\/wp.ufpel.edu.br\/nimeq\/equipe\/discentes\/iniciacaocientifica\/\">Inicia\u00e7\u00e3o Cient\u00edfica\u00a0<\/a><\/p>\n<p><a href=\"https:\/\/wp.ufpel.edu.br\/nimeq\/equipe\/discentes\/ex-membros\/\">Ex-membros<\/a><\/p>\n","protected":false},"excerpt":{"rendered":"<p>Doutorado Mestrado Inicia\u00e7\u00e3o Cient\u00edfica\u00a0 Ex-membros<\/p>\n","protected":false},"author":111,"featured_media":0,"parent":45,"menu_order":0,"comment_status":"closed","ping_status":"closed","template":"","meta":{"footnotes":""},"class_list":["post-29","page","type-page","status-publish","hentry"],"publishpress_future_action":{"enabled":false,"date":"2026-04-11 10:13:41","action":"change-status","newStatus":"draft","terms":[],"taxonomy":"","extraData":[]},"publishpress_future_workflow_manual_trigger":{"enabledWorkflows":[]},"_links":{"self":[{"href":"https:\/\/wp.ufpel.edu.br\/nimeq\/wp-json\/wp\/v2\/pages\/29","targetHints":{"allow":["GET"]}}],"collection":[{"href":"https:\/\/wp.ufpel.edu.br\/nimeq\/wp-json\/wp\/v2\/pages"}],"about":[{"href":"https:\/\/wp.ufpel.edu.br\/nimeq\/wp-json\/wp\/v2\/types\/page"}],"author":[{"embeddable":true,"href":"https:\/\/wp.ufpel.edu.br\/nimeq\/wp-json\/wp\/v2\/users\/111"}],"replies":[{"embeddable":true,"href":"https:\/\/wp.ufpel.edu.br\/nimeq\/wp-json\/wp\/v2\/comments?post=29"}],"version-history":[{"count":46,"href":"https:\/\/wp.ufpel.edu.br\/nimeq\/wp-json\/wp\/v2\/pages\/29\/revisions"}],"predecessor-version":[{"id":1606,"href":"https:\/\/wp.ufpel.edu.br\/nimeq\/wp-json\/wp\/v2\/pages\/29\/revisions\/1606"}],"up":[{"embeddable":true,"href":"https:\/\/wp.ufpel.edu.br\/nimeq\/wp-json\/wp\/v2\/pages\/45"}],"wp:attachment":[{"href":"https:\/\/wp.ufpel.edu.br\/nimeq\/wp-json\/wp\/v2\/media?parent=29"}],"curies":[{"name":"wp","href":"https:\/\/api.w.org\/{rel}","templated":true}]}}