{"id":2231,"date":"2022-11-03T11:27:59","date_gmt":"2022-11-03T14:27:59","guid":{"rendered":"https:\/\/wp.ufpel.edu.br\/nimeq\/?page_id=2231"},"modified":"2022-11-03T12:16:24","modified_gmt":"2022-11-03T15:16:24","slug":"dissertacoes-e-teses","status":"publish","type":"page","link":"https:\/\/wp.ufpel.edu.br\/nimeq\/dissertacoes-e-teses\/","title":{"rendered":"Disserta\u00e7\u00f5es e teses"},"content":{"rendered":"<p style=\"text-align: center;\">P\u00e1gina em constru\u00e7\u00e3o.<\/p>\n<p style=\"text-align: center;\">Escolha o ano no qual a\u00a0<strong>Disserta\u00e7\u00e3<\/strong>o ou\u00a0<strong>Tese<\/strong>\u00a0foi publicada.<\/p>\n<table style=\"font-weight: 400; height: 321px;\" width=\"697\" data-tablestyle=\"MsoTableGrid\" data-tablelook=\"1696\" aria-rowcount=\"5\">\n<tbody>\n<tr aria-rowindex=\"1\">\n<td style=\"width: 135.611px; text-align: center;\" data-celllook=\"0\"><span data-contrast=\"auto\">2022<\/span><span data-ccp-props=\"{&quot;201341983&quot;:0,&quot;335559740&quot;:259}\">\u00a0<\/span><\/td>\n<td style=\"width: 129.489px; text-align: center;\" data-celllook=\"0\"><span data-contrast=\"auto\">2021<\/span><span data-ccp-props=\"{&quot;201341983&quot;:0,&quot;335559740&quot;:259}\">\u00a0<\/span><\/td>\n<td style=\"width: 138.438px; text-align: center;\" data-celllook=\"0\"><span data-contrast=\"auto\">2020<\/span><span data-ccp-props=\"{&quot;201341983&quot;:0,&quot;335559740&quot;:259}\">\u00a0<\/span><\/td>\n<td style=\"width: 129.489px; text-align: center;\" data-celllook=\"0\"><span data-contrast=\"auto\">2019<\/span><span data-ccp-props=\"{&quot;201341983&quot;:0,&quot;335559740&quot;:259}\">\u00a0<\/span><\/td>\n<td style=\"width: 131.179px; text-align: center;\" data-celllook=\"0\"><span data-contrast=\"auto\">2018<\/span><span data-ccp-props=\"{&quot;201341983&quot;:0,&quot;335559740&quot;:259}\">\u00a0<\/span><\/td>\n<\/tr>\n<tr aria-rowindex=\"2\">\n<td style=\"width: 135.611px; text-align: center;\" data-celllook=\"0\"><span data-contrast=\"auto\">2017<\/span><span data-ccp-props=\"{&quot;201341983&quot;:0,&quot;335559740&quot;:259}\">\u00a0<\/span><\/td>\n<td style=\"width: 129.489px; text-align: center;\" data-celllook=\"0\"><span data-contrast=\"auto\">2016<\/span><span data-ccp-props=\"{&quot;201341983&quot;:0,&quot;335559740&quot;:259}\">\u00a0<\/span><\/td>\n<td style=\"width: 138.438px; text-align: center;\" data-celllook=\"0\"><span data-contrast=\"auto\">2015<\/span><span data-ccp-props=\"{&quot;201341983&quot;:0,&quot;335559740&quot;:259}\">\u00a0<\/span><\/td>\n<td style=\"width: 129.489px; text-align: center;\" data-celllook=\"0\"><span data-contrast=\"auto\">2014<\/span><span data-ccp-props=\"{&quot;201341983&quot;:0,&quot;335559740&quot;:259}\">\u00a0<\/span><\/td>\n<td style=\"width: 131.179px; text-align: center;\" data-celllook=\"0\"><span data-contrast=\"auto\">2013<\/span><span data-ccp-props=\"{&quot;201341983&quot;:0,&quot;335559740&quot;:259}\">\u00a0<\/span><\/td>\n<\/tr>\n<tr aria-rowindex=\"3\">\n<td style=\"width: 135.611px; text-align: center;\" data-celllook=\"0\"><span data-ccp-props=\"{&quot;201341983&quot;:0,&quot;335559740&quot;:259}\">\u00a02012<\/span><\/td>\n<td style=\"width: 129.489px; text-align: center;\" data-celllook=\"0\"><span data-ccp-props=\"{&quot;201341983&quot;:0,&quot;335559740&quot;:259}\">2011\u00a0<\/span><\/td>\n<td style=\"width: 138.438px; text-align: center;\" data-celllook=\"0\"><span data-ccp-props=\"{&quot;201341983&quot;:0,&quot;335559740&quot;:259}\">2010\u00a0<\/span><\/td>\n<td style=\"width: 129.489px; text-align: center;\" data-celllook=\"0\"><span data-ccp-props=\"{&quot;201341983&quot;:0,&quot;335559740&quot;:259}\">\u00a0<\/span><\/td>\n<td style=\"width: 131.179px; text-align: center;\" data-celllook=\"0\"><span data-ccp-props=\"{&quot;201341983&quot;:0,&quot;335559740&quot;:259}\">\u00a0<\/span><\/td>\n<\/tr>\n<tr aria-rowindex=\"4\">\n<td style=\"width: 135.611px; text-align: center;\" data-celllook=\"0\"><span data-ccp-props=\"{&quot;201341983&quot;:0,&quot;335559740&quot;:259}\">\u00a0<\/span><\/td>\n<td style=\"width: 129.489px; text-align: center;\" data-celllook=\"0\"><span data-ccp-props=\"{&quot;201341983&quot;:0,&quot;335559740&quot;:259}\">\u00a0<\/span><\/td>\n<td style=\"width: 138.438px; text-align: center;\" data-celllook=\"0\"><span data-ccp-props=\"{&quot;201341983&quot;:0,&quot;335559740&quot;:259}\">\u00a0<\/span><\/td>\n<td style=\"width: 129.489px; text-align: center;\" data-celllook=\"0\"><span data-ccp-props=\"{&quot;201341983&quot;:0,&quot;335559740&quot;:259}\">\u00a0<\/span><\/td>\n<td style=\"width: 131.179px; text-align: center;\" data-celllook=\"0\"><span data-ccp-props=\"{&quot;201341983&quot;:0,&quot;335559740&quot;:259}\">\u00a0<\/span><\/td>\n<\/tr>\n<tr aria-rowindex=\"5\">\n<td style=\"width: 135.611px; text-align: center;\" data-celllook=\"0\"><span data-ccp-props=\"{&quot;201341983&quot;:0,&quot;335559740&quot;:259}\">\u00a0<\/span><\/td>\n<td style=\"width: 129.489px; text-align: center;\" data-celllook=\"0\"><span data-ccp-props=\"{&quot;201341983&quot;:0,&quot;335559740&quot;:259}\">\u00a0<\/span><\/td>\n<td style=\"width: 138.438px; text-align: center;\" data-celllook=\"0\"><span data-ccp-props=\"{&quot;201341983&quot;:0,&quot;335559740&quot;:259}\">\u00a0<\/span><\/td>\n<td style=\"width: 129.489px; text-align: center;\" data-celllook=\"0\"><span data-ccp-props=\"{&quot;201341983&quot;:0,&quot;335559740&quot;:259}\">\u00a0<\/span><\/td>\n<td style=\"width: 131.179px; text-align: center;\" data-celllook=\"0\"><span data-ccp-props=\"{&quot;201341983&quot;:0,&quot;335559740&quot;:259}\">\u00a0<\/span><\/td>\n<\/tr>\n<\/tbody>\n<\/table>\n<p>&nbsp;<\/p>\n","protected":false},"excerpt":{"rendered":"<p>P\u00e1gina em constru\u00e7\u00e3o. Escolha o ano no qual a\u00a0Disserta\u00e7\u00e3o ou\u00a0Tese\u00a0foi publicada. 2022\u00a0 2021\u00a0 2020\u00a0 2019\u00a0 2018\u00a0 2017\u00a0 2016\u00a0 2015\u00a0 2014\u00a0 2013\u00a0 \u00a02012 2011\u00a0 2010\u00a0 \u00a0 \u00a0 \u00a0&hellip; <span class=\"read-more\"><a class=\"more-link\" href=\"https:\/\/wp.ufpel.edu.br\/nimeq\/dissertacoes-e-teses\/\" rel=\"bookmark\">Leia Mais <span class=\"screen-reader-text\">&#8220;Disserta\u00e7\u00f5es e teses&#8221;<\/span><\/a><\/span><\/p>\n","protected":false},"author":111,"featured_media":0,"parent":0,"menu_order":0,"comment_status":"closed","ping_status":"closed","template":"","meta":{"footnotes":""},"class_list":["post-2231","page","type-page","status-publish","hentry"],"publishpress_future_action":{"enabled":false,"date":"2026-04-23 13:00:53","action":"change-status","newStatus":"draft","terms":[],"taxonomy":"","extraData":[]},"publishpress_future_workflow_manual_trigger":{"enabledWorkflows":[]},"_links":{"self":[{"href":"https:\/\/wp.ufpel.edu.br\/nimeq\/wp-json\/wp\/v2\/pages\/2231","targetHints":{"allow":["GET"]}}],"collection":[{"href":"https:\/\/wp.ufpel.edu.br\/nimeq\/wp-json\/wp\/v2\/pages"}],"about":[{"href":"https:\/\/wp.ufpel.edu.br\/nimeq\/wp-json\/wp\/v2\/types\/page"}],"author":[{"embeddable":true,"href":"https:\/\/wp.ufpel.edu.br\/nimeq\/wp-json\/wp\/v2\/users\/111"}],"replies":[{"embeddable":true,"href":"https:\/\/wp.ufpel.edu.br\/nimeq\/wp-json\/wp\/v2\/comments?post=2231"}],"version-history":[{"count":4,"href":"https:\/\/wp.ufpel.edu.br\/nimeq\/wp-json\/wp\/v2\/pages\/2231\/revisions"}],"predecessor-version":[{"id":2243,"href":"https:\/\/wp.ufpel.edu.br\/nimeq\/wp-json\/wp\/v2\/pages\/2231\/revisions\/2243"}],"wp:attachment":[{"href":"https:\/\/wp.ufpel.edu.br\/nimeq\/wp-json\/wp\/v2\/media?parent=2231"}],"curies":[{"name":"wp","href":"https:\/\/api.w.org\/{rel}","templated":true}]}}