{"id":2147,"date":"2022-09-12T21:22:43","date_gmt":"2022-09-13T00:22:43","guid":{"rendered":"https:\/\/wp.ufpel.edu.br\/nimeq\/?page_id=2147"},"modified":"2022-10-26T09:56:59","modified_gmt":"2022-10-26T12:56:59","slug":"premio-afubra-nimeq","status":"publish","type":"page","link":"https:\/\/wp.ufpel.edu.br\/nimeq\/premio-afubra-nimeq\/","title":{"rendered":"Pr\u00eamio Afubra\/NIMEq"},"content":{"rendered":"<p style=\"text-align: justify;\">O Pr\u00eamio Afubra\/Nimeq \u00e9 uma promo\u00e7\u00e3o da Associa\u00e7\u00e3o dos Fumicultores do Brasil (Afubra) e do N\u00facleo de Inova\u00e7\u00e3o em M\u00e1quinas e Equipamentos Agr\u00edcolas da Universidade Federal de Pelotas (NIMEq\/UFPel), em parceria com a Universidade de Santa Cruz do Sul (UniSC), com o objetivo de contribuir na melhoria da produ\u00e7\u00e3o e produtividade agr\u00edcola, qualidade de vida das popula\u00e7\u00f5es rurais e preserva\u00e7\u00e3o do meio ambiente.<\/p>\n<p>O 8\u00ba Pr\u00eamio Afubra\/Nimeq de Inova\u00e7\u00e3o Tecnol\u00f3gica em M\u00e1quinas Agr\u00edcolas para Agricultura Familiar est\u00e1 com as inscri\u00e7\u00f5es abertas, gratuitamente. Em qualquer uma das categorias, a inscri\u00e7\u00e3o deve ser feita por meio de formul\u00e1rio eletr\u00f4nico dispon\u00edvel no site\u00a0<a href=\"https:\/\/afubra.com.br\/expoagro.html\">www.afubra.com.br\/expoagro<\/a>, onde se encontra o regulamento. Para maiores informa\u00e7\u00f5es, pelo telefone: (51) 3713-7715\/7727 \u2013 e-mail: expoagro@afubra.com.br). Para as categorias Pesquisa e Desenvolvimento e Inventor, o prazo das inscri\u00e7\u00f5es se encerra no dia 17 de fevereiro. J\u00e1 para a categoria Empresa o prazo se estende at\u00e9 03 de mar\u00e7o.<\/p>\n<p>Assista a entrega do pr\u00eamio Afubra\/NIMEq na 20\u00b0 Expoagro Afubra!<\/p>\n<p><iframe loading=\"lazy\" title=\"20\u00aa Expoagro Afubra - Pr\u00eamio Afubra Nimeq\" width=\"775\" height=\"436\" src=\"https:\/\/www.youtube.com\/embed\/Xn-xUiD99zc?feature=oembed\" frameborder=\"0\" allow=\"accelerometer; autoplay; clipboard-write; encrypted-media; gyroscope; picture-in-picture\" allowfullscreen><\/iframe><\/p>\n<p style=\"text-align: center;\">Leia mais sobre a entrega do pr\u00eamio clicando <strong><a href=\"https:\/\/www.jornaldocomercio.com\/_conteudo\/agro\/2022\/03\/838428-vencedores-do-premio-afubra-nimeq-serao-conhecidos-no-dia-25.html\">aqui<\/a>.<\/strong><\/p>\n<p>&nbsp;<\/p>\n<h3 style=\"text-align: center;\"><strong>Conhe\u00e7a mais a ExpoAgro Afubra!<\/strong><\/h3>\n<p style=\"text-align: justify;\"><a href=\"https:\/\/wp.ufpel.edu.br\/nimeq\/files\/2022\/09\/blognewkdkopoenimg6939-9568675.jpg\"><img loading=\"lazy\" decoding=\"async\" class=\"wp-image-2163 alignleft\" src=\"https:\/\/wp.ufpel.edu.br\/nimeq\/files\/2022\/09\/blognewkdkopoenimg6939-9568675-768x512.jpg\" alt=\"\" width=\"368\" height=\"245\" \/><\/a>A\u00a0Associa\u00e7\u00e3o dos Fumicultores do Brasil (Afubra)\u00a0surgiu em 1955, a partir da uni\u00e3o de\u00a0agricultores\u00a0que tinham um prop\u00f3sito em comum: amenizar o preju\u00edzo causado pelo\u00a0granizo\u00a0em suas lavouras de\u00a0tabaco. Desde a funda\u00e7\u00e3o, a entidade busca o fortalecimento dos\u00a0agricultores, visando o equil\u00edbrio ambiental e a\u00a0diversifica\u00e7\u00e3o das atividades agr\u00edcolas.<\/p>\n<p style=\"text-align: justify;\">Em busca deste prop\u00f3sito de\u00a0incentivar a diversifica\u00e7\u00e3o de culturas,\u00a0nasce em 2001, a primeira\u00a0Expoagro Afubra. O evento era em formato de dia de campo\u00a0e realizado num pequeno espa\u00e7o. A partir disso, a Afubra percebeu a import\u00e2ncia da a\u00e7\u00e3o e a oportunidade de mostrar o potencial da regi\u00e3o fumicultora, al\u00e9m de aproximar tecnologias, culturas, processos de produ\u00e7\u00e3o e a ideia de diversificar a propriedade, da realidade de agricultores. O pr\u00f3ximo passo era transformar o dia de campo em um evento mais abrangente e dar sequ\u00eancia as pr\u00f3ximas edi\u00e7\u00f5es do evento.<\/p>\n<p style=\"text-align: justify;\">Hoje, a Expoagro Afubra tem 20 anos de hist\u00f3ria. Anualmente, a equipe da\u00a0Afubra\u00a0e entidades parceiras\u00a0trabalham para desenvolver uma programa\u00e7\u00e3o t\u00e9cnica que atenda as necessidades dos\u00a0produtores rurais\u00a0e mostre as novidades do setor agropecu\u00e1rio, atrav\u00e9s de manejos, demonstra\u00e7\u00f5es pr\u00e1ticas, exposi\u00e7\u00e3o e informa\u00e7\u00e3o em \u00e1reas tem\u00e1ticas: animais, din\u00e2mica de m\u00e1quinas, agroind\u00fastrias, avicultura colonial, dia do arroz, espa\u00e7o cultural, hortali\u00e7as, energias renov\u00e1veis, viveiro de mudas, ainda as atividades espec\u00edficas dos estandes das entidades e dos 475 expositores presentes.<\/p>\n","protected":false},"excerpt":{"rendered":"<p>O Pr\u00eamio Afubra\/Nimeq \u00e9 uma promo\u00e7\u00e3o da Associa\u00e7\u00e3o dos Fumicultores do Brasil (Afubra) e do N\u00facleo de Inova\u00e7\u00e3o em M\u00e1quinas e Equipamentos Agr\u00edcolas da Universidade Federal de&hellip; <span class=\"read-more\"><a class=\"more-link\" href=\"https:\/\/wp.ufpel.edu.br\/nimeq\/premio-afubra-nimeq\/\" rel=\"bookmark\">Leia Mais <span class=\"screen-reader-text\">&#8220;Pr\u00eamio Afubra\/NIMEq&#8221;<\/span><\/a><\/span><\/p>\n","protected":false},"author":111,"featured_media":2163,"parent":0,"menu_order":0,"comment_status":"closed","ping_status":"closed","template":"","meta":{"footnotes":""},"class_list":["post-2147","page","type-page","status-publish","has-post-thumbnail","hentry"],"publishpress_future_action":{"enabled":false,"date":"2026-04-23 13:43:30","action":"change-status","newStatus":"draft","terms":[],"taxonomy":"","extraData":[]},"publishpress_future_workflow_manual_trigger":{"enabledWorkflows":[]},"_links":{"self":[{"href":"https:\/\/wp.ufpel.edu.br\/nimeq\/wp-json\/wp\/v2\/pages\/2147","targetHints":{"allow":["GET"]}}],"collection":[{"href":"https:\/\/wp.ufpel.edu.br\/nimeq\/wp-json\/wp\/v2\/pages"}],"about":[{"href":"https:\/\/wp.ufpel.edu.br\/nimeq\/wp-json\/wp\/v2\/types\/page"}],"author":[{"embeddable":true,"href":"https:\/\/wp.ufpel.edu.br\/nimeq\/wp-json\/wp\/v2\/users\/111"}],"replies":[{"embeddable":true,"href":"https:\/\/wp.ufpel.edu.br\/nimeq\/wp-json\/wp\/v2\/comments?post=2147"}],"version-history":[{"count":12,"href":"https:\/\/wp.ufpel.edu.br\/nimeq\/wp-json\/wp\/v2\/pages\/2147\/revisions"}],"predecessor-version":[{"id":2217,"href":"https:\/\/wp.ufpel.edu.br\/nimeq\/wp-json\/wp\/v2\/pages\/2147\/revisions\/2217"}],"wp:featuredmedia":[{"embeddable":true,"href":"https:\/\/wp.ufpel.edu.br\/nimeq\/wp-json\/wp\/v2\/media\/2163"}],"wp:attachment":[{"href":"https:\/\/wp.ufpel.edu.br\/nimeq\/wp-json\/wp\/v2\/media?parent=2147"}],"curies":[{"name":"wp","href":"https:\/\/api.w.org\/{rel}","templated":true}]}}