{"id":1841,"date":"2019-11-09T17:45:16","date_gmt":"2019-11-09T20:45:16","guid":{"rendered":"https:\/\/wp.ufpel.edu.br\/nimeq\/?page_id=1841"},"modified":"2023-02-27T13:20:17","modified_gmt":"2023-02-27T16:20:17","slug":"resumos-expandidos","status":"publish","type":"page","link":"https:\/\/wp.ufpel.edu.br\/nimeq\/publicacoes\/resumos-expandidos\/","title":{"rendered":"Resumos Expandidos"},"content":{"rendered":"<p><strong>2022<\/strong><\/p>\n<p>&nbsp;<\/p>\n<p><a href=\"http:\/\/chrome-extension:\/\/efaidnbmnnnibpcajpcglclefindmkaj\/https:\/\/www.conbea.org.br\/anais\/publicacoes\/conbea-2022\/anais-2022\/ma-quinas-e-mecanizac-a-o-agri-cola-mma\/3389-avaliacao-da-ergonomia-em-tratores-agricolas-para-a-agricultura-familiar\/file\">AVALIA\u00c7\u00c3O DA ERGONOMIA EM TRATORES AGR\u00cdCOLAS PARA A AGRICULTURA FAMILIAR<\/a><\/p>\n<hr \/>\n<p class=\"nova-legacy-e-text nova-legacy-e-text--size-xl nova-legacy-e-text--family-display nova-legacy-e-text--spacing-none nova-legacy-e-text--color-grey-900 research-detail-header-section__title\"><a href=\"https:\/\/www.researchgate.net\/publication\/365184109_EMERGENCIA_ESTANDE_E_MASSA_SECA_DA_CULTURA_DO_MILHO_EM_FUNCAO_DA_UTILIZACAO_DE_SEMEADORAS_DESENVOLVIDAS_PARA_A_AGRICULTURA_FAMILIAR_SOB_RESTRICAO_HIDRICA_EMERGENCY_STAND_AND_SHOOT_DRY_MASS_OF_CORN_CRO\">EMERG\u00caNCIA, ESTANDE E MASSA SECA DA CULTURA DO MILHO EM FUN\u00c7\u00c3O DA UTILIZA\u00c7\u00c3O DE SEMEADORAS DESENVOLVIDAS PARA A AGRICULTURA FAMILIAR SOB RESTRI\u00c7\u00c3O H\u00cdDRICA<\/a><\/p>\n<hr \/>\n<p><a href=\"http:\/\/chrome-extension:\/\/efaidnbmnnnibpcajpcglclefindmkaj\/https:\/\/www.conbea.org.br\/anais\/publicacoes\/conbea-2022\/anais-2022\/ma-quinas-e-mecanizac-a-o-agri-cola-mma\/3390-equilibrio-longitudinal-de-tratores-utilizando-pulverizadores-montados\/file\">EQUIL\u00cdBRIO LONGITUDINAL DE TRATORES UTILIZANDO PULVERIZADORES MONTADOS<\/a><\/p>\n<hr \/>\n<p>&nbsp;<\/p>\n<p><strong>2021<\/strong><\/p>\n<p>&nbsp;<\/p>\n<p><a href=\"https:\/\/cti.ufpel.edu.br\/siepe\/arquivos\/2021\/CA_02488.pdf\">CARACTER\u00cdSTICAS DIMENSIONAIS E PONDERAIS DE PULVERIZADORES DE BARRA COM ACOPLAMENTO NO SISTEMA HIDR\u00c1ULICO DE TR\u00caS PONTOS DO TRATOR<\/a><\/p>\n<hr \/>\n<p><a href=\"https:\/\/cti.ufpel.edu.br\/siepe\/arquivos\/2021\/EN_02658.pdf\">CUSTOS DE MANUTEN\u00c7\u00c3O NO FINAL DA VIDA \u00daTIL PARA DECIS\u00c3O ENTRE A AQUISI\u00c7\u00c3O DE TRATOR NOVO OU REFORMA DO USADO<\/a><\/p>\n<hr \/>\n<p><a href=\"https:\/\/cti.ufpel.edu.br\/siepe\/arquivos\/2021\/CA_04530.pdf\">DESEMPENHO T\u00c9RMICO DE TELHAS COMBINADAS COM DIFERENTES MATERIAIS ISOLANTES PARA PEQUENAS INSTALA\u00c7\u00d5ES RURAIS<\/a><\/p>\n<hr \/>\n<p><a href=\"https:\/\/cti.ufpel.edu.br\/siepe\/arquivos\/2021\/EN_04284.pdf\">DISPOSITIVO DE QUANTIFICA\u00c7\u00c3O DAS FOR\u00c7AS APLICADAS PARA IMPELIR M\u00c1QUINAS OU EQUIPAMENTOS DE TRA\u00c7\u00c3O HUM<\/a><\/p>\n<hr \/>\n<p><a href=\"https:\/\/cti.ufpel.edu.br\/siepe\/arquivos\/2021\/EN_03542.pdf\">ENERGIA SOLAR FOTOVOLTAICA EM UNIDADES FAMILIARES DE PRODU\u00c7\u00c3O AGR\u00cdCOLA: UMA REVIS\u00c3O DE LITERATURA<\/a><\/p>\n<hr \/>\n<p><a href=\"https:\/\/cti.ufpel.edu.br\/siepe\/arquivos\/2021\/EN_03785.pdf\">FERRAMENTA COMPUTACIONAL PARA AUX\u00cdLIO NA COLETA E TRATAMENTO DE DADOS DE DISTRIBUI\u00c7\u00c3O ESPACIAL DE SEMENTES DOSADAS EM BANCADA<\/a><\/p>\n<hr \/>\n<p><a href=\"https:\/\/cti.ufpel.edu.br\/siepe\/arquivos\/2021\/EN_03247.pdf\">M\u00c9TODOS DE SELE\u00c7\u00c3O DE SEMEADORAS ADUBADORAS PARA TRATORES COM POT\u00caNCIA AT\u00c9 37.5KW<\/a><\/p>\n<hr \/>\n<p><a href=\"https:\/\/cti.ufpel.edu.br\/siepe\/arquivos\/2021\/EN_01826.pdf\">M\u00c9TODO DO QFD NA HIERARQUIZA\u00c7\u00c3O DOS REQUISITOS DE PROJETO DE UM VE\u00cdCULO AUT\u00d5NOMO PARA USO EM UNIDADES AGR\u00cdCOLAS<\/a><\/p>\n<hr \/>\n<p><a href=\"https:\/\/cti.ufpel.edu.br\/siepe\/arquivos\/2021\/CA_01828.pdf\">MOTORES EL\u00c9TRICOS &#8211; UTILIZA\u00c7\u00c3O NA AGRICULTURA<\/a><\/p>\n<hr \/>\n<p><a href=\"https:\/\/cti.ufpel.edu.br\/siepe\/arquivos\/2021\/EN_04137.pdf\">NECESSIDADE DE M\u00c1QUINAS E IMPLEMENTOS PARA PRODU\u00c7\u00c3O FAMILIAR DE HORTIFRUTIGRANJEIROS DA REGI\u00c3O DE PELOTAS<\/a><\/p>\n<hr \/>\n<p><a href=\"https:\/\/cti.ufpel.edu.br\/siepe\/arquivos\/2021\/EN_03226.pdf\">PESQUISA DE PATENTES PARA O PROJETO DE CLASSIFICADORA DETOMATES PARA AGRICULTURA FAMILIAR<\/a><\/p>\n<hr \/>\n<p><a href=\"https:\/\/cti.ufpel.edu.br\/siepe\/arquivos\/2021\/CA_03311.pdf\">TRATORES AGR\u00cdCOLAS: AN\u00c1LISE DA POT\u00caNCIA NA TOMADA DE POT\u00caNCIA, BARRA DE TRA\u00c7\u00c3O E RESERVA DE TORQUE DO MOTOR<\/a><\/p>\n<hr \/>\n<p><strong>2020<\/strong><\/p>\n<p>&nbsp;<\/p>\n<p><a href=\"https:\/\/cti.ufpel.edu.br\/siepe\/arquivos\/2020\/EN_02152.pdf\">ANALISES DO MERCADO DE M\u00c1QUINAS AGR\u00cdCOLAS DO PARAGUAI: ANOS 2012 a 2019<\/a><\/p>\n<hr \/>\n<p><a href=\"https:\/\/cti.ufpel.edu.br\/siepe\/arquivos\/2020\/EN_03679.pdf\">COLHEDORA DE TABACO PARA AGRICULTURA FAMILIAR: ADEQUA\u00c7\u00c3O DE PNEUS<\/a><\/p>\n<hr \/>\n<p><a href=\"https:\/\/cti.ufpel.edu.br\/siepe\/arquivos\/2020\/EN_02400.pdf\">ESTIMATIVA DO VALOR DE REVENDA DE SEMEADORAS-ADUBADORAS DISPON\u00cdVEIS NO MERCADO BRASILEIRO<\/a><\/p>\n<hr \/>\n<p><a href=\"https:\/\/cti.ufpel.edu.br\/siepe\/arquivos\/2020\/EN_03053.pdf\">ESTRUTURA DE FUN\u00c7\u00d5ES ALTERNATIVAS PARA UMA COLHEDORA DE ALHO<\/a><\/p>\n<hr \/>\n<p><a href=\"https:\/\/cti.ufpel.edu.br\/siepe\/arquivos\/2020\/EN_03842.pdf\">FERRAMENTA PARA CLASSIFICA\u00c7\u00c3O HIER\u00c1RQUICA DE SUBFUN\u00c7\u00d5ES (CHS) APLICADA A PROJETOS CONCEITUAIS DE M\u00c1QUINAS<\/a><\/p>\n<hr \/>\n<p><a href=\"https:\/\/cti.ufpel.edu.br\/siepe\/arquivos\/2020\/CA_01626.pdf\">INSTRUMENTO DE MEDI\u00c7\u00c3O DE VAS\u00c3O DE ADUBO DE PRECIS\u00c3O: PROPOSTA PARA AFERI\u00c7\u00c3O<\/a><\/p>\n<hr \/>\n<p><a href=\"https:\/\/cti.ufpel.edu.br\/siepe\/arquivos\/2020\/EN_01984.pdf\">PLANEJAMENTO DE UM SISTEMA INTEGRADO DE PRODU\u00c7\u00c3O AGROPECU\u00c1RIA PARA UMA UNIDADE FAMILIAR DA REGI\u00c3O SUL DO RIO GRANDE DO SUL<\/a><\/p>\n<hr \/>\n<p><a href=\"https:\/\/cti.ufpel.edu.br\/siepe\/arquivos\/2020\/EN_01263.pdf\">PROJETO CONCEITUAL PARA CIRCUITOS DE CONTROLE DE VELOCIDADE DE DOSADORES DE SEMENTES ACIONADOS POR MOTORES DE CORRENTE CONT\u00cdNUA DE \u00cdM\u00c3S PERMANENTES<\/a><\/p>\n<hr \/>\n<p><a href=\"https:\/\/cti.ufpel.edu.br\/siepe\/arquivos\/2020\/EN_01334.pdf\">PROTOCOLO DE COMUNICA\u00c7\u00c3O MQTT APLICADO \u00c0 M\u00c1QUINAS E IMPLEMENTOS AGR\u00cdCOLAS: UMA FORMA DE BAIXO CUSTO DE CONTROLAR E MONITORAR SISTEMAS NA AGRICULTURA FAMILIAR<\/a><\/p>\n<hr \/>\n<p><a href=\"https:\/\/cti.ufpel.edu.br\/siepe\/arquivos\/2020\/EN_03416.pdf\">USO DE IMPRESS\u00c3O EM 3D PARA REPRESENTA\u00c7\u00c3O DE PROT\u00d3TIPO DE DOSADOR DE ADUBO EM ESCALA REDUZIDA<\/a><\/p>\n<hr \/>\n<p><strong style=\"text-align: justify;\">2019<\/strong><\/p>\n<p><a href=\"http:\/\/cti.ufpel.edu.br\/siepe\/arquivos\/2019\/EN_02859.pdf\"><br \/>\nAN\u00c1LISE DA CAPACIDADE DE LEVANTE DO ENGATE DE TR\u00caS PONTOS DOS TRATORES<\/a><\/p>\n<hr \/>\n<p style=\"text-align: justify;\"><a href=\"http:\/\/cti.ufpel.edu.br\/siepe\/arquivos\/2019\/EN_02354.pdf\">AVALIA\u00c7\u00c3O DA PRESS\u00c3O DE CONTATO EXERCIDA POR PNEUS DE TRATORES CLASSE III<\/a><\/p>\n<hr \/>\n<p style=\"text-align: justify;\"><a href=\"http:\/\/cti.ufpel.edu.br\/siepe\/arquivos\/2019\/EN_01201.pdf\">AN\u00c1LISE DE DESEMPENHO DE UM CONFORMADOR DE CANTEIROS<\/a><\/p>\n<hr \/>\n<p style=\"text-align: justify;\"><a href=\"http:\/\/cti.ufpel.edu.br\/siepe\/arquivos\/2019\/EN_01627.pdf\">AN\u00c1LISE OPERACIONAL EM DOSADOR PNEUM\u00c1TICO PARA CULTURA DE MILHO<\/a><\/p>\n<hr \/>\n<p style=\"text-align: justify;\"><a href=\"http:\/\/cti.ufpel.edu.br\/siepe\/arquivos\/2019\/EN_02388.pdf\">AN\u00c1LISE SOCIAL DE APICULTORES FAMILIARES PERTENCENTES A REGI\u00c3O SUL DO RIO GRANDE DO SUL<\/a><\/p>\n<hr \/>\n<p style=\"text-align: justify;\"><a href=\"http:\/\/cti.ufpel.edu.br\/siepe\/arquivos\/2019\/EN_01743.pdf\">APLICA\u00c7\u00c3O DO M\u00c9TODO OWAS NA AVALIA\u00c7\u00c3O DA ATIVIDADE DE PULVERIZA\u00c7\u00c3O COM PULVERIZADOR COSTAL ACIONADO ELETRICAMENTE<\/a><\/p>\n<hr \/>\n<p style=\"text-align: justify;\"><a href=\"http:\/\/cti.ufpel.edu.br\/siepe\/arquivos\/2019\/EN_03160.pdf\">AVALIA\u00c7\u00c3O DA CAPACIDADE DE SUPORTE DE UM ARGISSOLO PARA AS PRESS\u00d5ES EXERCIDAS POR PNEUS DE TRATORES DE M\u00c9DIA POT\u00caNCIA<\/a><\/p>\n<hr \/>\n<p style=\"text-align: justify;\"><a href=\"http:\/\/cti.ufpel.edu.br\/siepe\/arquivos\/2019\/CA_00922.pdf\">AVALIA\u00c7\u00c3O DE AMBIENTE T\u00c9RMICO DE GALP\u00d5ES COM E SEM ISOLAMENTO T\u00c9RMICO PARA POEDEIRAS COMERCIAIS<\/a><\/p>\n<hr \/>\n<p style=\"text-align: justify;\"><a href=\"http:\/\/cti.ufpel.edu.br\/siepe\/arquivos\/2019\/CA_00832.pdf\">COLHEDORAS AUTOMOTRIZES DISPON\u00cdVEIS NO PARAGUAI: DISTRIBUI\u00c7\u00c3O DAS MARCAS E MODELOS EM FUN\u00c7\u00c3O DAS CLASSES DE POT\u00caNCIA M\u00c1XIMA NO MOTOR<\/a><\/p>\n<hr \/>\n<p style=\"text-align: justify;\"><a href=\"http:\/\/cti.ufpel.edu.br\/siepe\/arquivos\/2019\/EN_03066.pdf\">DESENVOLVIMENTO DE UM SENSOR PARA CONTAR O N\u00daMERO E O INTERVALO DE TEMPO DE SEMENTES EJETADAS POR DOSADORES DE SEMEADORAS<\/a><\/p>\n<hr \/>\n<p style=\"text-align: justify;\"><a href=\"http:\/\/cti.ufpel.edu.br\/siepe\/arquivos\/2019\/CA_00117.pdf\">DIST\u00c2NCIAS VERTICAIS E HORIZONTAIS ENTRE ADUBO E SEMENTE, UTILIZANDO SULCADORES DE DISCO DUPLOS<\/a><\/p>\n<hr \/>\n<p style=\"text-align: justify;\"><a href=\"http:\/\/cti.ufpel.edu.br\/siepe\/arquivos\/2019\/EN_02309.pdf\">ENCANTEIRADOR-DISTRIBUIDOR DE FERTILIZANTES MINERAL E ORG\u00c2NICO: ENSAIO DE CAMPO<\/a><\/p>\n<hr \/>\n<p style=\"text-align: justify;\"><a href=\"http:\/\/cti.ufpel.edu.br\/siepe\/arquivos\/2019\/EN_00963.pdf\">PROCESSO ANAL\u00cdTICO HIER\u00c1RQUICO (AHP) APLICADO \u00c0 SELE\u00c7\u00c3O DE CARACTER\u00cdSTICAS T\u00c9CNICAS EM COLHEDORAS DE ALHO FABRICADAS PARA LOCAIS COM TOPOGRAF\u00cdAS COMPROMETIDAS<\/a><\/p>\n<hr \/>\n<p style=\"text-align: justify;\"><a href=\"http:\/\/cti.ufpel.edu.br\/siepe\/arquivos\/2019\/EN_01426.pdf\">SIMULA\u00c7\u00c3O DO PRAZO DE RETORNO DE INVESTIMENTO PARA AQUISI\u00c7\u00c3O DE CAMINH\u00c3O EQUIPADO COM SISTEMA ROLL-ON\/ROLL-OFF PARA UMA PROPRIEDADE AGR\u00cdCOLA<\/a><\/p>\n<hr \/>\n<p style=\"text-align: justify;\"><a href=\"http:\/\/cti.ufpel.edu.br\/siepe\/arquivos\/2019\/CA_01198.pdf\">TRATORES AGR\u00cdCOLAS DISPON\u00cdVEIS PARA A VENDA NO PARAGUAI: DISTRIBUI\u00c7\u00c3O DOS MODELOS EM FUN\u00c7\u00c3O DA MARCA E POT\u00caNCIA M\u00c1XIMA NO MOTOR<\/a><\/p>\n","protected":false},"excerpt":{"rendered":"<p>2022 &nbsp; AVALIA\u00c7\u00c3O DA ERGONOMIA EM TRATORES AGR\u00cdCOLAS PARA A AGRICULTURA FAMILIAR EMERG\u00caNCIA, ESTANDE E MASSA SECA DA CULTURA DO MILHO EM FUN\u00c7\u00c3O DA UTILIZA\u00c7\u00c3O DE SEMEADORAS&hellip; <span class=\"read-more\"><a class=\"more-link\" href=\"https:\/\/wp.ufpel.edu.br\/nimeq\/publicacoes\/resumos-expandidos\/\" rel=\"bookmark\">Leia Mais <span class=\"screen-reader-text\">&#8220;Resumos Expandidos&#8221;<\/span><\/a><\/span><\/p>\n","protected":false},"author":111,"featured_media":0,"parent":9,"menu_order":0,"comment_status":"closed","ping_status":"closed","template":"","meta":{"footnotes":""},"class_list":["post-1841","page","type-page","status-publish","hentry"],"publishpress_future_action":{"enabled":false,"date":"2026-04-13 00:35:23","action":"change-status","newStatus":"draft","terms":[],"taxonomy":"","extraData":[]},"publishpress_future_workflow_manual_trigger":{"enabledWorkflows":[]},"_links":{"self":[{"href":"https:\/\/wp.ufpel.edu.br\/nimeq\/wp-json\/wp\/v2\/pages\/1841","targetHints":{"allow":["GET"]}}],"collection":[{"href":"https:\/\/wp.ufpel.edu.br\/nimeq\/wp-json\/wp\/v2\/pages"}],"about":[{"href":"https:\/\/wp.ufpel.edu.br\/nimeq\/wp-json\/wp\/v2\/types\/page"}],"author":[{"embeddable":true,"href":"https:\/\/wp.ufpel.edu.br\/nimeq\/wp-json\/wp\/v2\/users\/111"}],"replies":[{"embeddable":true,"href":"https:\/\/wp.ufpel.edu.br\/nimeq\/wp-json\/wp\/v2\/comments?post=1841"}],"version-history":[{"count":8,"href":"https:\/\/wp.ufpel.edu.br\/nimeq\/wp-json\/wp\/v2\/pages\/1841\/revisions"}],"predecessor-version":[{"id":2250,"href":"https:\/\/wp.ufpel.edu.br\/nimeq\/wp-json\/wp\/v2\/pages\/1841\/revisions\/2250"}],"up":[{"embeddable":true,"href":"https:\/\/wp.ufpel.edu.br\/nimeq\/wp-json\/wp\/v2\/pages\/9"}],"wp:attachment":[{"href":"https:\/\/wp.ufpel.edu.br\/nimeq\/wp-json\/wp\/v2\/media?parent=1841"}],"curies":[{"name":"wp","href":"https:\/\/api.w.org\/{rel}","templated":true}]}}