{"id":17,"date":"2011-04-29T15:47:46","date_gmt":"2011-04-29T18:47:46","guid":{"rendered":"https:\/\/wp.ufpel.edu.br\/maquinasagricolas\/"},"modified":"2022-09-14T10:35:29","modified_gmt":"2022-09-14T13:35:29","slug":"professores","status":"publish","type":"page","link":"https:\/\/wp.ufpel.edu.br\/nimeq\/equipe\/professores\/","title":{"rendered":"Docentes"},"content":{"rendered":"<p><strong><a href=\"https:\/\/wp.ufpel.edu.br\/nimeq\/files\/2019\/04\/servletrecuperafoto-1.jpg\"><img loading=\"lazy\" decoding=\"async\" class=\"alignleft wp-image-1376\" src=\"https:\/\/wp.ufpel.edu.br\/nimeq\/files\/2019\/04\/servletrecuperafoto-1.jpg\" alt=\"\" width=\"222\" height=\"300\" srcset=\"https:\/\/wp.ufpel.edu.br\/nimeq\/files\/2019\/04\/servletrecuperafoto-1.jpg 362w, https:\/\/wp.ufpel.edu.br\/nimeq\/files\/2019\/04\/servletrecuperafoto-1-296x400.jpg 296w\" sizes=\"auto, (max-width: 222px) 100vw, 222px\" \/><\/a><span style=\"color: #000000;\">\u00c2ngelo Vieira dos Reis<\/span><\/strong><\/p>\n<ul>\n<li><span style=\"color: #000000; font-size: 10pt;\">Professor Associado<\/span><\/li>\n<li><span style=\"font-size: 10pt; color: #000000;\">Engenheiro Agr\u00edcola<\/span><\/li>\n<li><span style=\"font-size: 10pt; color: #000000;\">Doutor em Engenharia Mec\u00e2nica \u2013 UFSC \u2013 2003<\/span><\/li>\n<li><span style=\"font-size: 10pt; color: #000000;\">E-mail :\u00a0areis@ufpel.edu.br<\/span><\/li>\n<li><span style=\"color: #000000; font-size: 10pt;\">\u00c1rea de atua\u00e7\u00e3o: m\u00e1quinas agr\u00edcolas, projeto de m\u00e1quinas e seguran\u00e7a<\/span><\/li>\n<li><span style=\"font-size: 10pt; color: #000000;\">Sala 315<\/span><\/li>\n<li><span style=\"font-size: 10pt;\"><a href=\"http:\/\/lattes.cnpq.br\/8641384820246846\">Curr\u00edculo Lattes<\/a><\/span><\/li>\n<\/ul>\n<p>&nbsp;<\/p>\n<p>&nbsp;<\/p>\n<p>&nbsp;<\/p>\n<p><strong><span style=\"color: #000000;\"><a href=\"https:\/\/wp.ufpel.edu.br\/nimeq\/files\/2022\/09\/WhatsApp-Image-2022-09-09-at-19.42.51.jpeg\"><img loading=\"lazy\" decoding=\"async\" class=\" wp-image-2196 alignleft\" src=\"https:\/\/wp.ufpel.edu.br\/nimeq\/files\/2022\/09\/WhatsApp-Image-2022-09-09-at-19.42.51-296x400.jpeg\" alt=\"\" width=\"221\" height=\"298\" \/><\/a>Ant\u00f4nio Lilles Tavares Machado <\/span><\/strong><\/p>\n<ul>\n<li><span style=\"font-size: 10pt; color: #000000;\">Professor Associado<\/span><\/li>\n<li><span style=\"font-size: 10pt; color: #000000;\">Engenheiro Agr\u00edcola<\/span><\/li>\n<li><span style=\"font-size: 10pt; color: #000000;\">Doutor em Ci\u00eancia do Solo \u2013 UFRGS \u2013 2001<\/span><\/li>\n<li><span style=\"font-size: 10pt; color: #000000;\">E-mail :\u00a0lilles@ufpel.edu.br<\/span><\/li>\n<li><span style=\"font-size: 10pt; color: #000000;\">\u00c1rea de atua\u00e7\u00e3o \u2013 m\u00e1quinas agr\u00edcolas<\/span><\/li>\n<li><span style=\"font-size: 10pt; color: #000000;\">Sala 315<\/span><\/li>\n<li><span style=\"font-size: 10pt;\"><a href=\"http:\/\/buscatextual.cnpq.br\/buscatextual\/visualizacv.do?id=K4787533E9\">Curr\u00edculo Lattes<\/a><\/span><\/li>\n<\/ul>\n<p>&nbsp;<\/p>\n<p>&nbsp;<\/p>\n<p>&nbsp;<\/p>\n<p><strong><a href=\"https:\/\/wp.ufpel.edu.br\/nimeq\/files\/2019\/04\/servletrecuperafoto-3.jpg\"><img loading=\"lazy\" decoding=\"async\" class=\"alignleft wp-image-1378\" src=\"https:\/\/wp.ufpel.edu.br\/nimeq\/files\/2019\/04\/servletrecuperafoto-3.jpg\" alt=\"\" width=\"227\" height=\"273\" \/><\/a><span style=\"color: #000000;\">Fabr\u00edcio Ardais Medeiros<\/span><\/strong><\/p>\n<ul>\n<li><span style=\"font-size: 10pt; color: #000000;\">Professor Adjunto<\/span><\/li>\n<li><span style=\"font-size: 10pt; color: #000000;\">Engenheiro Agr\u00edcola<\/span><\/li>\n<li><span style=\"font-size: 10pt; color: #000000;\">Doutor em Agronomia\u00a0\u2013 UFPel \u2013 2013<\/span><\/li>\n<li><span style=\"font-size: 10pt; color: #000000;\">E-mail : fabricio.medeiros@ufpel.edu.br<\/span><\/li>\n<li><span style=\"font-size: 10pt; color: #000000;\">\u00c1rea de atua\u00e7\u00e3o \u2013 m\u00e1quinas agr\u00edcolas, projetos de m\u00e1quinas<\/span><\/li>\n<li><span style=\"font-size: 10pt; color: #000000;\">Sala 315<\/span><\/li>\n<li><span style=\"font-size: 10pt;\"><a href=\"http:\/\/buscatextual.cnpq.br\/buscatextual\/visualizacv.do?id=K4533070E6\">Curr\u00edculo Lattes<\/a><\/span><\/li>\n<\/ul>\n<p>&nbsp;<\/p>\n<p>&nbsp;<\/p>\n<p><a href=\"https:\/\/wp.ufpel.edu.br\/nimeq\/files\/2022\/09\/Eu-e1663158360296.jpg\"><img loading=\"lazy\" decoding=\"async\" class=\"wp-image-2194 alignleft\" src=\"https:\/\/wp.ufpel.edu.br\/nimeq\/files\/2022\/09\/Eu-e1663158360296-311x400.jpg\" alt=\"\" width=\"217\" height=\"279\" srcset=\"https:\/\/wp.ufpel.edu.br\/nimeq\/files\/2022\/09\/Eu-e1663158360296-311x400.jpg 311w, https:\/\/wp.ufpel.edu.br\/nimeq\/files\/2022\/09\/Eu-e1663158360296-156x200.jpg 156w, https:\/\/wp.ufpel.edu.br\/nimeq\/files\/2022\/09\/Eu-e1663158360296.jpg 619w\" sizes=\"auto, (max-width: 217px) 100vw, 217px\" \/><\/a><\/p>\n<p><strong><span style=\"color: #000000;\">Katiuscia Fonseca dos Santos Strassburger<\/span><\/strong><\/p>\n<ul>\n<li><span style=\"font-size: 10pt; color: #000000;\">Professora Adjunta<\/span><\/li>\n<li><span style=\"font-size: 10pt; color: #000000;\">Engenheira Agr\u00f4noma\u00a0<\/span><\/li>\n<li><span style=\"font-size: 10pt; color: #000000;\">Doutora em Agronomia \u2013 UFPel \u2013 2010<\/span><\/li>\n<li><span style=\"font-size: 10pt; color: #000000;\">E-mail : katiuscia.strassburger@ufpel.edu.br<\/span><\/li>\n<li><span style=\"font-size: 10pt; color: #000000;\">\u00c1rea de atua\u00e7\u00e3o \u2013 Constru\u00e7\u00f5es Rurais e Ambi\u00eancia<\/span><\/li>\n<li><span style=\"font-size: 10pt; color: #000000;\">Sala 316<\/span><\/li>\n<li><span style=\"font-size: 10pt;\"><a href=\"http:\/\/lattes.cnpq.br\/3571020250030583\">Curr\u00edculo Lattes<\/a><\/span><\/li>\n<\/ul>\n<p>&nbsp;<\/p>\n<p>&nbsp;<\/p>\n<p><strong><a href=\"https:\/\/wp.ufpel.edu.br\/nimeq\/files\/2019\/04\/servletrecuperafoto-5.gif\"><img loading=\"lazy\" decoding=\"async\" class=\"alignleft wp-image-1382\" src=\"https:\/\/wp.ufpel.edu.br\/nimeq\/files\/2019\/04\/servletrecuperafoto-5.gif\" alt=\"\" width=\"225\" height=\"314\" \/><\/a><span style=\"color: #000000;\">Mauro Fernando Ferreira<\/span><\/strong><\/p>\n<ul>\n<li><span style=\"font-size: 10pt; color: #000000;\">Professor Adjunto<\/span><\/li>\n<li><span style=\"font-size: 10pt; color: #000000;\">Engenheiro Agr\u00edcola<\/span><\/li>\n<li><span style=\"font-size: 10pt; color: #000000;\">Doutor em Ci\u00eancias \u2013 UFPel \u2013 2008<\/span><\/li>\n<li><span style=\"font-size: 10pt; color: #000000;\">E-mail : maurof@ufpel.edu.br<\/span><\/li>\n<li><span style=\"font-size: 10pt; color: #000000;\">\u00c1rea de atua\u00e7\u00e3o \u2013 m\u00e1quinas agr\u00edcolas e constru\u00e7\u00f5es rurais<\/span><\/li>\n<li><span style=\"font-size: 10pt; color: #000000;\">Sala 317<\/span><\/li>\n<li><span style=\"font-size: 10pt;\"><a href=\"http:\/\/buscatextual.cnpq.br\/buscatextual\/visualizacv.do?id=K4763595Y3\">Curr\u00edculo Lattes<\/a><\/span><\/li>\n<\/ul>\n<p>&nbsp;<\/p>\n<p>&nbsp;<\/p>\n<p>&nbsp;<\/p>\n<p><strong><a href=\"https:\/\/wp.ufpel.edu.br\/nimeq\/files\/2019\/04\/servletrecuperafoto-4.jpg\"><img loading=\"lazy\" decoding=\"async\" class=\"alignleft wp-image-1379\" src=\"https:\/\/wp.ufpel.edu.br\/nimeq\/files\/2019\/04\/servletrecuperafoto-4.jpg\" alt=\"\" width=\"224\" height=\"298\" srcset=\"https:\/\/wp.ufpel.edu.br\/nimeq\/files\/2019\/04\/servletrecuperafoto-4.jpg 465w, https:\/\/wp.ufpel.edu.br\/nimeq\/files\/2019\/04\/servletrecuperafoto-4-300x400.jpg 300w\" sizes=\"auto, (max-width: 224px) 100vw, 224px\" \/><\/a><span style=\"color: #000000;\">Roberto Lilles Tavares Machado (Coordenador do PGER \u2013 FAEM \u2013 UFPel)<\/span><\/strong><\/p>\n<ul>\n<li><span style=\"font-size: 10pt; color: #000000;\">Professor Adjunto<\/span><\/li>\n<li><span style=\"font-size: 10pt; color: #000000;\">Engenheiro Agr\u00edcola<\/span><\/li>\n<li><span style=\"font-size: 10pt; color: #000000;\">Doutor em Ci\u00eancia \u2013 UFPel \u2013 2008<\/span><\/li>\n<li><span style=\"font-size: 10pt; color: #000000;\">E-mail : rlilles@ufpel.edu.br<\/span><\/li>\n<li><span style=\"font-size: 10pt; color: #000000;\">\u00c1rea de atua\u00e7\u00e3o \u2013 m\u00e1quinas agr\u00edcolas<\/span><\/li>\n<li><span style=\"font-size: 10pt; color: #000000;\">Sala 316<\/span><\/li>\n<li><span style=\"font-size: 10pt;\"><a href=\"http:\/\/buscatextual.cnpq.br\/buscatextual\/visualizacv.do?id=K4708630T6\">Curr\u00edculo Lattes<\/a><\/span><\/li>\n<\/ul>\n","protected":false},"excerpt":{"rendered":"<p>\u00c2ngelo Vieira dos Reis Professor Associado Engenheiro Agr\u00edcola Doutor em Engenharia Mec\u00e2nica \u2013 UFSC \u2013 2003 E-mail :\u00a0areis@ufpel.edu.br \u00c1rea de atua\u00e7\u00e3o: m\u00e1quinas agr\u00edcolas, projeto de m\u00e1quinas e&hellip; <span class=\"read-more\"><a class=\"more-link\" href=\"https:\/\/wp.ufpel.edu.br\/nimeq\/equipe\/professores\/\" rel=\"bookmark\">Leia Mais <span class=\"screen-reader-text\">&#8220;Docentes&#8221;<\/span><\/a><\/span><\/p>\n","protected":false},"author":111,"featured_media":0,"parent":45,"menu_order":0,"comment_status":"closed","ping_status":"closed","template":"","meta":{"footnotes":""},"class_list":["post-17","page","type-page","status-publish","hentry"],"publishpress_future_action":{"enabled":false,"date":"2026-04-23 02:49:08","action":"change-status","newStatus":"draft","terms":[],"taxonomy":"","extraData":[]},"publishpress_future_workflow_manual_trigger":{"enabledWorkflows":[]},"_links":{"self":[{"href":"https:\/\/wp.ufpel.edu.br\/nimeq\/wp-json\/wp\/v2\/pages\/17","targetHints":{"allow":["GET"]}}],"collection":[{"href":"https:\/\/wp.ufpel.edu.br\/nimeq\/wp-json\/wp\/v2\/pages"}],"about":[{"href":"https:\/\/wp.ufpel.edu.br\/nimeq\/wp-json\/wp\/v2\/types\/page"}],"author":[{"embeddable":true,"href":"https:\/\/wp.ufpel.edu.br\/nimeq\/wp-json\/wp\/v2\/users\/111"}],"replies":[{"embeddable":true,"href":"https:\/\/wp.ufpel.edu.br\/nimeq\/wp-json\/wp\/v2\/comments?post=17"}],"version-history":[{"count":44,"href":"https:\/\/wp.ufpel.edu.br\/nimeq\/wp-json\/wp\/v2\/pages\/17\/revisions"}],"predecessor-version":[{"id":2204,"href":"https:\/\/wp.ufpel.edu.br\/nimeq\/wp-json\/wp\/v2\/pages\/17\/revisions\/2204"}],"up":[{"embeddable":true,"href":"https:\/\/wp.ufpel.edu.br\/nimeq\/wp-json\/wp\/v2\/pages\/45"}],"wp:attachment":[{"href":"https:\/\/wp.ufpel.edu.br\/nimeq\/wp-json\/wp\/v2\/media?parent=17"}],"curies":[{"name":"wp","href":"https:\/\/api.w.org\/{rel}","templated":true}]}}