{"id":1407,"date":"2019-04-10T10:50:10","date_gmt":"2019-04-10T13:50:10","guid":{"rendered":"https:\/\/wp.ufpel.edu.br\/nimeq\/?page_id=1407"},"modified":"2023-02-27T13:21:41","modified_gmt":"2023-02-27T16:21:41","slug":"inovacao-tecnologica","status":"publish","type":"page","link":"https:\/\/wp.ufpel.edu.br\/nimeq\/inovacao-tecnologica\/","title":{"rendered":"Inova\u00e7\u00e3o Tecnol\u00f3gica"},"content":{"rendered":"<p><a href=\"http:\/\/guaiaca.ufpel.edu.br\/bitstream\/prefix\/2964\/1\/TESE-FABRICIO.pdf\"><span style=\"background-color: #ffffff; color: #000000;\">SISTEMA DE AR<\/span><span style=\"background-color: #ffffff; color: #000000;\">TICULA\u00c7\u00c3O COM MOLA PLANA EM SEMEADORAS-ADUBADORAS, M\u00c1QUINAS E IMPLEMENTOS AGR\u00cdCOLAS EM GERAL.<\/span><\/a><\/p>\n<p><span style=\"color: #000000;\"><a style=\"color: #000000;\" href=\"https:\/\/www.escavador.com\/patentes\/152466\/debulhador-manual-de-milho-verde\">DEBULHADOR MANUAL DE MILHO VERDE<\/a><\/span><\/p>\n","protected":false},"excerpt":{"rendered":"<p>SISTEMA DE ARTICULA\u00c7\u00c3O COM MOLA PLANA EM SEMEADORAS-ADUBADORAS, M\u00c1QUINAS E IMPLEMENTOS AGR\u00cdCOLAS EM GERAL. DEBULHADOR MANUAL DE MILHO VERDE<\/p>\n","protected":false},"author":111,"featured_media":0,"parent":0,"menu_order":0,"comment_status":"closed","ping_status":"closed","template":"","meta":{"footnotes":""},"class_list":["post-1407","page","type-page","status-publish","hentry"],"publishpress_future_action":{"enabled":false,"date":"2026-05-06 14:39:31","action":"change-status","newStatus":"draft","terms":[],"taxonomy":"","extraData":[]},"publishpress_future_workflow_manual_trigger":{"enabledWorkflows":[]},"_links":{"self":[{"href":"https:\/\/wp.ufpel.edu.br\/nimeq\/wp-json\/wp\/v2\/pages\/1407","targetHints":{"allow":["GET"]}}],"collection":[{"href":"https:\/\/wp.ufpel.edu.br\/nimeq\/wp-json\/wp\/v2\/pages"}],"about":[{"href":"https:\/\/wp.ufpel.edu.br\/nimeq\/wp-json\/wp\/v2\/types\/page"}],"author":[{"embeddable":true,"href":"https:\/\/wp.ufpel.edu.br\/nimeq\/wp-json\/wp\/v2\/users\/111"}],"replies":[{"embeddable":true,"href":"https:\/\/wp.ufpel.edu.br\/nimeq\/wp-json\/wp\/v2\/comments?post=1407"}],"version-history":[{"count":12,"href":"https:\/\/wp.ufpel.edu.br\/nimeq\/wp-json\/wp\/v2\/pages\/1407\/revisions"}],"predecessor-version":[{"id":2251,"href":"https:\/\/wp.ufpel.edu.br\/nimeq\/wp-json\/wp\/v2\/pages\/1407\/revisions\/2251"}],"wp:attachment":[{"href":"https:\/\/wp.ufpel.edu.br\/nimeq\/wp-json\/wp\/v2\/media?parent=1407"}],"curies":[{"name":"wp","href":"https:\/\/api.w.org\/{rel}","templated":true}]}}