{"id":1114,"date":"2015-10-01T14:50:19","date_gmt":"2015-10-01T17:50:19","guid":{"rendered":"https:\/\/wp.ufpel.edu.br\/nimeq\/?page_id=1114"},"modified":"2015-10-01T14:57:46","modified_gmt":"2015-10-01T17:57:46","slug":"quem-somos","status":"publish","type":"page","link":"https:\/\/wp.ufpel.edu.br\/nimeq\/quem-somos\/","title":{"rendered":"Quem somos"},"content":{"rendered":"<p style=\"text-align: justify\">NIMEq<\/p>\n<p style=\"text-align: justify\">N\u00facleo de Inova\u00e7\u00e3o em M\u00e1quinas e Equipamentos Agr\u00edcolas (NIMEq) \u00e9 um \u00f3rg\u00e3o de apoio acad\u00eamico, criado pela Resolu\u00e7\u00e3o n\u00ba 14 de 13 de Dezembro de 2012 do Conselho Coordenador do Ensino da Pesquisa e da Extens\u00e3o (COCEPE) da Universidade Federal de Pelotas (UFPel) e que tem como princ\u00edpio buscar a excel\u00eancia no desenvolvimento de inova\u00e7\u00f5es na \u00e1rea de m\u00e1quinas e equipamentos agr\u00edcolas, estimulando e prestando apoio \u00e0s atividades de pesquisa, ensino e extens\u00e3o da UFPel.<\/p>\n<p style=\"text-align: justify\">Comp\u00f5em o NIMEq os seguintes laborat\u00f3rios: Laborat\u00f3rio de Prot\u00f3tipos; Laborat\u00f3rio de M\u00e1quinas Agr\u00edcolas; Laborat\u00f3rio de Din\u00e2mica da Rela\u00e7\u00e3o M\u00e1quina-Solo; localizados no Campus Cap\u00e3o do Le\u00e3o nas depend\u00eancias do Departamento de Engenharia Rural da Faculdade de Agronomia Eliseu Maciel; e o Laborat\u00f3rio de Pr\u00e1ticas Mec\u00e2nicas localizado no Campus Porto no Centro das Engenharias.<\/p>\n<p style=\"text-align: justify\">O NIMEq tem por objetivos:<\/p>\n<p style=\"text-align: justify\">I- Qualificar as atividades de ensino, pesquisa e extens\u00e3o no \u00e2mbito da \u00e1rea de m\u00e1quinas agr\u00edcolas da UFPel atrav\u00e9s da racionaliza\u00e7\u00e3o da utiliza\u00e7\u00e3o de recursos humanos e materiais existentes na Faculdade de Agronomia Eliseu Maciel (FAEM) e Curso de Engenharia Agr\u00edcola (CEA);<\/p>\n<p style=\"text-align: justify\">II- Desenvolver e ampliar as pesquisas cient\u00edficas em m\u00e1quinas e equipamentos agr\u00edcolas no \u00e2mbito da UFPel;<\/p>\n<p style=\"text-align: justify\">III- Desenvolver tecnologias em m\u00e1quinas agr\u00edcolas, independentemente ou em conjunto com institui\u00e7\u00f5es p\u00fablicas e privadas do setor;<\/p>\n<p style=\"text-align: justify\">IV- Promover a avalia\u00e7\u00e3o, certifica\u00e7\u00e3o e otimiza\u00e7\u00e3o de m\u00e1quinas agr\u00edcolas j\u00e1 desenvolvidas por empresas e\/ou usu\u00e1rios;<\/p>\n<p style=\"text-align: justify\">V- Transferir as tecnologias geradas, em m\u00e1quinas agr\u00edcolas, ao produtor rural e ind\u00fastrias;<\/p>\n<p style=\"text-align: justify\">VI- Promover conv\u00eanios e acordos com outras institui\u00e7\u00f5es de ensino, pesquisa e extens\u00e3o, bem como com empresas, nacionais e internacionais que visem o desenvolvimento, avalia\u00e7\u00e3o, certifica\u00e7\u00e3o e difus\u00e3o de tecnologias em m\u00e1quinas e equipamentos agr\u00edcolas;<\/p>\n<p style=\"text-align: justify\">VII- Formar m\u00e3o de obra especializada nos programas de p\u00f3s-gradua\u00e7\u00e3o a que se vinculem os professores do NIMEq e\/ou atrav\u00e9s do estabelecimento de um programa de p\u00f3s-gradua\u00e7\u00e3o pr\u00f3prio, visando ao estabelecimento da massa cr\u00edtica na \u00e1rea de m\u00e1quinas agr\u00edcolas;<\/p>\n<p style=\"text-align: justify\">VIII- Promover a capacita\u00e7\u00e3o t\u00e9cnica de produtores rurais e pessoal da ind\u00fastria atrav\u00e9s de cursos de p\u00f3s-gradua\u00e7\u00e3o <em>stricto sensu<\/em> ou <em>lato senso<\/em> e cursos de curta dura\u00e7\u00e3o;<\/p>\n<p style=\"text-align: justify\">IX- Estimular e incentivar os estudantes dos cursos de gradua\u00e7\u00e3o em Agronomia, Engenharia Agr\u00edcola e outras Engenharias da UFPel a gerar empreendimentos com potencial inovador na \u00e1rea de m\u00e1quinas agr\u00edcolas;<\/p>\n<p style=\"text-align: justify\">X- Promover o desenvolvimento social e econ\u00f4mico do setor ligado \u00e0 \u00e1rea de m\u00e1quinas agr\u00edcolas, em especial daquele localizado na regi\u00e3o sul do Estado do Rio Grande do Sul.<\/p>\n","protected":false},"excerpt":{"rendered":"<p>NIMEq N\u00facleo de Inova\u00e7\u00e3o em M\u00e1quinas e Equipamentos Agr\u00edcolas (NIMEq) \u00e9 um \u00f3rg\u00e3o de apoio acad\u00eamico, criado pela Resolu\u00e7\u00e3o n\u00ba 14 de 13 de Dezembro de 2012&hellip; <span class=\"read-more\"><a class=\"more-link\" href=\"https:\/\/wp.ufpel.edu.br\/nimeq\/quem-somos\/\" rel=\"bookmark\">Leia Mais <span class=\"screen-reader-text\">&#8220;Quem somos&#8221;<\/span><\/a><\/span><\/p>\n","protected":false},"author":111,"featured_media":0,"parent":0,"menu_order":0,"comment_status":"closed","ping_status":"closed","template":"","meta":{"footnotes":""},"class_list":["post-1114","page","type-page","status-publish","hentry"],"publishpress_future_action":{"enabled":false,"date":"2026-04-23 10:56:31","action":"change-status","newStatus":"draft","terms":[],"taxonomy":"","extraData":[]},"publishpress_future_workflow_manual_trigger":{"enabledWorkflows":[]},"_links":{"self":[{"href":"https:\/\/wp.ufpel.edu.br\/nimeq\/wp-json\/wp\/v2\/pages\/1114","targetHints":{"allow":["GET"]}}],"collection":[{"href":"https:\/\/wp.ufpel.edu.br\/nimeq\/wp-json\/wp\/v2\/pages"}],"about":[{"href":"https:\/\/wp.ufpel.edu.br\/nimeq\/wp-json\/wp\/v2\/types\/page"}],"author":[{"embeddable":true,"href":"https:\/\/wp.ufpel.edu.br\/nimeq\/wp-json\/wp\/v2\/users\/111"}],"replies":[{"embeddable":true,"href":"https:\/\/wp.ufpel.edu.br\/nimeq\/wp-json\/wp\/v2\/comments?post=1114"}],"version-history":[{"count":3,"href":"https:\/\/wp.ufpel.edu.br\/nimeq\/wp-json\/wp\/v2\/pages\/1114\/revisions"}],"predecessor-version":[{"id":1118,"href":"https:\/\/wp.ufpel.edu.br\/nimeq\/wp-json\/wp\/v2\/pages\/1114\/revisions\/1118"}],"wp:attachment":[{"href":"https:\/\/wp.ufpel.edu.br\/nimeq\/wp-json\/wp\/v2\/media?parent=1114"}],"curies":[{"name":"wp","href":"https:\/\/api.w.org\/{rel}","templated":true}]}}