{"id":1078,"date":"2015-08-19T17:49:36","date_gmt":"2015-08-19T20:49:36","guid":{"rendered":"https:\/\/wp.ufpel.edu.br\/nimeq\/?page_id=1078"},"modified":"2022-09-14T11:13:59","modified_gmt":"2022-09-14T14:13:59","slug":"ex-membros","status":"publish","type":"page","link":"https:\/\/wp.ufpel.edu.br\/nimeq\/equipe\/ex-membros\/","title":{"rendered":"Ex-Membros"},"content":{"rendered":"<p><span style=\"font-family: 'trebuchet ms', geneva, sans-serif;\"><strong>Adriano Soares da Silva<\/strong><\/span><\/p>\n<p><span style=\"font-family: 'trebuchet ms', geneva, sans-serif; font-size: 10pt;\">Engenharia Agr\u00edcola<\/span><\/p>\n<p><span style=\"font-family: 'trebuchet ms', geneva, sans-serif; font-size: 10pt;\">E-mail: adriano_soares_silva@hotmail.com<\/span><\/p>\n<p><span style=\"font-family: 'trebuchet ms', geneva, sans-serif; font-size: 10pt;\"><a href=\"http:\/\/lattes.cnpq.br\/8660049337302540\">Curr\u00edculo Lattes<\/a><\/span><\/p>\n<hr \/>\n<p><span style=\"font-family: 'trebuchet ms', geneva, sans-serif;\"><strong>Alexandre Cherobini Dalmolin<\/strong><\/span><\/p>\n<p><span style=\"font-family: 'trebuchet ms', geneva, sans-serif; font-size: 10pt;\">Engenharia Agr\u00edcola<\/span><\/p>\n<p><span style=\"font-family: 'trebuchet ms', geneva, sans-serif; font-size: 10pt;\">E-mail: alexandre_dalmolin@hotmail.com<\/span><\/p>\n<p><span style=\"font-family: 'trebuchet ms', geneva, sans-serif; font-size: 10pt;\"><a href=\"http:\/\/lattes.cnpq.br\/4919743555722979\">Curr\u00edculo Lattes<\/a><\/span><\/p>\n<hr \/>\n<p><span style=\"font-family: 'trebuchet ms', geneva, sans-serif;\"><strong>Alexander Treichel Lutz<\/strong><\/span><\/p>\n<p><span style=\"font-family: 'trebuchet ms', geneva, sans-serif; font-size: 10pt;\">Engenharia Agr\u00edcola<\/span><\/p>\n<p><span style=\"font-family: 'trebuchet ms', geneva, sans-serif; font-size: 10pt;\">E-mail: alexander.treichellutz@gmail.com<\/span><\/p>\n<p><span style=\"font-family: 'trebuchet ms', geneva, sans-serif; font-size: 10pt;\"><a href=\"http:\/\/lattes.cnpq.br\/1090203004724549\">Curr\u00edculo Lattes<\/a><\/span><\/p>\n<hr \/>\n<p><span style=\"font-family: 'trebuchet ms', geneva, sans-serif;\"><strong>Aline Soares Pereira<\/strong><\/span><\/p>\n<p><span style=\"font-size: 10pt; font-family: 'trebuchet ms', geneva, sans-serif;\">Engenheira de Produ\u00e7\u00e3o Mec\u00e2nica<\/span><\/p>\n<p><span style=\"font-size: 10pt; font-family: 'trebuchet ms', geneva, sans-serif;\">E-mail:\u00a0pereira.asp@gmail.com<\/span><\/p>\n<p><span style=\"font-size: 10pt;\"><a href=\"http:\/\/lattes.cnpq.br\/5134193145334688\">Curr\u00edculo Lattes<\/a><\/span><\/p>\n<hr \/>\n<p><span style=\"font-family: 'trebuchet ms', geneva, sans-serif;\"><strong>Arthur Valente<\/strong><\/span><\/p>\n<p><span style=\"font-family: 'trebuchet ms', geneva, sans-serif; font-size: 10pt;\">Agronomia<\/span><\/p>\n<p><span style=\"font-family: 'trebuchet ms', geneva, sans-serif; font-size: 10pt;\">E-mail:\u00a0arthuragro2015@gmail.com<\/span><\/p>\n<p><span style=\"font-family: 'trebuchet ms', geneva, sans-serif; font-size: 10pt;\"><a href=\"http:\/\/lattes.cnpq.br\/5581489090366978\">Curr\u00edculo Lattes<\/a><\/span><\/p>\n<hr \/>\n<p><span style=\"font-family: 'trebuchet ms', geneva, sans-serif;\"><strong>Bruna Regina Souza Alves<\/strong><\/span><\/p>\n<p><span style=\"font-family: 'trebuchet ms', geneva, sans-serif; font-size: 10pt;\">Agronomia<\/span><\/p>\n<p><span style=\"font-family: 'trebuchet ms', geneva, sans-serif; font-size: 10pt;\">E-mail: brunaregalves@outlook.com<\/span><\/p>\n<p><span style=\"font-family: 'trebuchet ms', geneva, sans-serif; font-size: 10pt;\"><a href=\"http:\/\/lattes.cnpq.br\/7530595022270654\">Curr\u00edculo Lattes<\/a><\/span><\/p>\n<hr \/>\n<p><span style=\"font-family: 'trebuchet ms', geneva, sans-serif;\"><strong>Boris Kluwe Niemczewski<\/strong><\/span><\/p>\n<p><span style=\"font-size: 10pt; font-family: 'trebuchet ms', geneva, sans-serif;\">Engenharia Mec\u00e2nica<\/span><\/p>\n<p><span style=\"font-size: 10pt; font-family: 'trebuchet ms', geneva, sans-serif;\">E-mail: boriskn@cefetrs.tche.br<\/span><\/p>\n<p><span style=\"font-size: 10pt;\"><a href=\"http:\/\/lattes.cnpq.br\/4802700049022497\">Curr\u00edculo Lattes<\/a><\/span><\/p>\n<hr \/>\n<p><span style=\"font-family: 'trebuchet ms', geneva, sans-serif;\"><strong>Carolina Schiavon Pich<\/strong><\/span><\/p>\n<p><span style=\"font-family: 'trebuchet ms', geneva, sans-serif; font-size: 10pt;\">Zootecnia<\/span><\/p>\n<p><span style=\"font-family: 'trebuchet ms', geneva, sans-serif; font-size: 10pt;\">E-mail: carolinaspich@gmail.com<\/span><\/p>\n<p><span style=\"font-family: 'trebuchet ms', geneva, sans-serif; font-size: 10pt;\"><a href=\"http:\/\/lattes.cnpq.br\/4448898942779009\">Curr\u00edculo Lattes<\/a><\/span><\/p>\n<hr \/>\n<p><span style=\"font-family: 'trebuchet ms', geneva, sans-serif;\"><strong>C\u00e9sar Silva de Morais<\/strong><\/span><\/p>\n<p><span style=\"font-family: 'trebuchet ms', geneva, sans-serif; font-size: 10pt;\">Engenharia Agr\u00edcola<\/span><\/p>\n<p><span style=\"font-family: 'trebuchet ms', geneva, sans-serif; font-size: 10pt;\">E-mail: cesar.m503@gmail.com<\/span><\/p>\n<p><span style=\"font-family: 'trebuchet ms', geneva, sans-serif; font-size: 10pt;\"><a href=\"http:\/\/buscatextual.cnpq.br\/buscatextual\/visualizacv.do?id=K4202865U8\">Curr\u00edculo Lattes<\/a><\/span><\/p>\n<hr \/>\n<p><span style=\"font-family: 'trebuchet ms', geneva, sans-serif;\"><strong>Charles Ferreira Barbosa<\/strong><\/span><\/p>\n<p><span style=\"font-family: 'trebuchet ms', geneva, sans-serif; font-size: 10pt;\">Agronomia<\/span><\/p>\n<p><span style=\"font-family: 'trebuchet ms', geneva, sans-serif; font-size: 10pt;\">E-mail: charlesbarbosa-sls@hotmail.com<\/span><\/p>\n<p><span style=\"font-family: 'trebuchet ms', geneva, sans-serif; font-size: 10pt;\"><a href=\"http:\/\/lattes.cnpq.br\/8634951779703685\">Curr\u00edculo Lattes\u00a0<\/a><\/span><\/p>\n<hr \/>\n<p><span style=\"font-family: 'trebuchet ms', geneva, sans-serif;\"><strong>Cidriano Sanes Junior<\/strong><\/span><\/p>\n<p><span style=\"font-family: 'trebuchet ms', geneva, sans-serif; font-size: 10pt;\">Design Digital<\/span><\/p>\n<p><span style=\"font-family: 'trebuchet ms', geneva, sans-serif; font-size: 10pt;\">E-mail: cidriano.sanes.jr@gmail.com<\/span><\/p>\n<p><span style=\"font-family: 'trebuchet ms', geneva, sans-serif; font-size: 10pt;\"><a href=\"http:\/\/lattes.cnpq.br\/0534737431386343\">Curr\u00edculo Lattes<\/a><\/span><\/p>\n<hr \/>\n<p><span style=\"font-family: 'trebuchet ms', geneva, sans-serif;\"><strong>Edson Lambrecht<\/strong><\/span><\/p>\n<p><span style=\"font-size: 10pt; font-family: 'trebuchet ms', geneva, sans-serif;\">Engenharia Agr\u00edcola<\/span><\/p>\n<p><span style=\"font-size: 10pt; font-family: 'trebuchet ms', geneva, sans-serif;\">E-mail:\u00a0edsonlambrecht@gmail.com<\/span><\/p>\n<p><span style=\"font-size: 10pt; font-family: 'trebuchet ms', geneva, sans-serif;\"><a href=\"http:\/\/lattes.cnpq.br\/6933655622146714\">Curr\u00edculo Lattes<\/a><\/span><\/p>\n<hr \/>\n<p><span style=\"font-family: 'trebuchet ms', geneva, sans-serif;\"><strong>Eduardo da Fonseca<\/strong><\/span><\/p>\n<p><span style=\"font-family: 'trebuchet ms', geneva, sans-serif; font-size: 10pt;\">Agronomia<\/span><\/p>\n<p><span style=\"font-family: 'trebuchet ms', geneva, sans-serif; font-size: 10pt;\">E-mail: eduardofonseca_sls@hotmail.com<\/span><\/p>\n<p><span style=\"font-family: 'trebuchet ms', geneva, sans-serif; font-size: 10pt;\"><a href=\"http:\/\/lattes.cnpq.br\/2931431847565226\">Curr\u00edculo Lattes<\/a><\/span><\/p>\n<hr \/>\n<p><span style=\"font-family: 'trebuchet ms', geneva, sans-serif;\"><strong>Eduardo Walker\u00a0<\/strong><\/span><\/p>\n<p><span style=\"font-size: 10pt; font-family: 'trebuchet ms', geneva, sans-serif;\">Engenharia Mec\u00e2nica<\/span><\/p>\n<p><span style=\"font-size: 10pt; font-family: 'trebuchet ms', geneva, sans-serif;\">E-mail:\u00a0eduardowalker@yahoo.com.br<\/span><\/p>\n<p><span style=\"font-size: 10pt; font-family: 'trebuchet ms', geneva, sans-serif;\"><a href=\"http:\/\/lattes.cnpq.br\/3108376001784402\">Curr\u00edculo Lattes<\/a><\/span><\/p>\n<hr \/>\n<p><span style=\"font-family: 'trebuchet ms', geneva, sans-serif;\"><strong>Elvis Patrike Aurelio<\/strong><\/span><\/p>\n<p><span style=\"font-family: 'trebuchet ms', geneva, sans-serif; font-size: 10pt;\">Engenharia Agr\u00edcola<\/span><\/p>\n<p><span style=\"font-family: 'trebuchet ms', geneva, sans-serif; font-size: 10pt;\">E-mail: elvis_aurelio_@hotmail.com<\/span><\/p>\n<p><span style=\"font-family: 'trebuchet ms', geneva, sans-serif; font-size: 10pt;\"><a href=\"http:\/\/lattes.cnpq.br\/3168000425249156\">Curr\u00edculo Lattes<\/a><\/span><\/p>\n<hr \/>\n<p><span style=\"font-family: 'trebuchet ms', geneva, sans-serif;\"><strong>F\u00e1bio Brongar Milech<\/strong><\/span><\/p>\n<p><span style=\"font-family: 'trebuchet ms', geneva, sans-serif; font-size: 10pt;\">Engenharia Agr\u00edcola<\/span><\/p>\n<p><span style=\"font-family: 'trebuchet ms', geneva, sans-serif; font-size: 10pt;\">E-mail: fabiomilech@gmail.com<\/span><\/p>\n<p><span style=\"font-family: 'trebuchet ms', geneva, sans-serif; font-size: 10pt;\"><a href=\"http:\/\/buscatextual.cnpq.br\/buscatextual\/visualizacv.do?id=K4455113U6\">Curr\u00edculo Lattes<\/a><\/span><\/p>\n<hr \/>\n<p><span style=\"font-family: 'trebuchet ms', geneva, sans-serif;\"><strong>F\u00e1bio Fernandes<\/strong><\/span><\/p>\n<p><span style=\"font-family: 'trebuchet ms', geneva, sans-serif; font-size: 10pt;\">Engenharia Mec\u00e2nica<\/span><\/p>\n<p><span style=\"font-family: 'trebuchet ms', geneva, sans-serif; font-size: 10pt;\">E-mail: fabio.fernandes@net.crea.rs.org.br<\/span><\/p>\n<p><span style=\"font-family: 'trebuchet ms', geneva, sans-serif; font-size: 10pt;\"><a href=\"http:\/\/buscatextual.cnpq.br\/buscatextual\/visualizacv.do?id=K4488475D6\">Curr\u00edculo Lattes<\/a><\/span><\/p>\n<hr \/>\n<p><span style=\"font-family: 'trebuchet ms', geneva, sans-serif;\"><strong>Fernanda Freitas Vibolt<\/strong><\/span><\/p>\n<p><span style=\"font-family: 'trebuchet ms', geneva, sans-serif; font-size: 10pt;\">Zootecnia\u00a0<\/span><\/p>\n<p><span style=\"font-family: 'trebuchet ms', geneva, sans-serif; font-size: 10pt;\">E-mail: fernanda_vibolt@hotmail.com<\/span><\/p>\n<p><span style=\"font-family: 'trebuchet ms', geneva, sans-serif; font-size: 10pt;\"><a href=\"http:\/\/lattes.cnpq.br\/8928812223511620\">Curr\u00edculo Lattes<\/a><\/span><\/p>\n<hr \/>\n<p><span style=\"font-family: 'trebuchet ms', geneva, sans-serif;\"><strong>Gabriele Dutra do Santos<\/strong><\/span><\/p>\n<p><span style=\"font-family: 'trebuchet ms', geneva, sans-serif; font-size: 10pt;\">Agronomia<\/span><\/p>\n<p><span style=\"font-family: 'trebuchet ms', geneva, sans-serif; font-size: 10pt;\">E-mail: gabrieledutras@gmail.com<\/span><\/p>\n<p><span style=\"font-family: 'trebuchet ms', geneva, sans-serif; font-size: 10pt;\"><a href=\"http:\/\/lattes.cnpq.br\/5438488709402655\">Curr\u00edculo Lattes<\/a><\/span><\/p>\n<hr \/>\n<p><strong><span style=\"font-family: 'trebuchet ms', geneva, sans-serif;\">Henrique Gon\u00e7alves Andrade<\/span><\/strong><\/p>\n<p><span style=\"font-family: 'trebuchet ms', geneva, sans-serif; font-size: 10pt;\">Engenharia Eletr\u00f4nica<\/span><\/p>\n<p><span style=\"font-family: 'trebuchet ms', geneva, sans-serif; font-size: 10pt;\">E-mail: henriqueandradeg@gmail.com<\/span><\/p>\n<p><span style=\"font-family: 'trebuchet ms', geneva, sans-serif; font-size: 10pt;\"><a href=\"http:\/\/lattes.cnpq.br\/5214702130052664\">Curr\u00edculo Lattes<\/a><\/span><\/p>\n<hr \/>\n<p style=\"text-align: left;\"><span style=\"font-family: 'trebuchet ms', geneva, sans-serif;\"><strong>Leonardo Lemos de \u00c1vila<\/strong><\/span><\/p>\n<p style=\"text-align: left;\"><span style=\"font-family: 'trebuchet ms', geneva, sans-serif; font-size: 10pt;\">Agronomia<\/span><\/p>\n<p style=\"text-align: left;\"><span style=\"font-family: 'trebuchet ms', geneva, sans-serif; font-size: 10pt;\">E-mail: leonardolemosdeavila2000@outlook.com<\/span><\/p>\n<p style=\"text-align: left;\"><span style=\"font-family: 'trebuchet ms', geneva, sans-serif; font-size: 10pt;\"><a href=\"http:\/\/lattes.cnpq.br\/9193779524250995\">Curr\u00edculo Lattes<\/a><\/span><\/p>\n<hr \/>\n<p><span style=\"font-family: 'trebuchet ms', geneva, sans-serif;\"><strong><span style=\"font-size: 12pt;\">Lucas Brandt<\/span><\/strong><\/span><\/p>\n<p><span style=\"font-family: 'trebuchet ms', geneva, sans-serif; font-size: 10pt;\">Engenharia Agr\u00edcola<\/span><\/p>\n<p><span style=\"font-family: 'trebuchet ms', geneva, sans-serif; font-size: 10pt;\">E-mail: lukasbra_ndt@hotmail.com<\/span><\/p>\n<p><span style=\"font-family: 'trebuchet ms', geneva, sans-serif; font-size: 10pt;\"><a href=\"http:\/\/lattes.cnpq.br\/1443352255916673\">Curr\u00edculo Lattes<\/a><\/span><\/p>\n<hr \/>\n<p><span style=\"font-family: 'trebuchet ms', geneva, sans-serif;\"><strong>Lucas Molz Lara<\/strong><\/span><\/p>\n<p><span style=\"font-family: 'trebuchet ms', geneva, sans-serif; font-size: 10pt;\">Agronomia<\/span><\/p>\n<p><span style=\"font-family: 'trebuchet ms', geneva, sans-serif; font-size: 10pt;\">E-mail: lmolzlara@gmail.com<\/span><\/p>\n<p><span style=\"font-family: 'trebuchet ms', geneva, sans-serif; font-size: 10pt;\"><a href=\"http:\/\/lattes.cnpq.br\/7351494953657310\">Curr\u00edculo Lattes<\/a><\/span><\/p>\n<hr \/>\n<p><span style=\"font-family: 'trebuchet ms', geneva, sans-serif;\"><strong>Luciano Luis Cassol<\/strong><\/span><\/p>\n<p><span style=\"font-family: 'trebuchet ms', geneva, sans-serif; font-size: 10pt;\">Agronomia<\/span><\/p>\n<p><span style=\"font-family: 'trebuchet ms', geneva, sans-serif; font-size: 10pt;\">E-mail: lucianolcassol@hotmail.com<\/span><\/p>\n<p><span style=\"font-family: 'trebuchet ms', geneva, sans-serif; font-size: 10pt;\"><a href=\"http:\/\/lattes.cnpq.br\/7650695359581423\">Curr\u00edculo Lattes\u00a0<\/a> <\/span><\/p>\n<hr \/>\n<p><strong><span style=\"font-family: 'trebuchet ms', geneva, sans-serif;\">Maico Dan\u00fabio Duarte Abreu<\/span><\/strong><\/p>\n<p><span style=\"font-family: 'trebuchet ms', geneva, sans-serif; font-size: 10pt;\">Engenharia Agr\u00edcola<\/span><\/p>\n<p><span style=\"font-family: 'trebuchet ms', geneva, sans-serif; font-size: 10pt;\">E-mail:\u00a0maicodanubio@yahoo.com.br<\/span><\/p>\n<p><span style=\"font-family: 'trebuchet ms', geneva, sans-serif; font-size: 10pt;\"><a href=\"http:\/\/lattes.cnpq.br\/4913661802288480\">Curr\u00edculo Lattes<\/a><\/span><\/p>\n<hr \/>\n<p><strong>Maria Eduarda Silveira dos Anjos<\/strong><\/p>\n<p>Graduanda em Engenharia Agr\u00edcola<\/p>\n<p>E-mail: me.silveiradosanjos@gmail.com<\/p>\n<p><a href=\"http:\/\/lattes.cnpq.br\/2058203912263834\">Curr\u00edculo Lattes<\/a><\/p>\n<hr \/>\n<p><span style=\"font-family: 'trebuchet ms', geneva, sans-serif;\"><strong>Marina Peter Schwab<\/strong><\/span><\/p>\n<p><span style=\"font-family: 'trebuchet ms', geneva, sans-serif; font-size: 10pt;\">Agronomia<\/span><\/p>\n<p><span style=\"font-family: 'trebuchet ms', geneva, sans-serif; font-size: 10pt;\">E-mail: marinapschwab@gmail.com<\/span><\/p>\n<p><span style=\"font-family: 'trebuchet ms', geneva, sans-serif; font-size: 10pt;\"><a href=\"http:\/\/lattes.cnpq.br\/5384125202297790\">Curr\u00edculo Lattes<\/a><\/span><\/p>\n<hr \/>\n<p><strong>R\u00e9gis Alberto Oliveira Andrade<\/strong><\/p>\n<p><span style=\"font-family: 'trebuchet ms', geneva, sans-serif; font-size: 10pt;\">Agronomia<\/span><\/p>\n<p><span style=\"font-family: 'trebuchet ms', geneva, sans-serif; font-size: 10pt;\">E-mail: regis.andrades@ig.com.br<\/span><\/p>\n<p><span style=\"font-family: 'trebuchet ms', geneva, sans-serif; font-size: 10pt;\"><a href=\"http:\/\/buscatextual.cnpq.br\/buscatextual\/visualizacv.do?id=K4278718J3\">Curr\u00edculo Lattes<\/a><\/span><\/p>\n<hr \/>\n<p><span style=\"font-family: 'trebuchet ms', geneva, sans-serif;\"><strong>Renan Bernardy<\/strong><\/span><\/p>\n<p><span style=\"font-family: 'trebuchet ms', geneva, sans-serif; font-size: 10pt;\">Engenharia Agr\u00edcola<\/span><\/p>\n<p><span style=\"font-family: 'trebuchet ms', geneva, sans-serif; font-size: 10pt;\">E-mail: renanbernardy@yahoo.com.br<\/span><\/p>\n<p><span style=\"font-family: 'trebuchet ms', geneva, sans-serif; font-size: 10pt;\"><a href=\"http:\/\/lattes.cnpq.br\/2180105537893572\">Curr\u00edculo Lattes<\/a><\/span><\/p>\n<hr \/>\n<p><strong>Rihan Cardoso Centeno<\/strong><\/p>\n<p><span style=\"font-family: 'trebuchet ms', geneva, sans-serif; font-size: 10pt;\">Engenharia Agr\u00edcola<\/span><\/p>\n<p><span style=\"font-family: 'trebuchet ms', geneva, sans-serif; font-size: 10pt;\">E-mail: rihancardoso@hotmail.com<\/span><\/p>\n<p><span style=\"font-family: 'trebuchet ms', geneva, sans-serif; font-size: 10pt;\"><a href=\"http:\/\/buscatextual.cnpq.br\/buscatextual\/visualizacv.do?id=K4380520A2\">Curr\u00edculo Lattes<\/a><\/span><\/p>\n<hr \/>\n<p><span style=\"font-family: 'trebuchet ms', geneva, sans-serif;\"><strong>Ricardo Oliano<\/strong><\/span><\/p>\n<p><span style=\"font-family: 'trebuchet ms', geneva, sans-serif; font-size: 10pt;\">Engenharia Agr\u00edcola<\/span><\/p>\n<p><span style=\"font-family: 'trebuchet ms', geneva, sans-serif; font-size: 10pt;\">E-mail: ricardo.oliano@gmail.com<\/span><\/p>\n<p><span style=\"font-family: 'trebuchet ms', geneva, sans-serif; font-size: 10pt;\"><a href=\"http:\/\/lattes.cnpq.br\/0915845174947217\">Curr\u00edculo Lattes<\/a><\/span><\/p>\n<hr \/>\n<p><span style=\"font-family: 'trebuchet ms', geneva, sans-serif;\"><strong>Ricardo Reffatti<\/strong><\/span><\/p>\n<p><span style=\"font-family: 'trebuchet ms', geneva, sans-serif; font-size: 10pt;\">Agronomia<\/span><\/p>\n<p><span style=\"font-family: 'trebuchet ms', geneva, sans-serif; font-size: 10pt;\">E-mail: refari93@gmail.com<\/span><\/p>\n<p><span style=\"font-family: 'trebuchet ms', geneva, sans-serif; font-size: 10pt;\"><a href=\"http:\/\/lattes.cnpq.br\/1359881500086691\">Curr\u00edculo Lattes<\/a><\/span><\/p>\n<hr \/>\n<p><span style=\"font-family: 'trebuchet ms', geneva, sans-serif;\"><strong>Samoel Giehl<\/strong><\/span><\/p>\n<p><span style=\"font-family: 'trebuchet ms', geneva, sans-serif; font-size: 10pt;\">Engenharia Agr\u00edcola<\/span><\/p>\n<p><span style=\"font-family: 'trebuchet ms', geneva, sans-serif; font-size: 10pt;\">E-mail: samoelgiehl@yahoo.com.br<\/span><\/p>\n<p><span style=\"font-family: 'trebuchet ms', geneva, sans-serif; font-size: 10pt;\"><a href=\"http:\/\/lattes.cnpq.br\/7936664936194360\">Curr\u00edculo Lattes<\/a><\/span><\/p>\n<hr \/>\n<p><span style=\"font-family: 'trebuchet ms', geneva, sans-serif;\"><strong>Thiago Costa<\/strong><\/span><\/p>\n<p><span style=\"font-family: 'trebuchet ms', geneva, sans-serif; font-size: 10pt;\">E-mail: thiagocostatt@hotmail.com<\/span><\/p>\n<hr \/>\n<p><span style=\"font-family: 'trebuchet ms', geneva, sans-serif;\"><strong>Thiago Vega Cust\u00f3dio<\/strong><\/span><\/p>\n<p><span style=\"font-family: 'trebuchet ms', geneva, sans-serif; font-size: 10pt;\">Engenharia Agr\u00edcola<\/span><\/p>\n<p><span style=\"font-family: 'trebuchet ms', geneva, sans-serif; font-size: 10pt;\">E-mail:\u00a0tiagovegacustodio@gmail.com<\/span><\/p>\n<p><span style=\"font-family: 'trebuchet ms', geneva, sans-serif; font-size: 10pt;\"><a href=\"http:\/\/buscatextual.cnpq.br\/buscatextual\/visualizacv.do?id=K4427656A5\">Curr\u00edculo Lattes<\/a><\/span><\/p>\n","protected":false},"excerpt":{"rendered":"<p>Adriano Soares da Silva Engenharia Agr\u00edcola E-mail: adriano_soares_silva@hotmail.com Curr\u00edculo Lattes Alexandre Cherobini Dalmolin Engenharia Agr\u00edcola E-mail: alexandre_dalmolin@hotmail.com Curr\u00edculo Lattes Alexander Treichel Lutz Engenharia Agr\u00edcola E-mail: alexander.treichellutz@gmail.com Curr\u00edculo&hellip; <span class=\"read-more\"><a class=\"more-link\" href=\"https:\/\/wp.ufpel.edu.br\/nimeq\/equipe\/ex-membros\/\" rel=\"bookmark\">Leia Mais <span class=\"screen-reader-text\">&#8220;Ex-Membros&#8221;<\/span><\/a><\/span><\/p>\n","protected":false},"author":111,"featured_media":0,"parent":45,"menu_order":0,"comment_status":"closed","ping_status":"closed","template":"","meta":{"footnotes":""},"class_list":["post-1078","page","type-page","status-publish","hentry"],"publishpress_future_action":{"enabled":false,"date":"2026-05-05 01:34:37","action":"change-status","newStatus":"draft","terms":[],"taxonomy":"","extraData":[]},"publishpress_future_workflow_manual_trigger":{"enabledWorkflows":[]},"_links":{"self":[{"href":"https:\/\/wp.ufpel.edu.br\/nimeq\/wp-json\/wp\/v2\/pages\/1078","targetHints":{"allow":["GET"]}}],"collection":[{"href":"https:\/\/wp.ufpel.edu.br\/nimeq\/wp-json\/wp\/v2\/pages"}],"about":[{"href":"https:\/\/wp.ufpel.edu.br\/nimeq\/wp-json\/wp\/v2\/types\/page"}],"author":[{"embeddable":true,"href":"https:\/\/wp.ufpel.edu.br\/nimeq\/wp-json\/wp\/v2\/users\/111"}],"replies":[{"embeddable":true,"href":"https:\/\/wp.ufpel.edu.br\/nimeq\/wp-json\/wp\/v2\/comments?post=1078"}],"version-history":[{"count":28,"href":"https:\/\/wp.ufpel.edu.br\/nimeq\/wp-json\/wp\/v2\/pages\/1078\/revisions"}],"predecessor-version":[{"id":2068,"href":"https:\/\/wp.ufpel.edu.br\/nimeq\/wp-json\/wp\/v2\/pages\/1078\/revisions\/2068"}],"up":[{"embeddable":true,"href":"https:\/\/wp.ufpel.edu.br\/nimeq\/wp-json\/wp\/v2\/pages\/45"}],"wp:attachment":[{"href":"https:\/\/wp.ufpel.edu.br\/nimeq\/wp-json\/wp\/v2\/media?parent=1078"}],"curies":[{"name":"wp","href":"https:\/\/api.w.org\/{rel}","templated":true}]}}