{"id":98,"date":"2022-06-29T15:15:15","date_gmt":"2022-06-29T18:15:15","guid":{"rendered":"https:\/\/wp.ufpel.edu.br\/ngc\/?page_id=98"},"modified":"2025-01-30T09:54:32","modified_gmt":"2025-01-30T12:54:32","slug":"cgcls","status":"publish","type":"page","link":"https:\/\/wp.ufpel.edu.br\/ngc\/governanca\/estrutura-de-governanca\/comites-tematicos\/cgcls\/","title":{"rendered":"CGCLS"},"content":{"rendered":"<p style=\"text-align: justify;\">O <strong>\u00a0Comit\u00ea de Gest\u00e3o de Contrata\u00e7\u00f5es e Log\u00edstica Sustent\u00e1vel<\/strong> tem por finalidade orientar aquisi\u00e7\u00f5es e contratos administrativos, al\u00e9m de promover o uso racional de recursos naturais e financeiros, visando a prote\u00e7\u00e3o ambiental, a qualidade de vida e o desenvolvimento com sustentabilidade, propondo crit\u00e9rios e pr\u00e1ticas, neste sentido, nas aquisi\u00e7\u00f5es, contrata\u00e7\u00f5es e utiliza\u00e7\u00e3o efetiva dos recursos p\u00fablicos.<\/p>\n<p>Constitu\u00eddo pela\u00a0<a href=\"https:\/\/sei.ufpel.edu.br\/sei\/publicacoes\/controlador_publicacoes.php?acao=publicacao_visualizar&amp;id_documento=1776845&amp;id_orgao_publicacao=0\" target=\"_blank\" rel=\"noopener\">Portaria n\u00ba 164, de 27 de Janeiro de 2022<\/a>.<\/p>\n<p><a href=\"https:\/\/sei.ufpel.edu.br\/sei\/publicacoes\/controlador_publicacoes.php?acao=publicacao_visualizar&amp;id_documento=2803197&amp;id_orgao_publicacao=0\" target=\"_blank\" rel=\"noopener\">Portaria n\u00ba 83, de 19 de Janeiro de 2024<\/a> &#8211; Aprova o Regimento Interno do Comit\u00ea de Gest\u00e3o de Contrata\u00e7\u00f5es e Log\u00edstica Sustent\u00e1vel (CGCLS).<\/p>\n<p class=\"Texto_Justificado_Recuo_Primeira_Linha\">O Comit\u00ea \u00e9 composto de acordo com o Art. 28 da <a href=\"https:\/\/sei.ufpel.edu.br\/sei\/publicacoes\/controlador_publicacoes.php?acao=publicacao_visualizar&amp;id_documento=1786609&amp;id_orgao_publicacao=0\" target=\"_blank\" rel=\"noopener\">Portaria n\u00ba 228, de 08 de fevereiro de 2022<\/a>:<\/p>\n<p>I \u2013 Pr\u00f3-Reitor(a) Administrativo(a) \u2013 presidente;<br \/>\nII \u2013 Pr\u00f3-Reitor(a) de Planejamento e Desenvolvimento;<br \/>\nIII \u2013 Coordenador(a) de Desenvolvimento do Plano Diretor;<br \/>\nIV \u2013 Coordenador(a) de Conv\u00eanios e Contratos;<br \/>\nV \u2013 Coordenador(a) de Material e Patrim\u00f4nio; e<br \/>\nVI \u2013 dois membros e dois suplentes, indicados pelo(a) presidente do CGCLS.<\/p>\n<p>\u00a71\u00ba Os membros a que se refere o inciso VI dever\u00e3o ser integrados ao Comit\u00ea por meio de portaria do(a) Reitor(a).<\/p>\n<p>\u00a72\u00ba Nas faltas e impedimentos dos(as) titulares, a que se referem os incisos I ao V, os(as) seus(suas) suplentes, que s\u00e3o os(as) respectivos(as) substitutos(as) eventuais, os(as) representar\u00e3o nas reuni\u00f5es.<\/p>\n","protected":false},"excerpt":{"rendered":"<p>O \u00a0Comit\u00ea de Gest\u00e3o de Contrata\u00e7\u00f5es e Log\u00edstica Sustent\u00e1vel tem por finalidade orientar aquisi\u00e7\u00f5es e contratos administrativos, al\u00e9m de promover o uso racional de recursos naturais e financeiros, visando a prote\u00e7\u00e3o ambiental, a qualidade de vida e o desenvolvimento com sustentabilidade, propondo crit\u00e9rios e pr\u00e1ticas, neste sentido, nas aquisi\u00e7\u00f5es, contrata\u00e7\u00f5es e utiliza\u00e7\u00e3o efetiva dos recursos [&hellip;]<\/p>\n","protected":false},"author":1242,"featured_media":0,"parent":95,"menu_order":1,"comment_status":"closed","ping_status":"closed","template":"","meta":{"footnotes":""},"class_list":["post-98","page","type-page","status-publish","hentry","post"],"yoast_head":"<!-- This site is optimized with the Yoast SEO plugin v26.7 - https:\/\/yoast.com\/wordpress\/plugins\/seo\/ -->\n<title>CGCLS - N\u00facleo de Governan\u00e7a e Controle - NGC<\/title>\n<meta name=\"robots\" content=\"index, follow, max-snippet:-1, max-image-preview:large, max-video-preview:-1\" \/>\n<link rel=\"canonical\" href=\"https:\/\/wp.ufpel.edu.br\/ngc\/governanca\/estrutura-de-governanca\/comites-tematicos\/cgcls\/\" \/>\n<meta property=\"og:locale\" content=\"pt_BR\" \/>\n<meta property=\"og:type\" content=\"article\" \/>\n<meta property=\"og:title\" content=\"CGCLS - N\u00facleo de Governan\u00e7a e Controle - NGC\" \/>\n<meta property=\"og:description\" content=\"O \u00a0Comit\u00ea de Gest\u00e3o de Contrata\u00e7\u00f5es e Log\u00edstica Sustent\u00e1vel tem por finalidade orientar aquisi\u00e7\u00f5es e contratos administrativos, al\u00e9m de promover o uso racional de recursos naturais e financeiros, visando a prote\u00e7\u00e3o ambiental, a qualidade de vida e o desenvolvimento com sustentabilidade, propondo crit\u00e9rios e pr\u00e1ticas, neste sentido, nas aquisi\u00e7\u00f5es, contrata\u00e7\u00f5es e utiliza\u00e7\u00e3o efetiva dos recursos [&hellip;]\" \/>\n<meta property=\"og:url\" content=\"https:\/\/wp.ufpel.edu.br\/ngc\/governanca\/estrutura-de-governanca\/comites-tematicos\/cgcls\/\" \/>\n<meta property=\"og:site_name\" content=\"N\u00facleo de Governan\u00e7a e Controle - NGC\" \/>\n<meta property=\"article:modified_time\" content=\"2025-01-30T12:54:32+00:00\" \/>\n<meta name=\"twitter:card\" content=\"summary_large_image\" \/>\n<meta name=\"twitter:label1\" content=\"Est. tempo de leitura\" \/>\n\t<meta name=\"twitter:data1\" content=\"2 minutos\" \/>\n<script type=\"application\/ld+json\" class=\"yoast-schema-graph\">{\"@context\":\"https:\/\/schema.org\",\"@graph\":[{\"@type\":\"WebPage\",\"@id\":\"https:\/\/wp.ufpel.edu.br\/ngc\/governanca\/estrutura-de-governanca\/comites-tematicos\/cgcls\/\",\"url\":\"https:\/\/wp.ufpel.edu.br\/ngc\/governanca\/estrutura-de-governanca\/comites-tematicos\/cgcls\/\",\"name\":\"CGCLS - N\u00facleo de Governan\u00e7a e Controle - NGC\",\"isPartOf\":{\"@id\":\"https:\/\/wp.ufpel.edu.br\/ngc\/#website\"},\"datePublished\":\"2022-06-29T18:15:15+00:00\",\"dateModified\":\"2025-01-30T12:54:32+00:00\",\"breadcrumb\":{\"@id\":\"https:\/\/wp.ufpel.edu.br\/ngc\/governanca\/estrutura-de-governanca\/comites-tematicos\/cgcls\/#breadcrumb\"},\"inLanguage\":\"pt-BR\",\"potentialAction\":[{\"@type\":\"ReadAction\",\"target\":[\"https:\/\/wp.ufpel.edu.br\/ngc\/governanca\/estrutura-de-governanca\/comites-tematicos\/cgcls\/\"]}]},{\"@type\":\"BreadcrumbList\",\"@id\":\"https:\/\/wp.ufpel.edu.br\/ngc\/governanca\/estrutura-de-governanca\/comites-tematicos\/cgcls\/#breadcrumb\",\"itemListElement\":[{\"@type\":\"ListItem\",\"position\":1,\"name\":\"In\u00edcio\",\"item\":\"https:\/\/wp.ufpel.edu.br\/ngc\/\"},{\"@type\":\"ListItem\",\"position\":2,\"name\":\"Governan\u00e7a\",\"item\":\"https:\/\/wp.ufpel.edu.br\/ngc\/governanca\/\"},{\"@type\":\"ListItem\",\"position\":3,\"name\":\"Estrutura de Governan\u00e7a\",\"item\":\"https:\/\/wp.ufpel.edu.br\/ngc\/governanca\/estrutura-de-governanca\/\"},{\"@type\":\"ListItem\",\"position\":4,\"name\":\"Comit\u00eas Tem\u00e1ticos\",\"item\":\"https:\/\/wp.ufpel.edu.br\/ngc\/governanca\/estrutura-de-governanca\/comites-tematicos\/\"},{\"@type\":\"ListItem\",\"position\":5,\"name\":\"CGCLS\"}]},{\"@type\":\"WebSite\",\"@id\":\"https:\/\/wp.ufpel.edu.br\/ngc\/#website\",\"url\":\"https:\/\/wp.ufpel.edu.br\/ngc\/\",\"name\":\"N\u00facleo de Governan\u00e7a e Controle - NGC\",\"description\":\"Universidade Federal de Pelotas\",\"publisher\":{\"@id\":\"https:\/\/wp.ufpel.edu.br\/ngc\/#organization\"},\"potentialAction\":[{\"@type\":\"SearchAction\",\"target\":{\"@type\":\"EntryPoint\",\"urlTemplate\":\"https:\/\/wp.ufpel.edu.br\/ngc\/?s={search_term_string}\"},\"query-input\":{\"@type\":\"PropertyValueSpecification\",\"valueRequired\":true,\"valueName\":\"search_term_string\"}}],\"inLanguage\":\"pt-BR\"},{\"@type\":\"Organization\",\"@id\":\"https:\/\/wp.ufpel.edu.br\/ngc\/#organization\",\"name\":\"N\u00facleo de Governan\u00e7a e Controle - NGC\",\"url\":\"https:\/\/wp.ufpel.edu.br\/ngc\/\",\"logo\":{\"@type\":\"ImageObject\",\"inLanguage\":\"pt-BR\",\"@id\":\"https:\/\/wp.ufpel.edu.br\/ngc\/#\/schema\/logo\/image\/\",\"url\":\"https:\/\/wp.ufpel.edu.br\/ngc\/files\/2023\/09\/cropped-Escudo-Colorido-UFPEL_10042014.png\",\"contentUrl\":\"https:\/\/wp.ufpel.edu.br\/ngc\/files\/2023\/09\/cropped-Escudo-Colorido-UFPEL_10042014.png\",\"width\":512,\"height\":512,\"caption\":\"N\u00facleo de Governan\u00e7a e Controle - NGC\"},\"image\":{\"@id\":\"https:\/\/wp.ufpel.edu.br\/ngc\/#\/schema\/logo\/image\/\"}}]}<\/script>\n<!-- \/ Yoast SEO plugin. -->","yoast_head_json":{"title":"CGCLS - N\u00facleo de Governan\u00e7a e Controle - NGC","robots":{"index":"index","follow":"follow","max-snippet":"max-snippet:-1","max-image-preview":"max-image-preview:large","max-video-preview":"max-video-preview:-1"},"canonical":"https:\/\/wp.ufpel.edu.br\/ngc\/governanca\/estrutura-de-governanca\/comites-tematicos\/cgcls\/","og_locale":"pt_BR","og_type":"article","og_title":"CGCLS - N\u00facleo de Governan\u00e7a e Controle - NGC","og_description":"O \u00a0Comit\u00ea de Gest\u00e3o de Contrata\u00e7\u00f5es e Log\u00edstica Sustent\u00e1vel tem por finalidade orientar aquisi\u00e7\u00f5es e contratos administrativos, al\u00e9m de promover o uso racional de recursos naturais e financeiros, visando a prote\u00e7\u00e3o ambiental, a qualidade de vida e o desenvolvimento com sustentabilidade, propondo crit\u00e9rios e pr\u00e1ticas, neste sentido, nas aquisi\u00e7\u00f5es, contrata\u00e7\u00f5es e utiliza\u00e7\u00e3o efetiva dos recursos [&hellip;]","og_url":"https:\/\/wp.ufpel.edu.br\/ngc\/governanca\/estrutura-de-governanca\/comites-tematicos\/cgcls\/","og_site_name":"N\u00facleo de Governan\u00e7a e Controle - NGC","article_modified_time":"2025-01-30T12:54:32+00:00","twitter_card":"summary_large_image","twitter_misc":{"Est. tempo de leitura":"2 minutos"},"schema":{"@context":"https:\/\/schema.org","@graph":[{"@type":"WebPage","@id":"https:\/\/wp.ufpel.edu.br\/ngc\/governanca\/estrutura-de-governanca\/comites-tematicos\/cgcls\/","url":"https:\/\/wp.ufpel.edu.br\/ngc\/governanca\/estrutura-de-governanca\/comites-tematicos\/cgcls\/","name":"CGCLS - N\u00facleo de Governan\u00e7a e Controle - NGC","isPartOf":{"@id":"https:\/\/wp.ufpel.edu.br\/ngc\/#website"},"datePublished":"2022-06-29T18:15:15+00:00","dateModified":"2025-01-30T12:54:32+00:00","breadcrumb":{"@id":"https:\/\/wp.ufpel.edu.br\/ngc\/governanca\/estrutura-de-governanca\/comites-tematicos\/cgcls\/#breadcrumb"},"inLanguage":"pt-BR","potentialAction":[{"@type":"ReadAction","target":["https:\/\/wp.ufpel.edu.br\/ngc\/governanca\/estrutura-de-governanca\/comites-tematicos\/cgcls\/"]}]},{"@type":"BreadcrumbList","@id":"https:\/\/wp.ufpel.edu.br\/ngc\/governanca\/estrutura-de-governanca\/comites-tematicos\/cgcls\/#breadcrumb","itemListElement":[{"@type":"ListItem","position":1,"name":"In\u00edcio","item":"https:\/\/wp.ufpel.edu.br\/ngc\/"},{"@type":"ListItem","position":2,"name":"Governan\u00e7a","item":"https:\/\/wp.ufpel.edu.br\/ngc\/governanca\/"},{"@type":"ListItem","position":3,"name":"Estrutura de Governan\u00e7a","item":"https:\/\/wp.ufpel.edu.br\/ngc\/governanca\/estrutura-de-governanca\/"},{"@type":"ListItem","position":4,"name":"Comit\u00eas Tem\u00e1ticos","item":"https:\/\/wp.ufpel.edu.br\/ngc\/governanca\/estrutura-de-governanca\/comites-tematicos\/"},{"@type":"ListItem","position":5,"name":"CGCLS"}]},{"@type":"WebSite","@id":"https:\/\/wp.ufpel.edu.br\/ngc\/#website","url":"https:\/\/wp.ufpel.edu.br\/ngc\/","name":"N\u00facleo de Governan\u00e7a e Controle - NGC","description":"Universidade Federal de Pelotas","publisher":{"@id":"https:\/\/wp.ufpel.edu.br\/ngc\/#organization"},"potentialAction":[{"@type":"SearchAction","target":{"@type":"EntryPoint","urlTemplate":"https:\/\/wp.ufpel.edu.br\/ngc\/?s={search_term_string}"},"query-input":{"@type":"PropertyValueSpecification","valueRequired":true,"valueName":"search_term_string"}}],"inLanguage":"pt-BR"},{"@type":"Organization","@id":"https:\/\/wp.ufpel.edu.br\/ngc\/#organization","name":"N\u00facleo de Governan\u00e7a e Controle - NGC","url":"https:\/\/wp.ufpel.edu.br\/ngc\/","logo":{"@type":"ImageObject","inLanguage":"pt-BR","@id":"https:\/\/wp.ufpel.edu.br\/ngc\/#\/schema\/logo\/image\/","url":"https:\/\/wp.ufpel.edu.br\/ngc\/files\/2023\/09\/cropped-Escudo-Colorido-UFPEL_10042014.png","contentUrl":"https:\/\/wp.ufpel.edu.br\/ngc\/files\/2023\/09\/cropped-Escudo-Colorido-UFPEL_10042014.png","width":512,"height":512,"caption":"N\u00facleo de Governan\u00e7a e Controle - NGC"},"image":{"@id":"https:\/\/wp.ufpel.edu.br\/ngc\/#\/schema\/logo\/image\/"}}]}},"_links":{"self":[{"href":"https:\/\/wp.ufpel.edu.br\/ngc\/wp-json\/wp\/v2\/pages\/98","targetHints":{"allow":["GET"]}}],"collection":[{"href":"https:\/\/wp.ufpel.edu.br\/ngc\/wp-json\/wp\/v2\/pages"}],"about":[{"href":"https:\/\/wp.ufpel.edu.br\/ngc\/wp-json\/wp\/v2\/types\/page"}],"author":[{"embeddable":true,"href":"https:\/\/wp.ufpel.edu.br\/ngc\/wp-json\/wp\/v2\/users\/1242"}],"replies":[{"embeddable":true,"href":"https:\/\/wp.ufpel.edu.br\/ngc\/wp-json\/wp\/v2\/comments?post=98"}],"version-history":[{"count":8,"href":"https:\/\/wp.ufpel.edu.br\/ngc\/wp-json\/wp\/v2\/pages\/98\/revisions"}],"predecessor-version":[{"id":487,"href":"https:\/\/wp.ufpel.edu.br\/ngc\/wp-json\/wp\/v2\/pages\/98\/revisions\/487"}],"up":[{"embeddable":true,"href":"https:\/\/wp.ufpel.edu.br\/ngc\/wp-json\/wp\/v2\/pages\/95"}],"wp:attachment":[{"href":"https:\/\/wp.ufpel.edu.br\/ngc\/wp-json\/wp\/v2\/media?parent=98"}],"curies":[{"name":"wp","href":"https:\/\/api.w.org\/{rel}","templated":true}]}}