{"id":95,"date":"2022-06-29T15:13:56","date_gmt":"2022-06-29T18:13:56","guid":{"rendered":"https:\/\/wp.ufpel.edu.br\/ngc\/?page_id=95"},"modified":"2024-01-31T19:15:50","modified_gmt":"2024-01-31T22:15:50","slug":"comites-tematicos","status":"publish","type":"page","link":"https:\/\/wp.ufpel.edu.br\/ngc\/governanca\/estrutura-de-governanca\/comites-tematicos\/","title":{"rendered":"Comit\u00eas Tem\u00e1ticos"},"content":{"rendered":"<p>Os Comit\u00eas Tem\u00e1ticos que comp\u00f5em a estrutura de governan\u00e7a da UFPel, e que atuam em car\u00e1ter de colabora\u00e7\u00e3o junto ao CGI, s\u00e3o:<\/p>\n<ul>\n<li><a href=\"https:\/\/wp.ufpel.edu.br\/ngc\/governanca\/estrutura-de-governanca\/comites-tematicos\/cgint\/\">Comit\u00ea de Gest\u00e3o de Integridade (CGINT)<\/a>;<\/li>\n<li><a href=\"https:\/\/wp.ufpel.edu.br\/ngc\/governanca\/estrutura-de-governanca\/comites-tematicos\/cgrci\/\">Comit\u00ea de Gest\u00e3o de Riscos e Controles Internos (CGRCI)<\/a>;<\/li>\n<li><a href=\"https:\/\/wp.ufpel.edu.br\/ngc\/governanca\/estrutura-de-governanca\/comites-tematicos\/cgp\/\">Comit\u00ea de Gest\u00e3o de Pessoas (CGP)<\/a>;<\/li>\n<li><a href=\"https:\/\/wp.ufpel.edu.br\/ngc\/governanca\/estrutura-de-governanca\/comites-tematicos\/csic\/\">Comit\u00ea de Seguran\u00e7a da Informa\u00e7\u00e3o e Comunica\u00e7\u00f5es (CSIC)<\/a>;<\/li>\n<li><a href=\"https:\/\/wp.ufpel.edu.br\/ngc\/governanca\/estrutura-de-governanca\/comites-tematicos\/cgd\/\">Comit\u00ea de Governan\u00e7a Digital (CGD)<\/a>;<\/li>\n<li><a href=\"https:\/\/wp.ufpel.edu.br\/ngc\/governanca\/estrutura-de-governanca\/comites-tematicos\/cgcls\/\">Comit\u00ea de Gest\u00e3o de Contrata\u00e7\u00f5es e Log\u00edstica Sustent\u00e1vel (CGCLS)<\/a>; e<\/li>\n<li><a href=\"https:\/\/wp.ufpel.edu.br\/ngc\/governanca\/estrutura-de-governanca\/comites-tematicos\/cgefa\/\">Comit\u00ea de Gest\u00e3o de Espa\u00e7os F\u00edsicos e Acessibilidade (CGEFA)<\/a>.<\/li>\n<\/ul>\n","protected":false},"excerpt":{"rendered":"<p>Os Comit\u00eas Tem\u00e1ticos que comp\u00f5em a estrutura de governan\u00e7a da UFPel, e que atuam em car\u00e1ter de colabora\u00e7\u00e3o junto ao CGI, s\u00e3o: Comit\u00ea de Gest\u00e3o de Integridade (CGINT); Comit\u00ea de Gest\u00e3o de Riscos e Controles Internos (CGRCI); Comit\u00ea de Gest\u00e3o de Pessoas (CGP); Comit\u00ea de Seguran\u00e7a da Informa\u00e7\u00e3o e Comunica\u00e7\u00f5es (CSIC); Comit\u00ea de Governan\u00e7a Digital [&hellip;]<\/p>\n","protected":false},"author":1242,"featured_media":0,"parent":60,"menu_order":2,"comment_status":"closed","ping_status":"closed","template":"","meta":{"footnotes":""},"class_list":["post-95","page","type-page","status-publish","hentry","post"],"yoast_head":"<!-- This site is optimized with the Yoast SEO plugin v26.7 - https:\/\/yoast.com\/wordpress\/plugins\/seo\/ -->\n<title>Comit\u00eas Tem\u00e1ticos - N\u00facleo de Governan\u00e7a e Controle - NGC<\/title>\n<meta name=\"robots\" content=\"index, follow, max-snippet:-1, max-image-preview:large, max-video-preview:-1\" \/>\n<link rel=\"canonical\" href=\"https:\/\/wp.ufpel.edu.br\/ngc\/governanca\/estrutura-de-governanca\/comites-tematicos\/\" \/>\n<meta property=\"og:locale\" content=\"pt_BR\" \/>\n<meta property=\"og:type\" content=\"article\" \/>\n<meta property=\"og:title\" content=\"Comit\u00eas Tem\u00e1ticos - N\u00facleo de Governan\u00e7a e Controle - NGC\" \/>\n<meta property=\"og:description\" content=\"Os Comit\u00eas Tem\u00e1ticos que comp\u00f5em a estrutura de governan\u00e7a da UFPel, e que atuam em car\u00e1ter de colabora\u00e7\u00e3o junto ao CGI, s\u00e3o: Comit\u00ea de Gest\u00e3o de Integridade (CGINT); Comit\u00ea de Gest\u00e3o de Riscos e Controles Internos (CGRCI); Comit\u00ea de Gest\u00e3o de Pessoas (CGP); Comit\u00ea de Seguran\u00e7a da Informa\u00e7\u00e3o e Comunica\u00e7\u00f5es (CSIC); Comit\u00ea de Governan\u00e7a Digital [&hellip;]\" \/>\n<meta property=\"og:url\" content=\"https:\/\/wp.ufpel.edu.br\/ngc\/governanca\/estrutura-de-governanca\/comites-tematicos\/\" \/>\n<meta property=\"og:site_name\" content=\"N\u00facleo de Governan\u00e7a e Controle - NGC\" \/>\n<meta property=\"article:modified_time\" content=\"2024-01-31T22:15:50+00:00\" \/>\n<meta name=\"twitter:card\" content=\"summary_large_image\" \/>\n<meta name=\"twitter:label1\" content=\"Est. tempo de leitura\" \/>\n\t<meta name=\"twitter:data1\" content=\"1 minuto\" \/>\n<script type=\"application\/ld+json\" class=\"yoast-schema-graph\">{\"@context\":\"https:\/\/schema.org\",\"@graph\":[{\"@type\":\"WebPage\",\"@id\":\"https:\/\/wp.ufpel.edu.br\/ngc\/governanca\/estrutura-de-governanca\/comites-tematicos\/\",\"url\":\"https:\/\/wp.ufpel.edu.br\/ngc\/governanca\/estrutura-de-governanca\/comites-tematicos\/\",\"name\":\"Comit\u00eas Tem\u00e1ticos - N\u00facleo de Governan\u00e7a e Controle - NGC\",\"isPartOf\":{\"@id\":\"https:\/\/wp.ufpel.edu.br\/ngc\/#website\"},\"datePublished\":\"2022-06-29T18:13:56+00:00\",\"dateModified\":\"2024-01-31T22:15:50+00:00\",\"breadcrumb\":{\"@id\":\"https:\/\/wp.ufpel.edu.br\/ngc\/governanca\/estrutura-de-governanca\/comites-tematicos\/#breadcrumb\"},\"inLanguage\":\"pt-BR\",\"potentialAction\":[{\"@type\":\"ReadAction\",\"target\":[\"https:\/\/wp.ufpel.edu.br\/ngc\/governanca\/estrutura-de-governanca\/comites-tematicos\/\"]}]},{\"@type\":\"BreadcrumbList\",\"@id\":\"https:\/\/wp.ufpel.edu.br\/ngc\/governanca\/estrutura-de-governanca\/comites-tematicos\/#breadcrumb\",\"itemListElement\":[{\"@type\":\"ListItem\",\"position\":1,\"name\":\"In\u00edcio\",\"item\":\"https:\/\/wp.ufpel.edu.br\/ngc\/\"},{\"@type\":\"ListItem\",\"position\":2,\"name\":\"Governan\u00e7a\",\"item\":\"https:\/\/wp.ufpel.edu.br\/ngc\/governanca\/\"},{\"@type\":\"ListItem\",\"position\":3,\"name\":\"Estrutura de Governan\u00e7a\",\"item\":\"https:\/\/wp.ufpel.edu.br\/ngc\/governanca\/estrutura-de-governanca\/\"},{\"@type\":\"ListItem\",\"position\":4,\"name\":\"Comit\u00eas Tem\u00e1ticos\"}]},{\"@type\":\"WebSite\",\"@id\":\"https:\/\/wp.ufpel.edu.br\/ngc\/#website\",\"url\":\"https:\/\/wp.ufpel.edu.br\/ngc\/\",\"name\":\"N\u00facleo de Governan\u00e7a e Controle - NGC\",\"description\":\"Universidade Federal de Pelotas\",\"publisher\":{\"@id\":\"https:\/\/wp.ufpel.edu.br\/ngc\/#organization\"},\"potentialAction\":[{\"@type\":\"SearchAction\",\"target\":{\"@type\":\"EntryPoint\",\"urlTemplate\":\"https:\/\/wp.ufpel.edu.br\/ngc\/?s={search_term_string}\"},\"query-input\":{\"@type\":\"PropertyValueSpecification\",\"valueRequired\":true,\"valueName\":\"search_term_string\"}}],\"inLanguage\":\"pt-BR\"},{\"@type\":\"Organization\",\"@id\":\"https:\/\/wp.ufpel.edu.br\/ngc\/#organization\",\"name\":\"N\u00facleo de Governan\u00e7a e Controle - NGC\",\"url\":\"https:\/\/wp.ufpel.edu.br\/ngc\/\",\"logo\":{\"@type\":\"ImageObject\",\"inLanguage\":\"pt-BR\",\"@id\":\"https:\/\/wp.ufpel.edu.br\/ngc\/#\/schema\/logo\/image\/\",\"url\":\"https:\/\/wp.ufpel.edu.br\/ngc\/files\/2023\/09\/cropped-Escudo-Colorido-UFPEL_10042014.png\",\"contentUrl\":\"https:\/\/wp.ufpel.edu.br\/ngc\/files\/2023\/09\/cropped-Escudo-Colorido-UFPEL_10042014.png\",\"width\":512,\"height\":512,\"caption\":\"N\u00facleo de Governan\u00e7a e Controle - NGC\"},\"image\":{\"@id\":\"https:\/\/wp.ufpel.edu.br\/ngc\/#\/schema\/logo\/image\/\"}}]}<\/script>\n<!-- \/ Yoast SEO plugin. -->","yoast_head_json":{"title":"Comit\u00eas Tem\u00e1ticos - N\u00facleo de Governan\u00e7a e Controle - NGC","robots":{"index":"index","follow":"follow","max-snippet":"max-snippet:-1","max-image-preview":"max-image-preview:large","max-video-preview":"max-video-preview:-1"},"canonical":"https:\/\/wp.ufpel.edu.br\/ngc\/governanca\/estrutura-de-governanca\/comites-tematicos\/","og_locale":"pt_BR","og_type":"article","og_title":"Comit\u00eas Tem\u00e1ticos - N\u00facleo de Governan\u00e7a e Controle - NGC","og_description":"Os Comit\u00eas Tem\u00e1ticos que comp\u00f5em a estrutura de governan\u00e7a da UFPel, e que atuam em car\u00e1ter de colabora\u00e7\u00e3o junto ao CGI, s\u00e3o: Comit\u00ea de Gest\u00e3o de Integridade (CGINT); Comit\u00ea de Gest\u00e3o de Riscos e Controles Internos (CGRCI); Comit\u00ea de Gest\u00e3o de Pessoas (CGP); Comit\u00ea de Seguran\u00e7a da Informa\u00e7\u00e3o e Comunica\u00e7\u00f5es (CSIC); Comit\u00ea de Governan\u00e7a Digital [&hellip;]","og_url":"https:\/\/wp.ufpel.edu.br\/ngc\/governanca\/estrutura-de-governanca\/comites-tematicos\/","og_site_name":"N\u00facleo de Governan\u00e7a e Controle - NGC","article_modified_time":"2024-01-31T22:15:50+00:00","twitter_card":"summary_large_image","twitter_misc":{"Est. tempo de leitura":"1 minuto"},"schema":{"@context":"https:\/\/schema.org","@graph":[{"@type":"WebPage","@id":"https:\/\/wp.ufpel.edu.br\/ngc\/governanca\/estrutura-de-governanca\/comites-tematicos\/","url":"https:\/\/wp.ufpel.edu.br\/ngc\/governanca\/estrutura-de-governanca\/comites-tematicos\/","name":"Comit\u00eas Tem\u00e1ticos - N\u00facleo de Governan\u00e7a e Controle - NGC","isPartOf":{"@id":"https:\/\/wp.ufpel.edu.br\/ngc\/#website"},"datePublished":"2022-06-29T18:13:56+00:00","dateModified":"2024-01-31T22:15:50+00:00","breadcrumb":{"@id":"https:\/\/wp.ufpel.edu.br\/ngc\/governanca\/estrutura-de-governanca\/comites-tematicos\/#breadcrumb"},"inLanguage":"pt-BR","potentialAction":[{"@type":"ReadAction","target":["https:\/\/wp.ufpel.edu.br\/ngc\/governanca\/estrutura-de-governanca\/comites-tematicos\/"]}]},{"@type":"BreadcrumbList","@id":"https:\/\/wp.ufpel.edu.br\/ngc\/governanca\/estrutura-de-governanca\/comites-tematicos\/#breadcrumb","itemListElement":[{"@type":"ListItem","position":1,"name":"In\u00edcio","item":"https:\/\/wp.ufpel.edu.br\/ngc\/"},{"@type":"ListItem","position":2,"name":"Governan\u00e7a","item":"https:\/\/wp.ufpel.edu.br\/ngc\/governanca\/"},{"@type":"ListItem","position":3,"name":"Estrutura de Governan\u00e7a","item":"https:\/\/wp.ufpel.edu.br\/ngc\/governanca\/estrutura-de-governanca\/"},{"@type":"ListItem","position":4,"name":"Comit\u00eas Tem\u00e1ticos"}]},{"@type":"WebSite","@id":"https:\/\/wp.ufpel.edu.br\/ngc\/#website","url":"https:\/\/wp.ufpel.edu.br\/ngc\/","name":"N\u00facleo de Governan\u00e7a e Controle - NGC","description":"Universidade Federal de Pelotas","publisher":{"@id":"https:\/\/wp.ufpel.edu.br\/ngc\/#organization"},"potentialAction":[{"@type":"SearchAction","target":{"@type":"EntryPoint","urlTemplate":"https:\/\/wp.ufpel.edu.br\/ngc\/?s={search_term_string}"},"query-input":{"@type":"PropertyValueSpecification","valueRequired":true,"valueName":"search_term_string"}}],"inLanguage":"pt-BR"},{"@type":"Organization","@id":"https:\/\/wp.ufpel.edu.br\/ngc\/#organization","name":"N\u00facleo de Governan\u00e7a e Controle - NGC","url":"https:\/\/wp.ufpel.edu.br\/ngc\/","logo":{"@type":"ImageObject","inLanguage":"pt-BR","@id":"https:\/\/wp.ufpel.edu.br\/ngc\/#\/schema\/logo\/image\/","url":"https:\/\/wp.ufpel.edu.br\/ngc\/files\/2023\/09\/cropped-Escudo-Colorido-UFPEL_10042014.png","contentUrl":"https:\/\/wp.ufpel.edu.br\/ngc\/files\/2023\/09\/cropped-Escudo-Colorido-UFPEL_10042014.png","width":512,"height":512,"caption":"N\u00facleo de Governan\u00e7a e Controle - NGC"},"image":{"@id":"https:\/\/wp.ufpel.edu.br\/ngc\/#\/schema\/logo\/image\/"}}]}},"_links":{"self":[{"href":"https:\/\/wp.ufpel.edu.br\/ngc\/wp-json\/wp\/v2\/pages\/95","targetHints":{"allow":["GET"]}}],"collection":[{"href":"https:\/\/wp.ufpel.edu.br\/ngc\/wp-json\/wp\/v2\/pages"}],"about":[{"href":"https:\/\/wp.ufpel.edu.br\/ngc\/wp-json\/wp\/v2\/types\/page"}],"author":[{"embeddable":true,"href":"https:\/\/wp.ufpel.edu.br\/ngc\/wp-json\/wp\/v2\/users\/1242"}],"replies":[{"embeddable":true,"href":"https:\/\/wp.ufpel.edu.br\/ngc\/wp-json\/wp\/v2\/comments?post=95"}],"version-history":[{"count":2,"href":"https:\/\/wp.ufpel.edu.br\/ngc\/wp-json\/wp\/v2\/pages\/95\/revisions"}],"predecessor-version":[{"id":319,"href":"https:\/\/wp.ufpel.edu.br\/ngc\/wp-json\/wp\/v2\/pages\/95\/revisions\/319"}],"up":[{"embeddable":true,"href":"https:\/\/wp.ufpel.edu.br\/ngc\/wp-json\/wp\/v2\/pages\/60"}],"wp:attachment":[{"href":"https:\/\/wp.ufpel.edu.br\/ngc\/wp-json\/wp\/v2\/media?parent=95"}],"curies":[{"name":"wp","href":"https:\/\/api.w.org\/{rel}","templated":true}]}}