{"id":92,"date":"2022-06-29T15:09:59","date_gmt":"2022-06-29T18:09:59","guid":{"rendered":"https:\/\/wp.ufpel.edu.br\/ngc\/?page_id=92"},"modified":"2025-01-30T09:53:38","modified_gmt":"2025-01-30T12:53:38","slug":"cgi","status":"publish","type":"page","link":"https:\/\/wp.ufpel.edu.br\/ngc\/governanca\/estrutura-de-governanca\/cgi\/","title":{"rendered":"CGI"},"content":{"rendered":"<p>O Comit\u00ea de Governan\u00e7a Institucional (CGI) se trata de uma inst\u00e2ncia colegiada, de natureza consultiva e deliberativa, que visa a garantia da apropria\u00e7\u00e3o e do cont\u00ednuo desenvolvimento de diretrizes e boas pr\u00e1ticas de governan\u00e7a, com base na legisla\u00e7\u00e3o vigente. O CGI atuar\u00e1, dentre outros, em temas de governan\u00e7a p\u00fablica correlatos \u00e0s \u00e1reas de planejamento estrat\u00e9gico, integridade, gest\u00e3o de riscos, controles internos, desburocratiza\u00e7\u00e3o, seguran\u00e7a da informa\u00e7\u00e3o e governan\u00e7a digital.<\/p>\n<p><a href=\"https:\/\/sei.ufpel.edu.br\/sei\/publicacoes\/controlador_publicacoes.php?acao=publicacao_visualizar&amp;id_documento=1786609&amp;id_orgao_publicacao=0\" target=\"_blank\" rel=\"noopener\">PORTARIA N\u00ba 228, DE 08 DE FEVEREIRO DE 2022<\/a> &#8211; Disp\u00f5e sobre a cria\u00e7\u00e3o da estrutura da governan\u00e7a no \u00e2mbito da Universidade Federal de Pelotas.<\/p>\n<p class=\"Texto_Justificado_Recuo_Primeira_Linha\">Comp\u00f5em o Comit\u00ea de Governan\u00e7a Institucional (CGI):<\/p>\n<p>I \u2013 o\/a Reitor\/a;<br \/>\nII \u2013 o\/a Vice-Reitor\/a;<br \/>\nIII \u2013 o\/a Chefe de Gabinete;<br \/>\nIV \u2013 o\/a Pr\u00f3-Reitor\/a de Ensino;<br \/>\nV \u2013 o\/a Pr\u00f3-Reitor\/a Administrativo;<br \/>\nVI \u2013 o\/a Pr\u00f3-Reitor\/a de Assuntos Estudantis;<br \/>\nVII \u2013 o\/a Pr\u00f3-Reitor\/a de Extens\u00e3o e Cultura;<br \/>\nVIII \u2013 o\/a Pr\u00f3-Reitor\/a de Gest\u00e3o de Pessoas;<br \/>\nIX \u2013 o\/a Pr\u00f3-Reitor\/a de Pesquisa e P\u00f3s-Gradua\u00e7\u00e3o;<br \/>\nX \u2013 o\/a Pr\u00f3-Reitor\/a de Planejamento e Desenvolvimento;<br \/>\nXI \u2013 o\/a Superintendente de Gest\u00e3o da Informa\u00e7\u00e3o e Comunica\u00e7\u00e3o;<br \/>\nXII \u2013 o\/a Superintendente de Inova\u00e7\u00e3o e Desenvolvimento Interinstitucional;<br \/>\nXIII \u2013 o\/a Superintendente do Campus Cap\u00e3o do Le\u00e3o;<br \/>\nXIV \u2013 o\/a Superintendente de Infraestrutura;<br \/>\nXV \u2013 o\/a Superintendente de Or\u00e7amento e Gest\u00e3o de Recursos.<\/p>\n<p>\u00a71\u00ba O CGI ser\u00e1 presidido pelo\/a Reitor\/a e, na sua aus\u00eancia ou impedimento, por seu\/sua substituto\/a legal.<br \/>\n\u00a72\u00ba Nas faltas e impedimentos dos\/as titulares, os\/as seus\/suas suplentes, que s\u00e3o os\/as respectivos\/as substitutos\/as eventuais, os\/as representar\u00e3o nas reuni\u00f5es.<br \/>\n\u00a73\u00ba \u00c9 responsabilidade dos membros titulares a comunica\u00e7\u00e3o pr\u00e9via aos\/\u00e0s seus\/suas suplentes sobre eventual impossibilidade de comparecimento \u00e0 reuni\u00e3o do CGI.<\/p>\n","protected":false},"excerpt":{"rendered":"<p>O Comit\u00ea de Governan\u00e7a Institucional (CGI) se trata de uma inst\u00e2ncia colegiada, de natureza consultiva e deliberativa, que visa a garantia da apropria\u00e7\u00e3o e do cont\u00ednuo desenvolvimento de diretrizes e boas pr\u00e1ticas de governan\u00e7a, com base na legisla\u00e7\u00e3o vigente. O CGI atuar\u00e1, dentre outros, em temas de governan\u00e7a p\u00fablica correlatos \u00e0s \u00e1reas de planejamento estrat\u00e9gico, [&hellip;]<\/p>\n","protected":false},"author":1242,"featured_media":0,"parent":60,"menu_order":1,"comment_status":"closed","ping_status":"closed","template":"","meta":{"footnotes":""},"class_list":["post-92","page","type-page","status-publish","hentry","post"],"yoast_head":"<!-- This site is optimized with the Yoast SEO plugin v26.7 - https:\/\/yoast.com\/wordpress\/plugins\/seo\/ -->\n<title>CGI - N\u00facleo de Governan\u00e7a e Controle - NGC<\/title>\n<meta name=\"robots\" content=\"index, follow, max-snippet:-1, max-image-preview:large, max-video-preview:-1\" \/>\n<link rel=\"canonical\" href=\"https:\/\/wp.ufpel.edu.br\/ngc\/governanca\/estrutura-de-governanca\/cgi\/\" \/>\n<meta property=\"og:locale\" content=\"pt_BR\" \/>\n<meta property=\"og:type\" content=\"article\" \/>\n<meta property=\"og:title\" content=\"CGI - N\u00facleo de Governan\u00e7a e Controle - NGC\" \/>\n<meta property=\"og:description\" content=\"O Comit\u00ea de Governan\u00e7a Institucional (CGI) se trata de uma inst\u00e2ncia colegiada, de natureza consultiva e deliberativa, que visa a garantia da apropria\u00e7\u00e3o e do cont\u00ednuo desenvolvimento de diretrizes e boas pr\u00e1ticas de governan\u00e7a, com base na legisla\u00e7\u00e3o vigente. O CGI atuar\u00e1, dentre outros, em temas de governan\u00e7a p\u00fablica correlatos \u00e0s \u00e1reas de planejamento estrat\u00e9gico, [&hellip;]\" \/>\n<meta property=\"og:url\" content=\"https:\/\/wp.ufpel.edu.br\/ngc\/governanca\/estrutura-de-governanca\/cgi\/\" \/>\n<meta property=\"og:site_name\" content=\"N\u00facleo de Governan\u00e7a e Controle - NGC\" \/>\n<meta property=\"article:modified_time\" content=\"2025-01-30T12:53:38+00:00\" \/>\n<meta name=\"twitter:card\" content=\"summary_large_image\" \/>\n<meta name=\"twitter:label1\" content=\"Est. tempo de leitura\" \/>\n\t<meta name=\"twitter:data1\" content=\"2 minutos\" \/>\n<script type=\"application\/ld+json\" class=\"yoast-schema-graph\">{\"@context\":\"https:\/\/schema.org\",\"@graph\":[{\"@type\":\"WebPage\",\"@id\":\"https:\/\/wp.ufpel.edu.br\/ngc\/governanca\/estrutura-de-governanca\/cgi\/\",\"url\":\"https:\/\/wp.ufpel.edu.br\/ngc\/governanca\/estrutura-de-governanca\/cgi\/\",\"name\":\"CGI - N\u00facleo de Governan\u00e7a e Controle - NGC\",\"isPartOf\":{\"@id\":\"https:\/\/wp.ufpel.edu.br\/ngc\/#website\"},\"datePublished\":\"2022-06-29T18:09:59+00:00\",\"dateModified\":\"2025-01-30T12:53:38+00:00\",\"breadcrumb\":{\"@id\":\"https:\/\/wp.ufpel.edu.br\/ngc\/governanca\/estrutura-de-governanca\/cgi\/#breadcrumb\"},\"inLanguage\":\"pt-BR\",\"potentialAction\":[{\"@type\":\"ReadAction\",\"target\":[\"https:\/\/wp.ufpel.edu.br\/ngc\/governanca\/estrutura-de-governanca\/cgi\/\"]}]},{\"@type\":\"BreadcrumbList\",\"@id\":\"https:\/\/wp.ufpel.edu.br\/ngc\/governanca\/estrutura-de-governanca\/cgi\/#breadcrumb\",\"itemListElement\":[{\"@type\":\"ListItem\",\"position\":1,\"name\":\"In\u00edcio\",\"item\":\"https:\/\/wp.ufpel.edu.br\/ngc\/\"},{\"@type\":\"ListItem\",\"position\":2,\"name\":\"Governan\u00e7a\",\"item\":\"https:\/\/wp.ufpel.edu.br\/ngc\/governanca\/\"},{\"@type\":\"ListItem\",\"position\":3,\"name\":\"Estrutura de Governan\u00e7a\",\"item\":\"https:\/\/wp.ufpel.edu.br\/ngc\/governanca\/estrutura-de-governanca\/\"},{\"@type\":\"ListItem\",\"position\":4,\"name\":\"CGI\"}]},{\"@type\":\"WebSite\",\"@id\":\"https:\/\/wp.ufpel.edu.br\/ngc\/#website\",\"url\":\"https:\/\/wp.ufpel.edu.br\/ngc\/\",\"name\":\"N\u00facleo de Governan\u00e7a e Controle - NGC\",\"description\":\"Universidade Federal de Pelotas\",\"publisher\":{\"@id\":\"https:\/\/wp.ufpel.edu.br\/ngc\/#organization\"},\"potentialAction\":[{\"@type\":\"SearchAction\",\"target\":{\"@type\":\"EntryPoint\",\"urlTemplate\":\"https:\/\/wp.ufpel.edu.br\/ngc\/?s={search_term_string}\"},\"query-input\":{\"@type\":\"PropertyValueSpecification\",\"valueRequired\":true,\"valueName\":\"search_term_string\"}}],\"inLanguage\":\"pt-BR\"},{\"@type\":\"Organization\",\"@id\":\"https:\/\/wp.ufpel.edu.br\/ngc\/#organization\",\"name\":\"N\u00facleo de Governan\u00e7a e Controle - NGC\",\"url\":\"https:\/\/wp.ufpel.edu.br\/ngc\/\",\"logo\":{\"@type\":\"ImageObject\",\"inLanguage\":\"pt-BR\",\"@id\":\"https:\/\/wp.ufpel.edu.br\/ngc\/#\/schema\/logo\/image\/\",\"url\":\"https:\/\/wp.ufpel.edu.br\/ngc\/files\/2023\/09\/cropped-Escudo-Colorido-UFPEL_10042014.png\",\"contentUrl\":\"https:\/\/wp.ufpel.edu.br\/ngc\/files\/2023\/09\/cropped-Escudo-Colorido-UFPEL_10042014.png\",\"width\":512,\"height\":512,\"caption\":\"N\u00facleo de Governan\u00e7a e Controle - NGC\"},\"image\":{\"@id\":\"https:\/\/wp.ufpel.edu.br\/ngc\/#\/schema\/logo\/image\/\"}}]}<\/script>\n<!-- \/ Yoast SEO plugin. -->","yoast_head_json":{"title":"CGI - N\u00facleo de Governan\u00e7a e Controle - NGC","robots":{"index":"index","follow":"follow","max-snippet":"max-snippet:-1","max-image-preview":"max-image-preview:large","max-video-preview":"max-video-preview:-1"},"canonical":"https:\/\/wp.ufpel.edu.br\/ngc\/governanca\/estrutura-de-governanca\/cgi\/","og_locale":"pt_BR","og_type":"article","og_title":"CGI - N\u00facleo de Governan\u00e7a e Controle - NGC","og_description":"O Comit\u00ea de Governan\u00e7a Institucional (CGI) se trata de uma inst\u00e2ncia colegiada, de natureza consultiva e deliberativa, que visa a garantia da apropria\u00e7\u00e3o e do cont\u00ednuo desenvolvimento de diretrizes e boas pr\u00e1ticas de governan\u00e7a, com base na legisla\u00e7\u00e3o vigente. O CGI atuar\u00e1, dentre outros, em temas de governan\u00e7a p\u00fablica correlatos \u00e0s \u00e1reas de planejamento estrat\u00e9gico, [&hellip;]","og_url":"https:\/\/wp.ufpel.edu.br\/ngc\/governanca\/estrutura-de-governanca\/cgi\/","og_site_name":"N\u00facleo de Governan\u00e7a e Controle - NGC","article_modified_time":"2025-01-30T12:53:38+00:00","twitter_card":"summary_large_image","twitter_misc":{"Est. tempo de leitura":"2 minutos"},"schema":{"@context":"https:\/\/schema.org","@graph":[{"@type":"WebPage","@id":"https:\/\/wp.ufpel.edu.br\/ngc\/governanca\/estrutura-de-governanca\/cgi\/","url":"https:\/\/wp.ufpel.edu.br\/ngc\/governanca\/estrutura-de-governanca\/cgi\/","name":"CGI - N\u00facleo de Governan\u00e7a e Controle - NGC","isPartOf":{"@id":"https:\/\/wp.ufpel.edu.br\/ngc\/#website"},"datePublished":"2022-06-29T18:09:59+00:00","dateModified":"2025-01-30T12:53:38+00:00","breadcrumb":{"@id":"https:\/\/wp.ufpel.edu.br\/ngc\/governanca\/estrutura-de-governanca\/cgi\/#breadcrumb"},"inLanguage":"pt-BR","potentialAction":[{"@type":"ReadAction","target":["https:\/\/wp.ufpel.edu.br\/ngc\/governanca\/estrutura-de-governanca\/cgi\/"]}]},{"@type":"BreadcrumbList","@id":"https:\/\/wp.ufpel.edu.br\/ngc\/governanca\/estrutura-de-governanca\/cgi\/#breadcrumb","itemListElement":[{"@type":"ListItem","position":1,"name":"In\u00edcio","item":"https:\/\/wp.ufpel.edu.br\/ngc\/"},{"@type":"ListItem","position":2,"name":"Governan\u00e7a","item":"https:\/\/wp.ufpel.edu.br\/ngc\/governanca\/"},{"@type":"ListItem","position":3,"name":"Estrutura de Governan\u00e7a","item":"https:\/\/wp.ufpel.edu.br\/ngc\/governanca\/estrutura-de-governanca\/"},{"@type":"ListItem","position":4,"name":"CGI"}]},{"@type":"WebSite","@id":"https:\/\/wp.ufpel.edu.br\/ngc\/#website","url":"https:\/\/wp.ufpel.edu.br\/ngc\/","name":"N\u00facleo de Governan\u00e7a e Controle - NGC","description":"Universidade Federal de Pelotas","publisher":{"@id":"https:\/\/wp.ufpel.edu.br\/ngc\/#organization"},"potentialAction":[{"@type":"SearchAction","target":{"@type":"EntryPoint","urlTemplate":"https:\/\/wp.ufpel.edu.br\/ngc\/?s={search_term_string}"},"query-input":{"@type":"PropertyValueSpecification","valueRequired":true,"valueName":"search_term_string"}}],"inLanguage":"pt-BR"},{"@type":"Organization","@id":"https:\/\/wp.ufpel.edu.br\/ngc\/#organization","name":"N\u00facleo de Governan\u00e7a e Controle - NGC","url":"https:\/\/wp.ufpel.edu.br\/ngc\/","logo":{"@type":"ImageObject","inLanguage":"pt-BR","@id":"https:\/\/wp.ufpel.edu.br\/ngc\/#\/schema\/logo\/image\/","url":"https:\/\/wp.ufpel.edu.br\/ngc\/files\/2023\/09\/cropped-Escudo-Colorido-UFPEL_10042014.png","contentUrl":"https:\/\/wp.ufpel.edu.br\/ngc\/files\/2023\/09\/cropped-Escudo-Colorido-UFPEL_10042014.png","width":512,"height":512,"caption":"N\u00facleo de Governan\u00e7a e Controle - NGC"},"image":{"@id":"https:\/\/wp.ufpel.edu.br\/ngc\/#\/schema\/logo\/image\/"}}]}},"_links":{"self":[{"href":"https:\/\/wp.ufpel.edu.br\/ngc\/wp-json\/wp\/v2\/pages\/92","targetHints":{"allow":["GET"]}}],"collection":[{"href":"https:\/\/wp.ufpel.edu.br\/ngc\/wp-json\/wp\/v2\/pages"}],"about":[{"href":"https:\/\/wp.ufpel.edu.br\/ngc\/wp-json\/wp\/v2\/types\/page"}],"author":[{"embeddable":true,"href":"https:\/\/wp.ufpel.edu.br\/ngc\/wp-json\/wp\/v2\/users\/1242"}],"replies":[{"embeddable":true,"href":"https:\/\/wp.ufpel.edu.br\/ngc\/wp-json\/wp\/v2\/comments?post=92"}],"version-history":[{"count":5,"href":"https:\/\/wp.ufpel.edu.br\/ngc\/wp-json\/wp\/v2\/pages\/92\/revisions"}],"predecessor-version":[{"id":486,"href":"https:\/\/wp.ufpel.edu.br\/ngc\/wp-json\/wp\/v2\/pages\/92\/revisions\/486"}],"up":[{"embeddable":true,"href":"https:\/\/wp.ufpel.edu.br\/ngc\/wp-json\/wp\/v2\/pages\/60"}],"wp:attachment":[{"href":"https:\/\/wp.ufpel.edu.br\/ngc\/wp-json\/wp\/v2\/media?parent=92"}],"curies":[{"name":"wp","href":"https:\/\/api.w.org\/{rel}","templated":true}]}}