{"id":5,"date":"2022-06-29T08:46:01","date_gmt":"2022-06-29T11:46:01","guid":{"rendered":"https:\/\/wp.ufpel.edu.br\/ngc\/?page_id=5"},"modified":"2024-02-08T09:50:56","modified_gmt":"2024-02-08T12:50:56","slug":"sobre-o-ngc","status":"publish","type":"page","link":"https:\/\/wp.ufpel.edu.br\/ngc\/sobre-o-ngc\/","title":{"rendered":"SOBRE O NGC"},"content":{"rendered":"<p style=\"text-align: justify;\"><span style=\"font-weight: 400;\">Criado atrav\u00e9s da <a href=\"https:\/\/wp.ufpel.edu.br\/scs\/files\/2021\/06\/Resolucao-57-CONSUN-1.pdf\" target=\"_blank\" rel=\"noopener\">Resolu\u00e7\u00e3o do CONSUN n\u00ba 57, de 16 de junho de 2021<\/a>, que aprovou a Estrutura Administrativa da Reitoria, Vice-Reitoria e Pr\u00f3-Reitorias da Universidade Federal de Pelotas, o NGC \u00e9 o \u00f3rg\u00e3o pertencente ao Gabinete da Reitoria, respons\u00e1vel por coordenar e impulsionar as a\u00e7\u00f5es de governan\u00e7a no \u00e2mbito da UFPel. <\/span><\/p>\n<p style=\"text-align: justify;\"><span style=\"font-weight: 400;\">Ademais, compete ao NGC a coordena\u00e7\u00e3o dos processos de Tomadas de Contas Especiais &#8211; TCE&#8217;s, a supervis\u00e3o do atendimento \u00e0s demandas dos \u00d3rg\u00e3os de Controle por parte da UFPel e a administra\u00e7\u00e3o do Sistema e-AUD, bem como o monitoramento e acompanhamento do atendimento, pelas unidades competentes, das eventuais demandas do TCU e MPF encaminhadas \u00e0 Universidade.<\/span><\/p>\n<p>&nbsp;<\/p>\n<p style=\"text-align: justify;\">Chefe do N\u00facleo: <a href=\"https:\/\/institucional.ufpel.edu.br\/servidores\/id\/31908\" target=\"_blank\" rel=\"noopener\">Paulo de Almeida Afonso<\/a><\/p>\n<p>Email: nugov@ufpel.edu.br<\/p>\n<p>Telefone: (53) 3284-4000 \/ 3284-4004<\/p>\n","protected":false},"excerpt":{"rendered":"<p>Criado atrav\u00e9s da Resolu\u00e7\u00e3o do CONSUN n\u00ba 57, de 16 de junho de 2021, que aprovou a Estrutura Administrativa da Reitoria, Vice-Reitoria e Pr\u00f3-Reitorias da Universidade Federal de Pelotas, o NGC \u00e9 o \u00f3rg\u00e3o pertencente ao Gabinete da Reitoria, respons\u00e1vel por coordenar e impulsionar as a\u00e7\u00f5es de governan\u00e7a no \u00e2mbito da UFPel. Ademais, compete ao [&hellip;]<\/p>\n","protected":false},"author":1242,"featured_media":0,"parent":0,"menu_order":2,"comment_status":"closed","ping_status":"closed","template":"","meta":{"footnotes":""},"class_list":["post-5","page","type-page","status-publish","hentry","post"],"yoast_head":"<!-- This site is optimized with the Yoast SEO plugin v26.7 - https:\/\/yoast.com\/wordpress\/plugins\/seo\/ -->\n<title>SOBRE O NGC - N\u00facleo de Governan\u00e7a e Controle - NGC<\/title>\n<meta name=\"robots\" content=\"index, follow, max-snippet:-1, max-image-preview:large, max-video-preview:-1\" \/>\n<link rel=\"canonical\" href=\"https:\/\/wp.ufpel.edu.br\/ngc\/sobre-o-ngc\/\" \/>\n<meta property=\"og:locale\" content=\"pt_BR\" \/>\n<meta property=\"og:type\" content=\"article\" \/>\n<meta property=\"og:title\" content=\"SOBRE O NGC - N\u00facleo de Governan\u00e7a e Controle - NGC\" \/>\n<meta property=\"og:description\" content=\"Criado atrav\u00e9s da Resolu\u00e7\u00e3o do CONSUN n\u00ba 57, de 16 de junho de 2021, que aprovou a Estrutura Administrativa da Reitoria, Vice-Reitoria e Pr\u00f3-Reitorias da Universidade Federal de Pelotas, o NGC \u00e9 o \u00f3rg\u00e3o pertencente ao Gabinete da Reitoria, respons\u00e1vel por coordenar e impulsionar as a\u00e7\u00f5es de governan\u00e7a no \u00e2mbito da UFPel. Ademais, compete ao [&hellip;]\" \/>\n<meta property=\"og:url\" content=\"https:\/\/wp.ufpel.edu.br\/ngc\/sobre-o-ngc\/\" \/>\n<meta property=\"og:site_name\" content=\"N\u00facleo de Governan\u00e7a e Controle - NGC\" \/>\n<meta property=\"article:modified_time\" content=\"2024-02-08T12:50:56+00:00\" \/>\n<meta name=\"twitter:card\" content=\"summary_large_image\" \/>\n<meta name=\"twitter:label1\" content=\"Est. tempo de leitura\" \/>\n\t<meta name=\"twitter:data1\" content=\"1 minuto\" \/>\n<script type=\"application\/ld+json\" class=\"yoast-schema-graph\">{\"@context\":\"https:\/\/schema.org\",\"@graph\":[{\"@type\":\"WebPage\",\"@id\":\"https:\/\/wp.ufpel.edu.br\/ngc\/sobre-o-ngc\/\",\"url\":\"https:\/\/wp.ufpel.edu.br\/ngc\/sobre-o-ngc\/\",\"name\":\"SOBRE O NGC - N\u00facleo de Governan\u00e7a e Controle - NGC\",\"isPartOf\":{\"@id\":\"https:\/\/wp.ufpel.edu.br\/ngc\/#website\"},\"datePublished\":\"2022-06-29T11:46:01+00:00\",\"dateModified\":\"2024-02-08T12:50:56+00:00\",\"breadcrumb\":{\"@id\":\"https:\/\/wp.ufpel.edu.br\/ngc\/sobre-o-ngc\/#breadcrumb\"},\"inLanguage\":\"pt-BR\",\"potentialAction\":[{\"@type\":\"ReadAction\",\"target\":[\"https:\/\/wp.ufpel.edu.br\/ngc\/sobre-o-ngc\/\"]}]},{\"@type\":\"BreadcrumbList\",\"@id\":\"https:\/\/wp.ufpel.edu.br\/ngc\/sobre-o-ngc\/#breadcrumb\",\"itemListElement\":[{\"@type\":\"ListItem\",\"position\":1,\"name\":\"In\u00edcio\",\"item\":\"https:\/\/wp.ufpel.edu.br\/ngc\/\"},{\"@type\":\"ListItem\",\"position\":2,\"name\":\"SOBRE O NGC\"}]},{\"@type\":\"WebSite\",\"@id\":\"https:\/\/wp.ufpel.edu.br\/ngc\/#website\",\"url\":\"https:\/\/wp.ufpel.edu.br\/ngc\/\",\"name\":\"N\u00facleo de Governan\u00e7a e Controle - NGC\",\"description\":\"Universidade Federal de Pelotas\",\"publisher\":{\"@id\":\"https:\/\/wp.ufpel.edu.br\/ngc\/#organization\"},\"potentialAction\":[{\"@type\":\"SearchAction\",\"target\":{\"@type\":\"EntryPoint\",\"urlTemplate\":\"https:\/\/wp.ufpel.edu.br\/ngc\/?s={search_term_string}\"},\"query-input\":{\"@type\":\"PropertyValueSpecification\",\"valueRequired\":true,\"valueName\":\"search_term_string\"}}],\"inLanguage\":\"pt-BR\"},{\"@type\":\"Organization\",\"@id\":\"https:\/\/wp.ufpel.edu.br\/ngc\/#organization\",\"name\":\"N\u00facleo de Governan\u00e7a e Controle - NGC\",\"url\":\"https:\/\/wp.ufpel.edu.br\/ngc\/\",\"logo\":{\"@type\":\"ImageObject\",\"inLanguage\":\"pt-BR\",\"@id\":\"https:\/\/wp.ufpel.edu.br\/ngc\/#\/schema\/logo\/image\/\",\"url\":\"https:\/\/wp.ufpel.edu.br\/ngc\/files\/2023\/09\/cropped-Escudo-Colorido-UFPEL_10042014.png\",\"contentUrl\":\"https:\/\/wp.ufpel.edu.br\/ngc\/files\/2023\/09\/cropped-Escudo-Colorido-UFPEL_10042014.png\",\"width\":512,\"height\":512,\"caption\":\"N\u00facleo de Governan\u00e7a e Controle - NGC\"},\"image\":{\"@id\":\"https:\/\/wp.ufpel.edu.br\/ngc\/#\/schema\/logo\/image\/\"}}]}<\/script>\n<!-- \/ Yoast SEO plugin. -->","yoast_head_json":{"title":"SOBRE O NGC - N\u00facleo de Governan\u00e7a e Controle - NGC","robots":{"index":"index","follow":"follow","max-snippet":"max-snippet:-1","max-image-preview":"max-image-preview:large","max-video-preview":"max-video-preview:-1"},"canonical":"https:\/\/wp.ufpel.edu.br\/ngc\/sobre-o-ngc\/","og_locale":"pt_BR","og_type":"article","og_title":"SOBRE O NGC - N\u00facleo de Governan\u00e7a e Controle - NGC","og_description":"Criado atrav\u00e9s da Resolu\u00e7\u00e3o do CONSUN n\u00ba 57, de 16 de junho de 2021, que aprovou a Estrutura Administrativa da Reitoria, Vice-Reitoria e Pr\u00f3-Reitorias da Universidade Federal de Pelotas, o NGC \u00e9 o \u00f3rg\u00e3o pertencente ao Gabinete da Reitoria, respons\u00e1vel por coordenar e impulsionar as a\u00e7\u00f5es de governan\u00e7a no \u00e2mbito da UFPel. Ademais, compete ao [&hellip;]","og_url":"https:\/\/wp.ufpel.edu.br\/ngc\/sobre-o-ngc\/","og_site_name":"N\u00facleo de Governan\u00e7a e Controle - NGC","article_modified_time":"2024-02-08T12:50:56+00:00","twitter_card":"summary_large_image","twitter_misc":{"Est. tempo de leitura":"1 minuto"},"schema":{"@context":"https:\/\/schema.org","@graph":[{"@type":"WebPage","@id":"https:\/\/wp.ufpel.edu.br\/ngc\/sobre-o-ngc\/","url":"https:\/\/wp.ufpel.edu.br\/ngc\/sobre-o-ngc\/","name":"SOBRE O NGC - N\u00facleo de Governan\u00e7a e Controle - NGC","isPartOf":{"@id":"https:\/\/wp.ufpel.edu.br\/ngc\/#website"},"datePublished":"2022-06-29T11:46:01+00:00","dateModified":"2024-02-08T12:50:56+00:00","breadcrumb":{"@id":"https:\/\/wp.ufpel.edu.br\/ngc\/sobre-o-ngc\/#breadcrumb"},"inLanguage":"pt-BR","potentialAction":[{"@type":"ReadAction","target":["https:\/\/wp.ufpel.edu.br\/ngc\/sobre-o-ngc\/"]}]},{"@type":"BreadcrumbList","@id":"https:\/\/wp.ufpel.edu.br\/ngc\/sobre-o-ngc\/#breadcrumb","itemListElement":[{"@type":"ListItem","position":1,"name":"In\u00edcio","item":"https:\/\/wp.ufpel.edu.br\/ngc\/"},{"@type":"ListItem","position":2,"name":"SOBRE O NGC"}]},{"@type":"WebSite","@id":"https:\/\/wp.ufpel.edu.br\/ngc\/#website","url":"https:\/\/wp.ufpel.edu.br\/ngc\/","name":"N\u00facleo de Governan\u00e7a e Controle - NGC","description":"Universidade Federal de Pelotas","publisher":{"@id":"https:\/\/wp.ufpel.edu.br\/ngc\/#organization"},"potentialAction":[{"@type":"SearchAction","target":{"@type":"EntryPoint","urlTemplate":"https:\/\/wp.ufpel.edu.br\/ngc\/?s={search_term_string}"},"query-input":{"@type":"PropertyValueSpecification","valueRequired":true,"valueName":"search_term_string"}}],"inLanguage":"pt-BR"},{"@type":"Organization","@id":"https:\/\/wp.ufpel.edu.br\/ngc\/#organization","name":"N\u00facleo de Governan\u00e7a e Controle - NGC","url":"https:\/\/wp.ufpel.edu.br\/ngc\/","logo":{"@type":"ImageObject","inLanguage":"pt-BR","@id":"https:\/\/wp.ufpel.edu.br\/ngc\/#\/schema\/logo\/image\/","url":"https:\/\/wp.ufpel.edu.br\/ngc\/files\/2023\/09\/cropped-Escudo-Colorido-UFPEL_10042014.png","contentUrl":"https:\/\/wp.ufpel.edu.br\/ngc\/files\/2023\/09\/cropped-Escudo-Colorido-UFPEL_10042014.png","width":512,"height":512,"caption":"N\u00facleo de Governan\u00e7a e Controle - NGC"},"image":{"@id":"https:\/\/wp.ufpel.edu.br\/ngc\/#\/schema\/logo\/image\/"}}]}},"_links":{"self":[{"href":"https:\/\/wp.ufpel.edu.br\/ngc\/wp-json\/wp\/v2\/pages\/5","targetHints":{"allow":["GET"]}}],"collection":[{"href":"https:\/\/wp.ufpel.edu.br\/ngc\/wp-json\/wp\/v2\/pages"}],"about":[{"href":"https:\/\/wp.ufpel.edu.br\/ngc\/wp-json\/wp\/v2\/types\/page"}],"author":[{"embeddable":true,"href":"https:\/\/wp.ufpel.edu.br\/ngc\/wp-json\/wp\/v2\/users\/1242"}],"replies":[{"embeddable":true,"href":"https:\/\/wp.ufpel.edu.br\/ngc\/wp-json\/wp\/v2\/comments?post=5"}],"version-history":[{"count":15,"href":"https:\/\/wp.ufpel.edu.br\/ngc\/wp-json\/wp\/v2\/pages\/5\/revisions"}],"predecessor-version":[{"id":470,"href":"https:\/\/wp.ufpel.edu.br\/ngc\/wp-json\/wp\/v2\/pages\/5\/revisions\/470"}],"wp:attachment":[{"href":"https:\/\/wp.ufpel.edu.br\/ngc\/wp-json\/wp\/v2\/media?parent=5"}],"curies":[{"name":"wp","href":"https:\/\/api.w.org\/{rel}","templated":true}]}}